{"id":1026,"date":"2017-09-26T12:50:14","date_gmt":"2017-09-26T10:50:14","guid":{"rendered":"http:\/\/www.emdg-guilers.org\/?page_id=1026"},"modified":"2023-01-26T11:55:42","modified_gmt":"2023-01-26T10:55:42","slug":"action-culturelle","status":"publish","type":"page","link":"https:\/\/www.emdg-guilers.org\/index.php\/action-culturelle\/","title":{"rendered":"Action culturelle"},"content":{"rendered":"<p>En tant qu&rsquo;\u00e9tablissement d&rsquo;enseignement artistique, l\u2019\u00c9cole de Musique et Danse de Guilers met en place un certain nombre d&rsquo;actions culturelles en lien avec ses <a href=\"http:\/\/www.emdg-guilers.org\/index.php\/lassociation\/les-partenaires\/\">partenaires.<br \/>\n<\/a><\/p>\n<p><strong>Projets 2022-23 :<br \/>\n<a href=\"https:\/\/www.emdg-guilers.org\/wp-content\/uploads\/2022\/10\/Affiche-Wind-and-Groove.jpg\"><img loading=\"lazy\" decoding=\"async\" class=\"size-medium wp-image-3258 alignleft\" src=\"https:\/\/www.emdg-guilers.org\/wp-content\/uploads\/2022\/10\/Affiche-Wind-and-Groove-212x300.jpg\" alt=\"\" width=\"212\" height=\"300\" srcset=\"https:\/\/www.emdg-guilers.org\/wp-content\/uploads\/2022\/10\/Affiche-Wind-and-Groove-212x300.jpg 212w, https:\/\/www.emdg-guilers.org\/wp-content\/uploads\/2022\/10\/Affiche-Wind-and-Groove-724x1024.jpg 724w, https:\/\/www.emdg-guilers.org\/wp-content\/uploads\/2022\/10\/Affiche-Wind-and-Groove-768x1086.jpg 768w, https:\/\/www.emdg-guilers.org\/wp-content\/uploads\/2022\/10\/Affiche-Wind-and-Groove-1086x1536.jpg 1086w, https:\/\/www.emdg-guilers.org\/wp-content\/uploads\/2022\/10\/Affiche-Wind-and-Groove-1448x2048.jpg 1448w, https:\/\/www.emdg-guilers.org\/wp-content\/uploads\/2022\/10\/Affiche-Wind-and-Groove-191x270.jpg 191w, https:\/\/www.emdg-guilers.org\/wp-content\/uploads\/2022\/10\/Affiche-Wind-and-Groove.jpg 1587w\" sizes=\"(max-width: 212px) 100vw, 212px\" \/><\/a>\/\/\/ Stage de th\u00e9\u00e2tre 9-13 ans<br \/>\n<\/strong>Mercredi 19 avril 2023, EMDG. Pour les d\u00e9butants ou initi\u00e9s, d\u00e9couverte.<br \/>\n<a href=\"https:\/\/www.helloasso.com\/associations\/ecole-de-musique-et-danse-de-guilers\/evenements\/stage-de-theatre-decouverte-enfants-ados\">Inscriptions ici.<\/a><strong><\/p>\n<p>\/\/\/ <a href=\"https:\/\/www.emdg-guilers.org\/wp-content\/uploads\/2022\/10\/Affiche-Wind-and-Groove.jpg\">Fanfare inter-\u00e9coles, Wind and Groove<\/a><\/strong> : int\u00e9grez une fanfare funk le temps d&rsquo;une ann\u00e9e scolaire, 6 r\u00e9p\u00e9s, 2 concerts.<br \/>\n<strong><a href=\"https:\/\/docs.google.com\/forms\/d\/e\/1FAIpQLSfd_NTQv1E_9RaiEbmKSW-XiJOyY1YRjacKYAvMlTPm4LUevA\/viewform\">Inscription ici\u00a0<\/a><br \/>\n<a href=\"https:\/\/drive.google.com\/drive\/folders\/1fAg9q4Z10MXIDJ6jKr151e7pUTGp5wAP\">Partitions ici<\/a><\/strong><\/p>\n<p><strong>\/\/\/ Stage de danses : contemporain, hip hop, classique, modern jazz.<br \/>\n<\/strong>Lundi 17 et 18 avril 2023 &#8211; Espace Pagnol<\/p>\n<p><strong>&#8212;<br \/>\nProjets 2021-22 :<\/strong><\/p>\n<p><strong>\/\/\/ Stage de musiques du monde &#8211; 2 avril &#8211; EMDG &#8211; avec Philippe Gouret. <\/strong>Ouvert \u00e0 tous les instrumentistes d\u00e8s 2 ans de pratique. Gratuit.<\/p>\n<p><strong>\/\/\/ Planet Hip Hop &#8211; 2 et 7 avril 2021 &#8211; Conf\u00e9rence dans\u00e9e sur l&rsquo;histoire et l&rsquo;\u00e9volution de la danse hip hop.<\/strong> S\u00e9ance publique et s\u00e9ances scolaires pour les coll\u00e9giens de Croas-ar-Pennoc et Ste Marie de Guilers. Men\u00e9 par Julien Colliou et les classes de danse hip hop de l&rsquo;EMDG.<\/p>\n<div id='gallery-1' class='gallery galleryid-1026 gallery-columns-3 gallery-size-thumbnail'><figure class='gallery-item'>\n\t\t\t<div class='gallery-icon landscape'>\n\t\t\t\t<a href='https:\/\/www.emdg-guilers.org\/index.php\/action-culturelle\/277796042_1862538467280932_2442708283358419701_n\/'><img loading=\"lazy\" decoding=\"async\" width=\"150\" height=\"150\" src=\"https:\/\/www.emdg-guilers.org\/wp-content\/uploads\/2022\/11\/277796042_1862538467280932_2442708283358419701_n-150x150.jpg\" class=\"attachment-thumbnail size-thumbnail\" alt=\"\" aria-describedby=\"gallery-1-3337\" \/><\/a>\n\t\t\t<\/div>\n\t\t\t\t<figcaption class='wp-caption-text gallery-caption' id='gallery-1-3337'>\n\t\t\t\tConf\u00e9rence dans\u00e9e hip hop\n\t\t\t\t<\/figcaption><\/figure><figure class='gallery-item'>\n\t\t\t<div class='gallery-icon landscape'>\n\t\t\t\t<a href='https:\/\/www.emdg-guilers.org\/index.php\/action-culturelle\/277796722_1862538623947583_5749661259685159306_n\/'><img loading=\"lazy\" decoding=\"async\" width=\"150\" height=\"150\" src=\"https:\/\/www.emdg-guilers.org\/wp-content\/uploads\/2022\/11\/277796722_1862538623947583_5749661259685159306_n-150x150.jpg\" class=\"attachment-thumbnail size-thumbnail\" alt=\"\" aria-describedby=\"gallery-1-3338\" \/><\/a>\n\t\t\t<\/div>\n\t\t\t\t<figcaption class='wp-caption-text gallery-caption' id='gallery-1-3338'>\n\t\t\t\tConf\u00e9rence dans\u00e9e hip hop\n\t\t\t\t<\/figcaption><\/figure><figure class='gallery-item'>\n\t\t\t<div class='gallery-icon landscape'>\n\t\t\t\t<a href='https:\/\/www.emdg-guilers.org\/index.php\/action-culturelle\/277804396_1862538417280937_1704693563121706723_n\/'><img loading=\"lazy\" decoding=\"async\" width=\"150\" height=\"150\" src=\"https:\/\/www.emdg-guilers.org\/wp-content\/uploads\/2022\/11\/277804396_1862538417280937_1704693563121706723_n-150x150.jpg\" class=\"attachment-thumbnail size-thumbnail\" alt=\"\" aria-describedby=\"gallery-1-3339\" \/><\/a>\n\t\t\t<\/div>\n\t\t\t\t<figcaption class='wp-caption-text gallery-caption' id='gallery-1-3339'>\n\t\t\t\tConf\u00e9rence dans\u00e9e hip hop\n\t\t\t\t<\/figcaption><\/figure>\n\t\t<\/div>\n\n<p><strong>\/\/\/ Stage de danse 5-6 novembre 2021 &#8211; Cocktail de danses<\/strong> : d\u00e9couverte des 3 esth\u00e9tiques : hip hop, classique et modern jazz, \u00e0 l&rsquo;EMDG. Stage offert aux \u00e9l\u00e8ves de l&rsquo;EMDG.<\/p>\n<p><strong>&#8212;<br \/>\nProjets 2020-21 :<\/strong><\/p>\n<p><strong>\/\/\/ Spectacle Les Retrouvailles, 17 juin 2021<\/strong> : une repr\u00e9sentation des \u00e9l\u00e8ves musiciens et danseurs coupl\u00e9e d&rsquo;un concert de l&rsquo;enseignante musicienne Claire-Audrey Desnos \u00e0 l&rsquo;occasion de la sortie de son album solo. A l&rsquo;Agora, Guilers. (200 personnes)<\/p>\n<p><strong>\/\/\/ Interventions scolaires : <\/strong>pr\u00e9sentation de la danse classique, de la harpe celtique \u00e0 l&rsquo;\u00e9cole primaire Pauline Kergomard, Guilers &#8211; Pr\u00e9sentation de la fl\u00fbte traversi\u00e8re irlandaise et de la harpe, du violon \u00e0 l&rsquo;\u00e9cole primaire Ste Th\u00e9r\u00e8se, Guilers.<\/p>\n<p><strong>&#8212;<br \/>\nProjets pour 2019-20 :<br \/>\n<\/strong><strong><br \/>\n\/\/\/ Cr\u00e9ation d&rsquo;une com\u00e9die musicale, Witch,\u00a0<\/strong>avec La Batterie, Ecole de musique de Plouzan\u00e9, direction artistique : Viviane Marc<br \/>\n\/\/\/ <a href=\"http:\/\/www.emdg-guilers.org\/wp-content\/uploads\/2017\/09\/Pr\u00e9sentation-projet-cigar-box-9-11-2019-emdg.docx\">Cigar Box <\/a>, atelier de cr\u00e9ation d&rsquo;instrument de musique avec <strong>Jack Parker<\/strong> &#8211; Partenariat avec le <a href=\"http:\/\/www.hot-club-jazz-iroise.fr\">Hot Club Jazz Iroise<\/a> &#8211; 9 nov 2019<br \/>\n\/\/\/<strong> Fest Ty swing<\/strong> &#8211; Festival de danse swing &#8211; du 17 au 19 janvier 2020 &#8211; Espace Pagnol. Partenariat avec <a href=\"http:\/\/swingdutonnerre.fr\/bienvenue-sur-le-site-de-swing-du-tonnerre\/\">Swing du Tonnerre<\/a>.<\/p>\n<p><strong>&#8212;<\/strong><\/p>\n<p><strong>Projets 2018-19 :<\/strong><\/p>\n<p><strong><a href=\"http:\/\/www.emdg-guilers.org\/index.php\/action-culturelle\/metros-cool\/\">\/\/\/ Metro&rsquo;s cool<\/a>\u00a0<\/strong>ou la rencontre de 8 \u00e9tablissements d&rsquo;enseignement artistique de la m\u00e9tropole brestoise.<br \/>\n<strong>\/\/\/ Cr\u00e9ation de Pierre et le loup<\/strong> avec les \u00e9l\u00e8ves d&rsquo;\u00e9veil danse et musique \u00e0 la Guilth\u00e8que, ALSH Les Flamboyants<br \/>\n\/\/\/<strong> Intervention du <a href=\"http:\/\/www.emdg-guilers.org\/index.php\/orchestres\/le-gong\/\">GONG<\/a><\/strong> pour la soir\u00e9e musicale du coll\u00e8ge Croas ar Pennoc, avec Vivre Le Monde, f\u00e9vrier 2019<br \/>\n\/\/\/ <a href=\"https:\/\/www.ouest-france.fr\/bretagne\/guilers-29820\/l-agora-met-pleins-feux-sur-la-culture-bretonne-6251704\"><strong>Pleins feux sur la culture bretonne<\/strong><\/a>, avec les \u00e9l\u00e8ves du d\u00e9partement trad et la Bandanelle de l&rsquo;EMDg, Agora, Guilers, mars 2019<br \/>\n\/\/\/ <strong>Gala musique danse de l&rsquo;EMDG<\/strong>, gala de danse avec musiciens live, le 22 juin 2019, Agora, Guilers<br \/>\n<strong><br \/>\n&#8212;<br \/>\nProjets 2017-2018 :<\/strong><\/p>\n<p><a href=\"http:\/\/www.emdg-guilers.org\/index.php\/action-culturelle\/metros-cool\/\"><strong>\/\/\/ Metro&rsquo;s cool<\/strong><\/a> ou la rencontre de 8 \u00e9tablissements d&rsquo;enseignement artistique de la m\u00e9tropole brestoise.<br \/>\n<a href=\"http:\/\/www.emdg-guilers.org\/index.php\/action-culturelle\/atelier-de-creation-choregraphique\/\"><strong>\/\/\/ Atelier de cr\u00e9ation chor\u00e9graphique<\/strong><\/a> avec Jody Etienne, Cie In Ninstan, PGE Danse<br \/>\n<strong>\/\/\/ Cr\u00e9ation d&rsquo;une com\u00e9die musicale, <a href=\"http:\/\/www.emdg-guilers.org\/wp-content\/uploads\/2017\/02\/2018-04-11-Com%C3%A9die-musicale-ouest-france.jpg\">Blues en Blouse<\/a><\/strong> avec La Batterie, Ecole de musique de Plouzan\u00e9, direction artistique : Viviane Marc<\/p>\n<p>&#8212;<\/p>\n<p><strong>Projets 2016-2017 :\u00a0<\/strong><\/p>\n<p>L&rsquo;EMDG a entre autres particip\u00e9 au T\u00e9l\u00e9thon de Guilers, Pleins feux sur la culture bretonne, Renc&rsquo;Arts Hip Hop Brest, Festival Fanfares ! de Brest et Ouessant avec le Jazzyroise big band, Centenaire de l&rsquo;arriv\u00e9e des am\u00e9ricains \u00e0 Brest, Son et lumi\u00e8re Guilers 1917, l&rsquo;Essor Breton, Interventions scolaires aux \u00e9coles \u00e9l\u00e9mentaires de Pauline Kergomard et Chateaubriand \u00e0 Guilers, Animations \u00e0 la Guilth\u00e8que de Guilers, Concert rencontre avec l&rsquo;Orchestre Universitaire de Brest, F\u00eate de la musique, Journ\u00e9es de la harpe, Balades musicales de Plouzan\u00e9, Op\u00e9rette La Belle H\u00e9l\u00e8ne d&rsquo;Offenbach&#8230;<\/p>\n","protected":false},"excerpt":{"rendered":"<p>En tant qu&rsquo;\u00e9tablissement d&rsquo;enseignement artistique, l\u2019\u00c9cole de Musique et Danse de Guilers met en place un certain nombre d&rsquo;actions culturelles en lien avec ses partenaires. Projets 2022-23 : \/\/\/ Stage de th\u00e9\u00e2tre 9-13 ans Mercredi 19 avril 2023, EMDG. Pour les d\u00e9butants ou initi\u00e9s, d\u00e9couverte. Inscriptions ici. \/\/\/ Fanfare inter-\u00e9coles, Wind and Groove : int\u00e9grez une fanfare funk le temps d&rsquo;une ann\u00e9e scolaire, 6 r\u00e9p\u00e9s, 2 concerts. Inscription ici\u00a0 Partitions ici \/\/\/ Stage de danses : contemporain, hip hop, classique,&#8230;<\/p>\n<p class=\"read-more\"><a class=\"btn btn-default\" href=\"https:\/\/www.emdg-guilers.org\/index.php\/action-culturelle\/\">Lire la suite<span class=\"screen-reader-text\"> Lire la suite<\/span><\/a><\/p>\n","protected":false},"author":3,"featured_media":0,"parent":0,"menu_order":0,"comment_status":"closed","ping_status":"closed","template":"","meta":{"footnotes":""},"yoast_head":"<!-- This site is optimized with the Yoast SEO plugin v22.4 - https:\/\/yoast.com\/wordpress\/plugins\/seo\/ -->\n<title>Action culturelle - Ecole de Musique, Danse &amp; Th\u00e9\u00e2tre de Guilers<\/title>\n<meta name=\"robots\" content=\"index, follow, max-snippet:-1, max-image-preview:large, max-video-preview:-1\" \/>\n<link rel=\"canonical\" href=\"https:\/\/www.emdg-guilers.org\/index.php\/action-culturelle\/\" \/>\n<meta property=\"og:locale\" content=\"fr_FR\" \/>\n<meta property=\"og:type\" content=\"article\" \/>\n<meta property=\"og:title\" content=\"Action culturelle - Ecole de Musique, Danse &amp; Th\u00e9\u00e2tre de Guilers\" \/>\n<meta property=\"og:description\" content=\"En tant qu&rsquo;\u00e9tablissement d&rsquo;enseignement artistique, l\u2019\u00c9cole de Musique et Danse de Guilers met en place un certain nombre d&rsquo;actions culturelles en lien avec ses partenaires. Projets 2022-23 : \/\/\/ Stage de th\u00e9\u00e2tre 9-13 ans Mercredi 19 avril 2023, EMDG. Pour les d\u00e9butants ou initi\u00e9s, d\u00e9couverte. Inscriptions ici. \/\/\/ Fanfare inter-\u00e9coles, Wind and Groove : int\u00e9grez une fanfare funk le temps d&rsquo;une ann\u00e9e scolaire, 6 r\u00e9p\u00e9s, 2 concerts. Inscription ici\u00a0 Partitions ici \/\/\/ Stage de danses : contemporain, hip hop, classique,...Lire la suite Lire la suite\" \/>\n<meta property=\"og:url\" content=\"https:\/\/www.emdg-guilers.org\/index.php\/action-culturelle\/\" \/>\n<meta property=\"og:site_name\" content=\"Ecole de Musique, Danse &amp; Th\u00e9\u00e2tre de Guilers\" \/>\n<meta property=\"article:publisher\" content=\"https:\/\/www.facebook.com\/Ecole-de-Musique-et-de-Danse-de-Guilers-480017765533016\/\" \/>\n<meta property=\"article:modified_time\" content=\"2023-01-26T10:55:42+00:00\" \/>\n<meta property=\"og:image\" content=\"https:\/\/www.emdg-guilers.org\/wp-content\/uploads\/2022\/11\/277796042_1862538467280932_2442708283358419701_n-150x150.jpg\" \/>\n<meta name=\"twitter:card\" content=\"summary_large_image\" \/>\n<meta name=\"twitter:label1\" content=\"Dur\u00e9e de lecture estim\u00e9e\" \/>\n\t<meta name=\"twitter:data1\" content=\"3 minutes\" \/>\n<script type=\"application\/ld+json\" class=\"yoast-schema-graph\">{\"@context\":\"https:\/\/schema.org\",\"@graph\":[{\"@type\":\"WebPage\",\"@id\":\"https:\/\/www.emdg-guilers.org\/index.php\/action-culturelle\/\",\"url\":\"https:\/\/www.emdg-guilers.org\/index.php\/action-culturelle\/\",\"name\":\"Action culturelle - Ecole de Musique, Danse &amp; Th\u00e9\u00e2tre de Guilers\",\"isPartOf\":{\"@id\":\"https:\/\/www.emdg-guilers.org\/#website\"},\"primaryImageOfPage\":{\"@id\":\"https:\/\/www.emdg-guilers.org\/index.php\/action-culturelle\/#primaryimage\"},\"image\":{\"@id\":\"https:\/\/www.emdg-guilers.org\/index.php\/action-culturelle\/#primaryimage\"},\"thumbnailUrl\":\"https:\/\/www.emdg-guilers.org\/wp-content\/uploads\/2022\/10\/Affiche-Wind-and-Groove-212x300.jpg\",\"datePublished\":\"2017-09-26T10:50:14+00:00\",\"dateModified\":\"2023-01-26T10:55:42+00:00\",\"breadcrumb\":{\"@id\":\"https:\/\/www.emdg-guilers.org\/index.php\/action-culturelle\/#breadcrumb\"},\"inLanguage\":\"fr-FR\",\"potentialAction\":[{\"@type\":\"ReadAction\",\"target\":[\"https:\/\/www.emdg-guilers.org\/index.php\/action-culturelle\/\"]}]},{\"@type\":\"ImageObject\",\"inLanguage\":\"fr-FR\",\"@id\":\"https:\/\/www.emdg-guilers.org\/index.php\/action-culturelle\/#primaryimage\",\"url\":\"https:\/\/www.emdg-guilers.org\/wp-content\/uploads\/2022\/10\/Affiche-Wind-and-Groove.jpg\",\"contentUrl\":\"https:\/\/www.emdg-guilers.org\/wp-content\/uploads\/2022\/10\/Affiche-Wind-and-Groove.jpg\",\"width\":1587,\"height\":2245},{\"@type\":\"BreadcrumbList\",\"@id\":\"https:\/\/www.emdg-guilers.org\/index.php\/action-culturelle\/#breadcrumb\",\"itemListElement\":[{\"@type\":\"ListItem\",\"position\":1,\"name\":\"Accueil\",\"item\":\"https:\/\/www.emdg-guilers.org\/\"},{\"@type\":\"ListItem\",\"position\":2,\"name\":\"Action culturelle\"}]},{\"@type\":\"WebSite\",\"@id\":\"https:\/\/www.emdg-guilers.org\/#website\",\"url\":\"https:\/\/www.emdg-guilers.org\/\",\"name\":\"Ecole de Musique et Danse de Guilers\",\"description\":\"Ecole associative, cours de musique, danse, th\u00e9\u00e2tre accessibles \u00e0 tous\",\"publisher\":{\"@id\":\"https:\/\/www.emdg-guilers.org\/#organization\"},\"potentialAction\":[{\"@type\":\"SearchAction\",\"target\":{\"@type\":\"EntryPoint\",\"urlTemplate\":\"https:\/\/www.emdg-guilers.org\/?s={search_term_string}\"},\"query-input\":\"required name=search_term_string\"}],\"inLanguage\":\"fr-FR\"},{\"@type\":\"Organization\",\"@id\":\"https:\/\/www.emdg-guilers.org\/#organization\",\"name\":\"Ecole de Musique et de Danse\",\"url\":\"https:\/\/www.emdg-guilers.org\/\",\"logo\":{\"@type\":\"ImageObject\",\"inLanguage\":\"fr-FR\",\"@id\":\"https:\/\/www.emdg-guilers.org\/#\/schema\/logo\/image\/\",\"url\":\"https:\/\/www.emdg-guilers.org\/wp-content\/uploads\/2016\/06\/logo2014.jpg\",\"contentUrl\":\"https:\/\/www.emdg-guilers.org\/wp-content\/uploads\/2016\/06\/logo2014.jpg\",\"width\":214,\"height\":116,\"caption\":\"Ecole de Musique et de Danse\"},\"image\":{\"@id\":\"https:\/\/www.emdg-guilers.org\/#\/schema\/logo\/image\/\"},\"sameAs\":[\"https:\/\/www.facebook.com\/Ecole-de-Musique-et-de-Danse-de-Guilers-480017765533016\/\"]}]}<\/script>\n<!-- \/ Yoast SEO plugin. -->","yoast_head_json":{"title":"Action culturelle - Ecole de Musique, Danse &amp; Th\u00e9\u00e2tre de Guilers","robots":{"index":"index","follow":"follow","max-snippet":"max-snippet:-1","max-image-preview":"max-image-preview:large","max-video-preview":"max-video-preview:-1"},"canonical":"https:\/\/www.emdg-guilers.org\/index.php\/action-culturelle\/","og_locale":"fr_FR","og_type":"article","og_title":"Action culturelle - Ecole de Musique, Danse &amp; Th\u00e9\u00e2tre de Guilers","og_description":"En tant qu&rsquo;\u00e9tablissement d&rsquo;enseignement artistique, l\u2019\u00c9cole de Musique et Danse de Guilers met en place un certain nombre d&rsquo;actions culturelles en lien avec ses partenaires. Projets 2022-23 : \/\/\/ Stage de th\u00e9\u00e2tre 9-13 ans Mercredi 19 avril 2023, EMDG. Pour les d\u00e9butants ou initi\u00e9s, d\u00e9couverte. Inscriptions ici. \/\/\/ Fanfare inter-\u00e9coles, Wind and Groove : int\u00e9grez une fanfare funk le temps d&rsquo;une ann\u00e9e scolaire, 6 r\u00e9p\u00e9s, 2 concerts. Inscription ici\u00a0 Partitions ici \/\/\/ Stage de danses : contemporain, hip hop, classique,...Lire la suite Lire la suite","og_url":"https:\/\/www.emdg-guilers.org\/index.php\/action-culturelle\/","og_site_name":"Ecole de Musique, Danse &amp; Th\u00e9\u00e2tre de Guilers","article_publisher":"https:\/\/www.facebook.com\/Ecole-de-Musique-et-de-Danse-de-Guilers-480017765533016\/","article_modified_time":"2023-01-26T10:55:42+00:00","og_image":[{"url":"https:\/\/www.emdg-guilers.org\/wp-content\/uploads\/2022\/11\/277796042_1862538467280932_2442708283358419701_n-150x150.jpg"}],"twitter_card":"summary_large_image","twitter_misc":{"Dur\u00e9e de lecture estim\u00e9e":"3 minutes"},"schema":{"@context":"https:\/\/schema.org","@graph":[{"@type":"WebPage","@id":"https:\/\/www.emdg-guilers.org\/index.php\/action-culturelle\/","url":"https:\/\/www.emdg-guilers.org\/index.php\/action-culturelle\/","name":"Action culturelle - Ecole de Musique, Danse &amp; Th\u00e9\u00e2tre de Guilers","isPartOf":{"@id":"https:\/\/www.emdg-guilers.org\/#website"},"primaryImageOfPage":{"@id":"https:\/\/www.emdg-guilers.org\/index.php\/action-culturelle\/#primaryimage"},"image":{"@id":"https:\/\/www.emdg-guilers.org\/index.php\/action-culturelle\/#primaryimage"},"thumbnailUrl":"https:\/\/www.emdg-guilers.org\/wp-content\/uploads\/2022\/10\/Affiche-Wind-and-Groove-212x300.jpg","datePublished":"2017-09-26T10:50:14+00:00","dateModified":"2023-01-26T10:55:42+00:00","breadcrumb":{"@id":"https:\/\/www.emdg-guilers.org\/index.php\/action-culturelle\/#breadcrumb"},"inLanguage":"fr-FR","potentialAction":[{"@type":"ReadAction","target":["https:\/\/www.emdg-guilers.org\/index.php\/action-culturelle\/"]}]},{"@type":"ImageObject","inLanguage":"fr-FR","@id":"https:\/\/www.emdg-guilers.org\/index.php\/action-culturelle\/#primaryimage","url":"https:\/\/www.emdg-guilers.org\/wp-content\/uploads\/2022\/10\/Affiche-Wind-and-Groove.jpg","contentUrl":"https:\/\/www.emdg-guilers.org\/wp-content\/uploads\/2022\/10\/Affiche-Wind-and-Groove.jpg","width":1587,"height":2245},{"@type":"BreadcrumbList","@id":"https:\/\/www.emdg-guilers.org\/index.php\/action-culturelle\/#breadcrumb","itemListElement":[{"@type":"ListItem","position":1,"name":"Accueil","item":"https:\/\/www.emdg-guilers.org\/"},{"@type":"ListItem","position":2,"name":"Action culturelle"}]},{"@type":"WebSite","@id":"https:\/\/www.emdg-guilers.org\/#website","url":"https:\/\/www.emdg-guilers.org\/","name":"Ecole de Musique et Danse de Guilers","description":"Ecole associative, cours de musique, danse, th\u00e9\u00e2tre accessibles \u00e0 tous","publisher":{"@id":"https:\/\/www.emdg-guilers.org\/#organization"},"potentialAction":[{"@type":"SearchAction","target":{"@type":"EntryPoint","urlTemplate":"https:\/\/www.emdg-guilers.org\/?s={search_term_string}"},"query-input":"required name=search_term_string"}],"inLanguage":"fr-FR"},{"@type":"Organization","@id":"https:\/\/www.emdg-guilers.org\/#organization","name":"Ecole de Musique et de Danse","url":"https:\/\/www.emdg-guilers.org\/","logo":{"@type":"ImageObject","inLanguage":"fr-FR","@id":"https:\/\/www.emdg-guilers.org\/#\/schema\/logo\/image\/","url":"https:\/\/www.emdg-guilers.org\/wp-content\/uploads\/2016\/06\/logo2014.jpg","contentUrl":"https:\/\/www.emdg-guilers.org\/wp-content\/uploads\/2016\/06\/logo2014.jpg","width":214,"height":116,"caption":"Ecole de Musique et de Danse"},"image":{"@id":"https:\/\/www.emdg-guilers.org\/#\/schema\/logo\/image\/"},"sameAs":["https:\/\/www.facebook.com\/Ecole-de-Musique-et-de-Danse-de-Guilers-480017765533016\/"]}]}},"_links":{"self":[{"href":"https:\/\/www.emdg-guilers.org\/index.php\/wp-json\/wp\/v2\/pages\/1026"}],"collection":[{"href":"https:\/\/www.emdg-guilers.org\/index.php\/wp-json\/wp\/v2\/pages"}],"about":[{"href":"https:\/\/www.emdg-guilers.org\/index.php\/wp-json\/wp\/v2\/types\/page"}],"author":[{"embeddable":true,"href":"https:\/\/www.emdg-guilers.org\/index.php\/wp-json\/wp\/v2\/users\/3"}],"replies":[{"embeddable":true,"href":"https:\/\/www.emdg-guilers.org\/index.php\/wp-json\/wp\/v2\/comments?post=1026"}],"version-history":[{"count":17,"href":"https:\/\/www.emdg-guilers.org\/index.php\/wp-json\/wp\/v2\/pages\/1026\/revisions"}],"predecessor-version":[{"id":3403,"href":"https:\/\/www.emdg-guilers.org\/index.php\/wp-json\/wp\/v2\/pages\/1026\/revisions\/3403"}],"wp:attachment":[{"href":"https:\/\/www.emdg-guilers.org\/index.php\/wp-json\/wp\/v2\/media?parent=1026"}],"curies":[{"name":"wp","href":"https:\/\/api.w.org\/{rel}","templated":true}]}}