{"id":12,"date":"2016-06-29T16:51:26","date_gmt":"2016-06-29T15:51:26","guid":{"rendered":"http:\/\/www.emdg-guilers.org\/?page_id=12"},"modified":"2021-11-09T13:56:54","modified_gmt":"2021-11-09T12:56:54","slug":"lassociation","status":"publish","type":"page","link":"https:\/\/www.emdg-guilers.org\/index.php\/lassociation\/","title":{"rendered":"L&rsquo;association"},"content":{"rendered":"\n<figure class=\"wp-block-embed is-type-video is-provider-youtube wp-block-embed-youtube wp-embed-aspect-16-9 wp-has-aspect-ratio\"><div class=\"wp-block-embed__wrapper\">\n<iframe loading=\"lazy\" title=\"Bande-Annonce EMDG\" width=\"640\" height=\"360\" src=\"https:\/\/www.youtube.com\/embed\/k74nF-WsZ94?feature=oembed\" frameborder=\"0\" allow=\"accelerometer; autoplay; clipboard-write; encrypted-media; gyroscope; picture-in-picture; web-share\" referrerpolicy=\"strict-origin-when-cross-origin\" allowfullscreen><\/iframe>\n<\/div><figcaption>L&rsquo;EMDG : pr\u00e9sentation<\/figcaption><\/figure>\n\n\n<p><img loading=\"lazy\" decoding=\"async\" class=\"alignleft size-full wp-image-395\" src=\"http:\/\/www.emdg-guilers.org\/wp-content\/uploads\/2016\/09\/carreemdg.jpg\" alt=\"carreemdg\" width=\"300\" height=\"300\" srcset=\"https:\/\/www.emdg-guilers.org\/wp-content\/uploads\/2016\/09\/carreemdg.jpg 300w, https:\/\/www.emdg-guilers.org\/wp-content\/uploads\/2016\/09\/carreemdg-150x150.jpg 150w, https:\/\/www.emdg-guilers.org\/wp-content\/uploads\/2016\/09\/carreemdg-270x270.jpg 270w\" sizes=\"(max-width: 300px) 100vw, 300px\" \/>L&rsquo;Ecole de Musique et de Danse de Guilers est une association loi de 1901, dirig\u00e9e par un <a href=\"https:\/\/www.emdg-guilers.org\/index.php\/lassociation\/qui-sommes-nous\/\">conseil d&rsquo;administration comprenant des repr\u00e9sentants d&rsquo;adh\u00e9rents et du&nbsp;conseil municipal<\/a>. Elle est li\u00e9e par convention \u00e0 la Mairie de Guilers et au Conservatoire \u00e0 Rayonnement R\u00e9gional de Brest, dans le cadre de son subventionnement par le Conseil D\u00e9partemental du Finist\u00e8re.<\/p>\n<p>Gr\u00e2ce au soutien de la municipalit\u00e9 et au travail des b\u00e9n\u00e9voles, l&rsquo;\u00e9cole est en mesure d&rsquo;assurer un enseignement de qualit\u00e9 \u00e0 un co\u00fbt raisonnable, ouvrant ainsi la&nbsp;pratique de la musique et de la danse au plus grand nombre.<\/p>\n<p>Quels que soient votre \u00e2ge et votre motivation (initiation, pratique de loisirs, volont\u00e9 de devenir un bon amateur), vous trouverez au sein de l&rsquo;\u00e9cole l&rsquo;enseignement musical ou de danse correspondant \u00e0 vos attentes.<\/p>\n<p>Et peut-\u00eatre, trouverez-vous \u00e9galement votre place en tant que b\u00e9n\u00e9vole de l&rsquo;association, pour aider lors des multiples manifestations que l&rsquo;\u00e9cole organise tout au long de l&rsquo;ann\u00e9e.<\/p>","protected":false},"excerpt":{"rendered":"<p>L&rsquo;Ecole de Musique et de Danse de Guilers est une association loi de 1901, dirig\u00e9e par un conseil d&rsquo;administration comprenant des repr\u00e9sentants d&rsquo;adh\u00e9rents et du&nbsp;conseil municipal. Elle est li\u00e9e par convention \u00e0 la Mairie de Guilers et au Conservatoire \u00e0 Rayonnement R\u00e9gional de Brest, dans le cadre de son subventionnement par le Conseil D\u00e9partemental du Finist\u00e8re. Gr\u00e2ce au soutien de la municipalit\u00e9 et au travail des b\u00e9n\u00e9voles, l&rsquo;\u00e9cole est en mesure d&rsquo;assurer un enseignement de qualit\u00e9 \u00e0 un co\u00fbt raisonnable,&#8230;<\/p>\n<p class=\"read-more\"><a class=\"btn btn-default\" href=\"https:\/\/www.emdg-guilers.org\/index.php\/lassociation\/\">Lire la suite<span class=\"screen-reader-text\"> Lire la suite<\/span><\/a><\/p>\n","protected":false},"author":3,"featured_media":0,"parent":0,"menu_order":0,"comment_status":"closed","ping_status":"closed","template":"","meta":{"footnotes":""},"yoast_head":"<!-- This site is optimized with the Yoast SEO plugin v22.4 - https:\/\/yoast.com\/wordpress\/plugins\/seo\/ -->\n<title>L&#039;association - Ecole de Musique, Danse &amp; Th\u00e9\u00e2tre de Guilers<\/title>\n<meta name=\"robots\" content=\"index, follow, max-snippet:-1, max-image-preview:large, max-video-preview:-1\" \/>\n<link rel=\"canonical\" href=\"https:\/\/www.emdg-guilers.org\/index.php\/lassociation\/\" \/>\n<meta property=\"og:locale\" content=\"fr_FR\" \/>\n<meta property=\"og:type\" content=\"article\" \/>\n<meta property=\"og:title\" content=\"L&#039;association - Ecole de Musique, Danse &amp; Th\u00e9\u00e2tre de Guilers\" \/>\n<meta property=\"og:description\" content=\"L&rsquo;Ecole de Musique et de Danse de Guilers est une association loi de 1901, dirig\u00e9e par un conseil d&rsquo;administration comprenant des repr\u00e9sentants d&rsquo;adh\u00e9rents et du&nbsp;conseil municipal. Elle est li\u00e9e par convention \u00e0 la Mairie de Guilers et au Conservatoire \u00e0 Rayonnement R\u00e9gional de Brest, dans le cadre de son subventionnement par le Conseil D\u00e9partemental du Finist\u00e8re. Gr\u00e2ce au soutien de la municipalit\u00e9 et au travail des b\u00e9n\u00e9voles, l&rsquo;\u00e9cole est en mesure d&rsquo;assurer un enseignement de qualit\u00e9 \u00e0 un co\u00fbt raisonnable,...Lire la suite Lire la suite\" \/>\n<meta property=\"og:url\" content=\"https:\/\/www.emdg-guilers.org\/index.php\/lassociation\/\" \/>\n<meta property=\"og:site_name\" content=\"Ecole de Musique, Danse &amp; Th\u00e9\u00e2tre de Guilers\" \/>\n<meta property=\"article:publisher\" content=\"https:\/\/www.facebook.com\/Ecole-de-Musique-et-de-Danse-de-Guilers-480017765533016\/\" \/>\n<meta property=\"article:modified_time\" content=\"2021-11-09T12:56:54+00:00\" \/>\n<meta property=\"og:image\" content=\"http:\/\/www.emdg-guilers.org\/wp-content\/uploads\/2016\/09\/carreemdg.jpg\" \/>\n<meta name=\"twitter:card\" content=\"summary_large_image\" \/>\n<meta name=\"twitter:label1\" content=\"Dur\u00e9e de lecture estim\u00e9e\" \/>\n\t<meta name=\"twitter:data1\" content=\"1 minute\" \/>\n<script type=\"application\/ld+json\" class=\"yoast-schema-graph\">{\"@context\":\"https:\/\/schema.org\",\"@graph\":[{\"@type\":\"WebPage\",\"@id\":\"https:\/\/www.emdg-guilers.org\/index.php\/lassociation\/\",\"url\":\"https:\/\/www.emdg-guilers.org\/index.php\/lassociation\/\",\"name\":\"L'association - Ecole de Musique, Danse &amp; Th\u00e9\u00e2tre de Guilers\",\"isPartOf\":{\"@id\":\"https:\/\/www.emdg-guilers.org\/#website\"},\"primaryImageOfPage\":{\"@id\":\"https:\/\/www.emdg-guilers.org\/index.php\/lassociation\/#primaryimage\"},\"image\":{\"@id\":\"https:\/\/www.emdg-guilers.org\/index.php\/lassociation\/#primaryimage\"},\"thumbnailUrl\":\"http:\/\/www.emdg-guilers.org\/wp-content\/uploads\/2016\/09\/carreemdg.jpg\",\"datePublished\":\"2016-06-29T15:51:26+00:00\",\"dateModified\":\"2021-11-09T12:56:54+00:00\",\"breadcrumb\":{\"@id\":\"https:\/\/www.emdg-guilers.org\/index.php\/lassociation\/#breadcrumb\"},\"inLanguage\":\"fr-FR\",\"potentialAction\":[{\"@type\":\"ReadAction\",\"target\":[\"https:\/\/www.emdg-guilers.org\/index.php\/lassociation\/\"]}]},{\"@type\":\"ImageObject\",\"inLanguage\":\"fr-FR\",\"@id\":\"https:\/\/www.emdg-guilers.org\/index.php\/lassociation\/#primaryimage\",\"url\":\"http:\/\/www.emdg-guilers.org\/wp-content\/uploads\/2016\/09\/carreemdg.jpg\",\"contentUrl\":\"http:\/\/www.emdg-guilers.org\/wp-content\/uploads\/2016\/09\/carreemdg.jpg\"},{\"@type\":\"BreadcrumbList\",\"@id\":\"https:\/\/www.emdg-guilers.org\/index.php\/lassociation\/#breadcrumb\",\"itemListElement\":[{\"@type\":\"ListItem\",\"position\":1,\"name\":\"Accueil\",\"item\":\"https:\/\/www.emdg-guilers.org\/\"},{\"@type\":\"ListItem\",\"position\":2,\"name\":\"L&rsquo;association\"}]},{\"@type\":\"WebSite\",\"@id\":\"https:\/\/www.emdg-guilers.org\/#website\",\"url\":\"https:\/\/www.emdg-guilers.org\/\",\"name\":\"Ecole de Musique et Danse de Guilers\",\"description\":\"Ecole associative, cours de musique, danse, th\u00e9\u00e2tre accessibles \u00e0 tous\",\"publisher\":{\"@id\":\"https:\/\/www.emdg-guilers.org\/#organization\"},\"potentialAction\":[{\"@type\":\"SearchAction\",\"target\":{\"@type\":\"EntryPoint\",\"urlTemplate\":\"https:\/\/www.emdg-guilers.org\/?s={search_term_string}\"},\"query-input\":\"required name=search_term_string\"}],\"inLanguage\":\"fr-FR\"},{\"@type\":\"Organization\",\"@id\":\"https:\/\/www.emdg-guilers.org\/#organization\",\"name\":\"Ecole de Musique et de Danse\",\"url\":\"https:\/\/www.emdg-guilers.org\/\",\"logo\":{\"@type\":\"ImageObject\",\"inLanguage\":\"fr-FR\",\"@id\":\"https:\/\/www.emdg-guilers.org\/#\/schema\/logo\/image\/\",\"url\":\"https:\/\/www.emdg-guilers.org\/wp-content\/uploads\/2016\/06\/logo2014.jpg\",\"contentUrl\":\"https:\/\/www.emdg-guilers.org\/wp-content\/uploads\/2016\/06\/logo2014.jpg\",\"width\":214,\"height\":116,\"caption\":\"Ecole de Musique et de Danse\"},\"image\":{\"@id\":\"https:\/\/www.emdg-guilers.org\/#\/schema\/logo\/image\/\"},\"sameAs\":[\"https:\/\/www.facebook.com\/Ecole-de-Musique-et-de-Danse-de-Guilers-480017765533016\/\"]}]}<\/script>\n<!-- \/ Yoast SEO plugin. -->","yoast_head_json":{"title":"L'association - Ecole de Musique, Danse &amp; Th\u00e9\u00e2tre de Guilers","robots":{"index":"index","follow":"follow","max-snippet":"max-snippet:-1","max-image-preview":"max-image-preview:large","max-video-preview":"max-video-preview:-1"},"canonical":"https:\/\/www.emdg-guilers.org\/index.php\/lassociation\/","og_locale":"fr_FR","og_type":"article","og_title":"L'association - Ecole de Musique, Danse &amp; Th\u00e9\u00e2tre de Guilers","og_description":"L&rsquo;Ecole de Musique et de Danse de Guilers est une association loi de 1901, dirig\u00e9e par un conseil d&rsquo;administration comprenant des repr\u00e9sentants d&rsquo;adh\u00e9rents et du&nbsp;conseil municipal. Elle est li\u00e9e par convention \u00e0 la Mairie de Guilers et au Conservatoire \u00e0 Rayonnement R\u00e9gional de Brest, dans le cadre de son subventionnement par le Conseil D\u00e9partemental du Finist\u00e8re. Gr\u00e2ce au soutien de la municipalit\u00e9 et au travail des b\u00e9n\u00e9voles, l&rsquo;\u00e9cole est en mesure d&rsquo;assurer un enseignement de qualit\u00e9 \u00e0 un co\u00fbt raisonnable,...Lire la suite Lire la suite","og_url":"https:\/\/www.emdg-guilers.org\/index.php\/lassociation\/","og_site_name":"Ecole de Musique, Danse &amp; Th\u00e9\u00e2tre de Guilers","article_publisher":"https:\/\/www.facebook.com\/Ecole-de-Musique-et-de-Danse-de-Guilers-480017765533016\/","article_modified_time":"2021-11-09T12:56:54+00:00","og_image":[{"url":"http:\/\/www.emdg-guilers.org\/wp-content\/uploads\/2016\/09\/carreemdg.jpg"}],"twitter_card":"summary_large_image","twitter_misc":{"Dur\u00e9e de lecture estim\u00e9e":"1 minute"},"schema":{"@context":"https:\/\/schema.org","@graph":[{"@type":"WebPage","@id":"https:\/\/www.emdg-guilers.org\/index.php\/lassociation\/","url":"https:\/\/www.emdg-guilers.org\/index.php\/lassociation\/","name":"L'association - Ecole de Musique, Danse &amp; Th\u00e9\u00e2tre de Guilers","isPartOf":{"@id":"https:\/\/www.emdg-guilers.org\/#website"},"primaryImageOfPage":{"@id":"https:\/\/www.emdg-guilers.org\/index.php\/lassociation\/#primaryimage"},"image":{"@id":"https:\/\/www.emdg-guilers.org\/index.php\/lassociation\/#primaryimage"},"thumbnailUrl":"http:\/\/www.emdg-guilers.org\/wp-content\/uploads\/2016\/09\/carreemdg.jpg","datePublished":"2016-06-29T15:51:26+00:00","dateModified":"2021-11-09T12:56:54+00:00","breadcrumb":{"@id":"https:\/\/www.emdg-guilers.org\/index.php\/lassociation\/#breadcrumb"},"inLanguage":"fr-FR","potentialAction":[{"@type":"ReadAction","target":["https:\/\/www.emdg-guilers.org\/index.php\/lassociation\/"]}]},{"@type":"ImageObject","inLanguage":"fr-FR","@id":"https:\/\/www.emdg-guilers.org\/index.php\/lassociation\/#primaryimage","url":"http:\/\/www.emdg-guilers.org\/wp-content\/uploads\/2016\/09\/carreemdg.jpg","contentUrl":"http:\/\/www.emdg-guilers.org\/wp-content\/uploads\/2016\/09\/carreemdg.jpg"},{"@type":"BreadcrumbList","@id":"https:\/\/www.emdg-guilers.org\/index.php\/lassociation\/#breadcrumb","itemListElement":[{"@type":"ListItem","position":1,"name":"Accueil","item":"https:\/\/www.emdg-guilers.org\/"},{"@type":"ListItem","position":2,"name":"L&rsquo;association"}]},{"@type":"WebSite","@id":"https:\/\/www.emdg-guilers.org\/#website","url":"https:\/\/www.emdg-guilers.org\/","name":"Ecole de Musique et Danse de Guilers","description":"Ecole associative, cours de musique, danse, th\u00e9\u00e2tre accessibles \u00e0 tous","publisher":{"@id":"https:\/\/www.emdg-guilers.org\/#organization"},"potentialAction":[{"@type":"SearchAction","target":{"@type":"EntryPoint","urlTemplate":"https:\/\/www.emdg-guilers.org\/?s={search_term_string}"},"query-input":"required name=search_term_string"}],"inLanguage":"fr-FR"},{"@type":"Organization","@id":"https:\/\/www.emdg-guilers.org\/#organization","name":"Ecole de Musique et de Danse","url":"https:\/\/www.emdg-guilers.org\/","logo":{"@type":"ImageObject","inLanguage":"fr-FR","@id":"https:\/\/www.emdg-guilers.org\/#\/schema\/logo\/image\/","url":"https:\/\/www.emdg-guilers.org\/wp-content\/uploads\/2016\/06\/logo2014.jpg","contentUrl":"https:\/\/www.emdg-guilers.org\/wp-content\/uploads\/2016\/06\/logo2014.jpg","width":214,"height":116,"caption":"Ecole de Musique et de Danse"},"image":{"@id":"https:\/\/www.emdg-guilers.org\/#\/schema\/logo\/image\/"},"sameAs":["https:\/\/www.facebook.com\/Ecole-de-Musique-et-de-Danse-de-Guilers-480017765533016\/"]}]}},"_links":{"self":[{"href":"https:\/\/www.emdg-guilers.org\/index.php\/wp-json\/wp\/v2\/pages\/12"}],"collection":[{"href":"https:\/\/www.emdg-guilers.org\/index.php\/wp-json\/wp\/v2\/pages"}],"about":[{"href":"https:\/\/www.emdg-guilers.org\/index.php\/wp-json\/wp\/v2\/types\/page"}],"author":[{"embeddable":true,"href":"https:\/\/www.emdg-guilers.org\/index.php\/wp-json\/wp\/v2\/users\/3"}],"replies":[{"embeddable":true,"href":"https:\/\/www.emdg-guilers.org\/index.php\/wp-json\/wp\/v2\/comments?post=12"}],"version-history":[{"count":6,"href":"https:\/\/www.emdg-guilers.org\/index.php\/wp-json\/wp\/v2\/pages\/12\/revisions"}],"predecessor-version":[{"id":2726,"href":"https:\/\/www.emdg-guilers.org\/index.php\/wp-json\/wp\/v2\/pages\/12\/revisions\/2726"}],"wp:attachment":[{"href":"https:\/\/www.emdg-guilers.org\/index.php\/wp-json\/wp\/v2\/media?parent=12"}],"curies":[{"name":"wp","href":"https:\/\/api.w.org\/{rel}","templated":true}]}}