{"id":1358,"date":"2018-10-19T09:34:16","date_gmt":"2018-10-19T07:34:16","guid":{"rendered":"http:\/\/www.emdg-guilers.org\/?page_id=1358"},"modified":"2025-07-08T10:32:56","modified_gmt":"2025-07-08T08:32:56","slug":"ensemble-de-guitares","status":"publish","type":"page","link":"https:\/\/www.emdg-guilers.org\/index.php\/ensemble-de-guitares\/","title":{"rendered":"Guilers Guitar Gang &#8211; 3G"},"content":{"rendered":"\n<div class=\"wp-block-buttons is-layout-flex wp-block-buttons-is-layout-flex\">\n<div class=\"wp-block-button\"><a class=\"wp-block-button__link wp-element-button\">Atelier musique enfants &amp; ados <\/a><\/div>\n<\/div>\n\n\n\n<p>Ensemble de guitares avec <a href=\"https:\/\/www.emdg-guilers.org\/index.php\/musique\/instruments\/guitare\/\">Erwan Duval<\/a><\/p>\n\n\n\n<figure class=\"wp-block-image size-large is-resized\"><img loading=\"lazy\" decoding=\"async\" width=\"1024\" height=\"1024\" src=\"https:\/\/www.emdg-guilers.org\/wp-content\/uploads\/2022\/09\/12-1024x1024.jpg\" alt=\"\" class=\"wp-image-3207\" style=\"width:211px;height:auto\" srcset=\"https:\/\/www.emdg-guilers.org\/wp-content\/uploads\/2022\/09\/12-1024x1024.jpg 1024w, https:\/\/www.emdg-guilers.org\/wp-content\/uploads\/2022\/09\/12-300x300.jpg 300w, https:\/\/www.emdg-guilers.org\/wp-content\/uploads\/2022\/09\/12-150x150.jpg 150w, https:\/\/www.emdg-guilers.org\/wp-content\/uploads\/2022\/09\/12-768x768.jpg 768w, https:\/\/www.emdg-guilers.org\/wp-content\/uploads\/2022\/09\/12-270x270.jpg 270w, https:\/\/www.emdg-guilers.org\/wp-content\/uploads\/2022\/09\/12.jpg 1080w\" sizes=\"(max-width: 1024px) 100vw, 1024px\" \/><\/figure>\n\n\n\n<p>Cet ensemble \u00ab\u00a0all stars\u00a0\u00bb de l&rsquo;\u00e9cole rassemble la majorit\u00e9 des \u00e9l\u00e8ves guitaristes <strong>enfants et adolescents<\/strong> d\u00e8s 3 ans de pratique instrumentale.<\/p>\n\n\n\n<figure class=\"wp-block-image size-large\"><img loading=\"lazy\" decoding=\"async\" width=\"1024\" height=\"683\" src=\"https:\/\/www.emdg-guilers.org\/wp-content\/uploads\/2023\/03\/Guilers-Guitares-Gang-4-light-1024x683.jpg\" alt=\"\" class=\"wp-image-3527\" srcset=\"https:\/\/www.emdg-guilers.org\/wp-content\/uploads\/2023\/03\/Guilers-Guitares-Gang-4-light-1024x683.jpg 1024w, https:\/\/www.emdg-guilers.org\/wp-content\/uploads\/2023\/03\/Guilers-Guitares-Gang-4-light-300x200.jpg 300w, https:\/\/www.emdg-guilers.org\/wp-content\/uploads\/2023\/03\/Guilers-Guitares-Gang-4-light-768x512.jpg 768w, https:\/\/www.emdg-guilers.org\/wp-content\/uploads\/2023\/03\/Guilers-Guitares-Gang-4-light-1536x1024.jpg 1536w, https:\/\/www.emdg-guilers.org\/wp-content\/uploads\/2023\/03\/Guilers-Guitares-Gang-4-light-405x270.jpg 405w, https:\/\/www.emdg-guilers.org\/wp-content\/uploads\/2023\/03\/Guilers-Guitares-Gang-4-light.jpg 1773w\" sizes=\"(max-width: 1024px) 100vw, 1024px\" \/><figcaption class=\"wp-element-caption\">Concert Agora, Guilers, d\u00e9cembre 2022<\/figcaption><\/figure>\n\n\n\n<p>L&rsquo;objectif est de pratiquer en <strong>groupe<\/strong> pour apprendre \u00e0 s&rsquo;\u00e9couter, travailler la pulsation commune et le rythme, aborder plusieurs voix, monter un programme pour des repr\u00e9sentations et bien s\u00fbr prendre plaisir \u00e0 jouer ensemble ! <\/p>\n\n\n\n<p>Le r\u00e9pertoire est tr\u00e8s vari\u00e9 : musiques actuelles, musiques de film, musiques trad&#8230; tels que Harry Potter, Scottish, Inspecteur Gadget&#8230; Il permet \u00e0 chacun de trouver sa place, quel que soit son niveau.<\/p>\n\n\n\n<p>Gratuit pour les \u00e9l\u00e8ves musiciens de l&rsquo;EMDG, ou accessible en pratique seule.<\/p>\n\n\n\n<p>Tous les lundis, de 18h30 \u00e0 19h30, salle de r\u00e9p\u00e9tition<\/p>\n\n\n\n<figure class=\"wp-block-embed is-type-video is-provider-youtube wp-block-embed-youtube wp-embed-aspect-16-9 wp-has-aspect-ratio\"><div class=\"wp-block-embed__wrapper\">\n<iframe loading=\"lazy\" title=\"Guilers Guitar Gang - 3G - EMDG 2024\" width=\"640\" height=\"360\" src=\"https:\/\/www.youtube.com\/embed\/D2Z42e9LqRo?feature=oembed\" frameborder=\"0\" allow=\"accelerometer; autoplay; clipboard-write; encrypted-media; gyroscope; picture-in-picture; web-share\" referrerpolicy=\"strict-origin-when-cross-origin\" allowfullscreen><\/iframe>\n<\/div><\/figure>\n\n\n\n<figure class=\"wp-block-embed is-type-video is-provider-youtube wp-block-embed-youtube wp-embed-aspect-16-9 wp-has-aspect-ratio\"><div class=\"wp-block-embed__wrapper\">\n<iframe loading=\"lazy\" title=\"Carpe Diem, extrait du Film Le Cercle des Po\u00e8tes Disparus\" width=\"640\" height=\"360\" src=\"https:\/\/www.youtube.com\/embed\/1DbOtWul9-A?feature=oembed\" frameborder=\"0\" allow=\"accelerometer; autoplay; clipboard-write; encrypted-media; gyroscope; picture-in-picture; web-share\" referrerpolicy=\"strict-origin-when-cross-origin\" allowfullscreen><\/iframe>\n<\/div><\/figure>\n\n\n\n<figure class=\"wp-block-embed is-type-video is-provider-youtube wp-block-embed-youtube wp-embed-aspect-16-9 wp-has-aspect-ratio\"><div class=\"wp-block-embed__wrapper\">\n<iframe loading=\"lazy\" title=\"In Dreams 3G - Ecole de Musique et Danse de Guilers\" width=\"640\" height=\"360\" src=\"https:\/\/www.youtube.com\/embed\/ha8mPeNVdoY?feature=oembed\" frameborder=\"0\" allow=\"accelerometer; autoplay; clipboard-write; encrypted-media; gyroscope; picture-in-picture; web-share\" referrerpolicy=\"strict-origin-when-cross-origin\" allowfullscreen><\/iframe>\n<\/div><\/figure>\n\n\n<\/p>\n<p><iframe loading=\"lazy\" title=\"La scottish du regret - Guilers Guitar Gang - 3G Confinement\" width=\"640\" height=\"360\" src=\"https:\/\/www.youtube.com\/embed\/KYFSJTq9bbU?feature=oembed\" frameborder=\"0\" allow=\"accelerometer; autoplay; clipboard-write; encrypted-media; gyroscope; picture-in-picture; web-share\" referrerpolicy=\"strict-origin-when-cross-origin\" allowfullscreen><\/iframe><\/p>\n\n\n<p><\/p>\n","protected":false},"excerpt":{"rendered":"<p>Ensemble de guitares avec Erwan Duval Cet ensemble \u00ab\u00a0all stars\u00a0\u00bb de l&rsquo;\u00e9cole rassemble la majorit\u00e9 des \u00e9l\u00e8ves guitaristes enfants et adolescents d\u00e8s 3 ans de pratique instrumentale. L&rsquo;objectif est de pratiquer en groupe pour apprendre \u00e0 s&rsquo;\u00e9couter, travailler la pulsation commune et le rythme, aborder plusieurs voix, monter un programme pour des repr\u00e9sentations et bien s\u00fbr prendre plaisir \u00e0 jouer ensemble ! Le r\u00e9pertoire est tr\u00e8s vari\u00e9 : musiques actuelles, musiques de film, musiques trad&#8230; tels que Harry Potter, Scottish,&#8230;<\/p>\n<p class=\"read-more\"><a class=\"btn btn-default\" href=\"https:\/\/www.emdg-guilers.org\/index.php\/ensemble-de-guitares\/\">Lire la suite<span class=\"screen-reader-text\"> Lire la suite<\/span><\/a><\/p>\n","protected":false},"author":3,"featured_media":0,"parent":0,"menu_order":0,"comment_status":"closed","ping_status":"closed","template":"","meta":{"footnotes":""},"yoast_head":"<!-- This site is optimized with the Yoast SEO plugin v22.4 - https:\/\/yoast.com\/wordpress\/plugins\/seo\/ -->\n<title>Guilers Guitar Gang - 3G - Ecole de Musique, Danse &amp; Th\u00e9\u00e2tre de Guilers<\/title>\n<meta name=\"robots\" content=\"index, follow, max-snippet:-1, max-image-preview:large, max-video-preview:-1\" \/>\n<link rel=\"canonical\" href=\"https:\/\/www.emdg-guilers.org\/index.php\/ensemble-de-guitares\/\" \/>\n<meta property=\"og:locale\" content=\"fr_FR\" \/>\n<meta property=\"og:type\" content=\"article\" \/>\n<meta property=\"og:title\" content=\"Guilers Guitar Gang - 3G - Ecole de Musique, Danse &amp; Th\u00e9\u00e2tre de Guilers\" \/>\n<meta property=\"og:description\" content=\"Ensemble de guitares avec Erwan Duval Cet ensemble \u00ab\u00a0all stars\u00a0\u00bb de l&rsquo;\u00e9cole rassemble la majorit\u00e9 des \u00e9l\u00e8ves guitaristes enfants et adolescents d\u00e8s 3 ans de pratique instrumentale. L&rsquo;objectif est de pratiquer en groupe pour apprendre \u00e0 s&rsquo;\u00e9couter, travailler la pulsation commune et le rythme, aborder plusieurs voix, monter un programme pour des repr\u00e9sentations et bien s\u00fbr prendre plaisir \u00e0 jouer ensemble ! Le r\u00e9pertoire est tr\u00e8s vari\u00e9 : musiques actuelles, musiques de film, musiques trad&#8230; tels que Harry Potter, Scottish,...Lire la suite Lire la suite\" \/>\n<meta property=\"og:url\" content=\"https:\/\/www.emdg-guilers.org\/index.php\/ensemble-de-guitares\/\" \/>\n<meta property=\"og:site_name\" content=\"Ecole de Musique, Danse &amp; Th\u00e9\u00e2tre de Guilers\" \/>\n<meta property=\"article:publisher\" content=\"https:\/\/www.facebook.com\/Ecole-de-Musique-et-de-Danse-de-Guilers-480017765533016\/\" \/>\n<meta property=\"article:modified_time\" content=\"2025-07-08T08:32:56+00:00\" \/>\n<meta property=\"og:image\" content=\"https:\/\/www.emdg-guilers.org\/wp-content\/uploads\/2022\/09\/12-1024x1024.jpg\" \/>\n<meta name=\"twitter:card\" content=\"summary_large_image\" \/>\n<meta name=\"twitter:label1\" content=\"Dur\u00e9e de lecture estim\u00e9e\" \/>\n\t<meta name=\"twitter:data1\" content=\"2 minutes\" \/>\n<script type=\"application\/ld+json\" class=\"yoast-schema-graph\">{\"@context\":\"https:\/\/schema.org\",\"@graph\":[{\"@type\":\"WebPage\",\"@id\":\"https:\/\/www.emdg-guilers.org\/index.php\/ensemble-de-guitares\/\",\"url\":\"https:\/\/www.emdg-guilers.org\/index.php\/ensemble-de-guitares\/\",\"name\":\"Guilers Guitar Gang - 3G - Ecole de Musique, Danse &amp; Th\u00e9\u00e2tre de Guilers\",\"isPartOf\":{\"@id\":\"https:\/\/www.emdg-guilers.org\/#website\"},\"primaryImageOfPage\":{\"@id\":\"https:\/\/www.emdg-guilers.org\/index.php\/ensemble-de-guitares\/#primaryimage\"},\"image\":{\"@id\":\"https:\/\/www.emdg-guilers.org\/index.php\/ensemble-de-guitares\/#primaryimage\"},\"thumbnailUrl\":\"https:\/\/www.emdg-guilers.org\/wp-content\/uploads\/2022\/09\/12-1024x1024.jpg\",\"datePublished\":\"2018-10-19T07:34:16+00:00\",\"dateModified\":\"2025-07-08T08:32:56+00:00\",\"breadcrumb\":{\"@id\":\"https:\/\/www.emdg-guilers.org\/index.php\/ensemble-de-guitares\/#breadcrumb\"},\"inLanguage\":\"fr-FR\",\"potentialAction\":[{\"@type\":\"ReadAction\",\"target\":[\"https:\/\/www.emdg-guilers.org\/index.php\/ensemble-de-guitares\/\"]}]},{\"@type\":\"ImageObject\",\"inLanguage\":\"fr-FR\",\"@id\":\"https:\/\/www.emdg-guilers.org\/index.php\/ensemble-de-guitares\/#primaryimage\",\"url\":\"https:\/\/www.emdg-guilers.org\/wp-content\/uploads\/2022\/09\/12.jpg\",\"contentUrl\":\"https:\/\/www.emdg-guilers.org\/wp-content\/uploads\/2022\/09\/12.jpg\",\"width\":1080,\"height\":1080},{\"@type\":\"BreadcrumbList\",\"@id\":\"https:\/\/www.emdg-guilers.org\/index.php\/ensemble-de-guitares\/#breadcrumb\",\"itemListElement\":[{\"@type\":\"ListItem\",\"position\":1,\"name\":\"Accueil\",\"item\":\"https:\/\/www.emdg-guilers.org\/\"},{\"@type\":\"ListItem\",\"position\":2,\"name\":\"Guilers Guitar Gang &#8211; 3G\"}]},{\"@type\":\"WebSite\",\"@id\":\"https:\/\/www.emdg-guilers.org\/#website\",\"url\":\"https:\/\/www.emdg-guilers.org\/\",\"name\":\"Ecole de Musique et Danse de Guilers\",\"description\":\"Ecole associative, cours de musique, danse, th\u00e9\u00e2tre accessibles \u00e0 tous\",\"publisher\":{\"@id\":\"https:\/\/www.emdg-guilers.org\/#organization\"},\"potentialAction\":[{\"@type\":\"SearchAction\",\"target\":{\"@type\":\"EntryPoint\",\"urlTemplate\":\"https:\/\/www.emdg-guilers.org\/?s={search_term_string}\"},\"query-input\":\"required name=search_term_string\"}],\"inLanguage\":\"fr-FR\"},{\"@type\":\"Organization\",\"@id\":\"https:\/\/www.emdg-guilers.org\/#organization\",\"name\":\"Ecole de Musique et de Danse\",\"url\":\"https:\/\/www.emdg-guilers.org\/\",\"logo\":{\"@type\":\"ImageObject\",\"inLanguage\":\"fr-FR\",\"@id\":\"https:\/\/www.emdg-guilers.org\/#\/schema\/logo\/image\/\",\"url\":\"https:\/\/www.emdg-guilers.org\/wp-content\/uploads\/2016\/06\/logo2014.jpg\",\"contentUrl\":\"https:\/\/www.emdg-guilers.org\/wp-content\/uploads\/2016\/06\/logo2014.jpg\",\"width\":214,\"height\":116,\"caption\":\"Ecole de Musique et de Danse\"},\"image\":{\"@id\":\"https:\/\/www.emdg-guilers.org\/#\/schema\/logo\/image\/\"},\"sameAs\":[\"https:\/\/www.facebook.com\/Ecole-de-Musique-et-de-Danse-de-Guilers-480017765533016\/\"]}]}<\/script>\n<!-- \/ Yoast SEO plugin. -->","yoast_head_json":{"title":"Guilers Guitar Gang - 3G - Ecole de Musique, Danse &amp; Th\u00e9\u00e2tre de Guilers","robots":{"index":"index","follow":"follow","max-snippet":"max-snippet:-1","max-image-preview":"max-image-preview:large","max-video-preview":"max-video-preview:-1"},"canonical":"https:\/\/www.emdg-guilers.org\/index.php\/ensemble-de-guitares\/","og_locale":"fr_FR","og_type":"article","og_title":"Guilers Guitar Gang - 3G - Ecole de Musique, Danse &amp; Th\u00e9\u00e2tre de Guilers","og_description":"Ensemble de guitares avec Erwan Duval Cet ensemble \u00ab\u00a0all stars\u00a0\u00bb de l&rsquo;\u00e9cole rassemble la majorit\u00e9 des \u00e9l\u00e8ves guitaristes enfants et adolescents d\u00e8s 3 ans de pratique instrumentale. L&rsquo;objectif est de pratiquer en groupe pour apprendre \u00e0 s&rsquo;\u00e9couter, travailler la pulsation commune et le rythme, aborder plusieurs voix, monter un programme pour des repr\u00e9sentations et bien s\u00fbr prendre plaisir \u00e0 jouer ensemble ! Le r\u00e9pertoire est tr\u00e8s vari\u00e9 : musiques actuelles, musiques de film, musiques trad&#8230; tels que Harry Potter, Scottish,...Lire la suite Lire la suite","og_url":"https:\/\/www.emdg-guilers.org\/index.php\/ensemble-de-guitares\/","og_site_name":"Ecole de Musique, Danse &amp; Th\u00e9\u00e2tre de Guilers","article_publisher":"https:\/\/www.facebook.com\/Ecole-de-Musique-et-de-Danse-de-Guilers-480017765533016\/","article_modified_time":"2025-07-08T08:32:56+00:00","og_image":[{"url":"https:\/\/www.emdg-guilers.org\/wp-content\/uploads\/2022\/09\/12-1024x1024.jpg"}],"twitter_card":"summary_large_image","twitter_misc":{"Dur\u00e9e de lecture estim\u00e9e":"2 minutes"},"schema":{"@context":"https:\/\/schema.org","@graph":[{"@type":"WebPage","@id":"https:\/\/www.emdg-guilers.org\/index.php\/ensemble-de-guitares\/","url":"https:\/\/www.emdg-guilers.org\/index.php\/ensemble-de-guitares\/","name":"Guilers Guitar Gang - 3G - Ecole de Musique, Danse &amp; Th\u00e9\u00e2tre de Guilers","isPartOf":{"@id":"https:\/\/www.emdg-guilers.org\/#website"},"primaryImageOfPage":{"@id":"https:\/\/www.emdg-guilers.org\/index.php\/ensemble-de-guitares\/#primaryimage"},"image":{"@id":"https:\/\/www.emdg-guilers.org\/index.php\/ensemble-de-guitares\/#primaryimage"},"thumbnailUrl":"https:\/\/www.emdg-guilers.org\/wp-content\/uploads\/2022\/09\/12-1024x1024.jpg","datePublished":"2018-10-19T07:34:16+00:00","dateModified":"2025-07-08T08:32:56+00:00","breadcrumb":{"@id":"https:\/\/www.emdg-guilers.org\/index.php\/ensemble-de-guitares\/#breadcrumb"},"inLanguage":"fr-FR","potentialAction":[{"@type":"ReadAction","target":["https:\/\/www.emdg-guilers.org\/index.php\/ensemble-de-guitares\/"]}]},{"@type":"ImageObject","inLanguage":"fr-FR","@id":"https:\/\/www.emdg-guilers.org\/index.php\/ensemble-de-guitares\/#primaryimage","url":"https:\/\/www.emdg-guilers.org\/wp-content\/uploads\/2022\/09\/12.jpg","contentUrl":"https:\/\/www.emdg-guilers.org\/wp-content\/uploads\/2022\/09\/12.jpg","width":1080,"height":1080},{"@type":"BreadcrumbList","@id":"https:\/\/www.emdg-guilers.org\/index.php\/ensemble-de-guitares\/#breadcrumb","itemListElement":[{"@type":"ListItem","position":1,"name":"Accueil","item":"https:\/\/www.emdg-guilers.org\/"},{"@type":"ListItem","position":2,"name":"Guilers Guitar Gang &#8211; 3G"}]},{"@type":"WebSite","@id":"https:\/\/www.emdg-guilers.org\/#website","url":"https:\/\/www.emdg-guilers.org\/","name":"Ecole de Musique et Danse de Guilers","description":"Ecole associative, cours de musique, danse, th\u00e9\u00e2tre accessibles \u00e0 tous","publisher":{"@id":"https:\/\/www.emdg-guilers.org\/#organization"},"potentialAction":[{"@type":"SearchAction","target":{"@type":"EntryPoint","urlTemplate":"https:\/\/www.emdg-guilers.org\/?s={search_term_string}"},"query-input":"required name=search_term_string"}],"inLanguage":"fr-FR"},{"@type":"Organization","@id":"https:\/\/www.emdg-guilers.org\/#organization","name":"Ecole de Musique et de Danse","url":"https:\/\/www.emdg-guilers.org\/","logo":{"@type":"ImageObject","inLanguage":"fr-FR","@id":"https:\/\/www.emdg-guilers.org\/#\/schema\/logo\/image\/","url":"https:\/\/www.emdg-guilers.org\/wp-content\/uploads\/2016\/06\/logo2014.jpg","contentUrl":"https:\/\/www.emdg-guilers.org\/wp-content\/uploads\/2016\/06\/logo2014.jpg","width":214,"height":116,"caption":"Ecole de Musique et de Danse"},"image":{"@id":"https:\/\/www.emdg-guilers.org\/#\/schema\/logo\/image\/"},"sameAs":["https:\/\/www.facebook.com\/Ecole-de-Musique-et-de-Danse-de-Guilers-480017765533016\/"]}]}},"_links":{"self":[{"href":"https:\/\/www.emdg-guilers.org\/index.php\/wp-json\/wp\/v2\/pages\/1358"}],"collection":[{"href":"https:\/\/www.emdg-guilers.org\/index.php\/wp-json\/wp\/v2\/pages"}],"about":[{"href":"https:\/\/www.emdg-guilers.org\/index.php\/wp-json\/wp\/v2\/types\/page"}],"author":[{"embeddable":true,"href":"https:\/\/www.emdg-guilers.org\/index.php\/wp-json\/wp\/v2\/users\/3"}],"replies":[{"embeddable":true,"href":"https:\/\/www.emdg-guilers.org\/index.php\/wp-json\/wp\/v2\/comments?post=1358"}],"version-history":[{"count":13,"href":"https:\/\/www.emdg-guilers.org\/index.php\/wp-json\/wp\/v2\/pages\/1358\/revisions"}],"predecessor-version":[{"id":4731,"href":"https:\/\/www.emdg-guilers.org\/index.php\/wp-json\/wp\/v2\/pages\/1358\/revisions\/4731"}],"wp:attachment":[{"href":"https:\/\/www.emdg-guilers.org\/index.php\/wp-json\/wp\/v2\/media?parent=1358"}],"curies":[{"name":"wp","href":"https:\/\/api.w.org\/{rel}","templated":true}]}}