{"id":14,"date":"2016-06-29T16:51:44","date_gmt":"2016-06-29T15:51:44","guid":{"rendered":"http:\/\/www.emdg-guilers.org\/?page_id=14"},"modified":"2024-05-06T14:57:51","modified_gmt":"2024-05-06T12:57:51","slug":"instruments","status":"publish","type":"page","link":"https:\/\/www.emdg-guilers.org\/index.php\/musique\/instruments\/","title":{"rendered":"Instruments"},"content":{"rendered":"\n<figure class=\"wp-block-table\"><table><tbody><tr><td><strong><a href=\"http:\/\/www.emdg-guilers.org\/index.php\/musique\/instruments\/batterie-percussions\/\">Batterie, percussions<\/a><\/strong><\/td><td><\/td><td><strong><a href=\"http:\/\/www.emdg-guilers.org\/index.php\/musique\/instruments\/clarinette\/\">Clarinette<\/a><\/strong><\/td><\/tr><tr><td><a href=\"https:\/\/www.emdg-guilers.org\/index.php\/flute-traversiere-en-bois\/\" target=\"_blank\" rel=\"noreferrer noopener\"><strong>Fl\u00fbte traversi\u00e8re en bois <\/strong><\/a>(irlandaise, \u00e9cossaise, bretonne)<\/td><td>Tin whistle<\/td><td><a href=\"https:\/\/www.emdg-guilers.org\/wp-admin\/post.php?post=3732&amp;action=edit\" target=\"_blank\" rel=\"noreferrer noopener\"><strong>Chant musiques actuelles<\/strong><\/a><br><\/td><\/tr><tr><td><strong><a href=\"http:\/\/www.emdg-guilers.org\/index.php\/musique\/instruments\/violon\/\">Colourstring<\/a><\/strong> (violon avec couleurs, d\u00e8s 5 ans)<\/td><td><strong><a href=\"http:\/\/www.emdg-guilers.org\/index.php\/musique\/instruments\/flute-traversiere\/\">Fl\u00fbte traversi\u00e8re<\/a><\/strong><\/td><td><strong><br><a href=\"http:\/\/www.emdg-guilers.org\/index.php\/musique\/instruments\/flute-a-bec\/\">Fl\u00fbte \u00e0 bec<\/a><\/strong><\/td><\/tr><tr><td><strong><a href=\"http:\/\/www.emdg-guilers.org\/index.php\/musique\/instruments\/guitare\/\">Guitare<\/a><\/strong><\/td><td><strong><a href=\"http:\/\/www.emdg-guilers.org\/index.php\/musique\/instruments\/guitare-basse\/\">Guitare basse<\/a><\/strong><\/td><td><a href=\"https:\/\/www.emdg-guilers.org\/index.php\/guitare-daccompagnement-chant\/\" target=\"_blank\" rel=\"noreferrer noopener\"><strong>Guitare et chanson accompagnement<\/strong><\/a><\/td><\/tr><tr><td><strong><br><strong><a href=\"http:\/\/www.emdg-guilers.org\/index.php\/musique\/instruments\/harpe\/\">Harpe celtique<\/a><br><\/strong><\/strong><\/td><td><strong><strong><a href=\"http:\/\/www.emdg-guilers.org\/index.php\/musique\/instruments\/piano\/\">Piano<\/a><\/strong><br><\/strong><\/td><td><a href=\"https:\/\/www.emdg-guilers.org\/index.php\/musique\/instruments\/trompette\/\" target=\"_blank\" rel=\"noreferrer noopener\"><strong>Tuba<\/strong><\/a><\/td><\/tr><tr><td><strong><a href=\"http:\/\/www.emdg-guilers.org\/index.php\/musique\/instruments\/saxophone\/\">Saxophone<\/a><\/strong><\/td><td><strong><a href=\"http:\/\/www.emdg-guilers.org\/index.php\/musique\/instruments\/synthe\/\">Synth\u00e9, clavier<\/a><\/strong><\/td><td><strong><a href=\"http:\/\/www.emdg-guilers.org\/index.php\/musique\/instruments\/trombone\/\">Trombone<\/a><\/strong><\/td><\/tr><tr><td><strong><a href=\"http:\/\/www.emdg-guilers.org\/index.php\/musique\/instruments\/trompette\/\">Trompette<\/a><\/strong><\/td><td><strong><a href=\"http:\/\/www.emdg-guilers.org\/index.php\/musique\/instruments\/violon\/\">Violon<\/a><\/strong><\/td><td><a href=\"https:\/\/www.emdg-guilers.org\/index.php\/musique-assistee-par-ordinateur\/\" target=\"_blank\" rel=\"noreferrer noopener\"><strong>Musique assist\u00e9e par ordinateur (MAO)<\/strong><\/a><\/td><\/tr><\/tbody><\/table><figcaption class=\"wp-element-caption\">Les instruments enseign\u00e9s \u00e0 l&rsquo;EMDG<\/figcaption><\/figure>\n\n\n<p><img loading=\"lazy\" decoding=\"async\" class=\"alignleft size-full wp-image-417\" src=\"http:\/\/www.emdg-guilers.org\/wp-content\/uploads\/2016\/09\/carrefm.jpg\" alt=\"carrefm\" width=\"300\" height=\"300\" srcset=\"https:\/\/www.emdg-guilers.org\/wp-content\/uploads\/2016\/09\/carrefm.jpg 300w, https:\/\/www.emdg-guilers.org\/wp-content\/uploads\/2016\/09\/carrefm-150x150.jpg 150w, https:\/\/www.emdg-guilers.org\/wp-content\/uploads\/2016\/09\/carrefm-270x270.jpg 270w\" sizes=\"(max-width: 300px) 100vw, 300px\" \/>Retrouvez un large panel d&rsquo;instruments, accessibles \u00e0 tous (enfants, ados, adultes). Pas de condition de niveaux pour l&rsquo;inscription.<strong><br \/><\/strong><\/p>\n<ul>\n<li>Le cours instrumental sera de pr\u00e9f\u00e9rence accompagn\u00e9 d&rsquo;un <a href=\"https:\/\/www.emdg-guilers.org\/index.php\/musique\/formation-musicale\/\">cours de formation musicale<\/a> ou d&rsquo;une <a href=\"https:\/\/www.emdg-guilers.org\/index.php\/orchestres\/\">pratique en collectif<\/a>, quel que soit le parcours retenu.<\/li>\n<li>(Exception pour le <a href=\"https:\/\/www.emdg-guilers.org\/index.php\/musique\/4-parcours-collectif-vents-flute-7-9-ans-ce1-cm1\/\">parcours FM-Fl\u00fbte \u00e0 bec<\/a> (uniquement pour les 7-10 ans)<\/li>\n<\/ul>\n<p><strong>Comment aider votre enfant \u00e0 choisir son instrument? des pistes par ici&#8230;<\/strong><\/p>\n<p><strong><a href=\"https:\/\/www.emdg-guilers.org\/wp-content\/uploads\/2020\/05\/Comment-choisir-son-instrument-EMDG.pdf\">Comment choisir son instrument &#8211; EMDG\u00a0 &#8211; Questionnaire pour les enfants! (ou les plus grands&#8230;)<\/a><\/strong><\/p>\n<p><iframe loading=\"lazy\" title=\"CJ - EDIM - Quel instrument de musique choisir sur M6kid\" width=\"640\" height=\"360\" src=\"https:\/\/www.youtube.com\/embed\/U8ahXR8Qy1A?feature=oembed\" frameborder=\"0\" allow=\"accelerometer; autoplay; clipboard-write; encrypted-media; gyroscope; picture-in-picture; web-share\" referrerpolicy=\"strict-origin-when-cross-origin\" allowfullscreen><\/iframe><\/p>\n<p><iframe loading=\"lazy\" title=\"Musique : aider son enfant \u00e0 choisir son instrument | CitizenKid.com\" width=\"640\" height=\"360\" src=\"https:\/\/www.youtube.com\/embed\/k4HklricoEE?feature=oembed\" frameborder=\"0\" allow=\"accelerometer; autoplay; clipboard-write; encrypted-media; gyroscope; picture-in-picture; web-share\" referrerpolicy=\"strict-origin-when-cross-origin\" allowfullscreen><\/iframe><\/p>","protected":false},"excerpt":{"rendered":"<p>Batterie, percussions Clarinette Fl\u00fbte traversi\u00e8re en bois (irlandaise, \u00e9cossaise, bretonne) Tin whistle Chant musiques actuelles Colourstring (violon avec couleurs, d\u00e8s 5 ans) Fl\u00fbte traversi\u00e8re Fl\u00fbte \u00e0 bec Guitare Guitare basse Guitare et chanson accompagnement Harpe celtique Piano Tuba Saxophone Synth\u00e9, clavier Trombone Trompette Violon Musique assist\u00e9e par ordinateur (MAO) Les instruments enseign\u00e9s \u00e0 l&rsquo;EMDG Retrouvez un large panel d&rsquo;instruments, accessibles \u00e0 tous (enfants, ados, adultes). Pas de condition de niveaux pour l&rsquo;inscription. Le cours instrumental sera de pr\u00e9f\u00e9rence accompagn\u00e9 d&rsquo;un&#8230;<\/p>\n<p class=\"read-more\"><a class=\"btn btn-default\" href=\"https:\/\/www.emdg-guilers.org\/index.php\/musique\/instruments\/\">Lire la suite<span class=\"screen-reader-text\"> Lire la suite<\/span><\/a><\/p>\n","protected":false},"author":3,"featured_media":0,"parent":252,"menu_order":0,"comment_status":"closed","ping_status":"closed","template":"","meta":{"footnotes":""},"yoast_head":"<!-- This site is optimized with the Yoast SEO plugin v22.4 - https:\/\/yoast.com\/wordpress\/plugins\/seo\/ -->\n<title>Instruments - Ecole de Musique, Danse &amp; Th\u00e9\u00e2tre de Guilers<\/title>\n<meta name=\"robots\" content=\"index, follow, max-snippet:-1, max-image-preview:large, max-video-preview:-1\" \/>\n<link rel=\"canonical\" href=\"https:\/\/www.emdg-guilers.org\/index.php\/musique\/instruments\/\" \/>\n<meta property=\"og:locale\" content=\"fr_FR\" \/>\n<meta property=\"og:type\" content=\"article\" \/>\n<meta property=\"og:title\" content=\"Instruments - Ecole de Musique, Danse &amp; Th\u00e9\u00e2tre de Guilers\" \/>\n<meta property=\"og:description\" content=\"Batterie, percussions Clarinette Fl\u00fbte traversi\u00e8re en bois (irlandaise, \u00e9cossaise, bretonne) Tin whistle Chant musiques actuelles Colourstring (violon avec couleurs, d\u00e8s 5 ans) Fl\u00fbte traversi\u00e8re Fl\u00fbte \u00e0 bec Guitare Guitare basse Guitare et chanson accompagnement Harpe celtique Piano Tuba Saxophone Synth\u00e9, clavier Trombone Trompette Violon Musique assist\u00e9e par ordinateur (MAO) Les instruments enseign\u00e9s \u00e0 l&rsquo;EMDG Retrouvez un large panel d&rsquo;instruments, accessibles \u00e0 tous (enfants, ados, adultes). Pas de condition de niveaux pour l&rsquo;inscription. Le cours instrumental sera de pr\u00e9f\u00e9rence accompagn\u00e9 d&rsquo;un...Lire la suite Lire la suite\" \/>\n<meta property=\"og:url\" content=\"https:\/\/www.emdg-guilers.org\/index.php\/musique\/instruments\/\" \/>\n<meta property=\"og:site_name\" content=\"Ecole de Musique, Danse &amp; Th\u00e9\u00e2tre de Guilers\" \/>\n<meta property=\"article:publisher\" content=\"https:\/\/www.facebook.com\/Ecole-de-Musique-et-de-Danse-de-Guilers-480017765533016\/\" \/>\n<meta property=\"article:modified_time\" content=\"2024-05-06T12:57:51+00:00\" \/>\n<meta property=\"og:image\" content=\"http:\/\/www.emdg-guilers.org\/wp-content\/uploads\/2016\/09\/carrefm.jpg\" \/>\n<meta name=\"twitter:card\" content=\"summary_large_image\" \/>\n<meta name=\"twitter:label1\" content=\"Dur\u00e9e de lecture estim\u00e9e\" \/>\n\t<meta name=\"twitter:data1\" content=\"1 minute\" \/>\n<script type=\"application\/ld+json\" class=\"yoast-schema-graph\">{\"@context\":\"https:\/\/schema.org\",\"@graph\":[{\"@type\":\"WebPage\",\"@id\":\"https:\/\/www.emdg-guilers.org\/index.php\/musique\/instruments\/\",\"url\":\"https:\/\/www.emdg-guilers.org\/index.php\/musique\/instruments\/\",\"name\":\"Instruments - Ecole de Musique, Danse &amp; Th\u00e9\u00e2tre de Guilers\",\"isPartOf\":{\"@id\":\"https:\/\/www.emdg-guilers.org\/#website\"},\"primaryImageOfPage\":{\"@id\":\"https:\/\/www.emdg-guilers.org\/index.php\/musique\/instruments\/#primaryimage\"},\"image\":{\"@id\":\"https:\/\/www.emdg-guilers.org\/index.php\/musique\/instruments\/#primaryimage\"},\"thumbnailUrl\":\"http:\/\/www.emdg-guilers.org\/wp-content\/uploads\/2016\/09\/carrefm.jpg\",\"datePublished\":\"2016-06-29T15:51:44+00:00\",\"dateModified\":\"2024-05-06T12:57:51+00:00\",\"breadcrumb\":{\"@id\":\"https:\/\/www.emdg-guilers.org\/index.php\/musique\/instruments\/#breadcrumb\"},\"inLanguage\":\"fr-FR\",\"potentialAction\":[{\"@type\":\"ReadAction\",\"target\":[\"https:\/\/www.emdg-guilers.org\/index.php\/musique\/instruments\/\"]}]},{\"@type\":\"ImageObject\",\"inLanguage\":\"fr-FR\",\"@id\":\"https:\/\/www.emdg-guilers.org\/index.php\/musique\/instruments\/#primaryimage\",\"url\":\"http:\/\/www.emdg-guilers.org\/wp-content\/uploads\/2016\/09\/carrefm.jpg\",\"contentUrl\":\"http:\/\/www.emdg-guilers.org\/wp-content\/uploads\/2016\/09\/carrefm.jpg\"},{\"@type\":\"BreadcrumbList\",\"@id\":\"https:\/\/www.emdg-guilers.org\/index.php\/musique\/instruments\/#breadcrumb\",\"itemListElement\":[{\"@type\":\"ListItem\",\"position\":1,\"name\":\"Accueil\",\"item\":\"https:\/\/www.emdg-guilers.org\/\"},{\"@type\":\"ListItem\",\"position\":2,\"name\":\"Musique\",\"item\":\"https:\/\/www.emdg-guilers.org\/index.php\/musique\/\"},{\"@type\":\"ListItem\",\"position\":3,\"name\":\"Instruments\"}]},{\"@type\":\"WebSite\",\"@id\":\"https:\/\/www.emdg-guilers.org\/#website\",\"url\":\"https:\/\/www.emdg-guilers.org\/\",\"name\":\"Ecole de Musique et Danse de Guilers\",\"description\":\"Ecole associative, cours de musique, danse, th\u00e9\u00e2tre accessibles \u00e0 tous\",\"publisher\":{\"@id\":\"https:\/\/www.emdg-guilers.org\/#organization\"},\"potentialAction\":[{\"@type\":\"SearchAction\",\"target\":{\"@type\":\"EntryPoint\",\"urlTemplate\":\"https:\/\/www.emdg-guilers.org\/?s={search_term_string}\"},\"query-input\":\"required name=search_term_string\"}],\"inLanguage\":\"fr-FR\"},{\"@type\":\"Organization\",\"@id\":\"https:\/\/www.emdg-guilers.org\/#organization\",\"name\":\"Ecole de Musique et de Danse\",\"url\":\"https:\/\/www.emdg-guilers.org\/\",\"logo\":{\"@type\":\"ImageObject\",\"inLanguage\":\"fr-FR\",\"@id\":\"https:\/\/www.emdg-guilers.org\/#\/schema\/logo\/image\/\",\"url\":\"https:\/\/www.emdg-guilers.org\/wp-content\/uploads\/2016\/06\/logo2014.jpg\",\"contentUrl\":\"https:\/\/www.emdg-guilers.org\/wp-content\/uploads\/2016\/06\/logo2014.jpg\",\"width\":214,\"height\":116,\"caption\":\"Ecole de Musique et de Danse\"},\"image\":{\"@id\":\"https:\/\/www.emdg-guilers.org\/#\/schema\/logo\/image\/\"},\"sameAs\":[\"https:\/\/www.facebook.com\/Ecole-de-Musique-et-de-Danse-de-Guilers-480017765533016\/\"]}]}<\/script>\n<!-- \/ Yoast SEO plugin. -->","yoast_head_json":{"title":"Instruments - Ecole de Musique, Danse &amp; Th\u00e9\u00e2tre de Guilers","robots":{"index":"index","follow":"follow","max-snippet":"max-snippet:-1","max-image-preview":"max-image-preview:large","max-video-preview":"max-video-preview:-1"},"canonical":"https:\/\/www.emdg-guilers.org\/index.php\/musique\/instruments\/","og_locale":"fr_FR","og_type":"article","og_title":"Instruments - Ecole de Musique, Danse &amp; Th\u00e9\u00e2tre de Guilers","og_description":"Batterie, percussions Clarinette Fl\u00fbte traversi\u00e8re en bois (irlandaise, \u00e9cossaise, bretonne) Tin whistle Chant musiques actuelles Colourstring (violon avec couleurs, d\u00e8s 5 ans) Fl\u00fbte traversi\u00e8re Fl\u00fbte \u00e0 bec Guitare Guitare basse Guitare et chanson accompagnement Harpe celtique Piano Tuba Saxophone Synth\u00e9, clavier Trombone Trompette Violon Musique assist\u00e9e par ordinateur (MAO) Les instruments enseign\u00e9s \u00e0 l&rsquo;EMDG Retrouvez un large panel d&rsquo;instruments, accessibles \u00e0 tous (enfants, ados, adultes). Pas de condition de niveaux pour l&rsquo;inscription. Le cours instrumental sera de pr\u00e9f\u00e9rence accompagn\u00e9 d&rsquo;un...Lire la suite Lire la suite","og_url":"https:\/\/www.emdg-guilers.org\/index.php\/musique\/instruments\/","og_site_name":"Ecole de Musique, Danse &amp; Th\u00e9\u00e2tre de Guilers","article_publisher":"https:\/\/www.facebook.com\/Ecole-de-Musique-et-de-Danse-de-Guilers-480017765533016\/","article_modified_time":"2024-05-06T12:57:51+00:00","og_image":[{"url":"http:\/\/www.emdg-guilers.org\/wp-content\/uploads\/2016\/09\/carrefm.jpg"}],"twitter_card":"summary_large_image","twitter_misc":{"Dur\u00e9e de lecture estim\u00e9e":"1 minute"},"schema":{"@context":"https:\/\/schema.org","@graph":[{"@type":"WebPage","@id":"https:\/\/www.emdg-guilers.org\/index.php\/musique\/instruments\/","url":"https:\/\/www.emdg-guilers.org\/index.php\/musique\/instruments\/","name":"Instruments - Ecole de Musique, Danse &amp; Th\u00e9\u00e2tre de Guilers","isPartOf":{"@id":"https:\/\/www.emdg-guilers.org\/#website"},"primaryImageOfPage":{"@id":"https:\/\/www.emdg-guilers.org\/index.php\/musique\/instruments\/#primaryimage"},"image":{"@id":"https:\/\/www.emdg-guilers.org\/index.php\/musique\/instruments\/#primaryimage"},"thumbnailUrl":"http:\/\/www.emdg-guilers.org\/wp-content\/uploads\/2016\/09\/carrefm.jpg","datePublished":"2016-06-29T15:51:44+00:00","dateModified":"2024-05-06T12:57:51+00:00","breadcrumb":{"@id":"https:\/\/www.emdg-guilers.org\/index.php\/musique\/instruments\/#breadcrumb"},"inLanguage":"fr-FR","potentialAction":[{"@type":"ReadAction","target":["https:\/\/www.emdg-guilers.org\/index.php\/musique\/instruments\/"]}]},{"@type":"ImageObject","inLanguage":"fr-FR","@id":"https:\/\/www.emdg-guilers.org\/index.php\/musique\/instruments\/#primaryimage","url":"http:\/\/www.emdg-guilers.org\/wp-content\/uploads\/2016\/09\/carrefm.jpg","contentUrl":"http:\/\/www.emdg-guilers.org\/wp-content\/uploads\/2016\/09\/carrefm.jpg"},{"@type":"BreadcrumbList","@id":"https:\/\/www.emdg-guilers.org\/index.php\/musique\/instruments\/#breadcrumb","itemListElement":[{"@type":"ListItem","position":1,"name":"Accueil","item":"https:\/\/www.emdg-guilers.org\/"},{"@type":"ListItem","position":2,"name":"Musique","item":"https:\/\/www.emdg-guilers.org\/index.php\/musique\/"},{"@type":"ListItem","position":3,"name":"Instruments"}]},{"@type":"WebSite","@id":"https:\/\/www.emdg-guilers.org\/#website","url":"https:\/\/www.emdg-guilers.org\/","name":"Ecole de Musique et Danse de Guilers","description":"Ecole associative, cours de musique, danse, th\u00e9\u00e2tre accessibles \u00e0 tous","publisher":{"@id":"https:\/\/www.emdg-guilers.org\/#organization"},"potentialAction":[{"@type":"SearchAction","target":{"@type":"EntryPoint","urlTemplate":"https:\/\/www.emdg-guilers.org\/?s={search_term_string}"},"query-input":"required name=search_term_string"}],"inLanguage":"fr-FR"},{"@type":"Organization","@id":"https:\/\/www.emdg-guilers.org\/#organization","name":"Ecole de Musique et de Danse","url":"https:\/\/www.emdg-guilers.org\/","logo":{"@type":"ImageObject","inLanguage":"fr-FR","@id":"https:\/\/www.emdg-guilers.org\/#\/schema\/logo\/image\/","url":"https:\/\/www.emdg-guilers.org\/wp-content\/uploads\/2016\/06\/logo2014.jpg","contentUrl":"https:\/\/www.emdg-guilers.org\/wp-content\/uploads\/2016\/06\/logo2014.jpg","width":214,"height":116,"caption":"Ecole de Musique et de Danse"},"image":{"@id":"https:\/\/www.emdg-guilers.org\/#\/schema\/logo\/image\/"},"sameAs":["https:\/\/www.facebook.com\/Ecole-de-Musique-et-de-Danse-de-Guilers-480017765533016\/"]}]}},"_links":{"self":[{"href":"https:\/\/www.emdg-guilers.org\/index.php\/wp-json\/wp\/v2\/pages\/14"}],"collection":[{"href":"https:\/\/www.emdg-guilers.org\/index.php\/wp-json\/wp\/v2\/pages"}],"about":[{"href":"https:\/\/www.emdg-guilers.org\/index.php\/wp-json\/wp\/v2\/types\/page"}],"author":[{"embeddable":true,"href":"https:\/\/www.emdg-guilers.org\/index.php\/wp-json\/wp\/v2\/users\/3"}],"replies":[{"embeddable":true,"href":"https:\/\/www.emdg-guilers.org\/index.php\/wp-json\/wp\/v2\/comments?post=14"}],"version-history":[{"count":34,"href":"https:\/\/www.emdg-guilers.org\/index.php\/wp-json\/wp\/v2\/pages\/14\/revisions"}],"predecessor-version":[{"id":4248,"href":"https:\/\/www.emdg-guilers.org\/index.php\/wp-json\/wp\/v2\/pages\/14\/revisions\/4248"}],"up":[{"embeddable":true,"href":"https:\/\/www.emdg-guilers.org\/index.php\/wp-json\/wp\/v2\/pages\/252"}],"wp:attachment":[{"href":"https:\/\/www.emdg-guilers.org\/index.php\/wp-json\/wp\/v2\/media?parent=14"}],"curies":[{"name":"wp","href":"https:\/\/api.w.org\/{rel}","templated":true}]}}