{"id":1434,"date":"2019-03-18T16:42:17","date_gmt":"2019-03-18T15:42:17","guid":{"rendered":"http:\/\/www.emdg-guilers.org\/?page_id=1434"},"modified":"2019-03-18T16:42:17","modified_gmt":"2019-03-18T15:42:17","slug":"mentions-legales","status":"publish","type":"page","link":"https:\/\/www.emdg-guilers.org\/index.php\/mentions-legales\/","title":{"rendered":"Mentions l\u00e9gales"},"content":{"rendered":"<h2><strong>Propri\u00e9t\u00e9 Intellectuelle\u00a0<\/strong><\/h2>\n<p>Le site\u00a0www.emdg-guilers.org est la propri\u00e9t\u00e9 exclusive\u00a0de l&rsquo;association EMDG.<\/p>\n<p>La structure g\u00e9n\u00e9rale, ainsi que les textes, graphiques, images et sons, sont la propri\u00e9t\u00e9 de l&rsquo;EMDG.<\/p>\n<p>Les liens hypertextes mis en \u0153uvre au sein du site\u00a0www.emdg-guilers.org en direction d&rsquo;autres sites et\/ou de pages personnelles et d&rsquo;une mani\u00e8re g\u00e9n\u00e9rale vers toutes ressources existantes sur Internet ne sauraient engager la responsabilit\u00e9 de l&rsquo;EMDG.<\/p>\n<p>Toute repre\u0301sentation et\/ou reproduction et\/ou exploitation partielle ou totale de ce site, par quelques proc\u00e9d\u00e9s que ce soient, sans l&rsquo;autorisation expresse et pr\u00e9alable\u00a0de l&rsquo;association EMDG est interdite et constituerait une contrefac\u0327on au sens des articles L 335-2 et suivants du code de la propri\u00e9t\u00e9 intellectuelle.<\/p>\n<p>Directeur de publication :\u00a0Marie Clavier, Directrice<br \/>\nCo-directeur de publication :\u00a0Philippe Carvalho, Pr\u00e9sident<\/p>\n<h2><strong>Donn\u00e9es personnelles \/RGPD<\/strong><\/h2>\n<p>Les informations recueillies aupr\u00e8s des personnes par le biais des formulaires de contact ou fiches d&rsquo;inscription sont destin\u00e9es exclusivement \u00e0 l\u2019usage de l&rsquo;EMDG. Elles ne sont en aucun cas communiqu\u00e9es \u00e0 des tiers.<\/p>\n<p>Conform\u00e9ment aux articles 39 et suivants de la loi n\u00b0 78-17 du 6 janvier 1978 relative \u00e0 l\u2019informatique, aux fichiers et aux libert\u00e9s, toute personne peut obtenir communication et, le cas \u00e9ch\u00e9ant, rectification ou suppression des informations la concernant, en s\u2019adressant\u00a0\u00e0 l&rsquo;EMDG\u00a0par <a href=\"http:\/\/www.emdg-guilers.org\/index.php\/lassociation\/les-tarifs\/\">email.<\/a> Toute personne peut \u00e9galement, pour des motifs l\u00e9gitimes, s\u2019opposer au traitement des donn\u00e9es la concernant.<\/p>\n","protected":false},"excerpt":{"rendered":"<p>Propri\u00e9t\u00e9 Intellectuelle\u00a0 Le site\u00a0www.emdg-guilers.org est la propri\u00e9t\u00e9 exclusive\u00a0de l&rsquo;association EMDG. La structure g\u00e9n\u00e9rale, ainsi que les textes, graphiques, images et sons, sont la propri\u00e9t\u00e9 de l&rsquo;EMDG. Les liens hypertextes mis en \u0153uvre au sein du site\u00a0www.emdg-guilers.org en direction d&rsquo;autres sites et\/ou de pages personnelles et d&rsquo;une mani\u00e8re g\u00e9n\u00e9rale vers toutes ressources existantes sur Internet ne sauraient engager la responsabilit\u00e9 de l&rsquo;EMDG. Toute repre\u0301sentation et\/ou reproduction et\/ou exploitation partielle ou totale de ce site, par quelques proc\u00e9d\u00e9s que ce soient, sans&#8230;<\/p>\n<p class=\"read-more\"><a class=\"btn btn-default\" href=\"https:\/\/www.emdg-guilers.org\/index.php\/mentions-legales\/\">Lire la suite<span class=\"screen-reader-text\"> Lire la suite<\/span><\/a><\/p>\n","protected":false},"author":3,"featured_media":0,"parent":0,"menu_order":0,"comment_status":"closed","ping_status":"closed","template":"","meta":{"footnotes":""},"yoast_head":"<!-- This site is optimized with the Yoast SEO plugin v22.4 - https:\/\/yoast.com\/wordpress\/plugins\/seo\/ -->\n<title>Mentions l\u00e9gales - Ecole de Musique, Danse &amp; Th\u00e9\u00e2tre de Guilers<\/title>\n<meta name=\"robots\" content=\"index, follow, max-snippet:-1, max-image-preview:large, max-video-preview:-1\" \/>\n<link rel=\"canonical\" href=\"https:\/\/www.emdg-guilers.org\/index.php\/mentions-legales\/\" \/>\n<meta property=\"og:locale\" content=\"fr_FR\" \/>\n<meta property=\"og:type\" content=\"article\" \/>\n<meta property=\"og:title\" content=\"Mentions l\u00e9gales - Ecole de Musique, Danse &amp; Th\u00e9\u00e2tre de Guilers\" \/>\n<meta property=\"og:description\" content=\"Propri\u00e9t\u00e9 Intellectuelle\u00a0 Le site\u00a0www.emdg-guilers.org est la propri\u00e9t\u00e9 exclusive\u00a0de l&rsquo;association EMDG. La structure g\u00e9n\u00e9rale, ainsi que les textes, graphiques, images et sons, sont la propri\u00e9t\u00e9 de l&rsquo;EMDG. Les liens hypertextes mis en \u0153uvre au sein du site\u00a0www.emdg-guilers.org en direction d&rsquo;autres sites et\/ou de pages personnelles et d&rsquo;une mani\u00e8re g\u00e9n\u00e9rale vers toutes ressources existantes sur Internet ne sauraient engager la responsabilit\u00e9 de l&rsquo;EMDG. Toute repre\u0301sentation et\/ou reproduction et\/ou exploitation partielle ou totale de ce site, par quelques proc\u00e9d\u00e9s que ce soient, sans...Lire la suite Lire la suite\" \/>\n<meta property=\"og:url\" content=\"https:\/\/www.emdg-guilers.org\/index.php\/mentions-legales\/\" \/>\n<meta property=\"og:site_name\" content=\"Ecole de Musique, Danse &amp; Th\u00e9\u00e2tre de Guilers\" \/>\n<meta property=\"article:publisher\" content=\"https:\/\/www.facebook.com\/Ecole-de-Musique-et-de-Danse-de-Guilers-480017765533016\/\" \/>\n<meta name=\"twitter:card\" content=\"summary_large_image\" \/>\n<meta name=\"twitter:label1\" content=\"Dur\u00e9e de lecture estim\u00e9e\" \/>\n\t<meta name=\"twitter:data1\" content=\"1 minute\" \/>\n<script type=\"application\/ld+json\" class=\"yoast-schema-graph\">{\"@context\":\"https:\/\/schema.org\",\"@graph\":[{\"@type\":\"WebPage\",\"@id\":\"https:\/\/www.emdg-guilers.org\/index.php\/mentions-legales\/\",\"url\":\"https:\/\/www.emdg-guilers.org\/index.php\/mentions-legales\/\",\"name\":\"Mentions l\u00e9gales - Ecole de Musique, Danse &amp; Th\u00e9\u00e2tre de Guilers\",\"isPartOf\":{\"@id\":\"https:\/\/www.emdg-guilers.org\/#website\"},\"datePublished\":\"2019-03-18T15:42:17+00:00\",\"dateModified\":\"2019-03-18T15:42:17+00:00\",\"breadcrumb\":{\"@id\":\"https:\/\/www.emdg-guilers.org\/index.php\/mentions-legales\/#breadcrumb\"},\"inLanguage\":\"fr-FR\",\"potentialAction\":[{\"@type\":\"ReadAction\",\"target\":[\"https:\/\/www.emdg-guilers.org\/index.php\/mentions-legales\/\"]}]},{\"@type\":\"BreadcrumbList\",\"@id\":\"https:\/\/www.emdg-guilers.org\/index.php\/mentions-legales\/#breadcrumb\",\"itemListElement\":[{\"@type\":\"ListItem\",\"position\":1,\"name\":\"Accueil\",\"item\":\"https:\/\/www.emdg-guilers.org\/\"},{\"@type\":\"ListItem\",\"position\":2,\"name\":\"Mentions l\u00e9gales\"}]},{\"@type\":\"WebSite\",\"@id\":\"https:\/\/www.emdg-guilers.org\/#website\",\"url\":\"https:\/\/www.emdg-guilers.org\/\",\"name\":\"Ecole de Musique et Danse de Guilers\",\"description\":\"Ecole associative, cours de musique, danse, th\u00e9\u00e2tre accessibles \u00e0 tous\",\"publisher\":{\"@id\":\"https:\/\/www.emdg-guilers.org\/#organization\"},\"potentialAction\":[{\"@type\":\"SearchAction\",\"target\":{\"@type\":\"EntryPoint\",\"urlTemplate\":\"https:\/\/www.emdg-guilers.org\/?s={search_term_string}\"},\"query-input\":\"required name=search_term_string\"}],\"inLanguage\":\"fr-FR\"},{\"@type\":\"Organization\",\"@id\":\"https:\/\/www.emdg-guilers.org\/#organization\",\"name\":\"Ecole de Musique et de Danse\",\"url\":\"https:\/\/www.emdg-guilers.org\/\",\"logo\":{\"@type\":\"ImageObject\",\"inLanguage\":\"fr-FR\",\"@id\":\"https:\/\/www.emdg-guilers.org\/#\/schema\/logo\/image\/\",\"url\":\"https:\/\/www.emdg-guilers.org\/wp-content\/uploads\/2016\/06\/logo2014.jpg\",\"contentUrl\":\"https:\/\/www.emdg-guilers.org\/wp-content\/uploads\/2016\/06\/logo2014.jpg\",\"width\":214,\"height\":116,\"caption\":\"Ecole de Musique et de Danse\"},\"image\":{\"@id\":\"https:\/\/www.emdg-guilers.org\/#\/schema\/logo\/image\/\"},\"sameAs\":[\"https:\/\/www.facebook.com\/Ecole-de-Musique-et-de-Danse-de-Guilers-480017765533016\/\"]}]}<\/script>\n<!-- \/ Yoast SEO plugin. -->","yoast_head_json":{"title":"Mentions l\u00e9gales - Ecole de Musique, Danse &amp; Th\u00e9\u00e2tre de Guilers","robots":{"index":"index","follow":"follow","max-snippet":"max-snippet:-1","max-image-preview":"max-image-preview:large","max-video-preview":"max-video-preview:-1"},"canonical":"https:\/\/www.emdg-guilers.org\/index.php\/mentions-legales\/","og_locale":"fr_FR","og_type":"article","og_title":"Mentions l\u00e9gales - Ecole de Musique, Danse &amp; Th\u00e9\u00e2tre de Guilers","og_description":"Propri\u00e9t\u00e9 Intellectuelle\u00a0 Le site\u00a0www.emdg-guilers.org est la propri\u00e9t\u00e9 exclusive\u00a0de l&rsquo;association EMDG. La structure g\u00e9n\u00e9rale, ainsi que les textes, graphiques, images et sons, sont la propri\u00e9t\u00e9 de l&rsquo;EMDG. Les liens hypertextes mis en \u0153uvre au sein du site\u00a0www.emdg-guilers.org en direction d&rsquo;autres sites et\/ou de pages personnelles et d&rsquo;une mani\u00e8re g\u00e9n\u00e9rale vers toutes ressources existantes sur Internet ne sauraient engager la responsabilit\u00e9 de l&rsquo;EMDG. Toute repre\u0301sentation et\/ou reproduction et\/ou exploitation partielle ou totale de ce site, par quelques proc\u00e9d\u00e9s que ce soient, sans...Lire la suite Lire la suite","og_url":"https:\/\/www.emdg-guilers.org\/index.php\/mentions-legales\/","og_site_name":"Ecole de Musique, Danse &amp; Th\u00e9\u00e2tre de Guilers","article_publisher":"https:\/\/www.facebook.com\/Ecole-de-Musique-et-de-Danse-de-Guilers-480017765533016\/","twitter_card":"summary_large_image","twitter_misc":{"Dur\u00e9e de lecture estim\u00e9e":"1 minute"},"schema":{"@context":"https:\/\/schema.org","@graph":[{"@type":"WebPage","@id":"https:\/\/www.emdg-guilers.org\/index.php\/mentions-legales\/","url":"https:\/\/www.emdg-guilers.org\/index.php\/mentions-legales\/","name":"Mentions l\u00e9gales - Ecole de Musique, Danse &amp; Th\u00e9\u00e2tre de Guilers","isPartOf":{"@id":"https:\/\/www.emdg-guilers.org\/#website"},"datePublished":"2019-03-18T15:42:17+00:00","dateModified":"2019-03-18T15:42:17+00:00","breadcrumb":{"@id":"https:\/\/www.emdg-guilers.org\/index.php\/mentions-legales\/#breadcrumb"},"inLanguage":"fr-FR","potentialAction":[{"@type":"ReadAction","target":["https:\/\/www.emdg-guilers.org\/index.php\/mentions-legales\/"]}]},{"@type":"BreadcrumbList","@id":"https:\/\/www.emdg-guilers.org\/index.php\/mentions-legales\/#breadcrumb","itemListElement":[{"@type":"ListItem","position":1,"name":"Accueil","item":"https:\/\/www.emdg-guilers.org\/"},{"@type":"ListItem","position":2,"name":"Mentions l\u00e9gales"}]},{"@type":"WebSite","@id":"https:\/\/www.emdg-guilers.org\/#website","url":"https:\/\/www.emdg-guilers.org\/","name":"Ecole de Musique et Danse de Guilers","description":"Ecole associative, cours de musique, danse, th\u00e9\u00e2tre accessibles \u00e0 tous","publisher":{"@id":"https:\/\/www.emdg-guilers.org\/#organization"},"potentialAction":[{"@type":"SearchAction","target":{"@type":"EntryPoint","urlTemplate":"https:\/\/www.emdg-guilers.org\/?s={search_term_string}"},"query-input":"required name=search_term_string"}],"inLanguage":"fr-FR"},{"@type":"Organization","@id":"https:\/\/www.emdg-guilers.org\/#organization","name":"Ecole de Musique et de Danse","url":"https:\/\/www.emdg-guilers.org\/","logo":{"@type":"ImageObject","inLanguage":"fr-FR","@id":"https:\/\/www.emdg-guilers.org\/#\/schema\/logo\/image\/","url":"https:\/\/www.emdg-guilers.org\/wp-content\/uploads\/2016\/06\/logo2014.jpg","contentUrl":"https:\/\/www.emdg-guilers.org\/wp-content\/uploads\/2016\/06\/logo2014.jpg","width":214,"height":116,"caption":"Ecole de Musique et de Danse"},"image":{"@id":"https:\/\/www.emdg-guilers.org\/#\/schema\/logo\/image\/"},"sameAs":["https:\/\/www.facebook.com\/Ecole-de-Musique-et-de-Danse-de-Guilers-480017765533016\/"]}]}},"_links":{"self":[{"href":"https:\/\/www.emdg-guilers.org\/index.php\/wp-json\/wp\/v2\/pages\/1434"}],"collection":[{"href":"https:\/\/www.emdg-guilers.org\/index.php\/wp-json\/wp\/v2\/pages"}],"about":[{"href":"https:\/\/www.emdg-guilers.org\/index.php\/wp-json\/wp\/v2\/types\/page"}],"author":[{"embeddable":true,"href":"https:\/\/www.emdg-guilers.org\/index.php\/wp-json\/wp\/v2\/users\/3"}],"replies":[{"embeddable":true,"href":"https:\/\/www.emdg-guilers.org\/index.php\/wp-json\/wp\/v2\/comments?post=1434"}],"version-history":[{"count":1,"href":"https:\/\/www.emdg-guilers.org\/index.php\/wp-json\/wp\/v2\/pages\/1434\/revisions"}],"predecessor-version":[{"id":1435,"href":"https:\/\/www.emdg-guilers.org\/index.php\/wp-json\/wp\/v2\/pages\/1434\/revisions\/1435"}],"wp:attachment":[{"href":"https:\/\/www.emdg-guilers.org\/index.php\/wp-json\/wp\/v2\/media?parent=1434"}],"curies":[{"name":"wp","href":"https:\/\/api.w.org\/{rel}","templated":true}]}}