{"id":1475,"date":"2019-03-21T16:04:53","date_gmt":"2019-03-21T15:04:53","guid":{"rendered":"http:\/\/www.emdg-guilers.org\/?page_id=1475"},"modified":"2026-03-09T10:58:56","modified_gmt":"2026-03-09T09:58:56","slug":"lequipe-pedagogique","status":"publish","type":"page","link":"https:\/\/www.emdg-guilers.org\/index.php\/lequipe-pedagogique\/","title":{"rendered":"L&rsquo;\u00e9quipe p\u00e9dagogique"},"content":{"rendered":"<p style=\"text-align: left;\">L&rsquo;\u00e9quipe de l&rsquo;EMDG est compos\u00e9e de 24 professionnels, dont une \u00e9quipe administrative compos\u00e9e de 3 salari\u00e9es \u00e0\u00a0 temps partiel (comptable\/secr\u00e9taire\/direction).<\/p>\n<p><strong>Danse :\u00a0<\/strong><br \/>\nclassique et \u00e9veil &#8211; Virginie Le Glohaec<br \/>\nmodern jazz &#8211; M\u00e9lanie Pitel<br \/>\nhip hop &#8211; Association La Fiert\u00e9 des N\u00f4tres avec Matys Kerbellec<\/p>\n<p><strong>Th\u00e9\u00e2tre :\u00a0<\/strong><br \/>\nenfant \/ Ados : Pierre-Yves Herry<br \/>\nr\u00e9pertoire : Association Margoulins Productions avec Doroth\u00e9e Le Troadec<\/p>\n<p><strong>Musique :\u00a0<\/strong><\/p>\n<p>trompette &#8211; Magali Gouez<br \/>\nbatterie, percussions &#8211; Herri Loquet<br \/>\nguitare et ensemble de guitares 3G (Guilers Guitare Gang) &#8211; Erwan Duval<br \/>\nguitare, ensemble Budding Rock &#8211; Pascal Guigou<br \/>\nguitare et basse, ensemble Guilpop &#8211; Philippe Gouret<br \/>\nharpe &#8211; Esthele Maina<br \/>\nclarinette &#8211; Steve Gu\u00e9gan<br \/>\nclaviers, synth\u00e9, MAO &#8211; Didier Merlateau<br \/>\npiano &#8211; Pier-Luigi Papulino<br \/>\nviolon, ensemble Cord\u00e9ole &#8211; Mich\u00e8le Morvan<br \/>\nchant, saxophone &#8211; Mah\u00e9e Deloustal<br \/>\nfl\u00fbte \u00e0 bec, Eveil Musique et Mouvement, Parcours D\u00e9couverte Instrumentale &#8211; Val\u00e9rie Courant<br \/>\ntrombone, ensemble GONG &#8211; Patrick Penot<br \/>\natelier sc\u00e8ne ouverte &#8211; Ewen Le Strat<br \/>\nfl\u00fbte traversi\u00e8re &#8211; Rozenn Gourves Cousin<br \/>\neveil &#8211; Pauline Mellet<\/p>\n<p>Professionnels de la musique et de la danse : L&rsquo;EMDG est amen\u00e9e \u00e0 proposer de nouvelles activit\u00e9s ou offre de cours et cherche parfois des rempla\u00e7ants, n&rsquo;h\u00e9sitez pas \u00e0 nous faire parvenir votre candidature ! <a href=\"http:\/\/www.emdg-guilers.org\/index.php\/lassociation\/les-tarifs\/\">Nous contacter\u00a0<\/a><\/p>\n","protected":false},"excerpt":{"rendered":"<p>L&rsquo;\u00e9quipe de l&rsquo;EMDG est compos\u00e9e de 24 professionnels, dont une \u00e9quipe administrative compos\u00e9e de 3 salari\u00e9es \u00e0\u00a0 temps partiel (comptable\/secr\u00e9taire\/direction). Danse :\u00a0 classique et \u00e9veil &#8211; Virginie Le Glohaec modern jazz &#8211; M\u00e9lanie Pitel hip hop &#8211; Association La Fiert\u00e9 des N\u00f4tres avec Matys Kerbellec Th\u00e9\u00e2tre :\u00a0 enfant \/ Ados : Pierre-Yves Herry r\u00e9pertoire : Association Margoulins Productions avec Doroth\u00e9e Le Troadec Musique :\u00a0 trompette &#8211; Magali Gouez batterie, percussions &#8211; Herri Loquet guitare et ensemble de guitares 3G (Guilers&#8230;<\/p>\n<p class=\"read-more\"><a class=\"btn btn-default\" href=\"https:\/\/www.emdg-guilers.org\/index.php\/lequipe-pedagogique\/\">Lire la suite<span class=\"screen-reader-text\"> Lire la suite<\/span><\/a><\/p>\n","protected":false},"author":3,"featured_media":0,"parent":0,"menu_order":0,"comment_status":"closed","ping_status":"closed","template":"","meta":{"footnotes":""},"yoast_head":"<!-- This site is optimized with the Yoast SEO plugin v22.4 - https:\/\/yoast.com\/wordpress\/plugins\/seo\/ -->\n<title>L&#039;\u00e9quipe p\u00e9dagogique - Ecole de Musique, Danse &amp; Th\u00e9\u00e2tre de Guilers<\/title>\n<meta name=\"robots\" content=\"index, follow, max-snippet:-1, max-image-preview:large, max-video-preview:-1\" \/>\n<link rel=\"canonical\" href=\"https:\/\/www.emdg-guilers.org\/index.php\/lequipe-pedagogique\/\" \/>\n<meta property=\"og:locale\" content=\"fr_FR\" \/>\n<meta property=\"og:type\" content=\"article\" \/>\n<meta property=\"og:title\" content=\"L&#039;\u00e9quipe p\u00e9dagogique - Ecole de Musique, Danse &amp; Th\u00e9\u00e2tre de Guilers\" \/>\n<meta property=\"og:description\" content=\"L&rsquo;\u00e9quipe de l&rsquo;EMDG est compos\u00e9e de 24 professionnels, dont une \u00e9quipe administrative compos\u00e9e de 3 salari\u00e9es \u00e0\u00a0 temps partiel (comptable\/secr\u00e9taire\/direction). Danse :\u00a0 classique et \u00e9veil &#8211; Virginie Le Glohaec modern jazz &#8211; M\u00e9lanie Pitel hip hop &#8211; Association La Fiert\u00e9 des N\u00f4tres avec Matys Kerbellec Th\u00e9\u00e2tre :\u00a0 enfant \/ Ados : Pierre-Yves Herry r\u00e9pertoire : Association Margoulins Productions avec Doroth\u00e9e Le Troadec Musique :\u00a0 trompette &#8211; Magali Gouez batterie, percussions &#8211; Herri Loquet guitare et ensemble de guitares 3G (Guilers...Lire la suite Lire la suite\" \/>\n<meta property=\"og:url\" content=\"https:\/\/www.emdg-guilers.org\/index.php\/lequipe-pedagogique\/\" \/>\n<meta property=\"og:site_name\" content=\"Ecole de Musique, Danse &amp; Th\u00e9\u00e2tre de Guilers\" \/>\n<meta property=\"article:publisher\" content=\"https:\/\/www.facebook.com\/Ecole-de-Musique-et-de-Danse-de-Guilers-480017765533016\/\" \/>\n<meta property=\"article:modified_time\" content=\"2026-03-09T09:58:56+00:00\" \/>\n<meta name=\"twitter:card\" content=\"summary_large_image\" \/>\n<meta name=\"twitter:label1\" content=\"Dur\u00e9e de lecture estim\u00e9e\" \/>\n\t<meta name=\"twitter:data1\" content=\"1 minute\" \/>\n<script type=\"application\/ld+json\" class=\"yoast-schema-graph\">{\"@context\":\"https:\/\/schema.org\",\"@graph\":[{\"@type\":\"WebPage\",\"@id\":\"https:\/\/www.emdg-guilers.org\/index.php\/lequipe-pedagogique\/\",\"url\":\"https:\/\/www.emdg-guilers.org\/index.php\/lequipe-pedagogique\/\",\"name\":\"L'\u00e9quipe p\u00e9dagogique - Ecole de Musique, Danse &amp; Th\u00e9\u00e2tre de Guilers\",\"isPartOf\":{\"@id\":\"https:\/\/www.emdg-guilers.org\/#website\"},\"datePublished\":\"2019-03-21T15:04:53+00:00\",\"dateModified\":\"2026-03-09T09:58:56+00:00\",\"breadcrumb\":{\"@id\":\"https:\/\/www.emdg-guilers.org\/index.php\/lequipe-pedagogique\/#breadcrumb\"},\"inLanguage\":\"fr-FR\",\"potentialAction\":[{\"@type\":\"ReadAction\",\"target\":[\"https:\/\/www.emdg-guilers.org\/index.php\/lequipe-pedagogique\/\"]}]},{\"@type\":\"BreadcrumbList\",\"@id\":\"https:\/\/www.emdg-guilers.org\/index.php\/lequipe-pedagogique\/#breadcrumb\",\"itemListElement\":[{\"@type\":\"ListItem\",\"position\":1,\"name\":\"Accueil\",\"item\":\"https:\/\/www.emdg-guilers.org\/\"},{\"@type\":\"ListItem\",\"position\":2,\"name\":\"L&rsquo;\u00e9quipe p\u00e9dagogique\"}]},{\"@type\":\"WebSite\",\"@id\":\"https:\/\/www.emdg-guilers.org\/#website\",\"url\":\"https:\/\/www.emdg-guilers.org\/\",\"name\":\"Ecole de Musique et Danse de Guilers\",\"description\":\"Ecole associative, cours de musique, danse, th\u00e9\u00e2tre accessibles \u00e0 tous\",\"publisher\":{\"@id\":\"https:\/\/www.emdg-guilers.org\/#organization\"},\"potentialAction\":[{\"@type\":\"SearchAction\",\"target\":{\"@type\":\"EntryPoint\",\"urlTemplate\":\"https:\/\/www.emdg-guilers.org\/?s={search_term_string}\"},\"query-input\":\"required name=search_term_string\"}],\"inLanguage\":\"fr-FR\"},{\"@type\":\"Organization\",\"@id\":\"https:\/\/www.emdg-guilers.org\/#organization\",\"name\":\"Ecole de Musique et de Danse\",\"url\":\"https:\/\/www.emdg-guilers.org\/\",\"logo\":{\"@type\":\"ImageObject\",\"inLanguage\":\"fr-FR\",\"@id\":\"https:\/\/www.emdg-guilers.org\/#\/schema\/logo\/image\/\",\"url\":\"https:\/\/www.emdg-guilers.org\/wp-content\/uploads\/2016\/06\/logo2014.jpg\",\"contentUrl\":\"https:\/\/www.emdg-guilers.org\/wp-content\/uploads\/2016\/06\/logo2014.jpg\",\"width\":214,\"height\":116,\"caption\":\"Ecole de Musique et de Danse\"},\"image\":{\"@id\":\"https:\/\/www.emdg-guilers.org\/#\/schema\/logo\/image\/\"},\"sameAs\":[\"https:\/\/www.facebook.com\/Ecole-de-Musique-et-de-Danse-de-Guilers-480017765533016\/\"]}]}<\/script>\n<!-- \/ Yoast SEO plugin. -->","yoast_head_json":{"title":"L'\u00e9quipe p\u00e9dagogique - Ecole de Musique, Danse &amp; Th\u00e9\u00e2tre de Guilers","robots":{"index":"index","follow":"follow","max-snippet":"max-snippet:-1","max-image-preview":"max-image-preview:large","max-video-preview":"max-video-preview:-1"},"canonical":"https:\/\/www.emdg-guilers.org\/index.php\/lequipe-pedagogique\/","og_locale":"fr_FR","og_type":"article","og_title":"L'\u00e9quipe p\u00e9dagogique - Ecole de Musique, Danse &amp; Th\u00e9\u00e2tre de Guilers","og_description":"L&rsquo;\u00e9quipe de l&rsquo;EMDG est compos\u00e9e de 24 professionnels, dont une \u00e9quipe administrative compos\u00e9e de 3 salari\u00e9es \u00e0\u00a0 temps partiel (comptable\/secr\u00e9taire\/direction). Danse :\u00a0 classique et \u00e9veil &#8211; Virginie Le Glohaec modern jazz &#8211; M\u00e9lanie Pitel hip hop &#8211; Association La Fiert\u00e9 des N\u00f4tres avec Matys Kerbellec Th\u00e9\u00e2tre :\u00a0 enfant \/ Ados : Pierre-Yves Herry r\u00e9pertoire : Association Margoulins Productions avec Doroth\u00e9e Le Troadec Musique :\u00a0 trompette &#8211; Magali Gouez batterie, percussions &#8211; Herri Loquet guitare et ensemble de guitares 3G (Guilers...Lire la suite Lire la suite","og_url":"https:\/\/www.emdg-guilers.org\/index.php\/lequipe-pedagogique\/","og_site_name":"Ecole de Musique, Danse &amp; Th\u00e9\u00e2tre de Guilers","article_publisher":"https:\/\/www.facebook.com\/Ecole-de-Musique-et-de-Danse-de-Guilers-480017765533016\/","article_modified_time":"2026-03-09T09:58:56+00:00","twitter_card":"summary_large_image","twitter_misc":{"Dur\u00e9e de lecture estim\u00e9e":"1 minute"},"schema":{"@context":"https:\/\/schema.org","@graph":[{"@type":"WebPage","@id":"https:\/\/www.emdg-guilers.org\/index.php\/lequipe-pedagogique\/","url":"https:\/\/www.emdg-guilers.org\/index.php\/lequipe-pedagogique\/","name":"L'\u00e9quipe p\u00e9dagogique - Ecole de Musique, Danse &amp; Th\u00e9\u00e2tre de Guilers","isPartOf":{"@id":"https:\/\/www.emdg-guilers.org\/#website"},"datePublished":"2019-03-21T15:04:53+00:00","dateModified":"2026-03-09T09:58:56+00:00","breadcrumb":{"@id":"https:\/\/www.emdg-guilers.org\/index.php\/lequipe-pedagogique\/#breadcrumb"},"inLanguage":"fr-FR","potentialAction":[{"@type":"ReadAction","target":["https:\/\/www.emdg-guilers.org\/index.php\/lequipe-pedagogique\/"]}]},{"@type":"BreadcrumbList","@id":"https:\/\/www.emdg-guilers.org\/index.php\/lequipe-pedagogique\/#breadcrumb","itemListElement":[{"@type":"ListItem","position":1,"name":"Accueil","item":"https:\/\/www.emdg-guilers.org\/"},{"@type":"ListItem","position":2,"name":"L&rsquo;\u00e9quipe p\u00e9dagogique"}]},{"@type":"WebSite","@id":"https:\/\/www.emdg-guilers.org\/#website","url":"https:\/\/www.emdg-guilers.org\/","name":"Ecole de Musique et Danse de Guilers","description":"Ecole associative, cours de musique, danse, th\u00e9\u00e2tre accessibles \u00e0 tous","publisher":{"@id":"https:\/\/www.emdg-guilers.org\/#organization"},"potentialAction":[{"@type":"SearchAction","target":{"@type":"EntryPoint","urlTemplate":"https:\/\/www.emdg-guilers.org\/?s={search_term_string}"},"query-input":"required name=search_term_string"}],"inLanguage":"fr-FR"},{"@type":"Organization","@id":"https:\/\/www.emdg-guilers.org\/#organization","name":"Ecole de Musique et de Danse","url":"https:\/\/www.emdg-guilers.org\/","logo":{"@type":"ImageObject","inLanguage":"fr-FR","@id":"https:\/\/www.emdg-guilers.org\/#\/schema\/logo\/image\/","url":"https:\/\/www.emdg-guilers.org\/wp-content\/uploads\/2016\/06\/logo2014.jpg","contentUrl":"https:\/\/www.emdg-guilers.org\/wp-content\/uploads\/2016\/06\/logo2014.jpg","width":214,"height":116,"caption":"Ecole de Musique et de Danse"},"image":{"@id":"https:\/\/www.emdg-guilers.org\/#\/schema\/logo\/image\/"},"sameAs":["https:\/\/www.facebook.com\/Ecole-de-Musique-et-de-Danse-de-Guilers-480017765533016\/"]}]}},"_links":{"self":[{"href":"https:\/\/www.emdg-guilers.org\/index.php\/wp-json\/wp\/v2\/pages\/1475"}],"collection":[{"href":"https:\/\/www.emdg-guilers.org\/index.php\/wp-json\/wp\/v2\/pages"}],"about":[{"href":"https:\/\/www.emdg-guilers.org\/index.php\/wp-json\/wp\/v2\/types\/page"}],"author":[{"embeddable":true,"href":"https:\/\/www.emdg-guilers.org\/index.php\/wp-json\/wp\/v2\/users\/3"}],"replies":[{"embeddable":true,"href":"https:\/\/www.emdg-guilers.org\/index.php\/wp-json\/wp\/v2\/comments?post=1475"}],"version-history":[{"count":15,"href":"https:\/\/www.emdg-guilers.org\/index.php\/wp-json\/wp\/v2\/pages\/1475\/revisions"}],"predecessor-version":[{"id":4789,"href":"https:\/\/www.emdg-guilers.org\/index.php\/wp-json\/wp\/v2\/pages\/1475\/revisions\/4789"}],"wp:attachment":[{"href":"https:\/\/www.emdg-guilers.org\/index.php\/wp-json\/wp\/v2\/media?parent=1475"}],"curies":[{"name":"wp","href":"https:\/\/api.w.org\/{rel}","templated":true}]}}