{"id":1511,"date":"2019-04-11T10:50:10","date_gmt":"2019-04-11T08:50:10","guid":{"rendered":"http:\/\/www.emdg-guilers.org\/?page_id=1511"},"modified":"2025-07-08T10:43:15","modified_gmt":"2025-07-08T08:43:15","slug":"4-parcours-amateur","status":"publish","type":"page","link":"https:\/\/www.emdg-guilers.org\/index.php\/4-parcours-amateur\/","title":{"rendered":"4- Parcours Global d&rsquo;Etudes \/ Parcours complet (de 7 ans \u00e0 l&rsquo;\u00e2ge adultes)"},"content":{"rendered":"\n<p>Le PGE (Parcours Global d&rsquo;Etudes) est un cursus complet pour apprendre et pratiquer la musique autour de 3 modules indissociables, d\u00e8s 7 ans, pour les enfants, ados et adultes :<\/p>\n\n\n\n<figure class=\"wp-block-table\"><table><tbody><tr><td><strong>PARCOURS COMPLET<\/strong><\/td><\/tr><tr><td><a href=\"http:\/\/www.emdg-guilers.org\/index.php\/musique\/instruments\/\">COURS INSTRUMENTAL<\/a> +<\/td><td><a href=\"http:\/\/www.emdg-guilers.org\/index.php\/musique\/formation-musicale\/\">FORMATION MUSICALE<\/a> +<\/td><td>1 ou plusieurs <a href=\"https:\/\/www.emdg-guilers.org\/index.php\/5-parcours-pratique-collective\/\">PRATIQUES COLLECTIVES<\/a> d\u00e8s 3 ans de pratique instrumentale<br><br><em>Le tarif PGE inclut la participation \u00e0 1 groupe.<\/em><\/td><\/tr><\/tbody><\/table><\/figure>\n\n\n\n<p>Cycle I : ann\u00e9e 1 \u00e0 3 (1h20 par semaine) Cours instrumental + Formation Musicale<br>Cycle II : ann\u00e9e 4 \u00e0 6 (2h30 par semaine) Cours instrumental + Formation musicale + Pratique collective<br>Cycle III : ann\u00e9e 7 et plus (3h par semaine) Cours instrumental + Formation musicale + Pratique collective<\/p>\n","protected":false},"excerpt":{"rendered":"<p>Le PGE (Parcours Global d&rsquo;Etudes) est un cursus complet pour apprendre et pratiquer la musique autour de 3 modules indissociables, d\u00e8s 7 ans, pour les enfants, ados et adultes : PARCOURS COMPLET COURS INSTRUMENTAL + FORMATION MUSICALE + 1 ou plusieurs PRATIQUES COLLECTIVES d\u00e8s 3 ans de pratique instrumentale Le tarif PGE inclut la participation \u00e0 1 groupe. Cycle I : ann\u00e9e 1 \u00e0 3 (1h20 par semaine) Cours instrumental + Formation MusicaleCycle II : ann\u00e9e 4 \u00e0 6 (2h30&#8230;<\/p>\n<p class=\"read-more\"><a class=\"btn btn-default\" href=\"https:\/\/www.emdg-guilers.org\/index.php\/4-parcours-amateur\/\">Lire la suite<span class=\"screen-reader-text\"> Lire la suite<\/span><\/a><\/p>\n","protected":false},"author":3,"featured_media":0,"parent":0,"menu_order":0,"comment_status":"closed","ping_status":"closed","template":"","meta":{"footnotes":""},"yoast_head":"<!-- This site is optimized with the Yoast SEO plugin v22.4 - https:\/\/yoast.com\/wordpress\/plugins\/seo\/ -->\n<title>4- Parcours Global d&#039;Etudes \/ Parcours complet (de 7 ans \u00e0 l&#039;\u00e2ge adultes) - Ecole de Musique, Danse &amp; Th\u00e9\u00e2tre de Guilers<\/title>\n<meta name=\"robots\" content=\"index, follow, max-snippet:-1, max-image-preview:large, max-video-preview:-1\" \/>\n<link rel=\"canonical\" href=\"https:\/\/www.emdg-guilers.org\/index.php\/4-parcours-amateur\/\" \/>\n<meta property=\"og:locale\" content=\"fr_FR\" \/>\n<meta property=\"og:type\" content=\"article\" \/>\n<meta property=\"og:title\" content=\"4- Parcours Global d&#039;Etudes \/ Parcours complet (de 7 ans \u00e0 l&#039;\u00e2ge adultes) - Ecole de Musique, Danse &amp; Th\u00e9\u00e2tre de Guilers\" \/>\n<meta property=\"og:description\" content=\"Le PGE (Parcours Global d&rsquo;Etudes) est un cursus complet pour apprendre et pratiquer la musique autour de 3 modules indissociables, d\u00e8s 7 ans, pour les enfants, ados et adultes : PARCOURS COMPLET COURS INSTRUMENTAL + FORMATION MUSICALE + 1 ou plusieurs PRATIQUES COLLECTIVES d\u00e8s 3 ans de pratique instrumentale Le tarif PGE inclut la participation \u00e0 1 groupe. Cycle I : ann\u00e9e 1 \u00e0 3 (1h20 par semaine) Cours instrumental + Formation MusicaleCycle II : ann\u00e9e 4 \u00e0 6 (2h30...Lire la suite Lire la suite\" \/>\n<meta property=\"og:url\" content=\"https:\/\/www.emdg-guilers.org\/index.php\/4-parcours-amateur\/\" \/>\n<meta property=\"og:site_name\" content=\"Ecole de Musique, Danse &amp; Th\u00e9\u00e2tre de Guilers\" \/>\n<meta property=\"article:publisher\" content=\"https:\/\/www.facebook.com\/Ecole-de-Musique-et-de-Danse-de-Guilers-480017765533016\/\" \/>\n<meta property=\"article:modified_time\" content=\"2025-07-08T08:43:15+00:00\" \/>\n<meta name=\"twitter:card\" content=\"summary_large_image\" \/>\n<meta name=\"twitter:label1\" content=\"Dur\u00e9e de lecture estim\u00e9e\" \/>\n\t<meta name=\"twitter:data1\" content=\"1 minute\" \/>\n<script type=\"application\/ld+json\" class=\"yoast-schema-graph\">{\"@context\":\"https:\/\/schema.org\",\"@graph\":[{\"@type\":\"WebPage\",\"@id\":\"https:\/\/www.emdg-guilers.org\/index.php\/4-parcours-amateur\/\",\"url\":\"https:\/\/www.emdg-guilers.org\/index.php\/4-parcours-amateur\/\",\"name\":\"4- Parcours Global d'Etudes \/ Parcours complet (de 7 ans \u00e0 l'\u00e2ge adultes) - Ecole de Musique, Danse &amp; Th\u00e9\u00e2tre de Guilers\",\"isPartOf\":{\"@id\":\"https:\/\/www.emdg-guilers.org\/#website\"},\"datePublished\":\"2019-04-11T08:50:10+00:00\",\"dateModified\":\"2025-07-08T08:43:15+00:00\",\"breadcrumb\":{\"@id\":\"https:\/\/www.emdg-guilers.org\/index.php\/4-parcours-amateur\/#breadcrumb\"},\"inLanguage\":\"fr-FR\",\"potentialAction\":[{\"@type\":\"ReadAction\",\"target\":[\"https:\/\/www.emdg-guilers.org\/index.php\/4-parcours-amateur\/\"]}]},{\"@type\":\"BreadcrumbList\",\"@id\":\"https:\/\/www.emdg-guilers.org\/index.php\/4-parcours-amateur\/#breadcrumb\",\"itemListElement\":[{\"@type\":\"ListItem\",\"position\":1,\"name\":\"Accueil\",\"item\":\"https:\/\/www.emdg-guilers.org\/\"},{\"@type\":\"ListItem\",\"position\":2,\"name\":\"4- Parcours Global d&rsquo;Etudes \/ Parcours complet (de 7 ans \u00e0 l&rsquo;\u00e2ge adultes)\"}]},{\"@type\":\"WebSite\",\"@id\":\"https:\/\/www.emdg-guilers.org\/#website\",\"url\":\"https:\/\/www.emdg-guilers.org\/\",\"name\":\"Ecole de Musique et Danse de Guilers\",\"description\":\"Ecole associative, cours de musique, danse, th\u00e9\u00e2tre accessibles \u00e0 tous\",\"publisher\":{\"@id\":\"https:\/\/www.emdg-guilers.org\/#organization\"},\"potentialAction\":[{\"@type\":\"SearchAction\",\"target\":{\"@type\":\"EntryPoint\",\"urlTemplate\":\"https:\/\/www.emdg-guilers.org\/?s={search_term_string}\"},\"query-input\":\"required name=search_term_string\"}],\"inLanguage\":\"fr-FR\"},{\"@type\":\"Organization\",\"@id\":\"https:\/\/www.emdg-guilers.org\/#organization\",\"name\":\"Ecole de Musique et de Danse\",\"url\":\"https:\/\/www.emdg-guilers.org\/\",\"logo\":{\"@type\":\"ImageObject\",\"inLanguage\":\"fr-FR\",\"@id\":\"https:\/\/www.emdg-guilers.org\/#\/schema\/logo\/image\/\",\"url\":\"https:\/\/www.emdg-guilers.org\/wp-content\/uploads\/2016\/06\/logo2014.jpg\",\"contentUrl\":\"https:\/\/www.emdg-guilers.org\/wp-content\/uploads\/2016\/06\/logo2014.jpg\",\"width\":214,\"height\":116,\"caption\":\"Ecole de Musique et de Danse\"},\"image\":{\"@id\":\"https:\/\/www.emdg-guilers.org\/#\/schema\/logo\/image\/\"},\"sameAs\":[\"https:\/\/www.facebook.com\/Ecole-de-Musique-et-de-Danse-de-Guilers-480017765533016\/\"]}]}<\/script>\n<!-- \/ Yoast SEO plugin. -->","yoast_head_json":{"title":"4- Parcours Global d'Etudes \/ Parcours complet (de 7 ans \u00e0 l'\u00e2ge adultes) - Ecole de Musique, Danse &amp; Th\u00e9\u00e2tre de Guilers","robots":{"index":"index","follow":"follow","max-snippet":"max-snippet:-1","max-image-preview":"max-image-preview:large","max-video-preview":"max-video-preview:-1"},"canonical":"https:\/\/www.emdg-guilers.org\/index.php\/4-parcours-amateur\/","og_locale":"fr_FR","og_type":"article","og_title":"4- Parcours Global d'Etudes \/ Parcours complet (de 7 ans \u00e0 l'\u00e2ge adultes) - Ecole de Musique, Danse &amp; Th\u00e9\u00e2tre de Guilers","og_description":"Le PGE (Parcours Global d&rsquo;Etudes) est un cursus complet pour apprendre et pratiquer la musique autour de 3 modules indissociables, d\u00e8s 7 ans, pour les enfants, ados et adultes : PARCOURS COMPLET COURS INSTRUMENTAL + FORMATION MUSICALE + 1 ou plusieurs PRATIQUES COLLECTIVES d\u00e8s 3 ans de pratique instrumentale Le tarif PGE inclut la participation \u00e0 1 groupe. Cycle I : ann\u00e9e 1 \u00e0 3 (1h20 par semaine) Cours instrumental + Formation MusicaleCycle II : ann\u00e9e 4 \u00e0 6 (2h30...Lire la suite Lire la suite","og_url":"https:\/\/www.emdg-guilers.org\/index.php\/4-parcours-amateur\/","og_site_name":"Ecole de Musique, Danse &amp; Th\u00e9\u00e2tre de Guilers","article_publisher":"https:\/\/www.facebook.com\/Ecole-de-Musique-et-de-Danse-de-Guilers-480017765533016\/","article_modified_time":"2025-07-08T08:43:15+00:00","twitter_card":"summary_large_image","twitter_misc":{"Dur\u00e9e de lecture estim\u00e9e":"1 minute"},"schema":{"@context":"https:\/\/schema.org","@graph":[{"@type":"WebPage","@id":"https:\/\/www.emdg-guilers.org\/index.php\/4-parcours-amateur\/","url":"https:\/\/www.emdg-guilers.org\/index.php\/4-parcours-amateur\/","name":"4- Parcours Global d'Etudes \/ Parcours complet (de 7 ans \u00e0 l'\u00e2ge adultes) - Ecole de Musique, Danse &amp; Th\u00e9\u00e2tre de Guilers","isPartOf":{"@id":"https:\/\/www.emdg-guilers.org\/#website"},"datePublished":"2019-04-11T08:50:10+00:00","dateModified":"2025-07-08T08:43:15+00:00","breadcrumb":{"@id":"https:\/\/www.emdg-guilers.org\/index.php\/4-parcours-amateur\/#breadcrumb"},"inLanguage":"fr-FR","potentialAction":[{"@type":"ReadAction","target":["https:\/\/www.emdg-guilers.org\/index.php\/4-parcours-amateur\/"]}]},{"@type":"BreadcrumbList","@id":"https:\/\/www.emdg-guilers.org\/index.php\/4-parcours-amateur\/#breadcrumb","itemListElement":[{"@type":"ListItem","position":1,"name":"Accueil","item":"https:\/\/www.emdg-guilers.org\/"},{"@type":"ListItem","position":2,"name":"4- Parcours Global d&rsquo;Etudes \/ Parcours complet (de 7 ans \u00e0 l&rsquo;\u00e2ge adultes)"}]},{"@type":"WebSite","@id":"https:\/\/www.emdg-guilers.org\/#website","url":"https:\/\/www.emdg-guilers.org\/","name":"Ecole de Musique et Danse de Guilers","description":"Ecole associative, cours de musique, danse, th\u00e9\u00e2tre accessibles \u00e0 tous","publisher":{"@id":"https:\/\/www.emdg-guilers.org\/#organization"},"potentialAction":[{"@type":"SearchAction","target":{"@type":"EntryPoint","urlTemplate":"https:\/\/www.emdg-guilers.org\/?s={search_term_string}"},"query-input":"required name=search_term_string"}],"inLanguage":"fr-FR"},{"@type":"Organization","@id":"https:\/\/www.emdg-guilers.org\/#organization","name":"Ecole de Musique et de Danse","url":"https:\/\/www.emdg-guilers.org\/","logo":{"@type":"ImageObject","inLanguage":"fr-FR","@id":"https:\/\/www.emdg-guilers.org\/#\/schema\/logo\/image\/","url":"https:\/\/www.emdg-guilers.org\/wp-content\/uploads\/2016\/06\/logo2014.jpg","contentUrl":"https:\/\/www.emdg-guilers.org\/wp-content\/uploads\/2016\/06\/logo2014.jpg","width":214,"height":116,"caption":"Ecole de Musique et de Danse"},"image":{"@id":"https:\/\/www.emdg-guilers.org\/#\/schema\/logo\/image\/"},"sameAs":["https:\/\/www.facebook.com\/Ecole-de-Musique-et-de-Danse-de-Guilers-480017765533016\/"]}]}},"_links":{"self":[{"href":"https:\/\/www.emdg-guilers.org\/index.php\/wp-json\/wp\/v2\/pages\/1511"}],"collection":[{"href":"https:\/\/www.emdg-guilers.org\/index.php\/wp-json\/wp\/v2\/pages"}],"about":[{"href":"https:\/\/www.emdg-guilers.org\/index.php\/wp-json\/wp\/v2\/types\/page"}],"author":[{"embeddable":true,"href":"https:\/\/www.emdg-guilers.org\/index.php\/wp-json\/wp\/v2\/users\/3"}],"replies":[{"embeddable":true,"href":"https:\/\/www.emdg-guilers.org\/index.php\/wp-json\/wp\/v2\/comments?post=1511"}],"version-history":[{"count":13,"href":"https:\/\/www.emdg-guilers.org\/index.php\/wp-json\/wp\/v2\/pages\/1511\/revisions"}],"predecessor-version":[{"id":4740,"href":"https:\/\/www.emdg-guilers.org\/index.php\/wp-json\/wp\/v2\/pages\/1511\/revisions\/4740"}],"wp:attachment":[{"href":"https:\/\/www.emdg-guilers.org\/index.php\/wp-json\/wp\/v2\/media?parent=1511"}],"curies":[{"name":"wp","href":"https:\/\/api.w.org\/{rel}","templated":true}]}}