{"id":1665,"date":"2019-06-27T15:46:29","date_gmt":"2019-06-27T13:46:29","guid":{"rendered":"http:\/\/www.emdg-guilers.org\/?page_id=1665"},"modified":"2019-07-01T17:08:37","modified_gmt":"2019-07-01T15:08:37","slug":"lecole-spectateur-abonnement-passerelle","status":"publish","type":"page","link":"https:\/\/www.emdg-guilers.org\/index.php\/lecole-spectateur-abonnement-passerelle\/","title":{"rendered":"L&rsquo;\u00e9cole du spectateur : abonnement passerelle"},"content":{"rendered":"<p>A l&rsquo;EMDG, nous sommes convaincus :<br \/>\n&#8211; qu&rsquo;un bon musicien ou danseur est un bon spectateur,<br \/>\n&#8211; qu&rsquo;un spectateur averti\u00a0est un citoyen \u00e9clair\u00e9 (et vice-versa),<br \/>\n&#8211; qu&rsquo;il ne doit exister aucun frein \u00e0 aller voir et s&rsquo;abreuver de spectacle(s) vivant(s), de concerts et repr\u00e9sentations en tous genre,<br \/>\n&#8211; qu&rsquo;une pratique amateur doit \u00eatre nourrie du travail des professionnels,<br \/>\n&#8211; que les cr\u00e9ations artistiques sont d&rsquo;excellents supports p\u00e9dagogiques,<br \/>\n&#8211; que la d\u00e9mocratisation culturelle et artistique que nous d\u00e9fendons doit marcher main dans la main avec le paysage culturel local, national, international<br \/>\nEt pour beaucoup d&rsquo;autres raisons,<\/p>\n<p>Nous proposons<strong> \u00e0 tous les adh\u00e9rents de l&rsquo;EMDG 2019-20<\/strong> une s\u00e9lection de spectacles au Quartz, Mac Orlan, Car\u00e8ne, Plages Magn\u00e9tiques, etc. (liste non-exhaustive) sous forme d&rsquo;un <strong>abonnement passerelle : 3 spectacles pour 39\u20ac.<br \/>\n<\/strong>Les spectacles seront abord\u00e9s, travaill\u00e9s, d\u00e9cortiqu\u00e9s avec les enseignants.<\/p>\n<p><img loading=\"lazy\" decoding=\"async\" class=\"size-full wp-image-1666 alignleft\" src=\"http:\/\/www.emdg-guilers.org\/wp-content\/uploads\/2019\/06\/Abo-passerelle.jpg\" alt=\"\" width=\"810\" height=\"450\" srcset=\"https:\/\/www.emdg-guilers.org\/wp-content\/uploads\/2019\/06\/Abo-passerelle.jpg 810w, https:\/\/www.emdg-guilers.org\/wp-content\/uploads\/2019\/06\/Abo-passerelle-300x167.jpg 300w, https:\/\/www.emdg-guilers.org\/wp-content\/uploads\/2019\/06\/Abo-passerelle-768x427.jpg 768w, https:\/\/www.emdg-guilers.org\/wp-content\/uploads\/2019\/06\/Abo-passerelle-486x270.jpg 486w\" sizes=\"(max-width: 810px) 100vw, 810px\" \/><br \/>\n<a href=\"http:\/\/www.emdg-guilers.org\/wp-content\/uploads\/2019\/06\/Bulletin-abo-passerelle-emdg.pdf\">Bulletin\u00a0\u00e0\u00a0t\u00e9l\u00e9charger ici<\/a><\/p>\n<p>&nbsp;<\/p>\n","protected":false},"excerpt":{"rendered":"<p>A l&rsquo;EMDG, nous sommes convaincus : &#8211; qu&rsquo;un bon musicien ou danseur est un bon spectateur, &#8211; qu&rsquo;un spectateur averti\u00a0est un citoyen \u00e9clair\u00e9 (et vice-versa), &#8211; qu&rsquo;il ne doit exister aucun frein \u00e0 aller voir et s&rsquo;abreuver de spectacle(s) vivant(s), de concerts et repr\u00e9sentations en tous genre, &#8211; qu&rsquo;une pratique amateur doit \u00eatre nourrie du travail des professionnels, &#8211; que les cr\u00e9ations artistiques sont d&rsquo;excellents supports p\u00e9dagogiques, &#8211; que la d\u00e9mocratisation culturelle et artistique que nous d\u00e9fendons doit marcher main&#8230;<\/p>\n<p class=\"read-more\"><a class=\"btn btn-default\" href=\"https:\/\/www.emdg-guilers.org\/index.php\/lecole-spectateur-abonnement-passerelle\/\">Lire la suite<span class=\"screen-reader-text\"> Lire la suite<\/span><\/a><\/p>\n","protected":false},"author":3,"featured_media":0,"parent":0,"menu_order":0,"comment_status":"closed","ping_status":"closed","template":"","meta":{"footnotes":""},"yoast_head":"<!-- This site is optimized with the Yoast SEO plugin v22.4 - https:\/\/yoast.com\/wordpress\/plugins\/seo\/ -->\n<title>L&#039;\u00e9cole du spectateur : abonnement passerelle - Ecole de Musique, Danse &amp; Th\u00e9\u00e2tre de Guilers<\/title>\n<meta name=\"robots\" content=\"index, follow, max-snippet:-1, max-image-preview:large, max-video-preview:-1\" \/>\n<link rel=\"canonical\" href=\"https:\/\/www.emdg-guilers.org\/index.php\/lecole-spectateur-abonnement-passerelle\/\" \/>\n<meta property=\"og:locale\" content=\"fr_FR\" \/>\n<meta property=\"og:type\" content=\"article\" \/>\n<meta property=\"og:title\" content=\"L&#039;\u00e9cole du spectateur : abonnement passerelle - Ecole de Musique, Danse &amp; Th\u00e9\u00e2tre de Guilers\" \/>\n<meta property=\"og:description\" content=\"A l&rsquo;EMDG, nous sommes convaincus : &#8211; qu&rsquo;un bon musicien ou danseur est un bon spectateur, &#8211; qu&rsquo;un spectateur averti\u00a0est un citoyen \u00e9clair\u00e9 (et vice-versa), &#8211; qu&rsquo;il ne doit exister aucun frein \u00e0 aller voir et s&rsquo;abreuver de spectacle(s) vivant(s), de concerts et repr\u00e9sentations en tous genre, &#8211; qu&rsquo;une pratique amateur doit \u00eatre nourrie du travail des professionnels, &#8211; que les cr\u00e9ations artistiques sont d&rsquo;excellents supports p\u00e9dagogiques, &#8211; que la d\u00e9mocratisation culturelle et artistique que nous d\u00e9fendons doit marcher main...Lire la suite Lire la suite\" \/>\n<meta property=\"og:url\" content=\"https:\/\/www.emdg-guilers.org\/index.php\/lecole-spectateur-abonnement-passerelle\/\" \/>\n<meta property=\"og:site_name\" content=\"Ecole de Musique, Danse &amp; Th\u00e9\u00e2tre de Guilers\" \/>\n<meta property=\"article:publisher\" content=\"https:\/\/www.facebook.com\/Ecole-de-Musique-et-de-Danse-de-Guilers-480017765533016\/\" \/>\n<meta property=\"article:modified_time\" content=\"2019-07-01T15:08:37+00:00\" \/>\n<meta property=\"og:image\" content=\"http:\/\/www.emdg-guilers.org\/wp-content\/uploads\/2019\/06\/Abo-passerelle.jpg\" \/>\n<meta name=\"twitter:card\" content=\"summary_large_image\" \/>\n<meta name=\"twitter:label1\" content=\"Dur\u00e9e de lecture estim\u00e9e\" \/>\n\t<meta name=\"twitter:data1\" content=\"1 minute\" \/>\n<script type=\"application\/ld+json\" class=\"yoast-schema-graph\">{\"@context\":\"https:\/\/schema.org\",\"@graph\":[{\"@type\":\"WebPage\",\"@id\":\"https:\/\/www.emdg-guilers.org\/index.php\/lecole-spectateur-abonnement-passerelle\/\",\"url\":\"https:\/\/www.emdg-guilers.org\/index.php\/lecole-spectateur-abonnement-passerelle\/\",\"name\":\"L'\u00e9cole du spectateur : abonnement passerelle - Ecole de Musique, Danse &amp; Th\u00e9\u00e2tre de Guilers\",\"isPartOf\":{\"@id\":\"https:\/\/www.emdg-guilers.org\/#website\"},\"primaryImageOfPage\":{\"@id\":\"https:\/\/www.emdg-guilers.org\/index.php\/lecole-spectateur-abonnement-passerelle\/#primaryimage\"},\"image\":{\"@id\":\"https:\/\/www.emdg-guilers.org\/index.php\/lecole-spectateur-abonnement-passerelle\/#primaryimage\"},\"thumbnailUrl\":\"http:\/\/www.emdg-guilers.org\/wp-content\/uploads\/2019\/06\/Abo-passerelle.jpg\",\"datePublished\":\"2019-06-27T13:46:29+00:00\",\"dateModified\":\"2019-07-01T15:08:37+00:00\",\"breadcrumb\":{\"@id\":\"https:\/\/www.emdg-guilers.org\/index.php\/lecole-spectateur-abonnement-passerelle\/#breadcrumb\"},\"inLanguage\":\"fr-FR\",\"potentialAction\":[{\"@type\":\"ReadAction\",\"target\":[\"https:\/\/www.emdg-guilers.org\/index.php\/lecole-spectateur-abonnement-passerelle\/\"]}]},{\"@type\":\"ImageObject\",\"inLanguage\":\"fr-FR\",\"@id\":\"https:\/\/www.emdg-guilers.org\/index.php\/lecole-spectateur-abonnement-passerelle\/#primaryimage\",\"url\":\"http:\/\/www.emdg-guilers.org\/wp-content\/uploads\/2019\/06\/Abo-passerelle.jpg\",\"contentUrl\":\"http:\/\/www.emdg-guilers.org\/wp-content\/uploads\/2019\/06\/Abo-passerelle.jpg\"},{\"@type\":\"BreadcrumbList\",\"@id\":\"https:\/\/www.emdg-guilers.org\/index.php\/lecole-spectateur-abonnement-passerelle\/#breadcrumb\",\"itemListElement\":[{\"@type\":\"ListItem\",\"position\":1,\"name\":\"Accueil\",\"item\":\"https:\/\/www.emdg-guilers.org\/\"},{\"@type\":\"ListItem\",\"position\":2,\"name\":\"L&rsquo;\u00e9cole du spectateur : abonnement passerelle\"}]},{\"@type\":\"WebSite\",\"@id\":\"https:\/\/www.emdg-guilers.org\/#website\",\"url\":\"https:\/\/www.emdg-guilers.org\/\",\"name\":\"Ecole de Musique et Danse de Guilers\",\"description\":\"Ecole associative, cours de musique, danse, th\u00e9\u00e2tre accessibles \u00e0 tous\",\"publisher\":{\"@id\":\"https:\/\/www.emdg-guilers.org\/#organization\"},\"potentialAction\":[{\"@type\":\"SearchAction\",\"target\":{\"@type\":\"EntryPoint\",\"urlTemplate\":\"https:\/\/www.emdg-guilers.org\/?s={search_term_string}\"},\"query-input\":\"required name=search_term_string\"}],\"inLanguage\":\"fr-FR\"},{\"@type\":\"Organization\",\"@id\":\"https:\/\/www.emdg-guilers.org\/#organization\",\"name\":\"Ecole de Musique et de Danse\",\"url\":\"https:\/\/www.emdg-guilers.org\/\",\"logo\":{\"@type\":\"ImageObject\",\"inLanguage\":\"fr-FR\",\"@id\":\"https:\/\/www.emdg-guilers.org\/#\/schema\/logo\/image\/\",\"url\":\"https:\/\/www.emdg-guilers.org\/wp-content\/uploads\/2016\/06\/logo2014.jpg\",\"contentUrl\":\"https:\/\/www.emdg-guilers.org\/wp-content\/uploads\/2016\/06\/logo2014.jpg\",\"width\":214,\"height\":116,\"caption\":\"Ecole de Musique et de Danse\"},\"image\":{\"@id\":\"https:\/\/www.emdg-guilers.org\/#\/schema\/logo\/image\/\"},\"sameAs\":[\"https:\/\/www.facebook.com\/Ecole-de-Musique-et-de-Danse-de-Guilers-480017765533016\/\"]}]}<\/script>\n<!-- \/ Yoast SEO plugin. -->","yoast_head_json":{"title":"L'\u00e9cole du spectateur : abonnement passerelle - Ecole de Musique, Danse &amp; Th\u00e9\u00e2tre de Guilers","robots":{"index":"index","follow":"follow","max-snippet":"max-snippet:-1","max-image-preview":"max-image-preview:large","max-video-preview":"max-video-preview:-1"},"canonical":"https:\/\/www.emdg-guilers.org\/index.php\/lecole-spectateur-abonnement-passerelle\/","og_locale":"fr_FR","og_type":"article","og_title":"L'\u00e9cole du spectateur : abonnement passerelle - Ecole de Musique, Danse &amp; Th\u00e9\u00e2tre de Guilers","og_description":"A l&rsquo;EMDG, nous sommes convaincus : &#8211; qu&rsquo;un bon musicien ou danseur est un bon spectateur, &#8211; qu&rsquo;un spectateur averti\u00a0est un citoyen \u00e9clair\u00e9 (et vice-versa), &#8211; qu&rsquo;il ne doit exister aucun frein \u00e0 aller voir et s&rsquo;abreuver de spectacle(s) vivant(s), de concerts et repr\u00e9sentations en tous genre, &#8211; qu&rsquo;une pratique amateur doit \u00eatre nourrie du travail des professionnels, &#8211; que les cr\u00e9ations artistiques sont d&rsquo;excellents supports p\u00e9dagogiques, &#8211; que la d\u00e9mocratisation culturelle et artistique que nous d\u00e9fendons doit marcher main...Lire la suite Lire la suite","og_url":"https:\/\/www.emdg-guilers.org\/index.php\/lecole-spectateur-abonnement-passerelle\/","og_site_name":"Ecole de Musique, Danse &amp; Th\u00e9\u00e2tre de Guilers","article_publisher":"https:\/\/www.facebook.com\/Ecole-de-Musique-et-de-Danse-de-Guilers-480017765533016\/","article_modified_time":"2019-07-01T15:08:37+00:00","og_image":[{"url":"http:\/\/www.emdg-guilers.org\/wp-content\/uploads\/2019\/06\/Abo-passerelle.jpg"}],"twitter_card":"summary_large_image","twitter_misc":{"Dur\u00e9e de lecture estim\u00e9e":"1 minute"},"schema":{"@context":"https:\/\/schema.org","@graph":[{"@type":"WebPage","@id":"https:\/\/www.emdg-guilers.org\/index.php\/lecole-spectateur-abonnement-passerelle\/","url":"https:\/\/www.emdg-guilers.org\/index.php\/lecole-spectateur-abonnement-passerelle\/","name":"L'\u00e9cole du spectateur : abonnement passerelle - Ecole de Musique, Danse &amp; Th\u00e9\u00e2tre de Guilers","isPartOf":{"@id":"https:\/\/www.emdg-guilers.org\/#website"},"primaryImageOfPage":{"@id":"https:\/\/www.emdg-guilers.org\/index.php\/lecole-spectateur-abonnement-passerelle\/#primaryimage"},"image":{"@id":"https:\/\/www.emdg-guilers.org\/index.php\/lecole-spectateur-abonnement-passerelle\/#primaryimage"},"thumbnailUrl":"http:\/\/www.emdg-guilers.org\/wp-content\/uploads\/2019\/06\/Abo-passerelle.jpg","datePublished":"2019-06-27T13:46:29+00:00","dateModified":"2019-07-01T15:08:37+00:00","breadcrumb":{"@id":"https:\/\/www.emdg-guilers.org\/index.php\/lecole-spectateur-abonnement-passerelle\/#breadcrumb"},"inLanguage":"fr-FR","potentialAction":[{"@type":"ReadAction","target":["https:\/\/www.emdg-guilers.org\/index.php\/lecole-spectateur-abonnement-passerelle\/"]}]},{"@type":"ImageObject","inLanguage":"fr-FR","@id":"https:\/\/www.emdg-guilers.org\/index.php\/lecole-spectateur-abonnement-passerelle\/#primaryimage","url":"http:\/\/www.emdg-guilers.org\/wp-content\/uploads\/2019\/06\/Abo-passerelle.jpg","contentUrl":"http:\/\/www.emdg-guilers.org\/wp-content\/uploads\/2019\/06\/Abo-passerelle.jpg"},{"@type":"BreadcrumbList","@id":"https:\/\/www.emdg-guilers.org\/index.php\/lecole-spectateur-abonnement-passerelle\/#breadcrumb","itemListElement":[{"@type":"ListItem","position":1,"name":"Accueil","item":"https:\/\/www.emdg-guilers.org\/"},{"@type":"ListItem","position":2,"name":"L&rsquo;\u00e9cole du spectateur : abonnement passerelle"}]},{"@type":"WebSite","@id":"https:\/\/www.emdg-guilers.org\/#website","url":"https:\/\/www.emdg-guilers.org\/","name":"Ecole de Musique et Danse de Guilers","description":"Ecole associative, cours de musique, danse, th\u00e9\u00e2tre accessibles \u00e0 tous","publisher":{"@id":"https:\/\/www.emdg-guilers.org\/#organization"},"potentialAction":[{"@type":"SearchAction","target":{"@type":"EntryPoint","urlTemplate":"https:\/\/www.emdg-guilers.org\/?s={search_term_string}"},"query-input":"required name=search_term_string"}],"inLanguage":"fr-FR"},{"@type":"Organization","@id":"https:\/\/www.emdg-guilers.org\/#organization","name":"Ecole de Musique et de Danse","url":"https:\/\/www.emdg-guilers.org\/","logo":{"@type":"ImageObject","inLanguage":"fr-FR","@id":"https:\/\/www.emdg-guilers.org\/#\/schema\/logo\/image\/","url":"https:\/\/www.emdg-guilers.org\/wp-content\/uploads\/2016\/06\/logo2014.jpg","contentUrl":"https:\/\/www.emdg-guilers.org\/wp-content\/uploads\/2016\/06\/logo2014.jpg","width":214,"height":116,"caption":"Ecole de Musique et de Danse"},"image":{"@id":"https:\/\/www.emdg-guilers.org\/#\/schema\/logo\/image\/"},"sameAs":["https:\/\/www.facebook.com\/Ecole-de-Musique-et-de-Danse-de-Guilers-480017765533016\/"]}]}},"_links":{"self":[{"href":"https:\/\/www.emdg-guilers.org\/index.php\/wp-json\/wp\/v2\/pages\/1665"}],"collection":[{"href":"https:\/\/www.emdg-guilers.org\/index.php\/wp-json\/wp\/v2\/pages"}],"about":[{"href":"https:\/\/www.emdg-guilers.org\/index.php\/wp-json\/wp\/v2\/types\/page"}],"author":[{"embeddable":true,"href":"https:\/\/www.emdg-guilers.org\/index.php\/wp-json\/wp\/v2\/users\/3"}],"replies":[{"embeddable":true,"href":"https:\/\/www.emdg-guilers.org\/index.php\/wp-json\/wp\/v2\/comments?post=1665"}],"version-history":[{"count":4,"href":"https:\/\/www.emdg-guilers.org\/index.php\/wp-json\/wp\/v2\/pages\/1665\/revisions"}],"predecessor-version":[{"id":1672,"href":"https:\/\/www.emdg-guilers.org\/index.php\/wp-json\/wp\/v2\/pages\/1665\/revisions\/1672"}],"wp:attachment":[{"href":"https:\/\/www.emdg-guilers.org\/index.php\/wp-json\/wp\/v2\/media?parent=1665"}],"curies":[{"name":"wp","href":"https:\/\/api.w.org\/{rel}","templated":true}]}}