{"id":1881,"date":"2020-03-17T16:44:35","date_gmt":"2020-03-17T15:44:35","guid":{"rendered":"https:\/\/www.emdg-guilers.org\/?page_id=1881"},"modified":"2024-06-03T18:06:53","modified_gmt":"2024-06-03T16:06:53","slug":"ressources-pedagogiques","status":"publish","type":"page","link":"https:\/\/www.emdg-guilers.org\/index.php\/ressources-pedagogiques\/","title":{"rendered":"Ressources p\u00e9dagogiques"},"content":{"rendered":"\n<p><strong>PAGES \/ CONTENUS PEDAGOGIQUES DE NOS ENSEIGNANTS<\/strong><br><br><strong><em>DANSE<\/em><\/strong><br><strong>* Modern jazz<\/strong><br><a href=\"https:\/\/www.youtube.com\/channel\/UClTTqbQCBCcpttD8LkwQF2A\">Cha\u00eene de M\u00e9lanie Pitel<\/a>, professeure de danse modern jazz \u00e0 l&rsquo;EMDG<br><a href=\"https:\/\/padlet.com\/melaniepitel\/Bookmarks?fbclid=IwAR0iSaFMyC2KLNayJ2nhJKPjvuU4fjf8oMXTBFz3FH5qqDoouftjw975kcw\" target=\"_blank\" rel=\"noreferrer noopener\">Padlet de culture chor\u00e9graphique <\/a><br><br><strong>* Classique<\/strong><br><a href=\"https:\/\/padlet.com\/virginielegloahec\/1vqbasui1zm9dp62\" target=\"_blank\" rel=\"noreferrer noopener\">Padlet cours de danse classique<\/a>, Virginie Le Gloahec<br><br><strong>EVEIL <\/strong><br><strong>* Eveil musique et mouvement<\/strong><br><a href=\"https:\/\/padlet.com\/carolinevirginie29\/ij6a6ybnhsknw4r4\" target=\"_blank\" rel=\"noreferrer noopener\">Eveil musique et mouvement<\/a> par Caroline Guyon et Virginie Le Gloahec<br><br><strong><em>INSTRUMENTS <\/em><\/strong><br>* <strong>Guitare<\/strong><br><a href=\"https:\/\/philippegouret.blogspot.com\/\">Blog de Philippe Gouret<\/a>, <a href=\"http:\/\/youtube.com\/user\/philgouret\">Cha\u00eene Youtube<\/a> enseignant guitare et basse<br><a href=\"https:\/\/padlet.com\/brestguitare\" target=\"_blank\" rel=\"noreferrer noopener\">Padlet d&rsquo;Erwan Duval,<\/a> enseignant guitare<br><a href=\"https:\/\/www.youtube.com\/channel\/UCn28aMV8JfoJ6gEnU9SbUBw\" target=\"_blank\" rel=\"noreferrer noopener\">Cha\u00eene d&rsquo;Erwan Duval<\/a>, enseignant guitare<br><a href=\"https:\/\/drive.google.com\/drive\/folders\/1QyN2KG__oHEDzXAjcCXxjmjx-vFr4p39\" target=\"_blank\" rel=\"noreferrer noopener\">Drive de Pascal Ghigou<\/a>, enseignant guitare<\/p>\n\n\n\n<ul>\n<li>* <strong>Synth\u00e9 \/ MAO<\/strong><br><a href=\"https:\/\/padlet.com\/didiermerlateaubluedid\/claviers-et-mao-libre-qt4ho8c7w5469q90\">Padlet<\/a> de Didier Merlateau (maj juin 2024)<br><a href=\"https:\/\/www.youtube.com\/channel\/UCoYHw4Dh0zk7Ut3O6p4FEgA\">Cha\u00eene de Didier Merlateau<\/a>, enseignant MAO et Clavier \u00e0 l&rsquo;EMDG<br><strong>* Clarinette<\/strong><br><a href=\"https:\/\/padlet.com\/guegansteve\/napgmifwkbz66p3e\" target=\"_blank\" rel=\"noreferrer noopener\">Padlet<\/a> de Steve Gu\u00e9gan<br>* <strong>Violon et colourstrings<\/strong><br><a href=\"https:\/\/padlet.com\/violonmichele\/Violon\" target=\"_blank\" rel=\"noreferrer noopener\">Padlet classe de violon<\/a>, Mich\u00e8le Morvan, enseignante violon<br><a href=\"https:\/\/padlet.com\/violonmichele\/colourstrings\" target=\"_blank\" rel=\"noreferrer noopener\">Padlet colourstrings<\/a>, m\u00e9thode d&rsquo;apprentissage du violon par les couleurs, Mich\u00e8le Morvan, enseignante violon<br><br><strong>* Batterie \/ percussions<\/strong><br><a href=\"https:\/\/fr.padlet.com\/herriloquet\/n473nzfv9t5e95ch\" target=\"_blank\" rel=\"noreferrer noopener\">Padlet d&rsquo;Herri Loquet<\/a>, enseignant percussions, batterie<br><br><br><strong><em>ENSEMBLES<\/em><\/strong><br><strong>* Le GONG<\/strong><br><a href=\"https:\/\/fr.padlet.com\/mat_ren\/ztojk1j3bk7athjz\">Padlet du GONG <\/a>par Mathieu Renault, enseignant saxophone et big band Gong<br><a href=\"https:\/\/www.youtube.com\/channel\/UCe2RpJR8mU14PqCXzmP37HQ\" target=\"_blank\" rel=\"noreferrer noopener\">Cha\u00eene de Mathieu Renault<\/a>, enseignant saxophone et big band Gong<br><strong>* CORDEOLE<\/strong><br><a href=\"https:\/\/padlet.com\/violonmichele\/cord_eole\" target=\"_blank\" rel=\"noreferrer noopener\">Padlet Cord\u00e9ole<\/a>, ensemble \u00e0 vents et \u00e0 cordes, Mich\u00e8le Morvan, EMDG<br><\/li>\n<\/ul>\n\n\n\n<p><em><strong>FORMATION MUSICALE<\/strong><\/em><br><a href=\"https:\/\/padlet.com\/mat_ren\/9z4j6968oz5q70u4\" target=\"_blank\" rel=\"noreferrer noopener\">Classe de FM , Padlet<\/a> de Mathieu Renault<br><a rel=\"noreferrer noopener\" href=\"https:\/\/www.youtube.com\/playlist?list=PLtCMxLQpRE8K4vp60Q7SnPK_xKphk0LTU\" target=\"_blank\">R\u00e9visions solf\u00e8ge<\/a> Revoir le rythme, les accords de fa\u00e7on ludique&#8230;<br><a href=\"http:\/\/musiccrab.com\/\">Music Crab<\/a> Une application formation musicale pour reconna\u00eetre les notes, travailler l&rsquo;oreille sous forme de jeux<br>&#8212;-<\/p>\n\n\n\n<p>Autres ressources :<br><br><strong>LES LE\u00c7ONS DE PIANO D\u2019ANDR\u00c9 MANOUKIAN<\/strong><br>(France Inter)<br><a rel=\"noreferrer noopener\" href=\"https:\/\/www.youtube.com\/channel\/UCs7iu-oRf40iuX-3kO-4msg\/videos\" target=\"_blank\">A voir et \u00e9couter ici<\/a><br><br><strong>CONTES MUSICAUX \/ PODCASTS A ECOUTER<\/strong><br>Et si on r\u00e9visait ses classiques? <br><br><a href=\"https:\/\/www.francemusique.fr\/concert\/interpretation\/prokofiev-pierre-et-le-loup\">Pierre et le loup de Prokoviev<\/a> &#8211; R\u00e9citant : Lambert Wilson &#8211; Orchestre Philharmonique de Radio France<\/p>\n\n\n\n<p><a href=\"https:\/\/pad.philharmoniedeparis.fr\/0768582-the-young-persons-guide-to-the-orchestra-de-benjamin-britten.aspx\">The young person guide to the orchestra de Britten<\/a> <\/p>\n\n\n\n<p><a href=\"https:\/\/www.francemusique.fr\/emissions\/klassiko-dingo\/l-histoire-de-peer-gynt-de-grieg-19421\">L&rsquo;histoire de Peer Gynt<\/a> &#8211; Emission Klassiko Dingo<\/p>\n\n\n\n<p><a href=\"https:\/\/www.youtube.com\/watch?v=5aB5JDBNOSc\">Piccolo et saxo, \u00e0 la d\u00e9couverte des instruments de l&rsquo;orchestre<\/a> &#8211; Orchestre national de Lille<br><br><a href=\"https:\/\/portal.mediatheque-numerique.com\/inscription-utilisateur-etape-2?library=542\">Mediath\u00e8que num\u00e9rique pour les 3-12 ans<\/a> <\/p>\n\n\n\n<p><br><strong>MUSIQUE ASSIST\u00c9E PAR ORDINATEUR \/ MAO<\/strong><br><br>Musescore, \u00e9diteur de partitions gratuites <br><a href=\"https:\/\/www.youtube.com\/watch?v=Gr09J1rOrNY\">Tutoriels<\/a><br><br><strong>SPECTACLE VIVANT \/ DANSE<\/strong><br><br>&#8211; L&rsquo;op\u00e9ra de Paris met en ligne toutes ses repr\u00e9sentations en vid\u00e9o : Manon, Le lac des Cygnes, Les Indes galantes&#8230; <a href=\"https:\/\/www.operadeparis.fr\/\">A visionner gratuitement ici<\/a><\/p>\n\n\n\n<ul>\n<li><a href=\"https:\/\/www.numeridanse.tv\/dance-videotheque?type=search&amp;search=*&amp;offset=0&amp;limit=12&amp;ressource=*&amp;date=*&amp;country=*&amp;contributor=*&amp;format=*&amp;geo=*&amp;sort=date&amp;collection=\">Num\u00e9ridanse<\/a> : Vid\u00e9os de danse classique, modern jazz, hip hop&#8230; <br><br><strong>APPLICATIONS MUSIQUE ET DANSE POUR ENFANTS<\/strong><\/li>\n<\/ul>\n\n\n\n<figure class=\"wp-block-table\"><table><tbody><tr><td><a href=\"http:\/\/www.appsgo.com\/app\/barbapapa-et-les-instruments-de-musique-fr\/\">Barbapapa et les instruments de musique<\/a><\/td><\/tr><tr><td>&gt; Un livre interactif pour d\u00e9couvrir les diff\u00e9rentes familles d&rsquo;instruments dans l&rsquo;univers des Barbapapa&#8230;<\/td><\/tr><tr><td>Beatsnap<\/td><\/tr><tr><td>Complete ear trainer<\/td><\/tr><tr><td>Complete rhythm trainer<\/td><\/tr><tr><td>Cross DJ<\/td><\/tr><tr><td><a href=\"https:\/\/www.incredibox.com\/\">Incredibox<\/a><\/td><\/tr><tr><td>&gt; Cr\u00e9er des boucles musicales avec un groupe de beatboxers.<\/td><\/tr><tr><td>Kahoot<\/td><\/tr><tr><td><a href=\"http:\/\/souris-grise.fr\/keezy-mic-mac-extra-de-sons-mixes-apple\/\">Keezy<\/a><\/td><\/tr><tr><td>&gt; Pour les musiciens d\u00e9butants ou confirm\u00e9s : cr\u00e9ez, composez des musiques, \u00e0 partir de 8 touches color\u00e9es<\/td><\/tr><tr><td>Les Talens Lyriques &#8211; Composer<\/td><\/tr><tr><td><a href=\"https:\/\/www.yatatoy.com\/loopimal\">Loopimal<\/a><\/td><\/tr><tr><td>&gt; Cr\u00e9ez des boucles m\u00e9lodiques et rythmiques et faite danser des animaux, le tout dans un univers doux et color\u00e9.<\/td><\/tr><tr><td><\/td><\/tr><tr><td><\/td><\/tr><tr><td><\/td><\/tr><tr><td><a href=\"http:\/\/souris-grise.fr\/patatap-apple-android-web-jonathan-brandel\/\">Patatap<\/a><\/td><\/tr><tr><td>&gt; Cr\u00e9er des m\u00e9lodies du bout du doigt et jouez avec les formes g\u00e9om\u00e9triques qui apparaissent.<\/td><\/tr><tr><td><a href=\"http:\/\/www.super-julie.fr\/apps\/petit-piou\/\">&nbsp;Petit Piou<\/a><\/td><\/tr><tr><td>&gt; Une application d&rsquo;\u00e9veil musical qui permet de d\u00e9couvrir les notions de tempo, hauteur, nuances, etc<\/td><\/tr><tr><td>Perfect ear \u2013 Ear Trainer<\/td><\/tr><tr><td>Remix Live<\/td><\/tr><tr><td>Rythme musical &#8211; Beat The Rhythm<\/td><\/tr><tr><td><a href=\"https:\/\/www.sketchasong.com\/#\/\">Sketch a song<\/a><\/td><\/tr><tr><td>&gt; Une application pour d\u00e9velopper la cr\u00e9ativit\u00e9 musicale des enfants par le biais du dessin.<\/td><\/tr><tr><td>Smartfaust : sftrumpet, sfsiren, sfwindy\u2026<\/td><\/tr><tr><td>Solfa<\/td><\/tr><tr><td>Sonic Solveig : les voix du jazz ; Op\u00e9ra play<\/td><\/tr><tr><td>Soundtrap<\/td><\/tr><tr><td>Superpads<\/td><\/tr><tr><td>Tomplay<\/td><\/tr><tr><td><a href=\"https:\/\/www.voixci.fr\/\">Voixci<\/a><\/td><\/tr><tr><td>&gt; Une application vous permettant de sonoriser et musicaliser toutes les histoires de votre choix<\/td><\/tr><\/tbody><\/table><\/figure>\n\n\n\n<p><br><\/p>\n\n\n\n<p><\/p>\n\n\n\n<p><\/p>\n","protected":false},"excerpt":{"rendered":"<p>PAGES \/ CONTENUS PEDAGOGIQUES DE NOS ENSEIGNANTS DANSE* Modern jazzCha\u00eene de M\u00e9lanie Pitel, professeure de danse modern jazz \u00e0 l&rsquo;EMDGPadlet de culture chor\u00e9graphique * ClassiquePadlet cours de danse classique, Virginie Le Gloahec EVEIL * Eveil musique et mouvementEveil musique et mouvement par Caroline Guyon et Virginie Le Gloahec INSTRUMENTS * GuitareBlog de Philippe Gouret, Cha\u00eene Youtube enseignant guitare et bassePadlet d&rsquo;Erwan Duval, enseignant guitareCha\u00eene d&rsquo;Erwan Duval, enseignant guitareDrive de Pascal Ghigou, enseignant guitare FORMATION MUSICALEClasse de FM , Padlet de&#8230;<\/p>\n<p class=\"read-more\"><a class=\"btn btn-default\" href=\"https:\/\/www.emdg-guilers.org\/index.php\/ressources-pedagogiques\/\">Lire la suite<span class=\"screen-reader-text\"> Lire la suite<\/span><\/a><\/p>\n","protected":false},"author":3,"featured_media":0,"parent":0,"menu_order":0,"comment_status":"closed","ping_status":"closed","template":"","meta":{"footnotes":""},"yoast_head":"<!-- This site is optimized with the Yoast SEO plugin v22.4 - https:\/\/yoast.com\/wordpress\/plugins\/seo\/ -->\n<title>Ressources p\u00e9dagogiques - Ecole de Musique, Danse &amp; Th\u00e9\u00e2tre de Guilers<\/title>\n<meta name=\"description\" content=\"ressources padagogiques covid19\" \/>\n<meta name=\"robots\" content=\"index, follow, max-snippet:-1, max-image-preview:large, max-video-preview:-1\" \/>\n<link rel=\"canonical\" href=\"https:\/\/www.emdg-guilers.org\/index.php\/ressources-pedagogiques\/\" \/>\n<meta property=\"og:locale\" content=\"fr_FR\" \/>\n<meta property=\"og:type\" content=\"article\" \/>\n<meta property=\"og:title\" content=\"Ressources p\u00e9dagogiques - Ecole de Musique, Danse &amp; Th\u00e9\u00e2tre de Guilers\" \/>\n<meta property=\"og:description\" content=\"ressources padagogiques covid19\" \/>\n<meta property=\"og:url\" content=\"https:\/\/www.emdg-guilers.org\/index.php\/ressources-pedagogiques\/\" \/>\n<meta property=\"og:site_name\" content=\"Ecole de Musique, Danse &amp; Th\u00e9\u00e2tre de Guilers\" \/>\n<meta property=\"article:publisher\" content=\"https:\/\/www.facebook.com\/Ecole-de-Musique-et-de-Danse-de-Guilers-480017765533016\/\" \/>\n<meta property=\"article:modified_time\" content=\"2024-06-03T16:06:53+00:00\" \/>\n<meta name=\"twitter:card\" content=\"summary_large_image\" \/>\n<meta name=\"twitter:label1\" content=\"Dur\u00e9e de lecture estim\u00e9e\" \/>\n\t<meta name=\"twitter:data1\" content=\"3 minutes\" \/>\n<script type=\"application\/ld+json\" class=\"yoast-schema-graph\">{\"@context\":\"https:\/\/schema.org\",\"@graph\":[{\"@type\":\"WebPage\",\"@id\":\"https:\/\/www.emdg-guilers.org\/index.php\/ressources-pedagogiques\/\",\"url\":\"https:\/\/www.emdg-guilers.org\/index.php\/ressources-pedagogiques\/\",\"name\":\"Ressources p\u00e9dagogiques - Ecole de Musique, Danse &amp; Th\u00e9\u00e2tre de Guilers\",\"isPartOf\":{\"@id\":\"https:\/\/www.emdg-guilers.org\/#website\"},\"datePublished\":\"2020-03-17T15:44:35+00:00\",\"dateModified\":\"2024-06-03T16:06:53+00:00\",\"description\":\"ressources padagogiques covid19\",\"breadcrumb\":{\"@id\":\"https:\/\/www.emdg-guilers.org\/index.php\/ressources-pedagogiques\/#breadcrumb\"},\"inLanguage\":\"fr-FR\",\"potentialAction\":[{\"@type\":\"ReadAction\",\"target\":[\"https:\/\/www.emdg-guilers.org\/index.php\/ressources-pedagogiques\/\"]}]},{\"@type\":\"BreadcrumbList\",\"@id\":\"https:\/\/www.emdg-guilers.org\/index.php\/ressources-pedagogiques\/#breadcrumb\",\"itemListElement\":[{\"@type\":\"ListItem\",\"position\":1,\"name\":\"Accueil\",\"item\":\"https:\/\/www.emdg-guilers.org\/\"},{\"@type\":\"ListItem\",\"position\":2,\"name\":\"Ressources p\u00e9dagogiques\"}]},{\"@type\":\"WebSite\",\"@id\":\"https:\/\/www.emdg-guilers.org\/#website\",\"url\":\"https:\/\/www.emdg-guilers.org\/\",\"name\":\"Ecole de Musique et Danse de Guilers\",\"description\":\"Ecole associative, cours de musique, danse, th\u00e9\u00e2tre accessibles \u00e0 tous\",\"publisher\":{\"@id\":\"https:\/\/www.emdg-guilers.org\/#organization\"},\"potentialAction\":[{\"@type\":\"SearchAction\",\"target\":{\"@type\":\"EntryPoint\",\"urlTemplate\":\"https:\/\/www.emdg-guilers.org\/?s={search_term_string}\"},\"query-input\":\"required name=search_term_string\"}],\"inLanguage\":\"fr-FR\"},{\"@type\":\"Organization\",\"@id\":\"https:\/\/www.emdg-guilers.org\/#organization\",\"name\":\"Ecole de Musique et de Danse\",\"url\":\"https:\/\/www.emdg-guilers.org\/\",\"logo\":{\"@type\":\"ImageObject\",\"inLanguage\":\"fr-FR\",\"@id\":\"https:\/\/www.emdg-guilers.org\/#\/schema\/logo\/image\/\",\"url\":\"https:\/\/www.emdg-guilers.org\/wp-content\/uploads\/2016\/06\/logo2014.jpg\",\"contentUrl\":\"https:\/\/www.emdg-guilers.org\/wp-content\/uploads\/2016\/06\/logo2014.jpg\",\"width\":214,\"height\":116,\"caption\":\"Ecole de Musique et de Danse\"},\"image\":{\"@id\":\"https:\/\/www.emdg-guilers.org\/#\/schema\/logo\/image\/\"},\"sameAs\":[\"https:\/\/www.facebook.com\/Ecole-de-Musique-et-de-Danse-de-Guilers-480017765533016\/\"]}]}<\/script>\n<!-- \/ Yoast SEO plugin. -->","yoast_head_json":{"title":"Ressources p\u00e9dagogiques - Ecole de Musique, Danse &amp; Th\u00e9\u00e2tre de Guilers","description":"ressources padagogiques covid19","robots":{"index":"index","follow":"follow","max-snippet":"max-snippet:-1","max-image-preview":"max-image-preview:large","max-video-preview":"max-video-preview:-1"},"canonical":"https:\/\/www.emdg-guilers.org\/index.php\/ressources-pedagogiques\/","og_locale":"fr_FR","og_type":"article","og_title":"Ressources p\u00e9dagogiques - Ecole de Musique, Danse &amp; Th\u00e9\u00e2tre de Guilers","og_description":"ressources padagogiques covid19","og_url":"https:\/\/www.emdg-guilers.org\/index.php\/ressources-pedagogiques\/","og_site_name":"Ecole de Musique, Danse &amp; Th\u00e9\u00e2tre de Guilers","article_publisher":"https:\/\/www.facebook.com\/Ecole-de-Musique-et-de-Danse-de-Guilers-480017765533016\/","article_modified_time":"2024-06-03T16:06:53+00:00","twitter_card":"summary_large_image","twitter_misc":{"Dur\u00e9e de lecture estim\u00e9e":"3 minutes"},"schema":{"@context":"https:\/\/schema.org","@graph":[{"@type":"WebPage","@id":"https:\/\/www.emdg-guilers.org\/index.php\/ressources-pedagogiques\/","url":"https:\/\/www.emdg-guilers.org\/index.php\/ressources-pedagogiques\/","name":"Ressources p\u00e9dagogiques - Ecole de Musique, Danse &amp; Th\u00e9\u00e2tre de Guilers","isPartOf":{"@id":"https:\/\/www.emdg-guilers.org\/#website"},"datePublished":"2020-03-17T15:44:35+00:00","dateModified":"2024-06-03T16:06:53+00:00","description":"ressources padagogiques covid19","breadcrumb":{"@id":"https:\/\/www.emdg-guilers.org\/index.php\/ressources-pedagogiques\/#breadcrumb"},"inLanguage":"fr-FR","potentialAction":[{"@type":"ReadAction","target":["https:\/\/www.emdg-guilers.org\/index.php\/ressources-pedagogiques\/"]}]},{"@type":"BreadcrumbList","@id":"https:\/\/www.emdg-guilers.org\/index.php\/ressources-pedagogiques\/#breadcrumb","itemListElement":[{"@type":"ListItem","position":1,"name":"Accueil","item":"https:\/\/www.emdg-guilers.org\/"},{"@type":"ListItem","position":2,"name":"Ressources p\u00e9dagogiques"}]},{"@type":"WebSite","@id":"https:\/\/www.emdg-guilers.org\/#website","url":"https:\/\/www.emdg-guilers.org\/","name":"Ecole de Musique et Danse de Guilers","description":"Ecole associative, cours de musique, danse, th\u00e9\u00e2tre accessibles \u00e0 tous","publisher":{"@id":"https:\/\/www.emdg-guilers.org\/#organization"},"potentialAction":[{"@type":"SearchAction","target":{"@type":"EntryPoint","urlTemplate":"https:\/\/www.emdg-guilers.org\/?s={search_term_string}"},"query-input":"required name=search_term_string"}],"inLanguage":"fr-FR"},{"@type":"Organization","@id":"https:\/\/www.emdg-guilers.org\/#organization","name":"Ecole de Musique et de Danse","url":"https:\/\/www.emdg-guilers.org\/","logo":{"@type":"ImageObject","inLanguage":"fr-FR","@id":"https:\/\/www.emdg-guilers.org\/#\/schema\/logo\/image\/","url":"https:\/\/www.emdg-guilers.org\/wp-content\/uploads\/2016\/06\/logo2014.jpg","contentUrl":"https:\/\/www.emdg-guilers.org\/wp-content\/uploads\/2016\/06\/logo2014.jpg","width":214,"height":116,"caption":"Ecole de Musique et de Danse"},"image":{"@id":"https:\/\/www.emdg-guilers.org\/#\/schema\/logo\/image\/"},"sameAs":["https:\/\/www.facebook.com\/Ecole-de-Musique-et-de-Danse-de-Guilers-480017765533016\/"]}]}},"_links":{"self":[{"href":"https:\/\/www.emdg-guilers.org\/index.php\/wp-json\/wp\/v2\/pages\/1881"}],"collection":[{"href":"https:\/\/www.emdg-guilers.org\/index.php\/wp-json\/wp\/v2\/pages"}],"about":[{"href":"https:\/\/www.emdg-guilers.org\/index.php\/wp-json\/wp\/v2\/types\/page"}],"author":[{"embeddable":true,"href":"https:\/\/www.emdg-guilers.org\/index.php\/wp-json\/wp\/v2\/users\/3"}],"replies":[{"embeddable":true,"href":"https:\/\/www.emdg-guilers.org\/index.php\/wp-json\/wp\/v2\/comments?post=1881"}],"version-history":[{"count":45,"href":"https:\/\/www.emdg-guilers.org\/index.php\/wp-json\/wp\/v2\/pages\/1881\/revisions"}],"predecessor-version":[{"id":4381,"href":"https:\/\/www.emdg-guilers.org\/index.php\/wp-json\/wp\/v2\/pages\/1881\/revisions\/4381"}],"wp:attachment":[{"href":"https:\/\/www.emdg-guilers.org\/index.php\/wp-json\/wp\/v2\/media?parent=1881"}],"curies":[{"name":"wp","href":"https:\/\/api.w.org\/{rel}","templated":true}]}}