{"id":2209,"date":"2021-01-19T17:16:26","date_gmt":"2021-01-19T16:16:26","guid":{"rendered":"https:\/\/www.emdg-guilers.org\/?page_id=2209"},"modified":"2022-11-29T15:41:46","modified_gmt":"2022-11-29T14:41:46","slug":"fanfare","status":"publish","type":"page","link":"https:\/\/www.emdg-guilers.org\/index.php\/fanfare\/","title":{"rendered":"Wind and Groove : \u00ab\u00a0fanfare\u00a0\u00bb inter-\u00e9coles"},"content":{"rendered":"\n<figure class=\"wp-block-image size-large\"><img loading=\"lazy\" decoding=\"async\" width=\"724\" height=\"1024\" src=\"https:\/\/www.emdg-guilers.org\/wp-content\/uploads\/2022\/10\/Affiche-Wind-and-Groove-724x1024.jpg\" alt=\"\" class=\"wp-image-3258\" srcset=\"https:\/\/www.emdg-guilers.org\/wp-content\/uploads\/2022\/10\/Affiche-Wind-and-Groove-724x1024.jpg 724w, https:\/\/www.emdg-guilers.org\/wp-content\/uploads\/2022\/10\/Affiche-Wind-and-Groove-212x300.jpg 212w, https:\/\/www.emdg-guilers.org\/wp-content\/uploads\/2022\/10\/Affiche-Wind-and-Groove-768x1086.jpg 768w, https:\/\/www.emdg-guilers.org\/wp-content\/uploads\/2022\/10\/Affiche-Wind-and-Groove-1086x1536.jpg 1086w, https:\/\/www.emdg-guilers.org\/wp-content\/uploads\/2022\/10\/Affiche-Wind-and-Groove-1448x2048.jpg 1448w, https:\/\/www.emdg-guilers.org\/wp-content\/uploads\/2022\/10\/Affiche-Wind-and-Groove-191x270.jpg 191w, https:\/\/www.emdg-guilers.org\/wp-content\/uploads\/2022\/10\/Affiche-Wind-and-Groove.jpg 1587w\" sizes=\"(max-width: 724px) 100vw, 724px\" \/><\/figure>\n\n\n\n<p>Projet initi\u00e9 par les diff\u00e9rentes \u00e9coles de la m\u00e9tropole (Conservatoire \u00e0 Rayonnement R\u00e9gional de Brest, EMDG Guilers, Ecole de musique municipale de Plouzan\u00e9, Ecole de Musique d&rsquo;Iroise, Ecole des musiques de Loperhet, Maison de la musique de Landerneau&#8230;) sous la direction artistique de S\u00e9bastien Schlosmacher et Maxime Chevrot.<\/p>\n\n\n\n<p><strong>WIND AND GROOVE<\/strong> ou la cr\u00e9ation pour l&rsquo;ann\u00e9e scolaire d&rsquo;une <strong>fanfare de rue <\/strong>(en statique\/sc\u00e8ne) autour d&rsquo;un r\u00e9pertoire groove funk (Young Blood , Lucky Chops, Jaco Pastorius&#8230;)<\/p>\n\n\n\n<p>Ouvert aux musiciens de minimum 3 ans de pratique aux instruments suivants : trompette, tuba, trombone, clarinette, fl\u00fbte, saxophones, percussions (adultes ou enfants, ados)<\/p>\n\n\n\n<p>Pas de limites de nombre par pupitre pour l&rsquo;instant. Participation gratuite.<br><br><em><strong>Dates de r\u00e9p\u00e9titions :<\/strong><\/em><br>Samedi 26 Novembre \u00e0 La Car\u00e8ne<br>Dimanche 4 D\u00e9cembre au Relecq Kerhuon<br>Samedi 14 Janvier \u00e0 St Renan<br>Samedi 11 Mars \u00e0 Guilers<br>Dimanche 14 Mai \u00e0 Plouzan\u00e9<br>Samedi 17 Juin \u00e0 Landerneau<\/p>\n\n\n\n<p><em><strong>Concerts :<\/strong><\/em><br>Samedi 17 Juin \u00e0 Landerneau<br>Mercredi 21 Juin \u00e0 Brest<br>Concert \u00e0 d\u00e9finir sur Plouzan\u00e9\/Guilers\/St Renan<\/p>\n\n\n\n<p>LIENS&nbsp;:<br><a href=\"https:\/\/docs.google.com\/forms\/d\/e\/1FAIpQLSfd_NTQv1E_9RaiEbmKSW-XiJOyY1YRjacKYAvMlTPm4LUevA\/viewform?usp=sf_link\">S&rsquo;inscrire<\/a> <br><a href=\"https:\/\/drive.google.com\/drive\/folders\/1fAg9q4Z10MXIDJ6jKr151e7pUTGp5wAP?usp=sharing\">Partitions<\/a>&nbsp;<\/p>\n\n\n\n<p><\/p>\n","protected":false},"excerpt":{"rendered":"<p>Projet initi\u00e9 par les diff\u00e9rentes \u00e9coles de la m\u00e9tropole (Conservatoire \u00e0 Rayonnement R\u00e9gional de Brest, EMDG Guilers, Ecole de musique municipale de Plouzan\u00e9, Ecole de Musique d&rsquo;Iroise, Ecole des musiques de Loperhet, Maison de la musique de Landerneau&#8230;) sous la direction artistique de S\u00e9bastien Schlosmacher et Maxime Chevrot. WIND AND GROOVE ou la cr\u00e9ation pour l&rsquo;ann\u00e9e scolaire d&rsquo;une fanfare de rue (en statique\/sc\u00e8ne) autour d&rsquo;un r\u00e9pertoire groove funk (Young Blood , Lucky Chops, Jaco Pastorius&#8230;) Ouvert aux musiciens de minimum&#8230;<\/p>\n<p class=\"read-more\"><a class=\"btn btn-default\" href=\"https:\/\/www.emdg-guilers.org\/index.php\/fanfare\/\">Lire la suite<span class=\"screen-reader-text\"> Lire la suite<\/span><\/a><\/p>\n","protected":false},"author":3,"featured_media":0,"parent":0,"menu_order":0,"comment_status":"closed","ping_status":"closed","template":"","meta":{"footnotes":""},"yoast_head":"<!-- This site is optimized with the Yoast SEO plugin v22.4 - https:\/\/yoast.com\/wordpress\/plugins\/seo\/ -->\n<title>Wind and Groove : &quot;fanfare&quot; inter-\u00e9coles - Ecole de Musique, Danse &amp; Th\u00e9\u00e2tre de Guilers<\/title>\n<meta name=\"robots\" content=\"index, follow, max-snippet:-1, max-image-preview:large, max-video-preview:-1\" \/>\n<link rel=\"canonical\" href=\"https:\/\/www.emdg-guilers.org\/index.php\/fanfare\/\" \/>\n<meta property=\"og:locale\" content=\"fr_FR\" \/>\n<meta property=\"og:type\" content=\"article\" \/>\n<meta property=\"og:title\" content=\"Wind and Groove : &quot;fanfare&quot; inter-\u00e9coles - Ecole de Musique, Danse &amp; Th\u00e9\u00e2tre de Guilers\" \/>\n<meta property=\"og:description\" content=\"Projet initi\u00e9 par les diff\u00e9rentes \u00e9coles de la m\u00e9tropole (Conservatoire \u00e0 Rayonnement R\u00e9gional de Brest, EMDG Guilers, Ecole de musique municipale de Plouzan\u00e9, Ecole de Musique d&rsquo;Iroise, Ecole des musiques de Loperhet, Maison de la musique de Landerneau&#8230;) sous la direction artistique de S\u00e9bastien Schlosmacher et Maxime Chevrot. WIND AND GROOVE ou la cr\u00e9ation pour l&rsquo;ann\u00e9e scolaire d&rsquo;une fanfare de rue (en statique\/sc\u00e8ne) autour d&rsquo;un r\u00e9pertoire groove funk (Young Blood , Lucky Chops, Jaco Pastorius&#8230;) Ouvert aux musiciens de minimum...Lire la suite Lire la suite\" \/>\n<meta property=\"og:url\" content=\"https:\/\/www.emdg-guilers.org\/index.php\/fanfare\/\" \/>\n<meta property=\"og:site_name\" content=\"Ecole de Musique, Danse &amp; Th\u00e9\u00e2tre de Guilers\" \/>\n<meta property=\"article:publisher\" content=\"https:\/\/www.facebook.com\/Ecole-de-Musique-et-de-Danse-de-Guilers-480017765533016\/\" \/>\n<meta property=\"article:modified_time\" content=\"2022-11-29T14:41:46+00:00\" \/>\n<meta property=\"og:image\" content=\"https:\/\/www.emdg-guilers.org\/wp-content\/uploads\/2022\/10\/Affiche-Wind-and-Groove-724x1024.jpg\" \/>\n<meta name=\"twitter:card\" content=\"summary_large_image\" \/>\n<meta name=\"twitter:label1\" content=\"Dur\u00e9e de lecture estim\u00e9e\" \/>\n\t<meta name=\"twitter:data1\" content=\"1 minute\" \/>\n<script type=\"application\/ld+json\" class=\"yoast-schema-graph\">{\"@context\":\"https:\/\/schema.org\",\"@graph\":[{\"@type\":\"WebPage\",\"@id\":\"https:\/\/www.emdg-guilers.org\/index.php\/fanfare\/\",\"url\":\"https:\/\/www.emdg-guilers.org\/index.php\/fanfare\/\",\"name\":\"Wind and Groove : \\\"fanfare\\\" inter-\u00e9coles - Ecole de Musique, Danse &amp; Th\u00e9\u00e2tre de Guilers\",\"isPartOf\":{\"@id\":\"https:\/\/www.emdg-guilers.org\/#website\"},\"primaryImageOfPage\":{\"@id\":\"https:\/\/www.emdg-guilers.org\/index.php\/fanfare\/#primaryimage\"},\"image\":{\"@id\":\"https:\/\/www.emdg-guilers.org\/index.php\/fanfare\/#primaryimage\"},\"thumbnailUrl\":\"https:\/\/www.emdg-guilers.org\/wp-content\/uploads\/2022\/10\/Affiche-Wind-and-Groove-724x1024.jpg\",\"datePublished\":\"2021-01-19T16:16:26+00:00\",\"dateModified\":\"2022-11-29T14:41:46+00:00\",\"breadcrumb\":{\"@id\":\"https:\/\/www.emdg-guilers.org\/index.php\/fanfare\/#breadcrumb\"},\"inLanguage\":\"fr-FR\",\"potentialAction\":[{\"@type\":\"ReadAction\",\"target\":[\"https:\/\/www.emdg-guilers.org\/index.php\/fanfare\/\"]}]},{\"@type\":\"ImageObject\",\"inLanguage\":\"fr-FR\",\"@id\":\"https:\/\/www.emdg-guilers.org\/index.php\/fanfare\/#primaryimage\",\"url\":\"https:\/\/www.emdg-guilers.org\/wp-content\/uploads\/2022\/10\/Affiche-Wind-and-Groove.jpg\",\"contentUrl\":\"https:\/\/www.emdg-guilers.org\/wp-content\/uploads\/2022\/10\/Affiche-Wind-and-Groove.jpg\",\"width\":1587,\"height\":2245},{\"@type\":\"BreadcrumbList\",\"@id\":\"https:\/\/www.emdg-guilers.org\/index.php\/fanfare\/#breadcrumb\",\"itemListElement\":[{\"@type\":\"ListItem\",\"position\":1,\"name\":\"Accueil\",\"item\":\"https:\/\/www.emdg-guilers.org\/\"},{\"@type\":\"ListItem\",\"position\":2,\"name\":\"Wind and Groove : \u00ab\u00a0fanfare\u00a0\u00bb inter-\u00e9coles\"}]},{\"@type\":\"WebSite\",\"@id\":\"https:\/\/www.emdg-guilers.org\/#website\",\"url\":\"https:\/\/www.emdg-guilers.org\/\",\"name\":\"Ecole de Musique et Danse de Guilers\",\"description\":\"Ecole associative, cours de musique, danse, th\u00e9\u00e2tre accessibles \u00e0 tous\",\"publisher\":{\"@id\":\"https:\/\/www.emdg-guilers.org\/#organization\"},\"potentialAction\":[{\"@type\":\"SearchAction\",\"target\":{\"@type\":\"EntryPoint\",\"urlTemplate\":\"https:\/\/www.emdg-guilers.org\/?s={search_term_string}\"},\"query-input\":\"required name=search_term_string\"}],\"inLanguage\":\"fr-FR\"},{\"@type\":\"Organization\",\"@id\":\"https:\/\/www.emdg-guilers.org\/#organization\",\"name\":\"Ecole de Musique et de Danse\",\"url\":\"https:\/\/www.emdg-guilers.org\/\",\"logo\":{\"@type\":\"ImageObject\",\"inLanguage\":\"fr-FR\",\"@id\":\"https:\/\/www.emdg-guilers.org\/#\/schema\/logo\/image\/\",\"url\":\"https:\/\/www.emdg-guilers.org\/wp-content\/uploads\/2016\/06\/logo2014.jpg\",\"contentUrl\":\"https:\/\/www.emdg-guilers.org\/wp-content\/uploads\/2016\/06\/logo2014.jpg\",\"width\":214,\"height\":116,\"caption\":\"Ecole de Musique et de Danse\"},\"image\":{\"@id\":\"https:\/\/www.emdg-guilers.org\/#\/schema\/logo\/image\/\"},\"sameAs\":[\"https:\/\/www.facebook.com\/Ecole-de-Musique-et-de-Danse-de-Guilers-480017765533016\/\"]}]}<\/script>\n<!-- \/ Yoast SEO plugin. -->","yoast_head_json":{"title":"Wind and Groove : \"fanfare\" inter-\u00e9coles - Ecole de Musique, Danse &amp; Th\u00e9\u00e2tre de Guilers","robots":{"index":"index","follow":"follow","max-snippet":"max-snippet:-1","max-image-preview":"max-image-preview:large","max-video-preview":"max-video-preview:-1"},"canonical":"https:\/\/www.emdg-guilers.org\/index.php\/fanfare\/","og_locale":"fr_FR","og_type":"article","og_title":"Wind and Groove : \"fanfare\" inter-\u00e9coles - Ecole de Musique, Danse &amp; Th\u00e9\u00e2tre de Guilers","og_description":"Projet initi\u00e9 par les diff\u00e9rentes \u00e9coles de la m\u00e9tropole (Conservatoire \u00e0 Rayonnement R\u00e9gional de Brest, EMDG Guilers, Ecole de musique municipale de Plouzan\u00e9, Ecole de Musique d&rsquo;Iroise, Ecole des musiques de Loperhet, Maison de la musique de Landerneau&#8230;) sous la direction artistique de S\u00e9bastien Schlosmacher et Maxime Chevrot. WIND AND GROOVE ou la cr\u00e9ation pour l&rsquo;ann\u00e9e scolaire d&rsquo;une fanfare de rue (en statique\/sc\u00e8ne) autour d&rsquo;un r\u00e9pertoire groove funk (Young Blood , Lucky Chops, Jaco Pastorius&#8230;) Ouvert aux musiciens de minimum...Lire la suite Lire la suite","og_url":"https:\/\/www.emdg-guilers.org\/index.php\/fanfare\/","og_site_name":"Ecole de Musique, Danse &amp; Th\u00e9\u00e2tre de Guilers","article_publisher":"https:\/\/www.facebook.com\/Ecole-de-Musique-et-de-Danse-de-Guilers-480017765533016\/","article_modified_time":"2022-11-29T14:41:46+00:00","og_image":[{"url":"https:\/\/www.emdg-guilers.org\/wp-content\/uploads\/2022\/10\/Affiche-Wind-and-Groove-724x1024.jpg"}],"twitter_card":"summary_large_image","twitter_misc":{"Dur\u00e9e de lecture estim\u00e9e":"1 minute"},"schema":{"@context":"https:\/\/schema.org","@graph":[{"@type":"WebPage","@id":"https:\/\/www.emdg-guilers.org\/index.php\/fanfare\/","url":"https:\/\/www.emdg-guilers.org\/index.php\/fanfare\/","name":"Wind and Groove : \"fanfare\" inter-\u00e9coles - Ecole de Musique, Danse &amp; Th\u00e9\u00e2tre de Guilers","isPartOf":{"@id":"https:\/\/www.emdg-guilers.org\/#website"},"primaryImageOfPage":{"@id":"https:\/\/www.emdg-guilers.org\/index.php\/fanfare\/#primaryimage"},"image":{"@id":"https:\/\/www.emdg-guilers.org\/index.php\/fanfare\/#primaryimage"},"thumbnailUrl":"https:\/\/www.emdg-guilers.org\/wp-content\/uploads\/2022\/10\/Affiche-Wind-and-Groove-724x1024.jpg","datePublished":"2021-01-19T16:16:26+00:00","dateModified":"2022-11-29T14:41:46+00:00","breadcrumb":{"@id":"https:\/\/www.emdg-guilers.org\/index.php\/fanfare\/#breadcrumb"},"inLanguage":"fr-FR","potentialAction":[{"@type":"ReadAction","target":["https:\/\/www.emdg-guilers.org\/index.php\/fanfare\/"]}]},{"@type":"ImageObject","inLanguage":"fr-FR","@id":"https:\/\/www.emdg-guilers.org\/index.php\/fanfare\/#primaryimage","url":"https:\/\/www.emdg-guilers.org\/wp-content\/uploads\/2022\/10\/Affiche-Wind-and-Groove.jpg","contentUrl":"https:\/\/www.emdg-guilers.org\/wp-content\/uploads\/2022\/10\/Affiche-Wind-and-Groove.jpg","width":1587,"height":2245},{"@type":"BreadcrumbList","@id":"https:\/\/www.emdg-guilers.org\/index.php\/fanfare\/#breadcrumb","itemListElement":[{"@type":"ListItem","position":1,"name":"Accueil","item":"https:\/\/www.emdg-guilers.org\/"},{"@type":"ListItem","position":2,"name":"Wind and Groove : \u00ab\u00a0fanfare\u00a0\u00bb inter-\u00e9coles"}]},{"@type":"WebSite","@id":"https:\/\/www.emdg-guilers.org\/#website","url":"https:\/\/www.emdg-guilers.org\/","name":"Ecole de Musique et Danse de Guilers","description":"Ecole associative, cours de musique, danse, th\u00e9\u00e2tre accessibles \u00e0 tous","publisher":{"@id":"https:\/\/www.emdg-guilers.org\/#organization"},"potentialAction":[{"@type":"SearchAction","target":{"@type":"EntryPoint","urlTemplate":"https:\/\/www.emdg-guilers.org\/?s={search_term_string}"},"query-input":"required name=search_term_string"}],"inLanguage":"fr-FR"},{"@type":"Organization","@id":"https:\/\/www.emdg-guilers.org\/#organization","name":"Ecole de Musique et de Danse","url":"https:\/\/www.emdg-guilers.org\/","logo":{"@type":"ImageObject","inLanguage":"fr-FR","@id":"https:\/\/www.emdg-guilers.org\/#\/schema\/logo\/image\/","url":"https:\/\/www.emdg-guilers.org\/wp-content\/uploads\/2016\/06\/logo2014.jpg","contentUrl":"https:\/\/www.emdg-guilers.org\/wp-content\/uploads\/2016\/06\/logo2014.jpg","width":214,"height":116,"caption":"Ecole de Musique et de Danse"},"image":{"@id":"https:\/\/www.emdg-guilers.org\/#\/schema\/logo\/image\/"},"sameAs":["https:\/\/www.facebook.com\/Ecole-de-Musique-et-de-Danse-de-Guilers-480017765533016\/"]}]}},"_links":{"self":[{"href":"https:\/\/www.emdg-guilers.org\/index.php\/wp-json\/wp\/v2\/pages\/2209"}],"collection":[{"href":"https:\/\/www.emdg-guilers.org\/index.php\/wp-json\/wp\/v2\/pages"}],"about":[{"href":"https:\/\/www.emdg-guilers.org\/index.php\/wp-json\/wp\/v2\/types\/page"}],"author":[{"embeddable":true,"href":"https:\/\/www.emdg-guilers.org\/index.php\/wp-json\/wp\/v2\/users\/3"}],"replies":[{"embeddable":true,"href":"https:\/\/www.emdg-guilers.org\/index.php\/wp-json\/wp\/v2\/comments?post=2209"}],"version-history":[{"count":7,"href":"https:\/\/www.emdg-guilers.org\/index.php\/wp-json\/wp\/v2\/pages\/2209\/revisions"}],"predecessor-version":[{"id":3355,"href":"https:\/\/www.emdg-guilers.org\/index.php\/wp-json\/wp\/v2\/pages\/2209\/revisions\/3355"}],"wp:attachment":[{"href":"https:\/\/www.emdg-guilers.org\/index.php\/wp-json\/wp\/v2\/media?parent=2209"}],"curies":[{"name":"wp","href":"https:\/\/api.w.org\/{rel}","templated":true}]}}