{"id":2418,"date":"2021-05-11T14:02:23","date_gmt":"2021-05-11T12:02:23","guid":{"rendered":"https:\/\/www.emdg-guilers.org\/?page_id=2418"},"modified":"2022-09-08T12:15:25","modified_gmt":"2022-09-08T10:15:25","slug":"musique-assistee-par-ordinateur","status":"publish","type":"page","link":"https:\/\/www.emdg-guilers.org\/index.php\/musique-assistee-par-ordinateur\/","title":{"rendered":"Musique Assist\u00e9e par Ordinateur"},"content":{"rendered":"\n<div class=\"wp-block-image\"><figure class=\"alignright size-large is-resized\"><img loading=\"lazy\" decoding=\"async\" src=\"https:\/\/www.emdg-guilers.org\/wp-content\/uploads\/2022\/09\/18-1024x1024.jpg\" alt=\"\" class=\"wp-image-3192\" width=\"244\" height=\"244\" srcset=\"https:\/\/www.emdg-guilers.org\/wp-content\/uploads\/2022\/09\/18-1024x1024.jpg 1024w, https:\/\/www.emdg-guilers.org\/wp-content\/uploads\/2022\/09\/18-300x300.jpg 300w, https:\/\/www.emdg-guilers.org\/wp-content\/uploads\/2022\/09\/18-150x150.jpg 150w, https:\/\/www.emdg-guilers.org\/wp-content\/uploads\/2022\/09\/18-768x768.jpg 768w, https:\/\/www.emdg-guilers.org\/wp-content\/uploads\/2022\/09\/18-270x270.jpg 270w, https:\/\/www.emdg-guilers.org\/wp-content\/uploads\/2022\/09\/18.jpg 1080w\" sizes=\"(max-width: 244px) 100vw, 244px\" \/><\/figure><\/div>\n\n\n\n<p>Les ateliers de MAO (musique assist\u00e9e par ordinateur) anim\u00e9s par <strong>Didier Merlateau<\/strong>, sont ouverts \u00e0 tous. <\/p>\n\n\n\n<p>Les objectifs et potentiels sont tr\u00e8s nombreux et l&rsquo;enseignant s&rsquo;adaptera aux envies et souhaits des \u00e9l\u00e8ves. <\/p>\n\n\n\n<p>Voici les possibilit\u00e9s : <br>&#8211; S&rsquo;enregistrer<br>&#8211; Composer<br>&#8211; Travailler un accompagnement<br>&#8211; Editer des partitions<br>&#8211; Monter des bandes sonores&#8230;<br><br>L&rsquo;utilisation de logiciels libres permet un acc\u00e8s simple au plus grand nombre.<\/p>\n\n\n\n<figure class=\"wp-block-embed is-type-video is-provider-youtube wp-block-embed-youtube wp-embed-aspect-16-9 wp-has-aspect-ratio\"><div class=\"wp-block-embed__wrapper\">\n<iframe loading=\"lazy\" title=\"MAO syst\u00e8mes et logiciels libres 1 - BlueDid\" width=\"640\" height=\"360\" src=\"https:\/\/www.youtube.com\/embed\/DmH_Lk9Nx-4?feature=oembed\" frameborder=\"0\" allow=\"accelerometer; autoplay; clipboard-write; encrypted-media; gyroscope; picture-in-picture; web-share\" referrerpolicy=\"strict-origin-when-cross-origin\" allowfullscreen><\/iframe>\n<\/div><\/figure>\n\n\n\n<p>Avec <a href=\"https:\/\/www.emdg-guilers.org\/index.php\/musique\/instruments\/synthe\/\" target=\"_blank\" rel=\"noreferrer noopener\">Didier Merlateau <\/a>&#8211; Cr\u00e9neaux \u00e0 d\u00e9finir individuellement. <\/p>\n\n\n\n<figure class=\"wp-block-image size-large\"><img loading=\"lazy\" decoding=\"async\" width=\"724\" height=\"1024\" src=\"https:\/\/www.emdg-guilers.org\/wp-content\/uploads\/2021\/06\/2021-MAO1_Affiche_Pub_2021_05_30b_EMDG-724x1024.jpg\" alt=\"\" class=\"wp-image-2535\" srcset=\"https:\/\/www.emdg-guilers.org\/wp-content\/uploads\/2021\/06\/2021-MAO1_Affiche_Pub_2021_05_30b_EMDG-724x1024.jpg 724w, https:\/\/www.emdg-guilers.org\/wp-content\/uploads\/2021\/06\/2021-MAO1_Affiche_Pub_2021_05_30b_EMDG-212x300.jpg 212w, https:\/\/www.emdg-guilers.org\/wp-content\/uploads\/2021\/06\/2021-MAO1_Affiche_Pub_2021_05_30b_EMDG-768x1086.jpg 768w, https:\/\/www.emdg-guilers.org\/wp-content\/uploads\/2021\/06\/2021-MAO1_Affiche_Pub_2021_05_30b_EMDG-1086x1536.jpg 1086w, https:\/\/www.emdg-guilers.org\/wp-content\/uploads\/2021\/06\/2021-MAO1_Affiche_Pub_2021_05_30b_EMDG-1448x2048.jpg 1448w, https:\/\/www.emdg-guilers.org\/wp-content\/uploads\/2021\/06\/2021-MAO1_Affiche_Pub_2021_05_30b_EMDG-191x270.jpg 191w, https:\/\/www.emdg-guilers.org\/wp-content\/uploads\/2021\/06\/2021-MAO1_Affiche_Pub_2021_05_30b_EMDG-scaled.jpg 1810w\" sizes=\"(max-width: 724px) 100vw, 724px\" \/><\/figure>\n","protected":false},"excerpt":{"rendered":"<p>Les ateliers de MAO (musique assist\u00e9e par ordinateur) anim\u00e9s par Didier Merlateau, sont ouverts \u00e0 tous. Les objectifs et potentiels sont tr\u00e8s nombreux et l&rsquo;enseignant s&rsquo;adaptera aux envies et souhaits des \u00e9l\u00e8ves. Voici les possibilit\u00e9s : &#8211; S&rsquo;enregistrer&#8211; Composer&#8211; Travailler un accompagnement&#8211; Editer des partitions&#8211; Monter des bandes sonores&#8230; L&rsquo;utilisation de logiciels libres permet un acc\u00e8s simple au plus grand nombre. Avec Didier Merlateau &#8211; Cr\u00e9neaux \u00e0 d\u00e9finir individuellement.<\/p>\n","protected":false},"author":3,"featured_media":0,"parent":0,"menu_order":0,"comment_status":"closed","ping_status":"closed","template":"","meta":{"footnotes":""},"yoast_head":"<!-- This site is optimized with the Yoast SEO plugin v22.4 - https:\/\/yoast.com\/wordpress\/plugins\/seo\/ -->\n<title>Musique Assist\u00e9e par Ordinateur - Ecole de Musique, Danse &amp; Th\u00e9\u00e2tre de Guilers<\/title>\n<meta name=\"robots\" content=\"index, follow, max-snippet:-1, max-image-preview:large, max-video-preview:-1\" \/>\n<link rel=\"canonical\" href=\"https:\/\/www.emdg-guilers.org\/index.php\/musique-assistee-par-ordinateur\/\" \/>\n<meta property=\"og:locale\" content=\"fr_FR\" \/>\n<meta property=\"og:type\" content=\"article\" \/>\n<meta property=\"og:title\" content=\"Musique Assist\u00e9e par Ordinateur - Ecole de Musique, Danse &amp; Th\u00e9\u00e2tre de Guilers\" \/>\n<meta property=\"og:description\" content=\"Les ateliers de MAO (musique assist\u00e9e par ordinateur) anim\u00e9s par Didier Merlateau, sont ouverts \u00e0 tous. Les objectifs et potentiels sont tr\u00e8s nombreux et l&rsquo;enseignant s&rsquo;adaptera aux envies et souhaits des \u00e9l\u00e8ves. Voici les possibilit\u00e9s : &#8211; S&rsquo;enregistrer&#8211; Composer&#8211; Travailler un accompagnement&#8211; Editer des partitions&#8211; Monter des bandes sonores&#8230; L&rsquo;utilisation de logiciels libres permet un acc\u00e8s simple au plus grand nombre. Avec Didier Merlateau &#8211; Cr\u00e9neaux \u00e0 d\u00e9finir individuellement.\" \/>\n<meta property=\"og:url\" content=\"https:\/\/www.emdg-guilers.org\/index.php\/musique-assistee-par-ordinateur\/\" \/>\n<meta property=\"og:site_name\" content=\"Ecole de Musique, Danse &amp; Th\u00e9\u00e2tre de Guilers\" \/>\n<meta property=\"article:publisher\" content=\"https:\/\/www.facebook.com\/Ecole-de-Musique-et-de-Danse-de-Guilers-480017765533016\/\" \/>\n<meta property=\"article:modified_time\" content=\"2022-09-08T10:15:25+00:00\" \/>\n<meta property=\"og:image\" content=\"https:\/\/www.emdg-guilers.org\/wp-content\/uploads\/2022\/09\/18-1024x1024.jpg\" \/>\n<meta name=\"twitter:card\" content=\"summary_large_image\" \/>\n<meta name=\"twitter:label1\" content=\"Dur\u00e9e de lecture estim\u00e9e\" \/>\n\t<meta name=\"twitter:data1\" content=\"1 minute\" \/>\n<script type=\"application\/ld+json\" class=\"yoast-schema-graph\">{\"@context\":\"https:\/\/schema.org\",\"@graph\":[{\"@type\":\"WebPage\",\"@id\":\"https:\/\/www.emdg-guilers.org\/index.php\/musique-assistee-par-ordinateur\/\",\"url\":\"https:\/\/www.emdg-guilers.org\/index.php\/musique-assistee-par-ordinateur\/\",\"name\":\"Musique Assist\u00e9e par Ordinateur - Ecole de Musique, Danse &amp; Th\u00e9\u00e2tre de Guilers\",\"isPartOf\":{\"@id\":\"https:\/\/www.emdg-guilers.org\/#website\"},\"primaryImageOfPage\":{\"@id\":\"https:\/\/www.emdg-guilers.org\/index.php\/musique-assistee-par-ordinateur\/#primaryimage\"},\"image\":{\"@id\":\"https:\/\/www.emdg-guilers.org\/index.php\/musique-assistee-par-ordinateur\/#primaryimage\"},\"thumbnailUrl\":\"https:\/\/www.emdg-guilers.org\/wp-content\/uploads\/2022\/09\/18-1024x1024.jpg\",\"datePublished\":\"2021-05-11T12:02:23+00:00\",\"dateModified\":\"2022-09-08T10:15:25+00:00\",\"breadcrumb\":{\"@id\":\"https:\/\/www.emdg-guilers.org\/index.php\/musique-assistee-par-ordinateur\/#breadcrumb\"},\"inLanguage\":\"fr-FR\",\"potentialAction\":[{\"@type\":\"ReadAction\",\"target\":[\"https:\/\/www.emdg-guilers.org\/index.php\/musique-assistee-par-ordinateur\/\"]}]},{\"@type\":\"ImageObject\",\"inLanguage\":\"fr-FR\",\"@id\":\"https:\/\/www.emdg-guilers.org\/index.php\/musique-assistee-par-ordinateur\/#primaryimage\",\"url\":\"https:\/\/www.emdg-guilers.org\/wp-content\/uploads\/2022\/09\/18.jpg\",\"contentUrl\":\"https:\/\/www.emdg-guilers.org\/wp-content\/uploads\/2022\/09\/18.jpg\",\"width\":1080,\"height\":1080},{\"@type\":\"BreadcrumbList\",\"@id\":\"https:\/\/www.emdg-guilers.org\/index.php\/musique-assistee-par-ordinateur\/#breadcrumb\",\"itemListElement\":[{\"@type\":\"ListItem\",\"position\":1,\"name\":\"Accueil\",\"item\":\"https:\/\/www.emdg-guilers.org\/\"},{\"@type\":\"ListItem\",\"position\":2,\"name\":\"Musique Assist\u00e9e par Ordinateur\"}]},{\"@type\":\"WebSite\",\"@id\":\"https:\/\/www.emdg-guilers.org\/#website\",\"url\":\"https:\/\/www.emdg-guilers.org\/\",\"name\":\"Ecole de Musique et Danse de Guilers\",\"description\":\"Ecole associative, cours de musique, danse, th\u00e9\u00e2tre accessibles \u00e0 tous\",\"publisher\":{\"@id\":\"https:\/\/www.emdg-guilers.org\/#organization\"},\"potentialAction\":[{\"@type\":\"SearchAction\",\"target\":{\"@type\":\"EntryPoint\",\"urlTemplate\":\"https:\/\/www.emdg-guilers.org\/?s={search_term_string}\"},\"query-input\":\"required name=search_term_string\"}],\"inLanguage\":\"fr-FR\"},{\"@type\":\"Organization\",\"@id\":\"https:\/\/www.emdg-guilers.org\/#organization\",\"name\":\"Ecole de Musique et de Danse\",\"url\":\"https:\/\/www.emdg-guilers.org\/\",\"logo\":{\"@type\":\"ImageObject\",\"inLanguage\":\"fr-FR\",\"@id\":\"https:\/\/www.emdg-guilers.org\/#\/schema\/logo\/image\/\",\"url\":\"https:\/\/www.emdg-guilers.org\/wp-content\/uploads\/2016\/06\/logo2014.jpg\",\"contentUrl\":\"https:\/\/www.emdg-guilers.org\/wp-content\/uploads\/2016\/06\/logo2014.jpg\",\"width\":214,\"height\":116,\"caption\":\"Ecole de Musique et de Danse\"},\"image\":{\"@id\":\"https:\/\/www.emdg-guilers.org\/#\/schema\/logo\/image\/\"},\"sameAs\":[\"https:\/\/www.facebook.com\/Ecole-de-Musique-et-de-Danse-de-Guilers-480017765533016\/\"]}]}<\/script>\n<!-- \/ Yoast SEO plugin. -->","yoast_head_json":{"title":"Musique Assist\u00e9e par Ordinateur - Ecole de Musique, Danse &amp; Th\u00e9\u00e2tre de Guilers","robots":{"index":"index","follow":"follow","max-snippet":"max-snippet:-1","max-image-preview":"max-image-preview:large","max-video-preview":"max-video-preview:-1"},"canonical":"https:\/\/www.emdg-guilers.org\/index.php\/musique-assistee-par-ordinateur\/","og_locale":"fr_FR","og_type":"article","og_title":"Musique Assist\u00e9e par Ordinateur - Ecole de Musique, Danse &amp; Th\u00e9\u00e2tre de Guilers","og_description":"Les ateliers de MAO (musique assist\u00e9e par ordinateur) anim\u00e9s par Didier Merlateau, sont ouverts \u00e0 tous. Les objectifs et potentiels sont tr\u00e8s nombreux et l&rsquo;enseignant s&rsquo;adaptera aux envies et souhaits des \u00e9l\u00e8ves. Voici les possibilit\u00e9s : &#8211; S&rsquo;enregistrer&#8211; Composer&#8211; Travailler un accompagnement&#8211; Editer des partitions&#8211; Monter des bandes sonores&#8230; L&rsquo;utilisation de logiciels libres permet un acc\u00e8s simple au plus grand nombre. Avec Didier Merlateau &#8211; Cr\u00e9neaux \u00e0 d\u00e9finir individuellement.","og_url":"https:\/\/www.emdg-guilers.org\/index.php\/musique-assistee-par-ordinateur\/","og_site_name":"Ecole de Musique, Danse &amp; Th\u00e9\u00e2tre de Guilers","article_publisher":"https:\/\/www.facebook.com\/Ecole-de-Musique-et-de-Danse-de-Guilers-480017765533016\/","article_modified_time":"2022-09-08T10:15:25+00:00","og_image":[{"url":"https:\/\/www.emdg-guilers.org\/wp-content\/uploads\/2022\/09\/18-1024x1024.jpg"}],"twitter_card":"summary_large_image","twitter_misc":{"Dur\u00e9e de lecture estim\u00e9e":"1 minute"},"schema":{"@context":"https:\/\/schema.org","@graph":[{"@type":"WebPage","@id":"https:\/\/www.emdg-guilers.org\/index.php\/musique-assistee-par-ordinateur\/","url":"https:\/\/www.emdg-guilers.org\/index.php\/musique-assistee-par-ordinateur\/","name":"Musique Assist\u00e9e par Ordinateur - Ecole de Musique, Danse &amp; Th\u00e9\u00e2tre de Guilers","isPartOf":{"@id":"https:\/\/www.emdg-guilers.org\/#website"},"primaryImageOfPage":{"@id":"https:\/\/www.emdg-guilers.org\/index.php\/musique-assistee-par-ordinateur\/#primaryimage"},"image":{"@id":"https:\/\/www.emdg-guilers.org\/index.php\/musique-assistee-par-ordinateur\/#primaryimage"},"thumbnailUrl":"https:\/\/www.emdg-guilers.org\/wp-content\/uploads\/2022\/09\/18-1024x1024.jpg","datePublished":"2021-05-11T12:02:23+00:00","dateModified":"2022-09-08T10:15:25+00:00","breadcrumb":{"@id":"https:\/\/www.emdg-guilers.org\/index.php\/musique-assistee-par-ordinateur\/#breadcrumb"},"inLanguage":"fr-FR","potentialAction":[{"@type":"ReadAction","target":["https:\/\/www.emdg-guilers.org\/index.php\/musique-assistee-par-ordinateur\/"]}]},{"@type":"ImageObject","inLanguage":"fr-FR","@id":"https:\/\/www.emdg-guilers.org\/index.php\/musique-assistee-par-ordinateur\/#primaryimage","url":"https:\/\/www.emdg-guilers.org\/wp-content\/uploads\/2022\/09\/18.jpg","contentUrl":"https:\/\/www.emdg-guilers.org\/wp-content\/uploads\/2022\/09\/18.jpg","width":1080,"height":1080},{"@type":"BreadcrumbList","@id":"https:\/\/www.emdg-guilers.org\/index.php\/musique-assistee-par-ordinateur\/#breadcrumb","itemListElement":[{"@type":"ListItem","position":1,"name":"Accueil","item":"https:\/\/www.emdg-guilers.org\/"},{"@type":"ListItem","position":2,"name":"Musique Assist\u00e9e par Ordinateur"}]},{"@type":"WebSite","@id":"https:\/\/www.emdg-guilers.org\/#website","url":"https:\/\/www.emdg-guilers.org\/","name":"Ecole de Musique et Danse de Guilers","description":"Ecole associative, cours de musique, danse, th\u00e9\u00e2tre accessibles \u00e0 tous","publisher":{"@id":"https:\/\/www.emdg-guilers.org\/#organization"},"potentialAction":[{"@type":"SearchAction","target":{"@type":"EntryPoint","urlTemplate":"https:\/\/www.emdg-guilers.org\/?s={search_term_string}"},"query-input":"required name=search_term_string"}],"inLanguage":"fr-FR"},{"@type":"Organization","@id":"https:\/\/www.emdg-guilers.org\/#organization","name":"Ecole de Musique et de Danse","url":"https:\/\/www.emdg-guilers.org\/","logo":{"@type":"ImageObject","inLanguage":"fr-FR","@id":"https:\/\/www.emdg-guilers.org\/#\/schema\/logo\/image\/","url":"https:\/\/www.emdg-guilers.org\/wp-content\/uploads\/2016\/06\/logo2014.jpg","contentUrl":"https:\/\/www.emdg-guilers.org\/wp-content\/uploads\/2016\/06\/logo2014.jpg","width":214,"height":116,"caption":"Ecole de Musique et de Danse"},"image":{"@id":"https:\/\/www.emdg-guilers.org\/#\/schema\/logo\/image\/"},"sameAs":["https:\/\/www.facebook.com\/Ecole-de-Musique-et-de-Danse-de-Guilers-480017765533016\/"]}]}},"_links":{"self":[{"href":"https:\/\/www.emdg-guilers.org\/index.php\/wp-json\/wp\/v2\/pages\/2418"}],"collection":[{"href":"https:\/\/www.emdg-guilers.org\/index.php\/wp-json\/wp\/v2\/pages"}],"about":[{"href":"https:\/\/www.emdg-guilers.org\/index.php\/wp-json\/wp\/v2\/types\/page"}],"author":[{"embeddable":true,"href":"https:\/\/www.emdg-guilers.org\/index.php\/wp-json\/wp\/v2\/users\/3"}],"replies":[{"embeddable":true,"href":"https:\/\/www.emdg-guilers.org\/index.php\/wp-json\/wp\/v2\/comments?post=2418"}],"version-history":[{"count":4,"href":"https:\/\/www.emdg-guilers.org\/index.php\/wp-json\/wp\/v2\/pages\/2418\/revisions"}],"predecessor-version":[{"id":3193,"href":"https:\/\/www.emdg-guilers.org\/index.php\/wp-json\/wp\/v2\/pages\/2418\/revisions\/3193"}],"wp:attachment":[{"href":"https:\/\/www.emdg-guilers.org\/index.php\/wp-json\/wp\/v2\/media?parent=2418"}],"curies":[{"name":"wp","href":"https:\/\/api.w.org\/{rel}","templated":true}]}}