{"id":252,"date":"2016-08-23T14:44:05","date_gmt":"2016-08-23T13:44:05","guid":{"rendered":"http:\/\/www.emdg-guilers.org\/?page_id=252"},"modified":"2025-07-08T10:05:30","modified_gmt":"2025-07-08T08:05:30","slug":"musique","status":"publish","type":"page","link":"https:\/\/www.emdg-guilers.org\/index.php\/musique\/","title":{"rendered":"Musique"},"content":{"rendered":"<p><img loading=\"lazy\" decoding=\"async\" class=\"size-medium wp-image-4057 alignleft\" src=\"https:\/\/www.emdg-guilers.org\/wp-content\/uploads\/2024\/03\/5-300x300.jpg\" alt=\"\" width=\"300\" height=\"300\" srcset=\"https:\/\/www.emdg-guilers.org\/wp-content\/uploads\/2024\/03\/5-300x300.jpg 300w, https:\/\/www.emdg-guilers.org\/wp-content\/uploads\/2024\/03\/5-1024x1024.jpg 1024w, https:\/\/www.emdg-guilers.org\/wp-content\/uploads\/2024\/03\/5-150x150.jpg 150w, https:\/\/www.emdg-guilers.org\/wp-content\/uploads\/2024\/03\/5-768x768.jpg 768w, https:\/\/www.emdg-guilers.org\/wp-content\/uploads\/2024\/03\/5-270x270.jpg 270w, https:\/\/www.emdg-guilers.org\/wp-content\/uploads\/2024\/03\/5.jpg 1080w\" sizes=\"(max-width: 300px) 100vw, 300px\" \/> A l&rsquo;EMDG, l&rsquo;enseignement de la musique se structure autour de 5 parcours au choix :<\/p>\n<p>1 &#8211; <a href=\"http:\/\/www.emdg-guilers.org\/index.php\/eveil\/musique\/\">Parcours d&rsquo;Eveil<\/a> d\u00e8s 4 ans<br \/>\n2 &#8211; <a href=\"http:\/\/www.emdg-guilers.org\/index.php\/musique\/parcours-decouverte-instrumentale\/\">Parcours D\u00e9couverte Instrumentale<\/a> de 6 ans (CP)<br \/>\n<span style=\"font-size: inherit;\">3 &#8211; <\/span><a href=\"https:\/\/www.emdg-guilers.org\/index.php\/4-parcours-amateur\/\">Parcours Globale d&rsquo;Etudes<\/a><span style=\"font-size: inherit;\"> d\u00e8s 7 ans (CE1), le cursus complet pour tous (enfants, ados, adultes) avec cours instrumental, groupe de musique, formation musicale<br \/>\n<\/span><span style=\"font-size: inherit;\">4 &#8211; <\/span><a style=\"font-size: inherit;\" href=\"http:\/\/www.emdg-guilers.org\/index.php\/5-parcours-pratique-collective\/\">Parcours Groupe<\/a><span style=\"font-size: inherit;\"> pour ceux qui souhaitent seulement une pratique collective<\/span><\/p>\n<p>Nous proposons divers instruments :<\/p>\n<table>\n<tbody>\n<tr>\n<td><strong><a href=\"http:\/\/www.emdg-guilers.org\/index.php\/musique\/instruments\/batterie-percussions\/\">Batterie, percussions<\/a><\/strong><\/td>\n<td>\u00a0<a href=\"https:\/\/www.emdg-guilers.org\/wp-admin\/post.php?post=3732&amp;action=edit\" target=\"_blank\" rel=\"noreferrer noopener\"><strong>Chant musiques actuelles<\/strong><\/a><\/td>\n<td><strong><a href=\"http:\/\/www.emdg-guilers.org\/index.php\/musique\/instruments\/clarinette\/\">Clarinette<\/a><\/strong><\/td>\n<\/tr>\n<tr>\n<td><\/td>\n<td><strong><a href=\"http:\/\/www.emdg-guilers.org\/index.php\/musique\/instruments\/violon\/\">Colourstring<\/a><\/strong> (violon ou piano avec couleurs, d\u00e8s 5 ans)<\/td>\n<td><\/td>\n<\/tr>\n<tr>\n<td><a href=\"https:\/\/www.emdg-guilers.org\/index.php\/flute-traversiere-en-bois\/\" target=\"_blank\" rel=\"noreferrer noopener\"><strong>Fl\u00fbte traversi\u00e8re en bois\u00a0<\/strong><\/a>(irlandaise, \u00e9cossaise, bretonne)<\/td>\n<td><strong><a href=\"http:\/\/www.emdg-guilers.org\/index.php\/musique\/instruments\/flute-traversiere\/\">Fl\u00fbte traversi\u00e8re<\/a><\/strong><\/td>\n<td><strong><br \/>\n<a href=\"http:\/\/www.emdg-guilers.org\/index.php\/musique\/instruments\/flute-a-bec\/\">Fl\u00fbte \u00e0 bec<\/a><\/strong><\/td>\n<\/tr>\n<tr>\n<td><strong><a href=\"http:\/\/www.emdg-guilers.org\/index.php\/musique\/instruments\/guitare\/\">Guitare<\/a><\/strong><\/td>\n<td><strong><a href=\"http:\/\/www.emdg-guilers.org\/index.php\/musique\/instruments\/guitare-basse\/\">Guitare basse<\/a><\/strong><\/td>\n<td><a href=\"https:\/\/www.emdg-guilers.org\/index.php\/guitare-daccompagnement-chant\/\" target=\"_blank\" rel=\"noreferrer noopener\"><strong>Guitare et chanson accompagnement<\/strong><\/a><\/td>\n<\/tr>\n<tr>\n<td><strong><br \/>\n<a href=\"http:\/\/www.emdg-guilers.org\/index.php\/musique\/instruments\/harpe\/\">Harpe celtique<\/a><br \/>\n<\/strong><\/td>\n<td><strong><a href=\"http:\/\/www.emdg-guilers.org\/index.php\/musique\/instruments\/piano\/\">Piano<\/a><br \/>\n<\/strong><\/td>\n<td><a href=\"https:\/\/www.emdg-guilers.org\/index.php\/musique\/instruments\/trompette\/\" target=\"_blank\" rel=\"noreferrer noopener\"><strong>Tuba<\/strong><\/a><\/td>\n<\/tr>\n<tr>\n<td><strong><a href=\"http:\/\/www.emdg-guilers.org\/index.php\/musique\/instruments\/saxophone\/\">Saxophone<\/a><\/strong><\/td>\n<td><strong><a href=\"http:\/\/www.emdg-guilers.org\/index.php\/musique\/instruments\/synthe\/\">Synth\u00e9, clavier<\/a><\/strong><\/td>\n<td><strong><a href=\"http:\/\/www.emdg-guilers.org\/index.php\/musique\/instruments\/trombone\/\">Trombone<\/a><\/strong><\/td>\n<\/tr>\n<tr>\n<td><strong><a href=\"http:\/\/www.emdg-guilers.org\/index.php\/musique\/instruments\/trompette\/\">Trompette<\/a><\/strong><\/td>\n<td><strong><a href=\"http:\/\/www.emdg-guilers.org\/index.php\/musique\/instruments\/violon\/\">Violon<\/a><\/strong><\/td>\n<td><a href=\"https:\/\/www.emdg-guilers.org\/index.php\/musique-assistee-par-ordinateur\/\" target=\"_blank\" rel=\"noreferrer noopener\"><strong>Musique assist\u00e9e par ordinateur (MAO)<\/strong><\/a><\/td>\n<\/tr>\n<\/tbody>\n<\/table>\n<p><a href=\"http:\/\/www.emdg-guilers.org\/index.php\/musique\/formation-musicale\/\">Formation musicale<\/a> (solf\u00e8ge) d\u00e8s 7 ans.<\/p>\n<p>Les ensembles sont ouverts \u00e0 tous, d\u00e8s 3 ans de pratique instrumentale.<br \/>\nles ensembles recrutent chaque ann\u00e9e, n&rsquo;h\u00e9sitez pas \u00e0 vous manifester. Il est possible d&rsquo;int\u00e9grer les groupes seuls, sans autre cours instrumentaux.<br \/>\n\u2013 <a href=\"http:\/\/www.emdg-guilers.org\/index.php\/orchestres\/cordeole\/\">Cord\u2019\u00e9ole<\/a> (ensemble \u00e0 cordes et \u00e0 vent pour les enfants d\u00e8s 9 ans)<br \/>\n\u2013 <a href=\"http:\/\/www.emdg-guilers.org\/index.php\/orchestres\/le-gong\/\">Gong<\/a> (big band, pour les ados adultes)<a href=\"http:\/\/www.emdg-guilers.org\/index.php\/orchestres\/musique-trad\/\"><br \/>\n<\/a>&#8211; <a href=\"https:\/\/www.emdg-guilers.org\/index.php\/ensemble-de-percussions-digitales-enfants-ados\/\">Ensemble percus digitales jeunes<\/a>, d\u00e8s 9 ans<br \/>\n&#8211; <a href=\"http:\/\/www.emdg-guilers.org\/index.php\/orchestres\/percussions-digitales-adultes\/\">Ensemble de percus digitales adultes DJEMKA<\/a><br \/>\n&#8211; <a href=\"https:\/\/www.emdg-guilers.org\/index.php\/ensemble-de-percussions-digitales-enfants-ados\/\">Ensemble de percus digitales<\/a> pour non batteurs (les \u00e9l\u00e8ves de tous les autres instruments y sont les bienvenus!)<br \/>\n&#8211; <a href=\"https:\/\/www.emdg-guilers.org\/index.php\/ensemble-de-guitares\/\">Guilers Guitar Gang, 3G<\/a>, ensemble de guitares<\/p>\n","protected":false},"excerpt":{"rendered":"<p>A l&rsquo;EMDG, l&rsquo;enseignement de la musique se structure autour de 5 parcours au choix : 1 &#8211; Parcours d&rsquo;Eveil d\u00e8s 4 ans 2 &#8211; Parcours D\u00e9couverte Instrumentale de 6 ans (CP) 3 &#8211; Parcours Globale d&rsquo;Etudes d\u00e8s 7 ans (CE1), le cursus complet pour tous (enfants, ados, adultes) avec cours instrumental, groupe de musique, formation musicale 4 &#8211; Parcours Groupe pour ceux qui souhaitent seulement une pratique collective Nous proposons divers instruments : Batterie, percussions \u00a0Chant musiques actuelles Clarinette Colourstring&#8230;<\/p>\n<p class=\"read-more\"><a class=\"btn btn-default\" href=\"https:\/\/www.emdg-guilers.org\/index.php\/musique\/\">Lire la suite<span class=\"screen-reader-text\"> Lire la suite<\/span><\/a><\/p>\n","protected":false},"author":3,"featured_media":0,"parent":0,"menu_order":0,"comment_status":"closed","ping_status":"closed","template":"","meta":{"footnotes":""},"yoast_head":"<!-- This site is optimized with the Yoast SEO plugin v22.4 - https:\/\/yoast.com\/wordpress\/plugins\/seo\/ -->\n<title>Musique - Ecole de Musique, Danse &amp; Th\u00e9\u00e2tre de Guilers<\/title>\n<meta name=\"robots\" content=\"index, follow, max-snippet:-1, max-image-preview:large, max-video-preview:-1\" \/>\n<link rel=\"canonical\" href=\"https:\/\/www.emdg-guilers.org\/index.php\/musique\/\" \/>\n<meta property=\"og:locale\" content=\"fr_FR\" \/>\n<meta property=\"og:type\" content=\"article\" \/>\n<meta property=\"og:title\" content=\"Musique - Ecole de Musique, Danse &amp; Th\u00e9\u00e2tre de Guilers\" \/>\n<meta property=\"og:description\" content=\"A l&rsquo;EMDG, l&rsquo;enseignement de la musique se structure autour de 5 parcours au choix : 1 &#8211; Parcours d&rsquo;Eveil d\u00e8s 4 ans 2 &#8211; Parcours D\u00e9couverte Instrumentale de 6 ans (CP) 3 &#8211; Parcours Globale d&rsquo;Etudes d\u00e8s 7 ans (CE1), le cursus complet pour tous (enfants, ados, adultes) avec cours instrumental, groupe de musique, formation musicale 4 &#8211; Parcours Groupe pour ceux qui souhaitent seulement une pratique collective Nous proposons divers instruments : Batterie, percussions \u00a0Chant musiques actuelles Clarinette Colourstring...Lire la suite Lire la suite\" \/>\n<meta property=\"og:url\" content=\"https:\/\/www.emdg-guilers.org\/index.php\/musique\/\" \/>\n<meta property=\"og:site_name\" content=\"Ecole de Musique, Danse &amp; Th\u00e9\u00e2tre de Guilers\" \/>\n<meta property=\"article:publisher\" content=\"https:\/\/www.facebook.com\/Ecole-de-Musique-et-de-Danse-de-Guilers-480017765533016\/\" \/>\n<meta property=\"article:modified_time\" content=\"2025-07-08T08:05:30+00:00\" \/>\n<meta property=\"og:image\" content=\"https:\/\/www.emdg-guilers.org\/wp-content\/uploads\/2024\/03\/5-300x300.jpg\" \/>\n<meta name=\"twitter:card\" content=\"summary_large_image\" \/>\n<meta name=\"twitter:label1\" content=\"Dur\u00e9e de lecture estim\u00e9e\" \/>\n\t<meta name=\"twitter:data1\" content=\"2 minutes\" \/>\n<script type=\"application\/ld+json\" class=\"yoast-schema-graph\">{\"@context\":\"https:\/\/schema.org\",\"@graph\":[{\"@type\":\"WebPage\",\"@id\":\"https:\/\/www.emdg-guilers.org\/index.php\/musique\/\",\"url\":\"https:\/\/www.emdg-guilers.org\/index.php\/musique\/\",\"name\":\"Musique - Ecole de Musique, Danse &amp; Th\u00e9\u00e2tre de Guilers\",\"isPartOf\":{\"@id\":\"https:\/\/www.emdg-guilers.org\/#website\"},\"primaryImageOfPage\":{\"@id\":\"https:\/\/www.emdg-guilers.org\/index.php\/musique\/#primaryimage\"},\"image\":{\"@id\":\"https:\/\/www.emdg-guilers.org\/index.php\/musique\/#primaryimage\"},\"thumbnailUrl\":\"https:\/\/www.emdg-guilers.org\/wp-content\/uploads\/2024\/03\/5-300x300.jpg\",\"datePublished\":\"2016-08-23T13:44:05+00:00\",\"dateModified\":\"2025-07-08T08:05:30+00:00\",\"breadcrumb\":{\"@id\":\"https:\/\/www.emdg-guilers.org\/index.php\/musique\/#breadcrumb\"},\"inLanguage\":\"fr-FR\",\"potentialAction\":[{\"@type\":\"ReadAction\",\"target\":[\"https:\/\/www.emdg-guilers.org\/index.php\/musique\/\"]}]},{\"@type\":\"ImageObject\",\"inLanguage\":\"fr-FR\",\"@id\":\"https:\/\/www.emdg-guilers.org\/index.php\/musique\/#primaryimage\",\"url\":\"https:\/\/www.emdg-guilers.org\/wp-content\/uploads\/2024\/03\/5.jpg\",\"contentUrl\":\"https:\/\/www.emdg-guilers.org\/wp-content\/uploads\/2024\/03\/5.jpg\",\"width\":1080,\"height\":1080},{\"@type\":\"BreadcrumbList\",\"@id\":\"https:\/\/www.emdg-guilers.org\/index.php\/musique\/#breadcrumb\",\"itemListElement\":[{\"@type\":\"ListItem\",\"position\":1,\"name\":\"Accueil\",\"item\":\"https:\/\/www.emdg-guilers.org\/\"},{\"@type\":\"ListItem\",\"position\":2,\"name\":\"Musique\"}]},{\"@type\":\"WebSite\",\"@id\":\"https:\/\/www.emdg-guilers.org\/#website\",\"url\":\"https:\/\/www.emdg-guilers.org\/\",\"name\":\"Ecole de Musique et Danse de Guilers\",\"description\":\"Ecole associative, cours de musique, danse, th\u00e9\u00e2tre accessibles \u00e0 tous\",\"publisher\":{\"@id\":\"https:\/\/www.emdg-guilers.org\/#organization\"},\"potentialAction\":[{\"@type\":\"SearchAction\",\"target\":{\"@type\":\"EntryPoint\",\"urlTemplate\":\"https:\/\/www.emdg-guilers.org\/?s={search_term_string}\"},\"query-input\":\"required name=search_term_string\"}],\"inLanguage\":\"fr-FR\"},{\"@type\":\"Organization\",\"@id\":\"https:\/\/www.emdg-guilers.org\/#organization\",\"name\":\"Ecole de Musique et de Danse\",\"url\":\"https:\/\/www.emdg-guilers.org\/\",\"logo\":{\"@type\":\"ImageObject\",\"inLanguage\":\"fr-FR\",\"@id\":\"https:\/\/www.emdg-guilers.org\/#\/schema\/logo\/image\/\",\"url\":\"https:\/\/www.emdg-guilers.org\/wp-content\/uploads\/2016\/06\/logo2014.jpg\",\"contentUrl\":\"https:\/\/www.emdg-guilers.org\/wp-content\/uploads\/2016\/06\/logo2014.jpg\",\"width\":214,\"height\":116,\"caption\":\"Ecole de Musique et de Danse\"},\"image\":{\"@id\":\"https:\/\/www.emdg-guilers.org\/#\/schema\/logo\/image\/\"},\"sameAs\":[\"https:\/\/www.facebook.com\/Ecole-de-Musique-et-de-Danse-de-Guilers-480017765533016\/\"]}]}<\/script>\n<!-- \/ Yoast SEO plugin. -->","yoast_head_json":{"title":"Musique - Ecole de Musique, Danse &amp; Th\u00e9\u00e2tre de Guilers","robots":{"index":"index","follow":"follow","max-snippet":"max-snippet:-1","max-image-preview":"max-image-preview:large","max-video-preview":"max-video-preview:-1"},"canonical":"https:\/\/www.emdg-guilers.org\/index.php\/musique\/","og_locale":"fr_FR","og_type":"article","og_title":"Musique - Ecole de Musique, Danse &amp; Th\u00e9\u00e2tre de Guilers","og_description":"A l&rsquo;EMDG, l&rsquo;enseignement de la musique se structure autour de 5 parcours au choix : 1 &#8211; Parcours d&rsquo;Eveil d\u00e8s 4 ans 2 &#8211; Parcours D\u00e9couverte Instrumentale de 6 ans (CP) 3 &#8211; Parcours Globale d&rsquo;Etudes d\u00e8s 7 ans (CE1), le cursus complet pour tous (enfants, ados, adultes) avec cours instrumental, groupe de musique, formation musicale 4 &#8211; Parcours Groupe pour ceux qui souhaitent seulement une pratique collective Nous proposons divers instruments : Batterie, percussions \u00a0Chant musiques actuelles Clarinette Colourstring...Lire la suite Lire la suite","og_url":"https:\/\/www.emdg-guilers.org\/index.php\/musique\/","og_site_name":"Ecole de Musique, Danse &amp; Th\u00e9\u00e2tre de Guilers","article_publisher":"https:\/\/www.facebook.com\/Ecole-de-Musique-et-de-Danse-de-Guilers-480017765533016\/","article_modified_time":"2025-07-08T08:05:30+00:00","og_image":[{"url":"https:\/\/www.emdg-guilers.org\/wp-content\/uploads\/2024\/03\/5-300x300.jpg"}],"twitter_card":"summary_large_image","twitter_misc":{"Dur\u00e9e de lecture estim\u00e9e":"2 minutes"},"schema":{"@context":"https:\/\/schema.org","@graph":[{"@type":"WebPage","@id":"https:\/\/www.emdg-guilers.org\/index.php\/musique\/","url":"https:\/\/www.emdg-guilers.org\/index.php\/musique\/","name":"Musique - Ecole de Musique, Danse &amp; Th\u00e9\u00e2tre de Guilers","isPartOf":{"@id":"https:\/\/www.emdg-guilers.org\/#website"},"primaryImageOfPage":{"@id":"https:\/\/www.emdg-guilers.org\/index.php\/musique\/#primaryimage"},"image":{"@id":"https:\/\/www.emdg-guilers.org\/index.php\/musique\/#primaryimage"},"thumbnailUrl":"https:\/\/www.emdg-guilers.org\/wp-content\/uploads\/2024\/03\/5-300x300.jpg","datePublished":"2016-08-23T13:44:05+00:00","dateModified":"2025-07-08T08:05:30+00:00","breadcrumb":{"@id":"https:\/\/www.emdg-guilers.org\/index.php\/musique\/#breadcrumb"},"inLanguage":"fr-FR","potentialAction":[{"@type":"ReadAction","target":["https:\/\/www.emdg-guilers.org\/index.php\/musique\/"]}]},{"@type":"ImageObject","inLanguage":"fr-FR","@id":"https:\/\/www.emdg-guilers.org\/index.php\/musique\/#primaryimage","url":"https:\/\/www.emdg-guilers.org\/wp-content\/uploads\/2024\/03\/5.jpg","contentUrl":"https:\/\/www.emdg-guilers.org\/wp-content\/uploads\/2024\/03\/5.jpg","width":1080,"height":1080},{"@type":"BreadcrumbList","@id":"https:\/\/www.emdg-guilers.org\/index.php\/musique\/#breadcrumb","itemListElement":[{"@type":"ListItem","position":1,"name":"Accueil","item":"https:\/\/www.emdg-guilers.org\/"},{"@type":"ListItem","position":2,"name":"Musique"}]},{"@type":"WebSite","@id":"https:\/\/www.emdg-guilers.org\/#website","url":"https:\/\/www.emdg-guilers.org\/","name":"Ecole de Musique et Danse de Guilers","description":"Ecole associative, cours de musique, danse, th\u00e9\u00e2tre accessibles \u00e0 tous","publisher":{"@id":"https:\/\/www.emdg-guilers.org\/#organization"},"potentialAction":[{"@type":"SearchAction","target":{"@type":"EntryPoint","urlTemplate":"https:\/\/www.emdg-guilers.org\/?s={search_term_string}"},"query-input":"required name=search_term_string"}],"inLanguage":"fr-FR"},{"@type":"Organization","@id":"https:\/\/www.emdg-guilers.org\/#organization","name":"Ecole de Musique et de Danse","url":"https:\/\/www.emdg-guilers.org\/","logo":{"@type":"ImageObject","inLanguage":"fr-FR","@id":"https:\/\/www.emdg-guilers.org\/#\/schema\/logo\/image\/","url":"https:\/\/www.emdg-guilers.org\/wp-content\/uploads\/2016\/06\/logo2014.jpg","contentUrl":"https:\/\/www.emdg-guilers.org\/wp-content\/uploads\/2016\/06\/logo2014.jpg","width":214,"height":116,"caption":"Ecole de Musique et de Danse"},"image":{"@id":"https:\/\/www.emdg-guilers.org\/#\/schema\/logo\/image\/"},"sameAs":["https:\/\/www.facebook.com\/Ecole-de-Musique-et-de-Danse-de-Guilers-480017765533016\/"]}]}},"_links":{"self":[{"href":"https:\/\/www.emdg-guilers.org\/index.php\/wp-json\/wp\/v2\/pages\/252"}],"collection":[{"href":"https:\/\/www.emdg-guilers.org\/index.php\/wp-json\/wp\/v2\/pages"}],"about":[{"href":"https:\/\/www.emdg-guilers.org\/index.php\/wp-json\/wp\/v2\/types\/page"}],"author":[{"embeddable":true,"href":"https:\/\/www.emdg-guilers.org\/index.php\/wp-json\/wp\/v2\/users\/3"}],"replies":[{"embeddable":true,"href":"https:\/\/www.emdg-guilers.org\/index.php\/wp-json\/wp\/v2\/comments?post=252"}],"version-history":[{"count":18,"href":"https:\/\/www.emdg-guilers.org\/index.php\/wp-json\/wp\/v2\/pages\/252\/revisions"}],"predecessor-version":[{"id":4715,"href":"https:\/\/www.emdg-guilers.org\/index.php\/wp-json\/wp\/v2\/pages\/252\/revisions\/4715"}],"wp:attachment":[{"href":"https:\/\/www.emdg-guilers.org\/index.php\/wp-json\/wp\/v2\/media?parent=252"}],"curies":[{"name":"wp","href":"https:\/\/api.w.org\/{rel}","templated":true}]}}