{"id":2545,"date":"2021-06-17T00:02:15","date_gmt":"2021-06-16T22:02:15","guid":{"rendered":"https:\/\/www.emdg-guilers.org\/?page_id=2545"},"modified":"2023-06-13T11:23:43","modified_gmt":"2023-06-13T09:23:43","slug":"flute-traversiere-en-bois","status":"publish","type":"page","link":"https:\/\/www.emdg-guilers.org\/index.php\/flute-traversiere-en-bois\/","title":{"rendered":"Fl\u00fbte traversi\u00e8re en bois"},"content":{"rendered":"\n<p>Accessible d\u00e8s 7 ans, CE1<\/p>\n\n\n\n<p><em>Enseignantes : Esth\u00e8le Maina ou Marie Clavier<\/em><\/p>\n\n\n\n<p>La <strong>fl\u00fbte traversi\u00e8re irlandaise<\/strong> est une fl\u00fbte traversi\u00e8re en bois \u00e0 six trous. Cet instrument \u00e0 vent appartenant \u00e0 la famille des fl\u00fbtes \u00e9tait autrefois utilis\u00e9 en musique classique et sera par la suite adopt\u00e9 par les musiciens irlandais qui l\u2019int\u00e8grent \u00e0 leur musique.<br><br>La m\u00e9thode d&rsquo;apprentissage de cette fl\u00fbte est essentiellement orale, bas\u00e9e sur l&rsquo;\u00e9coute et la reproduction \u00e0 l&rsquo;oreille de m\u00e9lodies. Le r\u00e9pertoire est principalement irlandais, \u00e9cossais, breton, musiques du monde.<\/p>\n\n\n\n<p>Contrairement \u00e0 de nombreux instruments \u00e0 vent, le tin whistle et la fl\u00fbte traversi\u00e8re irlandaise ne poss\u00e8dent pas d\u2019anche mais une embouchure \u00e9quip\u00e9e d\u2019un biseau. C\u2019est gr\u00e2ce \u00e0 cette embouchure et \u00e0 l\u2019aide de notre souffle que le son de la fl\u00fbte va pouvoir \u00eatre produit.<\/p>\n\n\n\n<p>Et comment \u00e7a sonne la fl\u00fbte traversi\u00e8re irlandaise? <\/p>\n\n\n\n<figure class=\"wp-block-embed is-type-video is-provider-youtube wp-block-embed-youtube wp-embed-aspect-16-9 wp-has-aspect-ratio\"><div class=\"wp-block-embed__wrapper\">\n<iframe loading=\"lazy\" title=\"Harry Bradley\" width=\"640\" height=\"360\" src=\"https:\/\/www.youtube.com\/embed\/1L__0Y6ys1w?feature=oembed\" frameborder=\"0\" allow=\"accelerometer; autoplay; clipboard-write; encrypted-media; gyroscope; picture-in-picture; web-share\" referrerpolicy=\"strict-origin-when-cross-origin\" allowfullscreen><\/iframe>\n<\/div><\/figure>\n\n\n\n<figure class=\"wp-block-embed is-type-video is-provider-youtube wp-block-embed-youtube wp-embed-aspect-16-9 wp-has-aspect-ratio\"><div class=\"wp-block-embed__wrapper\">\n<iframe loading=\"lazy\" title=\"Duo Barou-Pellen - \u00ab Kitty come down to Limerick \u00bb\" width=\"640\" height=\"360\" src=\"https:\/\/www.youtube.com\/embed\/9GnaHXsAKog?feature=oembed\" frameborder=\"0\" allow=\"accelerometer; autoplay; clipboard-write; encrypted-media; gyroscope; picture-in-picture; web-share\" referrerpolicy=\"strict-origin-when-cross-origin\" allowfullscreen><\/iframe>\n<\/div><\/figure>\n\n\n\n<figure class=\"wp-block-embed is-type-video is-provider-youtube wp-block-embed-youtube wp-embed-aspect-16-9 wp-has-aspect-ratio\"><div class=\"wp-block-embed__wrapper\">\n<iframe loading=\"lazy\" title=\"[[ New Album ]] Duo Menguy - Le Pennec (Tempus fugit, valse)\" width=\"640\" height=\"360\" src=\"https:\/\/www.youtube.com\/embed\/JYREXxIbKI0?feature=oembed\" frameborder=\"0\" allow=\"accelerometer; autoplay; clipboard-write; encrypted-media; gyroscope; picture-in-picture; web-share\" referrerpolicy=\"strict-origin-when-cross-origin\" allowfullscreen><\/iframe>\n<\/div><\/figure>\n","protected":false},"excerpt":{"rendered":"<p>Accessible d\u00e8s 7 ans, CE1 Enseignantes : Esth\u00e8le Maina ou Marie Clavier La fl\u00fbte traversi\u00e8re irlandaise est une fl\u00fbte traversi\u00e8re en bois \u00e0 six trous. Cet instrument \u00e0 vent appartenant \u00e0 la famille des fl\u00fbtes \u00e9tait autrefois utilis\u00e9 en musique classique et sera par la suite adopt\u00e9 par les musiciens irlandais qui l\u2019int\u00e8grent \u00e0 leur musique. La m\u00e9thode d&rsquo;apprentissage de cette fl\u00fbte est essentiellement orale, bas\u00e9e sur l&rsquo;\u00e9coute et la reproduction \u00e0 l&rsquo;oreille de m\u00e9lodies. Le r\u00e9pertoire est principalement irlandais,&#8230;<\/p>\n<p class=\"read-more\"><a class=\"btn btn-default\" href=\"https:\/\/www.emdg-guilers.org\/index.php\/flute-traversiere-en-bois\/\">Lire la suite<span class=\"screen-reader-text\"> Lire la suite<\/span><\/a><\/p>\n","protected":false},"author":3,"featured_media":0,"parent":0,"menu_order":0,"comment_status":"closed","ping_status":"closed","template":"","meta":{"footnotes":""},"yoast_head":"<!-- This site is optimized with the Yoast SEO plugin v22.4 - https:\/\/yoast.com\/wordpress\/plugins\/seo\/ -->\n<title>Fl\u00fbte traversi\u00e8re en bois - Ecole de Musique, Danse &amp; Th\u00e9\u00e2tre de Guilers<\/title>\n<meta name=\"robots\" content=\"index, follow, max-snippet:-1, max-image-preview:large, max-video-preview:-1\" \/>\n<link rel=\"canonical\" href=\"https:\/\/www.emdg-guilers.org\/index.php\/flute-traversiere-en-bois\/\" \/>\n<meta property=\"og:locale\" content=\"fr_FR\" \/>\n<meta property=\"og:type\" content=\"article\" \/>\n<meta property=\"og:title\" content=\"Fl\u00fbte traversi\u00e8re en bois - Ecole de Musique, Danse &amp; Th\u00e9\u00e2tre de Guilers\" \/>\n<meta property=\"og:description\" content=\"Accessible d\u00e8s 7 ans, CE1 Enseignantes : Esth\u00e8le Maina ou Marie Clavier La fl\u00fbte traversi\u00e8re irlandaise est une fl\u00fbte traversi\u00e8re en bois \u00e0 six trous. Cet instrument \u00e0 vent appartenant \u00e0 la famille des fl\u00fbtes \u00e9tait autrefois utilis\u00e9 en musique classique et sera par la suite adopt\u00e9 par les musiciens irlandais qui l\u2019int\u00e8grent \u00e0 leur musique. La m\u00e9thode d&rsquo;apprentissage de cette fl\u00fbte est essentiellement orale, bas\u00e9e sur l&rsquo;\u00e9coute et la reproduction \u00e0 l&rsquo;oreille de m\u00e9lodies. Le r\u00e9pertoire est principalement irlandais,...Lire la suite Lire la suite\" \/>\n<meta property=\"og:url\" content=\"https:\/\/www.emdg-guilers.org\/index.php\/flute-traversiere-en-bois\/\" \/>\n<meta property=\"og:site_name\" content=\"Ecole de Musique, Danse &amp; Th\u00e9\u00e2tre de Guilers\" \/>\n<meta property=\"article:publisher\" content=\"https:\/\/www.facebook.com\/Ecole-de-Musique-et-de-Danse-de-Guilers-480017765533016\/\" \/>\n<meta property=\"article:modified_time\" content=\"2023-06-13T09:23:43+00:00\" \/>\n<meta name=\"twitter:card\" content=\"summary_large_image\" \/>\n<meta name=\"twitter:label1\" content=\"Dur\u00e9e de lecture estim\u00e9e\" \/>\n\t<meta name=\"twitter:data1\" content=\"1 minute\" \/>\n<script type=\"application\/ld+json\" class=\"yoast-schema-graph\">{\"@context\":\"https:\/\/schema.org\",\"@graph\":[{\"@type\":\"WebPage\",\"@id\":\"https:\/\/www.emdg-guilers.org\/index.php\/flute-traversiere-en-bois\/\",\"url\":\"https:\/\/www.emdg-guilers.org\/index.php\/flute-traversiere-en-bois\/\",\"name\":\"Fl\u00fbte traversi\u00e8re en bois - Ecole de Musique, Danse &amp; Th\u00e9\u00e2tre de Guilers\",\"isPartOf\":{\"@id\":\"https:\/\/www.emdg-guilers.org\/#website\"},\"datePublished\":\"2021-06-16T22:02:15+00:00\",\"dateModified\":\"2023-06-13T09:23:43+00:00\",\"breadcrumb\":{\"@id\":\"https:\/\/www.emdg-guilers.org\/index.php\/flute-traversiere-en-bois\/#breadcrumb\"},\"inLanguage\":\"fr-FR\",\"potentialAction\":[{\"@type\":\"ReadAction\",\"target\":[\"https:\/\/www.emdg-guilers.org\/index.php\/flute-traversiere-en-bois\/\"]}]},{\"@type\":\"BreadcrumbList\",\"@id\":\"https:\/\/www.emdg-guilers.org\/index.php\/flute-traversiere-en-bois\/#breadcrumb\",\"itemListElement\":[{\"@type\":\"ListItem\",\"position\":1,\"name\":\"Accueil\",\"item\":\"https:\/\/www.emdg-guilers.org\/\"},{\"@type\":\"ListItem\",\"position\":2,\"name\":\"Fl\u00fbte traversi\u00e8re en bois\"}]},{\"@type\":\"WebSite\",\"@id\":\"https:\/\/www.emdg-guilers.org\/#website\",\"url\":\"https:\/\/www.emdg-guilers.org\/\",\"name\":\"Ecole de Musique et Danse de Guilers\",\"description\":\"Ecole associative, cours de musique, danse, th\u00e9\u00e2tre accessibles \u00e0 tous\",\"publisher\":{\"@id\":\"https:\/\/www.emdg-guilers.org\/#organization\"},\"potentialAction\":[{\"@type\":\"SearchAction\",\"target\":{\"@type\":\"EntryPoint\",\"urlTemplate\":\"https:\/\/www.emdg-guilers.org\/?s={search_term_string}\"},\"query-input\":\"required name=search_term_string\"}],\"inLanguage\":\"fr-FR\"},{\"@type\":\"Organization\",\"@id\":\"https:\/\/www.emdg-guilers.org\/#organization\",\"name\":\"Ecole de Musique et de Danse\",\"url\":\"https:\/\/www.emdg-guilers.org\/\",\"logo\":{\"@type\":\"ImageObject\",\"inLanguage\":\"fr-FR\",\"@id\":\"https:\/\/www.emdg-guilers.org\/#\/schema\/logo\/image\/\",\"url\":\"https:\/\/www.emdg-guilers.org\/wp-content\/uploads\/2016\/06\/logo2014.jpg\",\"contentUrl\":\"https:\/\/www.emdg-guilers.org\/wp-content\/uploads\/2016\/06\/logo2014.jpg\",\"width\":214,\"height\":116,\"caption\":\"Ecole de Musique et de Danse\"},\"image\":{\"@id\":\"https:\/\/www.emdg-guilers.org\/#\/schema\/logo\/image\/\"},\"sameAs\":[\"https:\/\/www.facebook.com\/Ecole-de-Musique-et-de-Danse-de-Guilers-480017765533016\/\"]}]}<\/script>\n<!-- \/ Yoast SEO plugin. -->","yoast_head_json":{"title":"Fl\u00fbte traversi\u00e8re en bois - Ecole de Musique, Danse &amp; Th\u00e9\u00e2tre de Guilers","robots":{"index":"index","follow":"follow","max-snippet":"max-snippet:-1","max-image-preview":"max-image-preview:large","max-video-preview":"max-video-preview:-1"},"canonical":"https:\/\/www.emdg-guilers.org\/index.php\/flute-traversiere-en-bois\/","og_locale":"fr_FR","og_type":"article","og_title":"Fl\u00fbte traversi\u00e8re en bois - Ecole de Musique, Danse &amp; Th\u00e9\u00e2tre de Guilers","og_description":"Accessible d\u00e8s 7 ans, CE1 Enseignantes : Esth\u00e8le Maina ou Marie Clavier La fl\u00fbte traversi\u00e8re irlandaise est une fl\u00fbte traversi\u00e8re en bois \u00e0 six trous. Cet instrument \u00e0 vent appartenant \u00e0 la famille des fl\u00fbtes \u00e9tait autrefois utilis\u00e9 en musique classique et sera par la suite adopt\u00e9 par les musiciens irlandais qui l\u2019int\u00e8grent \u00e0 leur musique. La m\u00e9thode d&rsquo;apprentissage de cette fl\u00fbte est essentiellement orale, bas\u00e9e sur l&rsquo;\u00e9coute et la reproduction \u00e0 l&rsquo;oreille de m\u00e9lodies. Le r\u00e9pertoire est principalement irlandais,...Lire la suite Lire la suite","og_url":"https:\/\/www.emdg-guilers.org\/index.php\/flute-traversiere-en-bois\/","og_site_name":"Ecole de Musique, Danse &amp; Th\u00e9\u00e2tre de Guilers","article_publisher":"https:\/\/www.facebook.com\/Ecole-de-Musique-et-de-Danse-de-Guilers-480017765533016\/","article_modified_time":"2023-06-13T09:23:43+00:00","twitter_card":"summary_large_image","twitter_misc":{"Dur\u00e9e de lecture estim\u00e9e":"1 minute"},"schema":{"@context":"https:\/\/schema.org","@graph":[{"@type":"WebPage","@id":"https:\/\/www.emdg-guilers.org\/index.php\/flute-traversiere-en-bois\/","url":"https:\/\/www.emdg-guilers.org\/index.php\/flute-traversiere-en-bois\/","name":"Fl\u00fbte traversi\u00e8re en bois - Ecole de Musique, Danse &amp; Th\u00e9\u00e2tre de Guilers","isPartOf":{"@id":"https:\/\/www.emdg-guilers.org\/#website"},"datePublished":"2021-06-16T22:02:15+00:00","dateModified":"2023-06-13T09:23:43+00:00","breadcrumb":{"@id":"https:\/\/www.emdg-guilers.org\/index.php\/flute-traversiere-en-bois\/#breadcrumb"},"inLanguage":"fr-FR","potentialAction":[{"@type":"ReadAction","target":["https:\/\/www.emdg-guilers.org\/index.php\/flute-traversiere-en-bois\/"]}]},{"@type":"BreadcrumbList","@id":"https:\/\/www.emdg-guilers.org\/index.php\/flute-traversiere-en-bois\/#breadcrumb","itemListElement":[{"@type":"ListItem","position":1,"name":"Accueil","item":"https:\/\/www.emdg-guilers.org\/"},{"@type":"ListItem","position":2,"name":"Fl\u00fbte traversi\u00e8re en bois"}]},{"@type":"WebSite","@id":"https:\/\/www.emdg-guilers.org\/#website","url":"https:\/\/www.emdg-guilers.org\/","name":"Ecole de Musique et Danse de Guilers","description":"Ecole associative, cours de musique, danse, th\u00e9\u00e2tre accessibles \u00e0 tous","publisher":{"@id":"https:\/\/www.emdg-guilers.org\/#organization"},"potentialAction":[{"@type":"SearchAction","target":{"@type":"EntryPoint","urlTemplate":"https:\/\/www.emdg-guilers.org\/?s={search_term_string}"},"query-input":"required name=search_term_string"}],"inLanguage":"fr-FR"},{"@type":"Organization","@id":"https:\/\/www.emdg-guilers.org\/#organization","name":"Ecole de Musique et de Danse","url":"https:\/\/www.emdg-guilers.org\/","logo":{"@type":"ImageObject","inLanguage":"fr-FR","@id":"https:\/\/www.emdg-guilers.org\/#\/schema\/logo\/image\/","url":"https:\/\/www.emdg-guilers.org\/wp-content\/uploads\/2016\/06\/logo2014.jpg","contentUrl":"https:\/\/www.emdg-guilers.org\/wp-content\/uploads\/2016\/06\/logo2014.jpg","width":214,"height":116,"caption":"Ecole de Musique et de Danse"},"image":{"@id":"https:\/\/www.emdg-guilers.org\/#\/schema\/logo\/image\/"},"sameAs":["https:\/\/www.facebook.com\/Ecole-de-Musique-et-de-Danse-de-Guilers-480017765533016\/"]}]}},"_links":{"self":[{"href":"https:\/\/www.emdg-guilers.org\/index.php\/wp-json\/wp\/v2\/pages\/2545"}],"collection":[{"href":"https:\/\/www.emdg-guilers.org\/index.php\/wp-json\/wp\/v2\/pages"}],"about":[{"href":"https:\/\/www.emdg-guilers.org\/index.php\/wp-json\/wp\/v2\/types\/page"}],"author":[{"embeddable":true,"href":"https:\/\/www.emdg-guilers.org\/index.php\/wp-json\/wp\/v2\/users\/3"}],"replies":[{"embeddable":true,"href":"https:\/\/www.emdg-guilers.org\/index.php\/wp-json\/wp\/v2\/comments?post=2545"}],"version-history":[{"count":6,"href":"https:\/\/www.emdg-guilers.org\/index.php\/wp-json\/wp\/v2\/pages\/2545\/revisions"}],"predecessor-version":[{"id":3678,"href":"https:\/\/www.emdg-guilers.org\/index.php\/wp-json\/wp\/v2\/pages\/2545\/revisions\/3678"}],"wp:attachment":[{"href":"https:\/\/www.emdg-guilers.org\/index.php\/wp-json\/wp\/v2\/media?parent=2545"}],"curies":[{"name":"wp","href":"https:\/\/api.w.org\/{rel}","templated":true}]}}