{"id":28,"date":"2016-06-29T16:52:59","date_gmt":"2016-06-29T15:52:59","guid":{"rendered":"http:\/\/www.emdg-guilers.org\/?page_id=28"},"modified":"2022-09-08T12:27:11","modified_gmt":"2022-09-08T10:27:11","slug":"flute-traversiere","status":"publish","type":"page","link":"https:\/\/www.emdg-guilers.org\/index.php\/musique\/instruments\/flute-traversiere\/","title":{"rendered":"Fl\u00fbte Traversi\u00e8re"},"content":{"rendered":"<p>Cours avec <strong>Marie Clavier<\/strong> (adultes) ou <strong>Th\u00e9o Lasser<\/strong>, le mardi.<br \/>\nHoraires \u00e0 d\u00e9finir avec le professeur.<img loading=\"lazy\" decoding=\"async\" class=\"size-medium wp-image-3211 alignright\" src=\"https:\/\/www.emdg-guilers.org\/wp-content\/uploads\/2022\/09\/21-300x300.jpg\" alt=\"\" width=\"300\" height=\"300\" srcset=\"https:\/\/www.emdg-guilers.org\/wp-content\/uploads\/2022\/09\/21-300x300.jpg 300w, https:\/\/www.emdg-guilers.org\/wp-content\/uploads\/2022\/09\/21-1024x1024.jpg 1024w, https:\/\/www.emdg-guilers.org\/wp-content\/uploads\/2022\/09\/21-150x150.jpg 150w, https:\/\/www.emdg-guilers.org\/wp-content\/uploads\/2022\/09\/21-768x768.jpg 768w, https:\/\/www.emdg-guilers.org\/wp-content\/uploads\/2022\/09\/21-270x270.jpg 270w, https:\/\/www.emdg-guilers.org\/wp-content\/uploads\/2022\/09\/21.jpg 1080w\" sizes=\"(max-width: 300px) 100vw, 300px\" \/><\/p>\n<p>L&rsquo;apprentissage de la fl\u00fbte traversi\u00e8re peut se faire d\u00e8s 6 ans sur une fl\u00fbte \u00e0 embouchure coud\u00e9e. La m\u00e9thode utilis\u00e9e est celle d&rsquo;Isabelle Ory. Elle s&rsquo;articule en 3 volumes. L&rsquo;objectif est d&rsquo;amener l&rsquo;\u00e9l\u00e8ve \u00e0 apprendre en se faisant plaisir. Parall\u00e8lement \u00e0 l&rsquo;apprentissage technique de la fl\u00fbte, l&rsquo;\u00e9l\u00e8ve d\u00e9veloppe son sens musical et ses aptitudes instrumentales gr\u00e2ce \u00e0 la pratique collective (duo, trio, ensemble).<\/p>\n","protected":false},"excerpt":{"rendered":"<p>Cours avec Marie Clavier (adultes) ou Th\u00e9o Lasser, le mardi. Horaires \u00e0 d\u00e9finir avec le professeur. L&rsquo;apprentissage de la fl\u00fbte traversi\u00e8re peut se faire d\u00e8s 6 ans sur une fl\u00fbte \u00e0 embouchure coud\u00e9e. La m\u00e9thode utilis\u00e9e est celle d&rsquo;Isabelle Ory. Elle s&rsquo;articule en 3 volumes. L&rsquo;objectif est d&rsquo;amener l&rsquo;\u00e9l\u00e8ve \u00e0 apprendre en se faisant plaisir. Parall\u00e8lement \u00e0 l&rsquo;apprentissage technique de la fl\u00fbte, l&rsquo;\u00e9l\u00e8ve d\u00e9veloppe son sens musical et ses aptitudes instrumentales gr\u00e2ce \u00e0 la pratique collective (duo, trio, ensemble).<\/p>\n","protected":false},"author":3,"featured_media":0,"parent":14,"menu_order":0,"comment_status":"closed","ping_status":"closed","template":"","meta":{"footnotes":""},"yoast_head":"<!-- This site is optimized with the Yoast SEO plugin v22.4 - https:\/\/yoast.com\/wordpress\/plugins\/seo\/ -->\n<title>Fl\u00fbte Traversi\u00e8re - Ecole de Musique, Danse &amp; Th\u00e9\u00e2tre de Guilers<\/title>\n<meta name=\"robots\" content=\"index, follow, max-snippet:-1, max-image-preview:large, max-video-preview:-1\" \/>\n<link rel=\"canonical\" href=\"https:\/\/www.emdg-guilers.org\/index.php\/musique\/instruments\/flute-traversiere\/\" \/>\n<meta property=\"og:locale\" content=\"fr_FR\" \/>\n<meta property=\"og:type\" content=\"article\" \/>\n<meta property=\"og:title\" content=\"Fl\u00fbte Traversi\u00e8re - Ecole de Musique, Danse &amp; Th\u00e9\u00e2tre de Guilers\" \/>\n<meta property=\"og:description\" content=\"Cours avec Marie Clavier (adultes) ou Th\u00e9o Lasser, le mardi. Horaires \u00e0 d\u00e9finir avec le professeur. L&rsquo;apprentissage de la fl\u00fbte traversi\u00e8re peut se faire d\u00e8s 6 ans sur une fl\u00fbte \u00e0 embouchure coud\u00e9e. La m\u00e9thode utilis\u00e9e est celle d&rsquo;Isabelle Ory. Elle s&rsquo;articule en 3 volumes. L&rsquo;objectif est d&rsquo;amener l&rsquo;\u00e9l\u00e8ve \u00e0 apprendre en se faisant plaisir. Parall\u00e8lement \u00e0 l&rsquo;apprentissage technique de la fl\u00fbte, l&rsquo;\u00e9l\u00e8ve d\u00e9veloppe son sens musical et ses aptitudes instrumentales gr\u00e2ce \u00e0 la pratique collective (duo, trio, ensemble).\" \/>\n<meta property=\"og:url\" content=\"https:\/\/www.emdg-guilers.org\/index.php\/musique\/instruments\/flute-traversiere\/\" \/>\n<meta property=\"og:site_name\" content=\"Ecole de Musique, Danse &amp; Th\u00e9\u00e2tre de Guilers\" \/>\n<meta property=\"article:publisher\" content=\"https:\/\/www.facebook.com\/Ecole-de-Musique-et-de-Danse-de-Guilers-480017765533016\/\" \/>\n<meta property=\"article:modified_time\" content=\"2022-09-08T10:27:11+00:00\" \/>\n<meta property=\"og:image\" content=\"https:\/\/www.emdg-guilers.org\/wp-content\/uploads\/2022\/09\/21-300x300.jpg\" \/>\n<meta name=\"twitter:card\" content=\"summary_large_image\" \/>\n<meta name=\"twitter:label1\" content=\"Dur\u00e9e de lecture estim\u00e9e\" \/>\n\t<meta name=\"twitter:data1\" content=\"1 minute\" \/>\n<script type=\"application\/ld+json\" class=\"yoast-schema-graph\">{\"@context\":\"https:\/\/schema.org\",\"@graph\":[{\"@type\":\"WebPage\",\"@id\":\"https:\/\/www.emdg-guilers.org\/index.php\/musique\/instruments\/flute-traversiere\/\",\"url\":\"https:\/\/www.emdg-guilers.org\/index.php\/musique\/instruments\/flute-traversiere\/\",\"name\":\"Fl\u00fbte Traversi\u00e8re - Ecole de Musique, Danse &amp; Th\u00e9\u00e2tre de Guilers\",\"isPartOf\":{\"@id\":\"https:\/\/www.emdg-guilers.org\/#website\"},\"primaryImageOfPage\":{\"@id\":\"https:\/\/www.emdg-guilers.org\/index.php\/musique\/instruments\/flute-traversiere\/#primaryimage\"},\"image\":{\"@id\":\"https:\/\/www.emdg-guilers.org\/index.php\/musique\/instruments\/flute-traversiere\/#primaryimage\"},\"thumbnailUrl\":\"https:\/\/www.emdg-guilers.org\/wp-content\/uploads\/2022\/09\/21-300x300.jpg\",\"datePublished\":\"2016-06-29T15:52:59+00:00\",\"dateModified\":\"2022-09-08T10:27:11+00:00\",\"breadcrumb\":{\"@id\":\"https:\/\/www.emdg-guilers.org\/index.php\/musique\/instruments\/flute-traversiere\/#breadcrumb\"},\"inLanguage\":\"fr-FR\",\"potentialAction\":[{\"@type\":\"ReadAction\",\"target\":[\"https:\/\/www.emdg-guilers.org\/index.php\/musique\/instruments\/flute-traversiere\/\"]}]},{\"@type\":\"ImageObject\",\"inLanguage\":\"fr-FR\",\"@id\":\"https:\/\/www.emdg-guilers.org\/index.php\/musique\/instruments\/flute-traversiere\/#primaryimage\",\"url\":\"https:\/\/www.emdg-guilers.org\/wp-content\/uploads\/2022\/09\/21.jpg\",\"contentUrl\":\"https:\/\/www.emdg-guilers.org\/wp-content\/uploads\/2022\/09\/21.jpg\",\"width\":1080,\"height\":1080},{\"@type\":\"BreadcrumbList\",\"@id\":\"https:\/\/www.emdg-guilers.org\/index.php\/musique\/instruments\/flute-traversiere\/#breadcrumb\",\"itemListElement\":[{\"@type\":\"ListItem\",\"position\":1,\"name\":\"Accueil\",\"item\":\"https:\/\/www.emdg-guilers.org\/\"},{\"@type\":\"ListItem\",\"position\":2,\"name\":\"Musique\",\"item\":\"https:\/\/www.emdg-guilers.org\/index.php\/musique\/\"},{\"@type\":\"ListItem\",\"position\":3,\"name\":\"Instruments\",\"item\":\"https:\/\/www.emdg-guilers.org\/index.php\/musique\/instruments\/\"},{\"@type\":\"ListItem\",\"position\":4,\"name\":\"Fl\u00fbte Traversi\u00e8re\"}]},{\"@type\":\"WebSite\",\"@id\":\"https:\/\/www.emdg-guilers.org\/#website\",\"url\":\"https:\/\/www.emdg-guilers.org\/\",\"name\":\"Ecole de Musique et Danse de Guilers\",\"description\":\"Ecole associative, cours de musique, danse, th\u00e9\u00e2tre accessibles \u00e0 tous\",\"publisher\":{\"@id\":\"https:\/\/www.emdg-guilers.org\/#organization\"},\"potentialAction\":[{\"@type\":\"SearchAction\",\"target\":{\"@type\":\"EntryPoint\",\"urlTemplate\":\"https:\/\/www.emdg-guilers.org\/?s={search_term_string}\"},\"query-input\":\"required name=search_term_string\"}],\"inLanguage\":\"fr-FR\"},{\"@type\":\"Organization\",\"@id\":\"https:\/\/www.emdg-guilers.org\/#organization\",\"name\":\"Ecole de Musique et de Danse\",\"url\":\"https:\/\/www.emdg-guilers.org\/\",\"logo\":{\"@type\":\"ImageObject\",\"inLanguage\":\"fr-FR\",\"@id\":\"https:\/\/www.emdg-guilers.org\/#\/schema\/logo\/image\/\",\"url\":\"https:\/\/www.emdg-guilers.org\/wp-content\/uploads\/2016\/06\/logo2014.jpg\",\"contentUrl\":\"https:\/\/www.emdg-guilers.org\/wp-content\/uploads\/2016\/06\/logo2014.jpg\",\"width\":214,\"height\":116,\"caption\":\"Ecole de Musique et de Danse\"},\"image\":{\"@id\":\"https:\/\/www.emdg-guilers.org\/#\/schema\/logo\/image\/\"},\"sameAs\":[\"https:\/\/www.facebook.com\/Ecole-de-Musique-et-de-Danse-de-Guilers-480017765533016\/\"]}]}<\/script>\n<!-- \/ Yoast SEO plugin. -->","yoast_head_json":{"title":"Fl\u00fbte Traversi\u00e8re - Ecole de Musique, Danse &amp; Th\u00e9\u00e2tre de Guilers","robots":{"index":"index","follow":"follow","max-snippet":"max-snippet:-1","max-image-preview":"max-image-preview:large","max-video-preview":"max-video-preview:-1"},"canonical":"https:\/\/www.emdg-guilers.org\/index.php\/musique\/instruments\/flute-traversiere\/","og_locale":"fr_FR","og_type":"article","og_title":"Fl\u00fbte Traversi\u00e8re - Ecole de Musique, Danse &amp; Th\u00e9\u00e2tre de Guilers","og_description":"Cours avec Marie Clavier (adultes) ou Th\u00e9o Lasser, le mardi. Horaires \u00e0 d\u00e9finir avec le professeur. L&rsquo;apprentissage de la fl\u00fbte traversi\u00e8re peut se faire d\u00e8s 6 ans sur une fl\u00fbte \u00e0 embouchure coud\u00e9e. La m\u00e9thode utilis\u00e9e est celle d&rsquo;Isabelle Ory. Elle s&rsquo;articule en 3 volumes. L&rsquo;objectif est d&rsquo;amener l&rsquo;\u00e9l\u00e8ve \u00e0 apprendre en se faisant plaisir. Parall\u00e8lement \u00e0 l&rsquo;apprentissage technique de la fl\u00fbte, l&rsquo;\u00e9l\u00e8ve d\u00e9veloppe son sens musical et ses aptitudes instrumentales gr\u00e2ce \u00e0 la pratique collective (duo, trio, ensemble).","og_url":"https:\/\/www.emdg-guilers.org\/index.php\/musique\/instruments\/flute-traversiere\/","og_site_name":"Ecole de Musique, Danse &amp; Th\u00e9\u00e2tre de Guilers","article_publisher":"https:\/\/www.facebook.com\/Ecole-de-Musique-et-de-Danse-de-Guilers-480017765533016\/","article_modified_time":"2022-09-08T10:27:11+00:00","og_image":[{"url":"https:\/\/www.emdg-guilers.org\/wp-content\/uploads\/2022\/09\/21-300x300.jpg"}],"twitter_card":"summary_large_image","twitter_misc":{"Dur\u00e9e de lecture estim\u00e9e":"1 minute"},"schema":{"@context":"https:\/\/schema.org","@graph":[{"@type":"WebPage","@id":"https:\/\/www.emdg-guilers.org\/index.php\/musique\/instruments\/flute-traversiere\/","url":"https:\/\/www.emdg-guilers.org\/index.php\/musique\/instruments\/flute-traversiere\/","name":"Fl\u00fbte Traversi\u00e8re - Ecole de Musique, Danse &amp; Th\u00e9\u00e2tre de Guilers","isPartOf":{"@id":"https:\/\/www.emdg-guilers.org\/#website"},"primaryImageOfPage":{"@id":"https:\/\/www.emdg-guilers.org\/index.php\/musique\/instruments\/flute-traversiere\/#primaryimage"},"image":{"@id":"https:\/\/www.emdg-guilers.org\/index.php\/musique\/instruments\/flute-traversiere\/#primaryimage"},"thumbnailUrl":"https:\/\/www.emdg-guilers.org\/wp-content\/uploads\/2022\/09\/21-300x300.jpg","datePublished":"2016-06-29T15:52:59+00:00","dateModified":"2022-09-08T10:27:11+00:00","breadcrumb":{"@id":"https:\/\/www.emdg-guilers.org\/index.php\/musique\/instruments\/flute-traversiere\/#breadcrumb"},"inLanguage":"fr-FR","potentialAction":[{"@type":"ReadAction","target":["https:\/\/www.emdg-guilers.org\/index.php\/musique\/instruments\/flute-traversiere\/"]}]},{"@type":"ImageObject","inLanguage":"fr-FR","@id":"https:\/\/www.emdg-guilers.org\/index.php\/musique\/instruments\/flute-traversiere\/#primaryimage","url":"https:\/\/www.emdg-guilers.org\/wp-content\/uploads\/2022\/09\/21.jpg","contentUrl":"https:\/\/www.emdg-guilers.org\/wp-content\/uploads\/2022\/09\/21.jpg","width":1080,"height":1080},{"@type":"BreadcrumbList","@id":"https:\/\/www.emdg-guilers.org\/index.php\/musique\/instruments\/flute-traversiere\/#breadcrumb","itemListElement":[{"@type":"ListItem","position":1,"name":"Accueil","item":"https:\/\/www.emdg-guilers.org\/"},{"@type":"ListItem","position":2,"name":"Musique","item":"https:\/\/www.emdg-guilers.org\/index.php\/musique\/"},{"@type":"ListItem","position":3,"name":"Instruments","item":"https:\/\/www.emdg-guilers.org\/index.php\/musique\/instruments\/"},{"@type":"ListItem","position":4,"name":"Fl\u00fbte Traversi\u00e8re"}]},{"@type":"WebSite","@id":"https:\/\/www.emdg-guilers.org\/#website","url":"https:\/\/www.emdg-guilers.org\/","name":"Ecole de Musique et Danse de Guilers","description":"Ecole associative, cours de musique, danse, th\u00e9\u00e2tre accessibles \u00e0 tous","publisher":{"@id":"https:\/\/www.emdg-guilers.org\/#organization"},"potentialAction":[{"@type":"SearchAction","target":{"@type":"EntryPoint","urlTemplate":"https:\/\/www.emdg-guilers.org\/?s={search_term_string}"},"query-input":"required name=search_term_string"}],"inLanguage":"fr-FR"},{"@type":"Organization","@id":"https:\/\/www.emdg-guilers.org\/#organization","name":"Ecole de Musique et de Danse","url":"https:\/\/www.emdg-guilers.org\/","logo":{"@type":"ImageObject","inLanguage":"fr-FR","@id":"https:\/\/www.emdg-guilers.org\/#\/schema\/logo\/image\/","url":"https:\/\/www.emdg-guilers.org\/wp-content\/uploads\/2016\/06\/logo2014.jpg","contentUrl":"https:\/\/www.emdg-guilers.org\/wp-content\/uploads\/2016\/06\/logo2014.jpg","width":214,"height":116,"caption":"Ecole de Musique et de Danse"},"image":{"@id":"https:\/\/www.emdg-guilers.org\/#\/schema\/logo\/image\/"},"sameAs":["https:\/\/www.facebook.com\/Ecole-de-Musique-et-de-Danse-de-Guilers-480017765533016\/"]}]}},"_links":{"self":[{"href":"https:\/\/www.emdg-guilers.org\/index.php\/wp-json\/wp\/v2\/pages\/28"}],"collection":[{"href":"https:\/\/www.emdg-guilers.org\/index.php\/wp-json\/wp\/v2\/pages"}],"about":[{"href":"https:\/\/www.emdg-guilers.org\/index.php\/wp-json\/wp\/v2\/types\/page"}],"author":[{"embeddable":true,"href":"https:\/\/www.emdg-guilers.org\/index.php\/wp-json\/wp\/v2\/users\/3"}],"replies":[{"embeddable":true,"href":"https:\/\/www.emdg-guilers.org\/index.php\/wp-json\/wp\/v2\/comments?post=28"}],"version-history":[{"count":13,"href":"https:\/\/www.emdg-guilers.org\/index.php\/wp-json\/wp\/v2\/pages\/28\/revisions"}],"predecessor-version":[{"id":3213,"href":"https:\/\/www.emdg-guilers.org\/index.php\/wp-json\/wp\/v2\/pages\/28\/revisions\/3213"}],"up":[{"embeddable":true,"href":"https:\/\/www.emdg-guilers.org\/index.php\/wp-json\/wp\/v2\/pages\/14"}],"wp:attachment":[{"href":"https:\/\/www.emdg-guilers.org\/index.php\/wp-json\/wp\/v2\/media?parent=28"}],"curies":[{"name":"wp","href":"https:\/\/api.w.org\/{rel}","templated":true}]}}