{"id":289,"date":"2016-08-25T11:58:53","date_gmt":"2016-08-25T10:58:53","guid":{"rendered":"http:\/\/www.emdg-guilers.org\/?page_id=289"},"modified":"2025-09-22T11:21:05","modified_gmt":"2025-09-22T09:21:05","slug":"formation-musicale","status":"publish","type":"page","link":"https:\/\/www.emdg-guilers.org\/index.php\/musique\/formation-musicale\/","title":{"rendered":"Formation musicale"},"content":{"rendered":"<p><img loading=\"lazy\" decoding=\"async\" class=\"alignleft size-full wp-image-417\" src=\"http:\/\/www.emdg-guilers.org\/wp-content\/uploads\/2016\/09\/carrefm.jpg\" alt=\"carrefm\" width=\"300\" height=\"300\" srcset=\"https:\/\/www.emdg-guilers.org\/wp-content\/uploads\/2016\/09\/carrefm.jpg 300w, https:\/\/www.emdg-guilers.org\/wp-content\/uploads\/2016\/09\/carrefm-150x150.jpg 150w, https:\/\/www.emdg-guilers.org\/wp-content\/uploads\/2016\/09\/carrefm-270x270.jpg 270w\" sizes=\"(max-width: 300px) 100vw, 300px\" \/>La formation musicale est accessible d\u00e8s 7 ans et est dispens\u00e9e <strong>en collectif.<\/strong><\/p>\n<p>Bien plus que le \u00ab\u00a0solf\u00e8ge\u00a0\u00bb qui permet d&rsquo;apprendre \u00e0 lire et \u00e9crire des notes et des rythmes, la formation musicale englobe de multiples notions et apprentissages n\u00e9cessaires \u00e0 l&rsquo;autonomie de l&rsquo;\u00e9l\u00e8ve et au d\u00e9veloppement de sa pratique comme musicien.<\/p>\n<p>En FM, on :<br \/>&#8211; travaille son oreille,<br \/>&#8211; d\u00e9couvre du r\u00e9pertoire, on \u00e9coute des musiques,<br \/>&#8211; d\u00e9veloppe son sens du rythme par le corps notamment,<br \/>&#8211; analyse des \u0153uvres et on structure son \u00e9coute,<br \/>&#8211; peut cr\u00e9er ou composer,<br \/>&#8211; s&rsquo;initie aux fondamentaux de la th\u00e9orie, harmonie, analyse<br \/>&#8211; chante, on joue de son instrument&#8230;<\/p>\n<p>La FM fait partie int\u00e9grante du <strong>Parcours Global d&rsquo;Etudes (PGE)<\/strong> qui s&rsquo;appuie sur le triptyque : FM + cours instrumental + pratique collective. <strong><em>Les cours de FM sont obligatoires \u00e0 ce titre.<\/em><\/strong><\/p>\n<p>A l&rsquo;EMDG, les \u00e9l\u00e8ves qui choisissent le <strong>Parcours Amateur<\/strong>, peuvent aussi en b\u00e9n\u00e9ficier.<\/p>\n<p>Cours dispens\u00e9s par Mich\u00e8le Morvan.<\/p>\n<p style=\"text-align: center;\"><strong>COURS ANNEE 2025-26<\/strong><\/p>\n<table width=\"621\">\n<tbody>\n<tr>\n<td width=\"111\">\n<p><strong>NOM DU COURS<\/strong><\/p>\n<\/td>\n<td width=\"93\">\n<p><strong>Prof<\/strong><\/p>\n<\/td>\n<td width=\"102\">\n<p><strong>Jour<\/strong><\/p>\n<\/td>\n<td width=\"102\">\n<p><strong>Horaire<\/strong><\/p>\n<\/td>\n<td width=\"102\">\n<p><strong>Dur\u00e9e<\/strong><\/p>\n<\/td>\n<td width=\"110\">\n<p><strong>Salle<\/strong><\/p>\n<\/td>\n<\/tr>\n<tr>\n<td width=\"111\">\n<p>FM1 \u2013 G1<\/p>\n<\/td>\n<td width=\"93\">\n<p>Mich\u00e8le Morvan<\/p>\n<\/td>\n<td width=\"102\">\n<p>Mardi<\/p>\n<\/td>\n<td width=\"102\">\n<p>17h30-18h30<\/p>\n<\/td>\n<td width=\"102\">\n<p>1h<\/p>\n<\/td>\n<td width=\"110\">\n<p>Salle de FM<\/p>\n<\/td>\n<\/tr>\n<tr>\n<td width=\"111\">\n<p>FM1 \u2013 G2<\/p>\n<\/td>\n<td width=\"93\">\n<p>Mich\u00e8le Morvan<\/p>\n<\/td>\n<td width=\"102\">\n<p>Mercredi<\/p>\n<\/td>\n<td width=\"102\">\n<p>9h50-10h50<\/p>\n<\/td>\n<td width=\"102\">\n<p>1h<\/p>\n<\/td>\n<td width=\"110\">\n<p>Salle de FM<\/p>\n<\/td>\n<\/tr>\n<tr>\n<td width=\"111\">\u00a0<\/td>\n<td width=\"93\">\u00a0<\/td>\n<td width=\"102\">\u00a0<\/td>\n<td width=\"102\">\u00a0<\/td>\n<td width=\"102\">\u00a0<\/td>\n<td width=\"110\">\u00a0<\/td>\n<\/tr>\n<tr>\n<td width=\"111\">\n<p>FM2\u00a0<\/p>\n<\/td>\n<td width=\"93\">\n<p>Mich\u00e8le Morvan<\/p>\n<\/td>\n<td width=\"102\">\n<p>Mardi<\/p>\n<\/td>\n<td width=\"102\">\n<p>18h10-19h10<\/p>\n<\/td>\n<td width=\"102\">\n<p>1h<\/p>\n<\/td>\n<td width=\"110\">\n<p>Salle de FM<\/p>\n<\/td>\n<\/tr>\n<tr>\n<td width=\"111\">\u00a0<\/td>\n<td width=\"93\">\u00a0<\/td>\n<td width=\"102\">\u00a0<\/td>\n<td width=\"102\">\u00a0<\/td>\n<td width=\"102\">\u00a0<\/td>\n<td width=\"110\">\u00a0<\/td>\n<\/tr>\n<tr>\n<td width=\"111\">\n<p><span style=\"color: #000000;\">FM3\u2013 G1<\/span><\/p>\n<\/td>\n<td width=\"93\">\n<p>Mich\u00e8le Morvan<\/p>\n<\/td>\n<td width=\"102\">\n<p>Mercredi<\/p>\n<\/td>\n<td width=\"102\">\n<p>11h10-12h10<\/p>\n<\/td>\n<td width=\"102\">\n<p>1h<\/p>\n<\/td>\n<td width=\"110\">\n<p>Salle de FM<\/p>\n<\/td>\n<\/tr>\n<tr>\n<td width=\"111\">\n<p>FM3 \u2013 G2<\/p>\n<\/td>\n<td width=\"93\">\n<p>Mich\u00e8le Morvan<\/p>\n<\/td>\n<td width=\"102\">\n<p>Vendredi<\/p>\n<\/td>\n<td width=\"102\">\n<p>17h15-18h15<\/p>\n<\/td>\n<td width=\"102\">\n<p>1h<\/p>\n<\/td>\n<td width=\"110\">\n<p>Salle de FM<\/p>\n<\/td>\n<\/tr>\n<tr>\n<td width=\"111\">\n<p>FM1-FM3\u00a0 Tous niveaux<\/p>\n<\/td>\n<td width=\"93\">\n<p>Mich\u00e8le Morvan<\/p>\n<\/td>\n<td width=\"102\">\n<p>Samedi<\/p>\n<\/td>\n<td width=\"102\">\n<p>11h00-12h00<\/p>\n<\/td>\n<td width=\"102\">\n<p>1h<\/p>\n<\/td>\n<td width=\"110\">\n<p>Salle de FM<\/p>\n<\/td>\n<\/tr>\n<tr>\n<td width=\"111\">\n<p>FM4<\/p>\n<\/td>\n<td width=\"93\">\n<p>Mich\u00e8le Morvan<\/p>\n<\/td>\n<td width=\"102\">\n<p>Jeudi<\/p>\n<\/td>\n<td width=\"102\">\n<p>18h15-19h15<\/p>\n<\/td>\n<td width=\"102\">\n<p>1h<\/p>\n<\/td>\n<td width=\"110\">\n<p>Salle de FM<\/p>\n<\/td>\n<\/tr>\n<tr>\n<td width=\"111\">\n<p>FM5 &#8211; Gp 1<\/p>\n<\/td>\n<td width=\"93\">Mich\u00e8le Morvan<\/td>\n<td width=\"102\">Mercredi<\/td>\n<td width=\"102\">15h00-16h00<\/td>\n<td width=\"102\">1h00<\/td>\n<td width=\"110\">Salle de FM<\/td>\n<\/tr>\n<tr>\n<td width=\"111\">\n<p>FM5 &#8211; Gp 2<\/p>\n<\/td>\n<td width=\"93\">\n<p>Mich\u00e8le Morvan<\/p>\n<\/td>\n<td width=\"102\">\n<p>Vendredi<\/p>\n<\/td>\n<td width=\"102\">\n<p>18h15-19h15<\/p>\n<\/td>\n<td width=\"102\">\n<p>1h<\/p>\n<\/td>\n<td width=\"110\">\n<p>Salle de FM<\/p>\n<\/td>\n<\/tr>\n<tr>\n<td width=\"111\">\n<p>FM6<\/p>\n<\/td>\n<td width=\"93\">\n<p>Mich\u00e8le Morvan<\/p>\n<\/td>\n<td width=\"102\">\n<p>Samedi<\/p>\n<\/td>\n<td width=\"102\">\n<p>9h30-10h30<\/p>\n<\/td>\n<td width=\"102\">\n<p>1h00<\/p>\n<\/td>\n<td width=\"110\">\n<p>Salle de FM<\/p>\n<\/td>\n<\/tr>\n<tr>\n<td width=\"111\">\u00a0<\/td>\n<td width=\"93\">\u00a0<\/td>\n<td width=\"102\">\u00a0<\/td>\n<td width=\"102\">\u00a0<\/td>\n<td width=\"102\">\u00a0<\/td>\n<td width=\"110\">\u00a0<\/td>\n<\/tr>\n<\/tbody>\n<\/table>\n\n<div class=\"wp-block-image\">\n<figure class=\"alignleft size-large is-resized\"><img loading=\"lazy\" decoding=\"async\" width=\"1024\" height=\"1024\" src=\"https:\/\/www.emdg-guilers.org\/wp-content\/uploads\/2022\/09\/23-1024x1024.jpg\" alt=\"\" class=\"wp-image-3186\" style=\"width:219px;height:219px\" srcset=\"https:\/\/www.emdg-guilers.org\/wp-content\/uploads\/2022\/09\/23-1024x1024.jpg 1024w, https:\/\/www.emdg-guilers.org\/wp-content\/uploads\/2022\/09\/23-300x300.jpg 300w, https:\/\/www.emdg-guilers.org\/wp-content\/uploads\/2022\/09\/23-150x150.jpg 150w, https:\/\/www.emdg-guilers.org\/wp-content\/uploads\/2022\/09\/23-768x768.jpg 768w, https:\/\/www.emdg-guilers.org\/wp-content\/uploads\/2022\/09\/23-270x270.jpg 270w, https:\/\/www.emdg-guilers.org\/wp-content\/uploads\/2022\/09\/23.jpg 1080w\" sizes=\"(max-width: 1024px) 100vw, 1024px\" \/><\/figure><\/div>\n\n\n<p><\/p>\n","protected":false},"excerpt":{"rendered":"<p>La formation musicale est accessible d\u00e8s 7 ans et est dispens\u00e9e en collectif. Bien plus que le \u00ab\u00a0solf\u00e8ge\u00a0\u00bb qui permet d&rsquo;apprendre \u00e0 lire et \u00e9crire des notes et des rythmes, la formation musicale englobe de multiples notions et apprentissages n\u00e9cessaires \u00e0 l&rsquo;autonomie de l&rsquo;\u00e9l\u00e8ve et au d\u00e9veloppement de sa pratique comme musicien. En FM, on :&#8211; travaille son oreille,&#8211; d\u00e9couvre du r\u00e9pertoire, on \u00e9coute des musiques,&#8211; d\u00e9veloppe son sens du rythme par le corps notamment,&#8211; analyse des \u0153uvres et on&#8230;<\/p>\n<p class=\"read-more\"><a class=\"btn btn-default\" href=\"https:\/\/www.emdg-guilers.org\/index.php\/musique\/formation-musicale\/\">Lire la suite<span class=\"screen-reader-text\"> Lire la suite<\/span><\/a><\/p>\n","protected":false},"author":3,"featured_media":0,"parent":252,"menu_order":0,"comment_status":"closed","ping_status":"closed","template":"","meta":{"footnotes":""},"yoast_head":"<!-- This site is optimized with the Yoast SEO plugin v22.4 - https:\/\/yoast.com\/wordpress\/plugins\/seo\/ -->\n<title>Formation musicale - Ecole de Musique, Danse &amp; Th\u00e9\u00e2tre de Guilers<\/title>\n<meta name=\"robots\" content=\"index, follow, max-snippet:-1, max-image-preview:large, max-video-preview:-1\" \/>\n<link rel=\"canonical\" href=\"https:\/\/www.emdg-guilers.org\/index.php\/musique\/formation-musicale\/\" \/>\n<meta property=\"og:locale\" content=\"fr_FR\" \/>\n<meta property=\"og:type\" content=\"article\" \/>\n<meta property=\"og:title\" content=\"Formation musicale - Ecole de Musique, Danse &amp; Th\u00e9\u00e2tre de Guilers\" \/>\n<meta property=\"og:description\" content=\"La formation musicale est accessible d\u00e8s 7 ans et est dispens\u00e9e en collectif. Bien plus que le \u00ab\u00a0solf\u00e8ge\u00a0\u00bb qui permet d&rsquo;apprendre \u00e0 lire et \u00e9crire des notes et des rythmes, la formation musicale englobe de multiples notions et apprentissages n\u00e9cessaires \u00e0 l&rsquo;autonomie de l&rsquo;\u00e9l\u00e8ve et au d\u00e9veloppement de sa pratique comme musicien. En FM, on :&#8211; travaille son oreille,&#8211; d\u00e9couvre du r\u00e9pertoire, on \u00e9coute des musiques,&#8211; d\u00e9veloppe son sens du rythme par le corps notamment,&#8211; analyse des \u0153uvres et on...Lire la suite Lire la suite\" \/>\n<meta property=\"og:url\" content=\"https:\/\/www.emdg-guilers.org\/index.php\/musique\/formation-musicale\/\" \/>\n<meta property=\"og:site_name\" content=\"Ecole de Musique, Danse &amp; Th\u00e9\u00e2tre de Guilers\" \/>\n<meta property=\"article:publisher\" content=\"https:\/\/www.facebook.com\/Ecole-de-Musique-et-de-Danse-de-Guilers-480017765533016\/\" \/>\n<meta property=\"article:modified_time\" content=\"2025-09-22T09:21:05+00:00\" \/>\n<meta property=\"og:image\" content=\"http:\/\/www.emdg-guilers.org\/wp-content\/uploads\/2016\/09\/carrefm.jpg\" \/>\n<meta name=\"twitter:card\" content=\"summary_large_image\" \/>\n<meta name=\"twitter:label1\" content=\"Dur\u00e9e de lecture estim\u00e9e\" \/>\n\t<meta name=\"twitter:data1\" content=\"2 minutes\" \/>\n<script type=\"application\/ld+json\" class=\"yoast-schema-graph\">{\"@context\":\"https:\/\/schema.org\",\"@graph\":[{\"@type\":\"WebPage\",\"@id\":\"https:\/\/www.emdg-guilers.org\/index.php\/musique\/formation-musicale\/\",\"url\":\"https:\/\/www.emdg-guilers.org\/index.php\/musique\/formation-musicale\/\",\"name\":\"Formation musicale - Ecole de Musique, Danse &amp; Th\u00e9\u00e2tre de Guilers\",\"isPartOf\":{\"@id\":\"https:\/\/www.emdg-guilers.org\/#website\"},\"primaryImageOfPage\":{\"@id\":\"https:\/\/www.emdg-guilers.org\/index.php\/musique\/formation-musicale\/#primaryimage\"},\"image\":{\"@id\":\"https:\/\/www.emdg-guilers.org\/index.php\/musique\/formation-musicale\/#primaryimage\"},\"thumbnailUrl\":\"http:\/\/www.emdg-guilers.org\/wp-content\/uploads\/2016\/09\/carrefm.jpg\",\"datePublished\":\"2016-08-25T10:58:53+00:00\",\"dateModified\":\"2025-09-22T09:21:05+00:00\",\"breadcrumb\":{\"@id\":\"https:\/\/www.emdg-guilers.org\/index.php\/musique\/formation-musicale\/#breadcrumb\"},\"inLanguage\":\"fr-FR\",\"potentialAction\":[{\"@type\":\"ReadAction\",\"target\":[\"https:\/\/www.emdg-guilers.org\/index.php\/musique\/formation-musicale\/\"]}]},{\"@type\":\"ImageObject\",\"inLanguage\":\"fr-FR\",\"@id\":\"https:\/\/www.emdg-guilers.org\/index.php\/musique\/formation-musicale\/#primaryimage\",\"url\":\"http:\/\/www.emdg-guilers.org\/wp-content\/uploads\/2016\/09\/carrefm.jpg\",\"contentUrl\":\"http:\/\/www.emdg-guilers.org\/wp-content\/uploads\/2016\/09\/carrefm.jpg\"},{\"@type\":\"BreadcrumbList\",\"@id\":\"https:\/\/www.emdg-guilers.org\/index.php\/musique\/formation-musicale\/#breadcrumb\",\"itemListElement\":[{\"@type\":\"ListItem\",\"position\":1,\"name\":\"Accueil\",\"item\":\"https:\/\/www.emdg-guilers.org\/\"},{\"@type\":\"ListItem\",\"position\":2,\"name\":\"Musique\",\"item\":\"https:\/\/www.emdg-guilers.org\/index.php\/musique\/\"},{\"@type\":\"ListItem\",\"position\":3,\"name\":\"Formation musicale\"}]},{\"@type\":\"WebSite\",\"@id\":\"https:\/\/www.emdg-guilers.org\/#website\",\"url\":\"https:\/\/www.emdg-guilers.org\/\",\"name\":\"Ecole de Musique et Danse de Guilers\",\"description\":\"Ecole associative, cours de musique, danse, th\u00e9\u00e2tre accessibles \u00e0 tous\",\"publisher\":{\"@id\":\"https:\/\/www.emdg-guilers.org\/#organization\"},\"potentialAction\":[{\"@type\":\"SearchAction\",\"target\":{\"@type\":\"EntryPoint\",\"urlTemplate\":\"https:\/\/www.emdg-guilers.org\/?s={search_term_string}\"},\"query-input\":\"required name=search_term_string\"}],\"inLanguage\":\"fr-FR\"},{\"@type\":\"Organization\",\"@id\":\"https:\/\/www.emdg-guilers.org\/#organization\",\"name\":\"Ecole de Musique et de Danse\",\"url\":\"https:\/\/www.emdg-guilers.org\/\",\"logo\":{\"@type\":\"ImageObject\",\"inLanguage\":\"fr-FR\",\"@id\":\"https:\/\/www.emdg-guilers.org\/#\/schema\/logo\/image\/\",\"url\":\"https:\/\/www.emdg-guilers.org\/wp-content\/uploads\/2016\/06\/logo2014.jpg\",\"contentUrl\":\"https:\/\/www.emdg-guilers.org\/wp-content\/uploads\/2016\/06\/logo2014.jpg\",\"width\":214,\"height\":116,\"caption\":\"Ecole de Musique et de Danse\"},\"image\":{\"@id\":\"https:\/\/www.emdg-guilers.org\/#\/schema\/logo\/image\/\"},\"sameAs\":[\"https:\/\/www.facebook.com\/Ecole-de-Musique-et-de-Danse-de-Guilers-480017765533016\/\"]}]}<\/script>\n<!-- \/ Yoast SEO plugin. -->","yoast_head_json":{"title":"Formation musicale - Ecole de Musique, Danse &amp; Th\u00e9\u00e2tre de Guilers","robots":{"index":"index","follow":"follow","max-snippet":"max-snippet:-1","max-image-preview":"max-image-preview:large","max-video-preview":"max-video-preview:-1"},"canonical":"https:\/\/www.emdg-guilers.org\/index.php\/musique\/formation-musicale\/","og_locale":"fr_FR","og_type":"article","og_title":"Formation musicale - Ecole de Musique, Danse &amp; Th\u00e9\u00e2tre de Guilers","og_description":"La formation musicale est accessible d\u00e8s 7 ans et est dispens\u00e9e en collectif. Bien plus que le \u00ab\u00a0solf\u00e8ge\u00a0\u00bb qui permet d&rsquo;apprendre \u00e0 lire et \u00e9crire des notes et des rythmes, la formation musicale englobe de multiples notions et apprentissages n\u00e9cessaires \u00e0 l&rsquo;autonomie de l&rsquo;\u00e9l\u00e8ve et au d\u00e9veloppement de sa pratique comme musicien. En FM, on :&#8211; travaille son oreille,&#8211; d\u00e9couvre du r\u00e9pertoire, on \u00e9coute des musiques,&#8211; d\u00e9veloppe son sens du rythme par le corps notamment,&#8211; analyse des \u0153uvres et on...Lire la suite Lire la suite","og_url":"https:\/\/www.emdg-guilers.org\/index.php\/musique\/formation-musicale\/","og_site_name":"Ecole de Musique, Danse &amp; Th\u00e9\u00e2tre de Guilers","article_publisher":"https:\/\/www.facebook.com\/Ecole-de-Musique-et-de-Danse-de-Guilers-480017765533016\/","article_modified_time":"2025-09-22T09:21:05+00:00","og_image":[{"url":"http:\/\/www.emdg-guilers.org\/wp-content\/uploads\/2016\/09\/carrefm.jpg"}],"twitter_card":"summary_large_image","twitter_misc":{"Dur\u00e9e de lecture estim\u00e9e":"2 minutes"},"schema":{"@context":"https:\/\/schema.org","@graph":[{"@type":"WebPage","@id":"https:\/\/www.emdg-guilers.org\/index.php\/musique\/formation-musicale\/","url":"https:\/\/www.emdg-guilers.org\/index.php\/musique\/formation-musicale\/","name":"Formation musicale - Ecole de Musique, Danse &amp; Th\u00e9\u00e2tre de Guilers","isPartOf":{"@id":"https:\/\/www.emdg-guilers.org\/#website"},"primaryImageOfPage":{"@id":"https:\/\/www.emdg-guilers.org\/index.php\/musique\/formation-musicale\/#primaryimage"},"image":{"@id":"https:\/\/www.emdg-guilers.org\/index.php\/musique\/formation-musicale\/#primaryimage"},"thumbnailUrl":"http:\/\/www.emdg-guilers.org\/wp-content\/uploads\/2016\/09\/carrefm.jpg","datePublished":"2016-08-25T10:58:53+00:00","dateModified":"2025-09-22T09:21:05+00:00","breadcrumb":{"@id":"https:\/\/www.emdg-guilers.org\/index.php\/musique\/formation-musicale\/#breadcrumb"},"inLanguage":"fr-FR","potentialAction":[{"@type":"ReadAction","target":["https:\/\/www.emdg-guilers.org\/index.php\/musique\/formation-musicale\/"]}]},{"@type":"ImageObject","inLanguage":"fr-FR","@id":"https:\/\/www.emdg-guilers.org\/index.php\/musique\/formation-musicale\/#primaryimage","url":"http:\/\/www.emdg-guilers.org\/wp-content\/uploads\/2016\/09\/carrefm.jpg","contentUrl":"http:\/\/www.emdg-guilers.org\/wp-content\/uploads\/2016\/09\/carrefm.jpg"},{"@type":"BreadcrumbList","@id":"https:\/\/www.emdg-guilers.org\/index.php\/musique\/formation-musicale\/#breadcrumb","itemListElement":[{"@type":"ListItem","position":1,"name":"Accueil","item":"https:\/\/www.emdg-guilers.org\/"},{"@type":"ListItem","position":2,"name":"Musique","item":"https:\/\/www.emdg-guilers.org\/index.php\/musique\/"},{"@type":"ListItem","position":3,"name":"Formation musicale"}]},{"@type":"WebSite","@id":"https:\/\/www.emdg-guilers.org\/#website","url":"https:\/\/www.emdg-guilers.org\/","name":"Ecole de Musique et Danse de Guilers","description":"Ecole associative, cours de musique, danse, th\u00e9\u00e2tre accessibles \u00e0 tous","publisher":{"@id":"https:\/\/www.emdg-guilers.org\/#organization"},"potentialAction":[{"@type":"SearchAction","target":{"@type":"EntryPoint","urlTemplate":"https:\/\/www.emdg-guilers.org\/?s={search_term_string}"},"query-input":"required name=search_term_string"}],"inLanguage":"fr-FR"},{"@type":"Organization","@id":"https:\/\/www.emdg-guilers.org\/#organization","name":"Ecole de Musique et de Danse","url":"https:\/\/www.emdg-guilers.org\/","logo":{"@type":"ImageObject","inLanguage":"fr-FR","@id":"https:\/\/www.emdg-guilers.org\/#\/schema\/logo\/image\/","url":"https:\/\/www.emdg-guilers.org\/wp-content\/uploads\/2016\/06\/logo2014.jpg","contentUrl":"https:\/\/www.emdg-guilers.org\/wp-content\/uploads\/2016\/06\/logo2014.jpg","width":214,"height":116,"caption":"Ecole de Musique et de Danse"},"image":{"@id":"https:\/\/www.emdg-guilers.org\/#\/schema\/logo\/image\/"},"sameAs":["https:\/\/www.facebook.com\/Ecole-de-Musique-et-de-Danse-de-Guilers-480017765533016\/"]}]}},"_links":{"self":[{"href":"https:\/\/www.emdg-guilers.org\/index.php\/wp-json\/wp\/v2\/pages\/289"}],"collection":[{"href":"https:\/\/www.emdg-guilers.org\/index.php\/wp-json\/wp\/v2\/pages"}],"about":[{"href":"https:\/\/www.emdg-guilers.org\/index.php\/wp-json\/wp\/v2\/types\/page"}],"author":[{"embeddable":true,"href":"https:\/\/www.emdg-guilers.org\/index.php\/wp-json\/wp\/v2\/users\/3"}],"replies":[{"embeddable":true,"href":"https:\/\/www.emdg-guilers.org\/index.php\/wp-json\/wp\/v2\/comments?post=289"}],"version-history":[{"count":60,"href":"https:\/\/www.emdg-guilers.org\/index.php\/wp-json\/wp\/v2\/pages\/289\/revisions"}],"predecessor-version":[{"id":4777,"href":"https:\/\/www.emdg-guilers.org\/index.php\/wp-json\/wp\/v2\/pages\/289\/revisions\/4777"}],"up":[{"embeddable":true,"href":"https:\/\/www.emdg-guilers.org\/index.php\/wp-json\/wp\/v2\/pages\/252"}],"wp:attachment":[{"href":"https:\/\/www.emdg-guilers.org\/index.php\/wp-json\/wp\/v2\/media?parent=289"}],"curies":[{"name":"wp","href":"https:\/\/api.w.org\/{rel}","templated":true}]}}