{"id":2964,"date":"2022-03-28T10:47:19","date_gmt":"2022-03-28T08:47:19","guid":{"rendered":"https:\/\/www.emdg-guilers.org\/?page_id=2964"},"modified":"2022-03-28T10:49:55","modified_gmt":"2022-03-28T08:49:55","slug":"les-reseaux","status":"publish","type":"page","link":"https:\/\/www.emdg-guilers.org\/index.php\/les-reseaux\/","title":{"rendered":"Les r\u00e9seaux"},"content":{"rendered":"\n<p>\u00ab\u00a0<em>Tout seul, on va plus vite, ensemble on va plus loin<\/em>\u00a0\u00bb dit le diction&#8230; Convaincue que le travail en r\u00e9seau est un enrichissement non n\u00e9gligeable, l&rsquo;Ecole de Musique et Danse de Guilers est membre de plusieurs r\u00e9seaux professionnels.<\/p>\n\n\n\n<div class=\"wp-block-columns is-layout-flex wp-container-core-columns-is-layout-1 wp-block-columns-is-layout-flex\">\n<div class=\"wp-block-column is-layout-flow wp-block-column-is-layout-flow\" style=\"flex-basis:100%\"><\/div>\n<\/div>\n\n\n\n<ul><li><strong><a href=\"https:\/\/www.cmf-musique.org\/\" target=\"_blank\" rel=\"noreferrer noopener\">CMF<\/a> Conf\u00e9d\u00e9ration Musicale de France <\/strong><br>La CMF, association reconnue d\u2019utilit\u00e9 publique, regroupe&nbsp;112 d\u00e9l\u00e9gations d\u00e9partementales et r\u00e9gionales, plus de 1000 \u00e9tablissements d\u2019enseignement artistique et pr\u00e8s de 4000 ensembles musicaux de toutes formes et effectifs repr\u00e9sentant 300000 adh\u00e9rents. Unique f\u00e9d\u00e9ration en France \u00e0 r\u00e9unir enseignement et pratique amateur,&nbsp;port\u00e9e par plus de 200 b\u00e9n\u00e9voles et une \u00e9quipe de permanents, la CMF est un v\u00e9ritable p\u00f4le ressources depuis 160 ans. <br><a href=\"http:\/\/cmf-musique.org\" target=\"_blank\" rel=\"noreferrer noopener\"><img loading=\"lazy\" decoding=\"async\" width=\"150\" height=\"48\" class=\"wp-image-2965\" style=\"width: 150px;\" src=\"https:\/\/www.emdg-guilers.org\/wp-content\/uploads\/2022\/03\/vivre-la-musique1-scaled-1.jpg\" alt=\"\" srcset=\"https:\/\/www.emdg-guilers.org\/wp-content\/uploads\/2022\/03\/vivre-la-musique1-scaled-1.jpg 2560w, https:\/\/www.emdg-guilers.org\/wp-content\/uploads\/2022\/03\/vivre-la-musique1-scaled-1-300x95.jpg 300w, https:\/\/www.emdg-guilers.org\/wp-content\/uploads\/2022\/03\/vivre-la-musique1-scaled-1-1024x325.jpg 1024w, https:\/\/www.emdg-guilers.org\/wp-content\/uploads\/2022\/03\/vivre-la-musique1-scaled-1-768x244.jpg 768w, https:\/\/www.emdg-guilers.org\/wp-content\/uploads\/2022\/03\/vivre-la-musique1-scaled-1-1536x487.jpg 1536w, https:\/\/www.emdg-guilers.org\/wp-content\/uploads\/2022\/03\/vivre-la-musique1-scaled-1-2048x650.jpg 2048w, https:\/\/www.emdg-guilers.org\/wp-content\/uploads\/2022\/03\/vivre-la-musique1-scaled-1-604x192.jpg 604w\" sizes=\"(max-width: 150px) 100vw, 150px\" \/><\/a><\/li><\/ul>\n\n\n\n<ul><li><strong><a href=\"http:\/\/www.ansep2a.fr\/\" target=\"_blank\" rel=\"noreferrer noopener\">ANSEP2A<\/a><\/strong> <strong>Association Nationale des Structures d&rsquo;Enseignements et Pratiques Artistiques Associatives<\/strong>. <br>Une association qui apporte soutien, aide et expertise aux responsables \u2013 b\u00e9n\u00e9voles, dirigeants et enseignants \u2013 des structures associatives d\u2019enseignement de la musique, de la danse, du th\u00e9\u00e2tre, du cirque.<br><img loading=\"lazy\" decoding=\"async\" width=\"120\" height=\"49\" class=\"wp-image-2236\" style=\"width: 120px;\" src=\"https:\/\/www.emdg-guilers.org\/wp-content\/uploads\/2021\/02\/ansep.png\" alt=\"\"><br><\/li><li><strong>R\u00e9seau des directeurs d&rsquo;\u00e9tablissements artistiques du Finist\u00e8re<\/strong>, soutenu par <a href=\"https:\/\/www.culturelab29.fr\/_accompagnement_reseaux.htm\" target=\"_blank\" rel=\"noreferrer noopener\">Culture Lab 29<\/a><br>Un r\u00e9seau d&rsquo;\u00e9change entre professionnels du d\u00e9partement pour favoriser l&rsquo;inter-connaissance et la coop\u00e9ration entre paires.<br><a href=\"https:\/\/www.culturelab29.fr\/_accompagnement_reseaux.htm\" target=\"_blank\" rel=\"noreferrer noopener\"><img loading=\"lazy\" decoding=\"async\" width=\"150\" height=\"150\" class=\"wp-image-2235\" style=\"width: 150px;\" src=\"https:\/\/www.emdg-guilers.org\/wp-content\/uploads\/2021\/02\/culturelab29.jpg\" alt=\"\" srcset=\"https:\/\/www.emdg-guilers.org\/wp-content\/uploads\/2021\/02\/culturelab29.jpg 640w, https:\/\/www.emdg-guilers.org\/wp-content\/uploads\/2021\/02\/culturelab29-300x300.jpg 300w, https:\/\/www.emdg-guilers.org\/wp-content\/uploads\/2021\/02\/culturelab29-150x150.jpg 150w, https:\/\/www.emdg-guilers.org\/wp-content\/uploads\/2021\/02\/culturelab29-270x270.jpg 270w\" sizes=\"(max-width: 150px) 100vw, 150px\" \/><\/a><br><\/li><li><strong>GGLLLIP le r\u00e9seau auto-g\u00e9r\u00e9 des directeurs d&rsquo;\u00e9coles de musique et danse de grand-ouest : <\/strong><br>&#8211; Guilers (Ecole de Musique et Danse de Guilers)<br>&#8211; Gouesnou (Comit\u00e9 d&rsquo;Animation de Gouesnou)<br>&#8211; Loperhet (Ecoles des musiques de Loperhet)<br>&#8211; Landerneau (Ecole municipale de musique de Landerneau)<br>&#8211; Brest (La Luciole, \u00e9cole de musiques actuelles)<br> &#8211; Iroise (Ecole de Musique du Pays d&rsquo;Iroise) <br>&#8211; Plouzan\u00e9 (Ecole municipale de musique, la Batterie.)<br><br><br><\/li><\/ul>\n","protected":false},"excerpt":{"rendered":"<p>\u00ab\u00a0Tout seul, on va plus vite, ensemble on va plus loin\u00a0\u00bb dit le diction&#8230; Convaincue que le travail en r\u00e9seau est un enrichissement non n\u00e9gligeable, l&rsquo;Ecole de Musique et Danse de Guilers est membre de plusieurs r\u00e9seaux professionnels. CMF Conf\u00e9d\u00e9ration Musicale de France La CMF, association reconnue d\u2019utilit\u00e9 publique, regroupe&nbsp;112 d\u00e9l\u00e9gations d\u00e9partementales et r\u00e9gionales, plus de 1000 \u00e9tablissements d\u2019enseignement artistique et pr\u00e8s de 4000 ensembles musicaux de toutes formes et effectifs repr\u00e9sentant 300000 adh\u00e9rents. Unique f\u00e9d\u00e9ration en France \u00e0 r\u00e9unir&#8230;<\/p>\n<p class=\"read-more\"><a class=\"btn btn-default\" href=\"https:\/\/www.emdg-guilers.org\/index.php\/les-reseaux\/\">Lire la suite<span class=\"screen-reader-text\"> Lire la suite<\/span><\/a><\/p>\n","protected":false},"author":3,"featured_media":0,"parent":0,"menu_order":0,"comment_status":"closed","ping_status":"closed","template":"","meta":{"footnotes":""},"yoast_head":"<!-- This site is optimized with the Yoast SEO plugin v22.4 - https:\/\/yoast.com\/wordpress\/plugins\/seo\/ -->\n<title>Les r\u00e9seaux - Ecole de Musique, Danse &amp; Th\u00e9\u00e2tre de Guilers<\/title>\n<meta name=\"robots\" content=\"index, follow, max-snippet:-1, max-image-preview:large, max-video-preview:-1\" \/>\n<link rel=\"canonical\" href=\"https:\/\/www.emdg-guilers.org\/index.php\/les-reseaux\/\" \/>\n<meta property=\"og:locale\" content=\"fr_FR\" \/>\n<meta property=\"og:type\" content=\"article\" \/>\n<meta property=\"og:title\" content=\"Les r\u00e9seaux - Ecole de Musique, Danse &amp; Th\u00e9\u00e2tre de Guilers\" \/>\n<meta property=\"og:description\" content=\"\u00ab\u00a0Tout seul, on va plus vite, ensemble on va plus loin\u00a0\u00bb dit le diction&#8230; Convaincue que le travail en r\u00e9seau est un enrichissement non n\u00e9gligeable, l&rsquo;Ecole de Musique et Danse de Guilers est membre de plusieurs r\u00e9seaux professionnels. CMF Conf\u00e9d\u00e9ration Musicale de France La CMF, association reconnue d\u2019utilit\u00e9 publique, regroupe&nbsp;112 d\u00e9l\u00e9gations d\u00e9partementales et r\u00e9gionales, plus de 1000 \u00e9tablissements d\u2019enseignement artistique et pr\u00e8s de 4000 ensembles musicaux de toutes formes et effectifs repr\u00e9sentant 300000 adh\u00e9rents. Unique f\u00e9d\u00e9ration en France \u00e0 r\u00e9unir...Lire la suite Lire la suite\" \/>\n<meta property=\"og:url\" content=\"https:\/\/www.emdg-guilers.org\/index.php\/les-reseaux\/\" \/>\n<meta property=\"og:site_name\" content=\"Ecole de Musique, Danse &amp; Th\u00e9\u00e2tre de Guilers\" \/>\n<meta property=\"article:publisher\" content=\"https:\/\/www.facebook.com\/Ecole-de-Musique-et-de-Danse-de-Guilers-480017765533016\/\" \/>\n<meta property=\"article:modified_time\" content=\"2022-03-28T08:49:55+00:00\" \/>\n<meta property=\"og:image\" content=\"https:\/\/www.emdg-guilers.org\/wp-content\/uploads\/2022\/03\/vivre-la-musique1-scaled-1.jpg\" \/>\n<meta name=\"twitter:card\" content=\"summary_large_image\" \/>\n<meta name=\"twitter:label1\" content=\"Dur\u00e9e de lecture estim\u00e9e\" \/>\n\t<meta name=\"twitter:data1\" content=\"2 minutes\" \/>\n<script type=\"application\/ld+json\" class=\"yoast-schema-graph\">{\"@context\":\"https:\/\/schema.org\",\"@graph\":[{\"@type\":\"WebPage\",\"@id\":\"https:\/\/www.emdg-guilers.org\/index.php\/les-reseaux\/\",\"url\":\"https:\/\/www.emdg-guilers.org\/index.php\/les-reseaux\/\",\"name\":\"Les r\u00e9seaux - Ecole de Musique, Danse &amp; Th\u00e9\u00e2tre de Guilers\",\"isPartOf\":{\"@id\":\"https:\/\/www.emdg-guilers.org\/#website\"},\"primaryImageOfPage\":{\"@id\":\"https:\/\/www.emdg-guilers.org\/index.php\/les-reseaux\/#primaryimage\"},\"image\":{\"@id\":\"https:\/\/www.emdg-guilers.org\/index.php\/les-reseaux\/#primaryimage\"},\"thumbnailUrl\":\"https:\/\/www.emdg-guilers.org\/wp-content\/uploads\/2022\/03\/vivre-la-musique1-scaled-1.jpg\",\"datePublished\":\"2022-03-28T08:47:19+00:00\",\"dateModified\":\"2022-03-28T08:49:55+00:00\",\"breadcrumb\":{\"@id\":\"https:\/\/www.emdg-guilers.org\/index.php\/les-reseaux\/#breadcrumb\"},\"inLanguage\":\"fr-FR\",\"potentialAction\":[{\"@type\":\"ReadAction\",\"target\":[\"https:\/\/www.emdg-guilers.org\/index.php\/les-reseaux\/\"]}]},{\"@type\":\"ImageObject\",\"inLanguage\":\"fr-FR\",\"@id\":\"https:\/\/www.emdg-guilers.org\/index.php\/les-reseaux\/#primaryimage\",\"url\":\"https:\/\/www.emdg-guilers.org\/wp-content\/uploads\/2022\/03\/vivre-la-musique1-scaled-1.jpg\",\"contentUrl\":\"https:\/\/www.emdg-guilers.org\/wp-content\/uploads\/2022\/03\/vivre-la-musique1-scaled-1.jpg\",\"width\":2560,\"height\":812},{\"@type\":\"BreadcrumbList\",\"@id\":\"https:\/\/www.emdg-guilers.org\/index.php\/les-reseaux\/#breadcrumb\",\"itemListElement\":[{\"@type\":\"ListItem\",\"position\":1,\"name\":\"Accueil\",\"item\":\"https:\/\/www.emdg-guilers.org\/\"},{\"@type\":\"ListItem\",\"position\":2,\"name\":\"Les r\u00e9seaux\"}]},{\"@type\":\"WebSite\",\"@id\":\"https:\/\/www.emdg-guilers.org\/#website\",\"url\":\"https:\/\/www.emdg-guilers.org\/\",\"name\":\"Ecole de Musique et Danse de Guilers\",\"description\":\"Ecole associative, cours de musique, danse, th\u00e9\u00e2tre accessibles \u00e0 tous\",\"publisher\":{\"@id\":\"https:\/\/www.emdg-guilers.org\/#organization\"},\"potentialAction\":[{\"@type\":\"SearchAction\",\"target\":{\"@type\":\"EntryPoint\",\"urlTemplate\":\"https:\/\/www.emdg-guilers.org\/?s={search_term_string}\"},\"query-input\":\"required name=search_term_string\"}],\"inLanguage\":\"fr-FR\"},{\"@type\":\"Organization\",\"@id\":\"https:\/\/www.emdg-guilers.org\/#organization\",\"name\":\"Ecole de Musique et de Danse\",\"url\":\"https:\/\/www.emdg-guilers.org\/\",\"logo\":{\"@type\":\"ImageObject\",\"inLanguage\":\"fr-FR\",\"@id\":\"https:\/\/www.emdg-guilers.org\/#\/schema\/logo\/image\/\",\"url\":\"https:\/\/www.emdg-guilers.org\/wp-content\/uploads\/2016\/06\/logo2014.jpg\",\"contentUrl\":\"https:\/\/www.emdg-guilers.org\/wp-content\/uploads\/2016\/06\/logo2014.jpg\",\"width\":214,\"height\":116,\"caption\":\"Ecole de Musique et de Danse\"},\"image\":{\"@id\":\"https:\/\/www.emdg-guilers.org\/#\/schema\/logo\/image\/\"},\"sameAs\":[\"https:\/\/www.facebook.com\/Ecole-de-Musique-et-de-Danse-de-Guilers-480017765533016\/\"]}]}<\/script>\n<!-- \/ Yoast SEO plugin. -->","yoast_head_json":{"title":"Les r\u00e9seaux - Ecole de Musique, Danse &amp; Th\u00e9\u00e2tre de Guilers","robots":{"index":"index","follow":"follow","max-snippet":"max-snippet:-1","max-image-preview":"max-image-preview:large","max-video-preview":"max-video-preview:-1"},"canonical":"https:\/\/www.emdg-guilers.org\/index.php\/les-reseaux\/","og_locale":"fr_FR","og_type":"article","og_title":"Les r\u00e9seaux - Ecole de Musique, Danse &amp; Th\u00e9\u00e2tre de Guilers","og_description":"\u00ab\u00a0Tout seul, on va plus vite, ensemble on va plus loin\u00a0\u00bb dit le diction&#8230; Convaincue que le travail en r\u00e9seau est un enrichissement non n\u00e9gligeable, l&rsquo;Ecole de Musique et Danse de Guilers est membre de plusieurs r\u00e9seaux professionnels. CMF Conf\u00e9d\u00e9ration Musicale de France La CMF, association reconnue d\u2019utilit\u00e9 publique, regroupe&nbsp;112 d\u00e9l\u00e9gations d\u00e9partementales et r\u00e9gionales, plus de 1000 \u00e9tablissements d\u2019enseignement artistique et pr\u00e8s de 4000 ensembles musicaux de toutes formes et effectifs repr\u00e9sentant 300000 adh\u00e9rents. Unique f\u00e9d\u00e9ration en France \u00e0 r\u00e9unir...Lire la suite Lire la suite","og_url":"https:\/\/www.emdg-guilers.org\/index.php\/les-reseaux\/","og_site_name":"Ecole de Musique, Danse &amp; Th\u00e9\u00e2tre de Guilers","article_publisher":"https:\/\/www.facebook.com\/Ecole-de-Musique-et-de-Danse-de-Guilers-480017765533016\/","article_modified_time":"2022-03-28T08:49:55+00:00","og_image":[{"url":"https:\/\/www.emdg-guilers.org\/wp-content\/uploads\/2022\/03\/vivre-la-musique1-scaled-1.jpg"}],"twitter_card":"summary_large_image","twitter_misc":{"Dur\u00e9e de lecture estim\u00e9e":"2 minutes"},"schema":{"@context":"https:\/\/schema.org","@graph":[{"@type":"WebPage","@id":"https:\/\/www.emdg-guilers.org\/index.php\/les-reseaux\/","url":"https:\/\/www.emdg-guilers.org\/index.php\/les-reseaux\/","name":"Les r\u00e9seaux - Ecole de Musique, Danse &amp; Th\u00e9\u00e2tre de Guilers","isPartOf":{"@id":"https:\/\/www.emdg-guilers.org\/#website"},"primaryImageOfPage":{"@id":"https:\/\/www.emdg-guilers.org\/index.php\/les-reseaux\/#primaryimage"},"image":{"@id":"https:\/\/www.emdg-guilers.org\/index.php\/les-reseaux\/#primaryimage"},"thumbnailUrl":"https:\/\/www.emdg-guilers.org\/wp-content\/uploads\/2022\/03\/vivre-la-musique1-scaled-1.jpg","datePublished":"2022-03-28T08:47:19+00:00","dateModified":"2022-03-28T08:49:55+00:00","breadcrumb":{"@id":"https:\/\/www.emdg-guilers.org\/index.php\/les-reseaux\/#breadcrumb"},"inLanguage":"fr-FR","potentialAction":[{"@type":"ReadAction","target":["https:\/\/www.emdg-guilers.org\/index.php\/les-reseaux\/"]}]},{"@type":"ImageObject","inLanguage":"fr-FR","@id":"https:\/\/www.emdg-guilers.org\/index.php\/les-reseaux\/#primaryimage","url":"https:\/\/www.emdg-guilers.org\/wp-content\/uploads\/2022\/03\/vivre-la-musique1-scaled-1.jpg","contentUrl":"https:\/\/www.emdg-guilers.org\/wp-content\/uploads\/2022\/03\/vivre-la-musique1-scaled-1.jpg","width":2560,"height":812},{"@type":"BreadcrumbList","@id":"https:\/\/www.emdg-guilers.org\/index.php\/les-reseaux\/#breadcrumb","itemListElement":[{"@type":"ListItem","position":1,"name":"Accueil","item":"https:\/\/www.emdg-guilers.org\/"},{"@type":"ListItem","position":2,"name":"Les r\u00e9seaux"}]},{"@type":"WebSite","@id":"https:\/\/www.emdg-guilers.org\/#website","url":"https:\/\/www.emdg-guilers.org\/","name":"Ecole de Musique et Danse de Guilers","description":"Ecole associative, cours de musique, danse, th\u00e9\u00e2tre accessibles \u00e0 tous","publisher":{"@id":"https:\/\/www.emdg-guilers.org\/#organization"},"potentialAction":[{"@type":"SearchAction","target":{"@type":"EntryPoint","urlTemplate":"https:\/\/www.emdg-guilers.org\/?s={search_term_string}"},"query-input":"required name=search_term_string"}],"inLanguage":"fr-FR"},{"@type":"Organization","@id":"https:\/\/www.emdg-guilers.org\/#organization","name":"Ecole de Musique et de Danse","url":"https:\/\/www.emdg-guilers.org\/","logo":{"@type":"ImageObject","inLanguage":"fr-FR","@id":"https:\/\/www.emdg-guilers.org\/#\/schema\/logo\/image\/","url":"https:\/\/www.emdg-guilers.org\/wp-content\/uploads\/2016\/06\/logo2014.jpg","contentUrl":"https:\/\/www.emdg-guilers.org\/wp-content\/uploads\/2016\/06\/logo2014.jpg","width":214,"height":116,"caption":"Ecole de Musique et de Danse"},"image":{"@id":"https:\/\/www.emdg-guilers.org\/#\/schema\/logo\/image\/"},"sameAs":["https:\/\/www.facebook.com\/Ecole-de-Musique-et-de-Danse-de-Guilers-480017765533016\/"]}]}},"_links":{"self":[{"href":"https:\/\/www.emdg-guilers.org\/index.php\/wp-json\/wp\/v2\/pages\/2964"}],"collection":[{"href":"https:\/\/www.emdg-guilers.org\/index.php\/wp-json\/wp\/v2\/pages"}],"about":[{"href":"https:\/\/www.emdg-guilers.org\/index.php\/wp-json\/wp\/v2\/types\/page"}],"author":[{"embeddable":true,"href":"https:\/\/www.emdg-guilers.org\/index.php\/wp-json\/wp\/v2\/users\/3"}],"replies":[{"embeddable":true,"href":"https:\/\/www.emdg-guilers.org\/index.php\/wp-json\/wp\/v2\/comments?post=2964"}],"version-history":[{"count":2,"href":"https:\/\/www.emdg-guilers.org\/index.php\/wp-json\/wp\/v2\/pages\/2964\/revisions"}],"predecessor-version":[{"id":2969,"href":"https:\/\/www.emdg-guilers.org\/index.php\/wp-json\/wp\/v2\/pages\/2964\/revisions\/2969"}],"wp:attachment":[{"href":"https:\/\/www.emdg-guilers.org\/index.php\/wp-json\/wp\/v2\/media?parent=2964"}],"curies":[{"name":"wp","href":"https:\/\/api.w.org\/{rel}","templated":true}]}}