{"id":2991,"date":"2022-03-29T19:54:37","date_gmt":"2022-03-29T17:54:37","guid":{"rendered":"https:\/\/www.emdg-guilers.org\/?page_id=2991"},"modified":"2025-07-08T09:38:29","modified_gmt":"2025-07-08T07:38:29","slug":"atelier-choregraphique","status":"publish","type":"page","link":"https:\/\/www.emdg-guilers.org\/index.php\/atelier-choregraphique\/","title":{"rendered":"Atelier chor\u00e9graphique"},"content":{"rendered":"\n<p>Avec <strong>M\u00e9lanie Pitel<\/strong>, titulaire d\u2019un Dipl\u00f4me d\u2019Etat en danse modern jazz.<br>Jeudi : 18h15-19h45<\/p>\n\n\n\n<p>En 2019, un atelier chor\u00e9graphique a \u00e9t\u00e9 cr\u00e9e \u00e0 l&rsquo;EMDG, un cours suppl\u00e9mentaire pour tous les danseurs \/ danseuses.<\/p>\n\n\n\n<p><strong>Lors de l\u2019atelier chor\u00e9graphique, cours compl\u00e9mentaire du cours habituel de classique, modern jazz ou hip hop, sont travaill\u00e9s les axes suivantes&nbsp;:<\/strong><\/p>\n\n\n\n<ul>\n<li>CULTURE CHOR\u00c9GRAPHIQUE<br>Analyse de vid\u00e9os&nbsp;: spectacle et grandes cr\u00e9ations de chor\u00e9graphes jazz<br>Spectacles au Quartz, Mac Orlan, etc.<\/li>\n\n\n\n<li>CR\u00c9ATION CHOR\u00c9GRAPHIQUE<br>Travail d\u2019improvisation<br>Cr\u00e9ation de phrases, chor\u00e9graphies par les \u00e9l\u00e8ves<br>Processus de cr\u00e9ation avec pr\u00e9sentation de pi\u00e8ces chor\u00e9graphiques dans le cadre de diff\u00e9rents \u00e9v\u00e9nements dans le Finist\u00e8re et en Bretagne<\/li>\n\n\n\n<li>TRAVAIL AVEC DES COMPAGNIES PROFESSIONNELLES<br>Partenariat avec des compagnies professionnelles de la r\u00e9gion : ateliers, cheminement de cr\u00e9ation\u2026<\/li>\n<\/ul>\n\n\n\n<figure class=\"wp-block-image size-full\"><img loading=\"lazy\" decoding=\"async\" width=\"768\" height=\"768\" src=\"https:\/\/www.emdg-guilers.org\/wp-content\/uploads\/2024\/06\/Gala-Grdes-1-modif.jpg\" alt=\"\" class=\"wp-image-4455\" srcset=\"https:\/\/www.emdg-guilers.org\/wp-content\/uploads\/2024\/06\/Gala-Grdes-1-modif.jpg 768w, https:\/\/www.emdg-guilers.org\/wp-content\/uploads\/2024\/06\/Gala-Grdes-1-modif-300x300.jpg 300w, https:\/\/www.emdg-guilers.org\/wp-content\/uploads\/2024\/06\/Gala-Grdes-1-modif-150x150.jpg 150w, https:\/\/www.emdg-guilers.org\/wp-content\/uploads\/2024\/06\/Gala-Grdes-1-modif-270x270.jpg 270w\" sizes=\"(max-width: 768px) 100vw, 768px\" \/><\/figure>\n","protected":false},"excerpt":{"rendered":"<p>Avec M\u00e9lanie Pitel, titulaire d\u2019un Dipl\u00f4me d\u2019Etat en danse modern jazz.Jeudi : 18h15-19h45 En 2019, un atelier chor\u00e9graphique a \u00e9t\u00e9 cr\u00e9e \u00e0 l&rsquo;EMDG, un cours suppl\u00e9mentaire pour tous les danseurs \/ danseuses. Lors de l\u2019atelier chor\u00e9graphique, cours compl\u00e9mentaire du cours habituel de classique, modern jazz ou hip hop, sont travaill\u00e9s les axes suivantes&nbsp;:<\/p>\n","protected":false},"author":3,"featured_media":0,"parent":0,"menu_order":0,"comment_status":"closed","ping_status":"closed","template":"","meta":{"footnotes":""},"yoast_head":"<!-- This site is optimized with the Yoast SEO plugin v22.4 - https:\/\/yoast.com\/wordpress\/plugins\/seo\/ -->\n<title>Atelier chor\u00e9graphique - Ecole de Musique, Danse &amp; Th\u00e9\u00e2tre de Guilers<\/title>\n<meta name=\"robots\" content=\"index, follow, max-snippet:-1, max-image-preview:large, max-video-preview:-1\" \/>\n<link rel=\"canonical\" href=\"https:\/\/www.emdg-guilers.org\/index.php\/atelier-choregraphique\/\" \/>\n<meta property=\"og:locale\" content=\"fr_FR\" \/>\n<meta property=\"og:type\" content=\"article\" \/>\n<meta property=\"og:title\" content=\"Atelier chor\u00e9graphique - Ecole de Musique, Danse &amp; Th\u00e9\u00e2tre de Guilers\" \/>\n<meta property=\"og:description\" content=\"Avec M\u00e9lanie Pitel, titulaire d\u2019un Dipl\u00f4me d\u2019Etat en danse modern jazz.Jeudi : 18h15-19h45 En 2019, un atelier chor\u00e9graphique a \u00e9t\u00e9 cr\u00e9e \u00e0 l&rsquo;EMDG, un cours suppl\u00e9mentaire pour tous les danseurs \/ danseuses. Lors de l\u2019atelier chor\u00e9graphique, cours compl\u00e9mentaire du cours habituel de classique, modern jazz ou hip hop, sont travaill\u00e9s les axes suivantes&nbsp;:\" \/>\n<meta property=\"og:url\" content=\"https:\/\/www.emdg-guilers.org\/index.php\/atelier-choregraphique\/\" \/>\n<meta property=\"og:site_name\" content=\"Ecole de Musique, Danse &amp; Th\u00e9\u00e2tre de Guilers\" \/>\n<meta property=\"article:publisher\" content=\"https:\/\/www.facebook.com\/Ecole-de-Musique-et-de-Danse-de-Guilers-480017765533016\/\" \/>\n<meta property=\"article:modified_time\" content=\"2025-07-08T07:38:29+00:00\" \/>\n<meta property=\"og:image\" content=\"https:\/\/www.emdg-guilers.org\/wp-content\/uploads\/2024\/06\/Gala-Grdes-1-modif.jpg\" \/>\n<meta name=\"twitter:card\" content=\"summary_large_image\" \/>\n<meta name=\"twitter:label1\" content=\"Dur\u00e9e de lecture estim\u00e9e\" \/>\n\t<meta name=\"twitter:data1\" content=\"1 minute\" \/>\n<script type=\"application\/ld+json\" class=\"yoast-schema-graph\">{\"@context\":\"https:\/\/schema.org\",\"@graph\":[{\"@type\":\"WebPage\",\"@id\":\"https:\/\/www.emdg-guilers.org\/index.php\/atelier-choregraphique\/\",\"url\":\"https:\/\/www.emdg-guilers.org\/index.php\/atelier-choregraphique\/\",\"name\":\"Atelier chor\u00e9graphique - Ecole de Musique, Danse &amp; Th\u00e9\u00e2tre de Guilers\",\"isPartOf\":{\"@id\":\"https:\/\/www.emdg-guilers.org\/#website\"},\"primaryImageOfPage\":{\"@id\":\"https:\/\/www.emdg-guilers.org\/index.php\/atelier-choregraphique\/#primaryimage\"},\"image\":{\"@id\":\"https:\/\/www.emdg-guilers.org\/index.php\/atelier-choregraphique\/#primaryimage\"},\"thumbnailUrl\":\"https:\/\/www.emdg-guilers.org\/wp-content\/uploads\/2024\/06\/Gala-Grdes-1-modif.jpg\",\"datePublished\":\"2022-03-29T17:54:37+00:00\",\"dateModified\":\"2025-07-08T07:38:29+00:00\",\"breadcrumb\":{\"@id\":\"https:\/\/www.emdg-guilers.org\/index.php\/atelier-choregraphique\/#breadcrumb\"},\"inLanguage\":\"fr-FR\",\"potentialAction\":[{\"@type\":\"ReadAction\",\"target\":[\"https:\/\/www.emdg-guilers.org\/index.php\/atelier-choregraphique\/\"]}]},{\"@type\":\"ImageObject\",\"inLanguage\":\"fr-FR\",\"@id\":\"https:\/\/www.emdg-guilers.org\/index.php\/atelier-choregraphique\/#primaryimage\",\"url\":\"https:\/\/www.emdg-guilers.org\/wp-content\/uploads\/2024\/06\/Gala-Grdes-1-modif.jpg\",\"contentUrl\":\"https:\/\/www.emdg-guilers.org\/wp-content\/uploads\/2024\/06\/Gala-Grdes-1-modif.jpg\",\"width\":768,\"height\":768},{\"@type\":\"BreadcrumbList\",\"@id\":\"https:\/\/www.emdg-guilers.org\/index.php\/atelier-choregraphique\/#breadcrumb\",\"itemListElement\":[{\"@type\":\"ListItem\",\"position\":1,\"name\":\"Accueil\",\"item\":\"https:\/\/www.emdg-guilers.org\/\"},{\"@type\":\"ListItem\",\"position\":2,\"name\":\"Atelier chor\u00e9graphique\"}]},{\"@type\":\"WebSite\",\"@id\":\"https:\/\/www.emdg-guilers.org\/#website\",\"url\":\"https:\/\/www.emdg-guilers.org\/\",\"name\":\"Ecole de Musique et Danse de Guilers\",\"description\":\"Ecole associative, cours de musique, danse, th\u00e9\u00e2tre accessibles \u00e0 tous\",\"publisher\":{\"@id\":\"https:\/\/www.emdg-guilers.org\/#organization\"},\"potentialAction\":[{\"@type\":\"SearchAction\",\"target\":{\"@type\":\"EntryPoint\",\"urlTemplate\":\"https:\/\/www.emdg-guilers.org\/?s={search_term_string}\"},\"query-input\":\"required name=search_term_string\"}],\"inLanguage\":\"fr-FR\"},{\"@type\":\"Organization\",\"@id\":\"https:\/\/www.emdg-guilers.org\/#organization\",\"name\":\"Ecole de Musique et de Danse\",\"url\":\"https:\/\/www.emdg-guilers.org\/\",\"logo\":{\"@type\":\"ImageObject\",\"inLanguage\":\"fr-FR\",\"@id\":\"https:\/\/www.emdg-guilers.org\/#\/schema\/logo\/image\/\",\"url\":\"https:\/\/www.emdg-guilers.org\/wp-content\/uploads\/2016\/06\/logo2014.jpg\",\"contentUrl\":\"https:\/\/www.emdg-guilers.org\/wp-content\/uploads\/2016\/06\/logo2014.jpg\",\"width\":214,\"height\":116,\"caption\":\"Ecole de Musique et de Danse\"},\"image\":{\"@id\":\"https:\/\/www.emdg-guilers.org\/#\/schema\/logo\/image\/\"},\"sameAs\":[\"https:\/\/www.facebook.com\/Ecole-de-Musique-et-de-Danse-de-Guilers-480017765533016\/\"]}]}<\/script>\n<!-- \/ Yoast SEO plugin. -->","yoast_head_json":{"title":"Atelier chor\u00e9graphique - Ecole de Musique, Danse &amp; Th\u00e9\u00e2tre de Guilers","robots":{"index":"index","follow":"follow","max-snippet":"max-snippet:-1","max-image-preview":"max-image-preview:large","max-video-preview":"max-video-preview:-1"},"canonical":"https:\/\/www.emdg-guilers.org\/index.php\/atelier-choregraphique\/","og_locale":"fr_FR","og_type":"article","og_title":"Atelier chor\u00e9graphique - Ecole de Musique, Danse &amp; Th\u00e9\u00e2tre de Guilers","og_description":"Avec M\u00e9lanie Pitel, titulaire d\u2019un Dipl\u00f4me d\u2019Etat en danse modern jazz.Jeudi : 18h15-19h45 En 2019, un atelier chor\u00e9graphique a \u00e9t\u00e9 cr\u00e9e \u00e0 l&rsquo;EMDG, un cours suppl\u00e9mentaire pour tous les danseurs \/ danseuses. Lors de l\u2019atelier chor\u00e9graphique, cours compl\u00e9mentaire du cours habituel de classique, modern jazz ou hip hop, sont travaill\u00e9s les axes suivantes&nbsp;:","og_url":"https:\/\/www.emdg-guilers.org\/index.php\/atelier-choregraphique\/","og_site_name":"Ecole de Musique, Danse &amp; Th\u00e9\u00e2tre de Guilers","article_publisher":"https:\/\/www.facebook.com\/Ecole-de-Musique-et-de-Danse-de-Guilers-480017765533016\/","article_modified_time":"2025-07-08T07:38:29+00:00","og_image":[{"url":"https:\/\/www.emdg-guilers.org\/wp-content\/uploads\/2024\/06\/Gala-Grdes-1-modif.jpg"}],"twitter_card":"summary_large_image","twitter_misc":{"Dur\u00e9e de lecture estim\u00e9e":"1 minute"},"schema":{"@context":"https:\/\/schema.org","@graph":[{"@type":"WebPage","@id":"https:\/\/www.emdg-guilers.org\/index.php\/atelier-choregraphique\/","url":"https:\/\/www.emdg-guilers.org\/index.php\/atelier-choregraphique\/","name":"Atelier chor\u00e9graphique - Ecole de Musique, Danse &amp; Th\u00e9\u00e2tre de Guilers","isPartOf":{"@id":"https:\/\/www.emdg-guilers.org\/#website"},"primaryImageOfPage":{"@id":"https:\/\/www.emdg-guilers.org\/index.php\/atelier-choregraphique\/#primaryimage"},"image":{"@id":"https:\/\/www.emdg-guilers.org\/index.php\/atelier-choregraphique\/#primaryimage"},"thumbnailUrl":"https:\/\/www.emdg-guilers.org\/wp-content\/uploads\/2024\/06\/Gala-Grdes-1-modif.jpg","datePublished":"2022-03-29T17:54:37+00:00","dateModified":"2025-07-08T07:38:29+00:00","breadcrumb":{"@id":"https:\/\/www.emdg-guilers.org\/index.php\/atelier-choregraphique\/#breadcrumb"},"inLanguage":"fr-FR","potentialAction":[{"@type":"ReadAction","target":["https:\/\/www.emdg-guilers.org\/index.php\/atelier-choregraphique\/"]}]},{"@type":"ImageObject","inLanguage":"fr-FR","@id":"https:\/\/www.emdg-guilers.org\/index.php\/atelier-choregraphique\/#primaryimage","url":"https:\/\/www.emdg-guilers.org\/wp-content\/uploads\/2024\/06\/Gala-Grdes-1-modif.jpg","contentUrl":"https:\/\/www.emdg-guilers.org\/wp-content\/uploads\/2024\/06\/Gala-Grdes-1-modif.jpg","width":768,"height":768},{"@type":"BreadcrumbList","@id":"https:\/\/www.emdg-guilers.org\/index.php\/atelier-choregraphique\/#breadcrumb","itemListElement":[{"@type":"ListItem","position":1,"name":"Accueil","item":"https:\/\/www.emdg-guilers.org\/"},{"@type":"ListItem","position":2,"name":"Atelier chor\u00e9graphique"}]},{"@type":"WebSite","@id":"https:\/\/www.emdg-guilers.org\/#website","url":"https:\/\/www.emdg-guilers.org\/","name":"Ecole de Musique et Danse de Guilers","description":"Ecole associative, cours de musique, danse, th\u00e9\u00e2tre accessibles \u00e0 tous","publisher":{"@id":"https:\/\/www.emdg-guilers.org\/#organization"},"potentialAction":[{"@type":"SearchAction","target":{"@type":"EntryPoint","urlTemplate":"https:\/\/www.emdg-guilers.org\/?s={search_term_string}"},"query-input":"required name=search_term_string"}],"inLanguage":"fr-FR"},{"@type":"Organization","@id":"https:\/\/www.emdg-guilers.org\/#organization","name":"Ecole de Musique et de Danse","url":"https:\/\/www.emdg-guilers.org\/","logo":{"@type":"ImageObject","inLanguage":"fr-FR","@id":"https:\/\/www.emdg-guilers.org\/#\/schema\/logo\/image\/","url":"https:\/\/www.emdg-guilers.org\/wp-content\/uploads\/2016\/06\/logo2014.jpg","contentUrl":"https:\/\/www.emdg-guilers.org\/wp-content\/uploads\/2016\/06\/logo2014.jpg","width":214,"height":116,"caption":"Ecole de Musique et de Danse"},"image":{"@id":"https:\/\/www.emdg-guilers.org\/#\/schema\/logo\/image\/"},"sameAs":["https:\/\/www.facebook.com\/Ecole-de-Musique-et-de-Danse-de-Guilers-480017765533016\/"]}]}},"_links":{"self":[{"href":"https:\/\/www.emdg-guilers.org\/index.php\/wp-json\/wp\/v2\/pages\/2991"}],"collection":[{"href":"https:\/\/www.emdg-guilers.org\/index.php\/wp-json\/wp\/v2\/pages"}],"about":[{"href":"https:\/\/www.emdg-guilers.org\/index.php\/wp-json\/wp\/v2\/types\/page"}],"author":[{"embeddable":true,"href":"https:\/\/www.emdg-guilers.org\/index.php\/wp-json\/wp\/v2\/users\/3"}],"replies":[{"embeddable":true,"href":"https:\/\/www.emdg-guilers.org\/index.php\/wp-json\/wp\/v2\/comments?post=2991"}],"version-history":[{"count":7,"href":"https:\/\/www.emdg-guilers.org\/index.php\/wp-json\/wp\/v2\/pages\/2991\/revisions"}],"predecessor-version":[{"id":4701,"href":"https:\/\/www.emdg-guilers.org\/index.php\/wp-json\/wp\/v2\/pages\/2991\/revisions\/4701"}],"wp:attachment":[{"href":"https:\/\/www.emdg-guilers.org\/index.php\/wp-json\/wp\/v2\/media?parent=2991"}],"curies":[{"name":"wp","href":"https:\/\/api.w.org\/{rel}","templated":true}]}}