{"id":3623,"date":"2023-05-10T10:53:27","date_gmt":"2023-05-10T08:53:27","guid":{"rendered":"https:\/\/www.emdg-guilers.org\/?page_id=3623"},"modified":"2025-09-23T11:02:53","modified_gmt":"2025-09-23T09:02:53","slug":"fiches-dinscription","status":"publish","type":"page","link":"https:\/\/www.emdg-guilers.org\/index.php\/fiches-dinscription\/","title":{"rendered":"Fiches d&rsquo;inscription  2025-26"},"content":{"rendered":"\n<p><br><\/p>\n\n\n\n<p>Pour les cours de danse, <strong>une r\u00e9duction de 25%<\/strong> sera automatiquement octroy\u00e9e aux \u00e9l\u00e8ves qui prennent 2 cours dans la m\u00eame discipline. N&rsquo;h\u00e9sitez pas \u00e0 le pr\u00e9ciser sur votre fiche d&rsquo;inscription ou au moment de votre passage au secr\u00e9tariat le cas \u00e9ch\u00e9ant !<\/p>\n\n\n\n<div data-wp-interactive=\"core\/file\" class=\"wp-block-file\"><object data-wp-bind--hidden=\"!state.hasPdfPreview\"  class=\"wp-block-file__embed\" data=\"https:\/\/www.emdg-guilers.org\/wp-content\/uploads\/2025\/09\/EMDG-DANSE-fiche-inscription-2025-1.pdf\" type=\"application\/pdf\" style=\"width:100%;height:600px\" aria-label=\"Contenu embarqu\u00e9 EMDG-DANSE-fiche-inscription-2025-1.\"><\/object><a id=\"wp-block-file--media-d303f937-e68e-4710-a5e9-55e2e68b06d6\" href=\"https:\/\/www.emdg-guilers.org\/wp-content\/uploads\/2025\/09\/EMDG-DANSE-fiche-inscription-2025-1.pdf\">EMDG-DANSE-fiche-inscription-2025-1<\/a><a href=\"https:\/\/www.emdg-guilers.org\/wp-content\/uploads\/2025\/09\/EMDG-DANSE-fiche-inscription-2025-1.pdf\" class=\"wp-block-file__button wp-element-button\" download aria-describedby=\"wp-block-file--media-d303f937-e68e-4710-a5e9-55e2e68b06d6\">T\u00e9l\u00e9charger<\/a><\/div>\n\n\n\n<div data-wp-interactive=\"core\/file\" class=\"wp-block-file\"><object data-wp-bind--hidden=\"!state.hasPdfPreview\"  class=\"wp-block-file__embed\" data=\"https:\/\/www.emdg-guilers.org\/wp-content\/uploads\/2025\/09\/EMDG-MUSIQUE-THEATRE-fiche-inscription-2025-1.pdf\" type=\"application\/pdf\" style=\"width:100%;height:600px\" aria-label=\"Contenu embarqu\u00e9 EMDG-MUSIQUE-THEATRE-fiche-inscription-2025-1.\"><\/object><a id=\"wp-block-file--media-31855ec6-75b8-4c84-8217-22c162541f0d\" href=\"https:\/\/www.emdg-guilers.org\/wp-content\/uploads\/2025\/09\/EMDG-MUSIQUE-THEATRE-fiche-inscription-2025-1.pdf\">EMDG-MUSIQUE-THEATRE-fiche-inscription-2025-1<\/a><a href=\"https:\/\/www.emdg-guilers.org\/wp-content\/uploads\/2025\/09\/EMDG-MUSIQUE-THEATRE-fiche-inscription-2025-1.pdf\" class=\"wp-block-file__button wp-element-button\" download aria-describedby=\"wp-block-file--media-31855ec6-75b8-4c84-8217-22c162541f0d\">T\u00e9l\u00e9charger<\/a><\/div>\n","protected":false},"excerpt":{"rendered":"<p>Pour les cours de danse, une r\u00e9duction de 25% sera automatiquement octroy\u00e9e aux \u00e9l\u00e8ves qui prennent 2 cours dans la m\u00eame discipline. N&rsquo;h\u00e9sitez pas \u00e0 le pr\u00e9ciser sur votre fiche d&rsquo;inscription ou au moment de votre passage au secr\u00e9tariat le cas \u00e9ch\u00e9ant !<\/p>\n","protected":false},"author":3,"featured_media":0,"parent":0,"menu_order":0,"comment_status":"closed","ping_status":"closed","template":"","meta":{"footnotes":""},"yoast_head":"<!-- This site is optimized with the Yoast SEO plugin v22.4 - https:\/\/yoast.com\/wordpress\/plugins\/seo\/ -->\n<title>Fiches d&#039;inscription 2025-26 - Ecole de Musique, Danse &amp; Th\u00e9\u00e2tre de Guilers<\/title>\n<meta name=\"robots\" content=\"index, follow, max-snippet:-1, max-image-preview:large, max-video-preview:-1\" \/>\n<link rel=\"canonical\" href=\"https:\/\/www.emdg-guilers.org\/index.php\/fiches-dinscription\/\" \/>\n<meta property=\"og:locale\" content=\"fr_FR\" \/>\n<meta property=\"og:type\" content=\"article\" \/>\n<meta property=\"og:title\" content=\"Fiches d&#039;inscription 2025-26 - Ecole de Musique, Danse &amp; Th\u00e9\u00e2tre de Guilers\" \/>\n<meta property=\"og:description\" content=\"Pour les cours de danse, une r\u00e9duction de 25% sera automatiquement octroy\u00e9e aux \u00e9l\u00e8ves qui prennent 2 cours dans la m\u00eame discipline. N&rsquo;h\u00e9sitez pas \u00e0 le pr\u00e9ciser sur votre fiche d&rsquo;inscription ou au moment de votre passage au secr\u00e9tariat le cas \u00e9ch\u00e9ant !\" \/>\n<meta property=\"og:url\" content=\"https:\/\/www.emdg-guilers.org\/index.php\/fiches-dinscription\/\" \/>\n<meta property=\"og:site_name\" content=\"Ecole de Musique, Danse &amp; Th\u00e9\u00e2tre de Guilers\" \/>\n<meta property=\"article:publisher\" content=\"https:\/\/www.facebook.com\/Ecole-de-Musique-et-de-Danse-de-Guilers-480017765533016\/\" \/>\n<meta property=\"article:modified_time\" content=\"2025-09-23T09:02:53+00:00\" \/>\n<meta name=\"twitter:card\" content=\"summary_large_image\" \/>\n<meta name=\"twitter:label1\" content=\"Dur\u00e9e de lecture estim\u00e9e\" \/>\n\t<meta name=\"twitter:data1\" content=\"1 minute\" \/>\n<script type=\"application\/ld+json\" class=\"yoast-schema-graph\">{\"@context\":\"https:\/\/schema.org\",\"@graph\":[{\"@type\":\"WebPage\",\"@id\":\"https:\/\/www.emdg-guilers.org\/index.php\/fiches-dinscription\/\",\"url\":\"https:\/\/www.emdg-guilers.org\/index.php\/fiches-dinscription\/\",\"name\":\"Fiches d'inscription 2025-26 - Ecole de Musique, Danse &amp; Th\u00e9\u00e2tre de Guilers\",\"isPartOf\":{\"@id\":\"https:\/\/www.emdg-guilers.org\/#website\"},\"datePublished\":\"2023-05-10T08:53:27+00:00\",\"dateModified\":\"2025-09-23T09:02:53+00:00\",\"breadcrumb\":{\"@id\":\"https:\/\/www.emdg-guilers.org\/index.php\/fiches-dinscription\/#breadcrumb\"},\"inLanguage\":\"fr-FR\",\"potentialAction\":[{\"@type\":\"ReadAction\",\"target\":[\"https:\/\/www.emdg-guilers.org\/index.php\/fiches-dinscription\/\"]}]},{\"@type\":\"BreadcrumbList\",\"@id\":\"https:\/\/www.emdg-guilers.org\/index.php\/fiches-dinscription\/#breadcrumb\",\"itemListElement\":[{\"@type\":\"ListItem\",\"position\":1,\"name\":\"Accueil\",\"item\":\"https:\/\/www.emdg-guilers.org\/\"},{\"@type\":\"ListItem\",\"position\":2,\"name\":\"Fiches d&rsquo;inscription 2025-26\"}]},{\"@type\":\"WebSite\",\"@id\":\"https:\/\/www.emdg-guilers.org\/#website\",\"url\":\"https:\/\/www.emdg-guilers.org\/\",\"name\":\"Ecole de Musique et Danse de Guilers\",\"description\":\"Ecole associative, cours de musique, danse, th\u00e9\u00e2tre accessibles \u00e0 tous\",\"publisher\":{\"@id\":\"https:\/\/www.emdg-guilers.org\/#organization\"},\"potentialAction\":[{\"@type\":\"SearchAction\",\"target\":{\"@type\":\"EntryPoint\",\"urlTemplate\":\"https:\/\/www.emdg-guilers.org\/?s={search_term_string}\"},\"query-input\":\"required name=search_term_string\"}],\"inLanguage\":\"fr-FR\"},{\"@type\":\"Organization\",\"@id\":\"https:\/\/www.emdg-guilers.org\/#organization\",\"name\":\"Ecole de Musique et de Danse\",\"url\":\"https:\/\/www.emdg-guilers.org\/\",\"logo\":{\"@type\":\"ImageObject\",\"inLanguage\":\"fr-FR\",\"@id\":\"https:\/\/www.emdg-guilers.org\/#\/schema\/logo\/image\/\",\"url\":\"https:\/\/www.emdg-guilers.org\/wp-content\/uploads\/2016\/06\/logo2014.jpg\",\"contentUrl\":\"https:\/\/www.emdg-guilers.org\/wp-content\/uploads\/2016\/06\/logo2014.jpg\",\"width\":214,\"height\":116,\"caption\":\"Ecole de Musique et de Danse\"},\"image\":{\"@id\":\"https:\/\/www.emdg-guilers.org\/#\/schema\/logo\/image\/\"},\"sameAs\":[\"https:\/\/www.facebook.com\/Ecole-de-Musique-et-de-Danse-de-Guilers-480017765533016\/\"]}]}<\/script>\n<!-- \/ Yoast SEO plugin. -->","yoast_head_json":{"title":"Fiches d'inscription 2025-26 - Ecole de Musique, Danse &amp; Th\u00e9\u00e2tre de Guilers","robots":{"index":"index","follow":"follow","max-snippet":"max-snippet:-1","max-image-preview":"max-image-preview:large","max-video-preview":"max-video-preview:-1"},"canonical":"https:\/\/www.emdg-guilers.org\/index.php\/fiches-dinscription\/","og_locale":"fr_FR","og_type":"article","og_title":"Fiches d'inscription 2025-26 - Ecole de Musique, Danse &amp; Th\u00e9\u00e2tre de Guilers","og_description":"Pour les cours de danse, une r\u00e9duction de 25% sera automatiquement octroy\u00e9e aux \u00e9l\u00e8ves qui prennent 2 cours dans la m\u00eame discipline. N&rsquo;h\u00e9sitez pas \u00e0 le pr\u00e9ciser sur votre fiche d&rsquo;inscription ou au moment de votre passage au secr\u00e9tariat le cas \u00e9ch\u00e9ant !","og_url":"https:\/\/www.emdg-guilers.org\/index.php\/fiches-dinscription\/","og_site_name":"Ecole de Musique, Danse &amp; Th\u00e9\u00e2tre de Guilers","article_publisher":"https:\/\/www.facebook.com\/Ecole-de-Musique-et-de-Danse-de-Guilers-480017765533016\/","article_modified_time":"2025-09-23T09:02:53+00:00","twitter_card":"summary_large_image","twitter_misc":{"Dur\u00e9e de lecture estim\u00e9e":"1 minute"},"schema":{"@context":"https:\/\/schema.org","@graph":[{"@type":"WebPage","@id":"https:\/\/www.emdg-guilers.org\/index.php\/fiches-dinscription\/","url":"https:\/\/www.emdg-guilers.org\/index.php\/fiches-dinscription\/","name":"Fiches d'inscription 2025-26 - Ecole de Musique, Danse &amp; Th\u00e9\u00e2tre de Guilers","isPartOf":{"@id":"https:\/\/www.emdg-guilers.org\/#website"},"datePublished":"2023-05-10T08:53:27+00:00","dateModified":"2025-09-23T09:02:53+00:00","breadcrumb":{"@id":"https:\/\/www.emdg-guilers.org\/index.php\/fiches-dinscription\/#breadcrumb"},"inLanguage":"fr-FR","potentialAction":[{"@type":"ReadAction","target":["https:\/\/www.emdg-guilers.org\/index.php\/fiches-dinscription\/"]}]},{"@type":"BreadcrumbList","@id":"https:\/\/www.emdg-guilers.org\/index.php\/fiches-dinscription\/#breadcrumb","itemListElement":[{"@type":"ListItem","position":1,"name":"Accueil","item":"https:\/\/www.emdg-guilers.org\/"},{"@type":"ListItem","position":2,"name":"Fiches d&rsquo;inscription 2025-26"}]},{"@type":"WebSite","@id":"https:\/\/www.emdg-guilers.org\/#website","url":"https:\/\/www.emdg-guilers.org\/","name":"Ecole de Musique et Danse de Guilers","description":"Ecole associative, cours de musique, danse, th\u00e9\u00e2tre accessibles \u00e0 tous","publisher":{"@id":"https:\/\/www.emdg-guilers.org\/#organization"},"potentialAction":[{"@type":"SearchAction","target":{"@type":"EntryPoint","urlTemplate":"https:\/\/www.emdg-guilers.org\/?s={search_term_string}"},"query-input":"required name=search_term_string"}],"inLanguage":"fr-FR"},{"@type":"Organization","@id":"https:\/\/www.emdg-guilers.org\/#organization","name":"Ecole de Musique et de Danse","url":"https:\/\/www.emdg-guilers.org\/","logo":{"@type":"ImageObject","inLanguage":"fr-FR","@id":"https:\/\/www.emdg-guilers.org\/#\/schema\/logo\/image\/","url":"https:\/\/www.emdg-guilers.org\/wp-content\/uploads\/2016\/06\/logo2014.jpg","contentUrl":"https:\/\/www.emdg-guilers.org\/wp-content\/uploads\/2016\/06\/logo2014.jpg","width":214,"height":116,"caption":"Ecole de Musique et de Danse"},"image":{"@id":"https:\/\/www.emdg-guilers.org\/#\/schema\/logo\/image\/"},"sameAs":["https:\/\/www.facebook.com\/Ecole-de-Musique-et-de-Danse-de-Guilers-480017765533016\/"]}]}},"_links":{"self":[{"href":"https:\/\/www.emdg-guilers.org\/index.php\/wp-json\/wp\/v2\/pages\/3623"}],"collection":[{"href":"https:\/\/www.emdg-guilers.org\/index.php\/wp-json\/wp\/v2\/pages"}],"about":[{"href":"https:\/\/www.emdg-guilers.org\/index.php\/wp-json\/wp\/v2\/types\/page"}],"author":[{"embeddable":true,"href":"https:\/\/www.emdg-guilers.org\/index.php\/wp-json\/wp\/v2\/users\/3"}],"replies":[{"embeddable":true,"href":"https:\/\/www.emdg-guilers.org\/index.php\/wp-json\/wp\/v2\/comments?post=3623"}],"version-history":[{"count":22,"href":"https:\/\/www.emdg-guilers.org\/index.php\/wp-json\/wp\/v2\/pages\/3623\/revisions"}],"predecessor-version":[{"id":4781,"href":"https:\/\/www.emdg-guilers.org\/index.php\/wp-json\/wp\/v2\/pages\/3623\/revisions\/4781"}],"wp:attachment":[{"href":"https:\/\/www.emdg-guilers.org\/index.php\/wp-json\/wp\/v2\/media?parent=3623"}],"curies":[{"name":"wp","href":"https:\/\/api.w.org\/{rel}","templated":true}]}}