{"id":3705,"date":"2023-06-13T12:20:26","date_gmt":"2023-06-13T10:20:26","guid":{"rendered":"https:\/\/www.emdg-guilers.org\/?page_id=3705"},"modified":"2025-07-08T10:53:51","modified_gmt":"2025-07-08T08:53:51","slug":"theatre-lyceens","status":"publish","type":"page","link":"https:\/\/www.emdg-guilers.org\/index.php\/theatre-lyceens\/","title":{"rendered":"Th\u00e9\u00e2tre lyc\u00e9ens (14-18 ans)"},"content":{"rendered":"\n<p><strong>Atelier th\u00e9\u00e2tre 14-18 ans<\/strong><br>Mardi 18h30-19h45, salle 1 de l&rsquo;espace J. Mobian ou salle Topaze (en cas d&rsquo;indisponibilit\u00e9 de cette derni\u00e8re)<br>Avec Pierre-Yves Herry<br><\/p>\n\n\n\n<p>Travail de la technique&nbsp;:<br>\u2013&nbsp;&nbsp;Vocale&nbsp;: &nbsp;respiration, articulation, diction<br>\u2013&nbsp;&nbsp;&nbsp;Corporelle&nbsp;: conscience du plateau et des partenaires, conscience de son corps, pr\u00e9sence, \u00e9coute, apprendre \u00e0 g\u00e9rer le \u00ab&nbsp;focus&nbsp;\u00bb sur le plateau<br>Approche de l\u2019improvisation en groupe et seul<br>Travail du r\u00e9pertoire classique et contemporain \u00e0 travers des extraits de textes<br>Travail en autonomie<br>Travail et\/ou cr\u00e9ation en lien avec le d\u00e9partement musique et\/ou danse de l\u2019\u00e9cole de Guilers<br>Cr\u00e9ation d\u2019un spectacle en fin de cession<\/p>\n\n\n\n<p>Pendant l\u2019ann\u00e9e : plusieurs stages propos\u00e9s autour d\u2019une th\u00e9matique sp\u00e9cifique (travail de l\u2019impro, prise de parole en public, diction, sc\u00e9nettes\u2026)<br>Accompagnement \u00e0 des spectacles professionnels \u00e0 Guilers ou Brest, visite des coulisses d\u2019un th\u00e9\u00e2tre\u2026<\/p>\n\n\n\n<figure class=\"wp-block-image size-large is-resized\"><img loading=\"lazy\" decoding=\"async\" width=\"1024\" height=\"1024\" src=\"https:\/\/www.emdg-guilers.org\/wp-content\/uploads\/2023\/06\/2021-portraits-pierre-yves-2-1024x1024.jpg\" alt=\"\" class=\"wp-image-3706\" style=\"width:342px;height:342px\" srcset=\"https:\/\/www.emdg-guilers.org\/wp-content\/uploads\/2023\/06\/2021-portraits-pierre-yves-2-1024x1024.jpg 1024w, https:\/\/www.emdg-guilers.org\/wp-content\/uploads\/2023\/06\/2021-portraits-pierre-yves-2-300x300.jpg 300w, https:\/\/www.emdg-guilers.org\/wp-content\/uploads\/2023\/06\/2021-portraits-pierre-yves-2-150x150.jpg 150w, https:\/\/www.emdg-guilers.org\/wp-content\/uploads\/2023\/06\/2021-portraits-pierre-yves-2-768x768.jpg 768w, https:\/\/www.emdg-guilers.org\/wp-content\/uploads\/2023\/06\/2021-portraits-pierre-yves-2-270x270.jpg 270w, https:\/\/www.emdg-guilers.org\/wp-content\/uploads\/2023\/06\/2021-portraits-pierre-yves-2.jpg 1080w\" sizes=\"(max-width: 1024px) 100vw, 1024px\" \/><\/figure>\n","protected":false},"excerpt":{"rendered":"<p>Atelier th\u00e9\u00e2tre 14-18 ansMardi 18h30-19h45, salle 1 de l&rsquo;espace J. Mobian ou salle Topaze (en cas d&rsquo;indisponibilit\u00e9 de cette derni\u00e8re)Avec Pierre-Yves Herry Travail de la technique&nbsp;:\u2013&nbsp;&nbsp;Vocale&nbsp;: &nbsp;respiration, articulation, diction\u2013&nbsp;&nbsp;&nbsp;Corporelle&nbsp;: conscience du plateau et des partenaires, conscience de son corps, pr\u00e9sence, \u00e9coute, apprendre \u00e0 g\u00e9rer le \u00ab&nbsp;focus&nbsp;\u00bb sur le plateauApproche de l\u2019improvisation en groupe et seulTravail du r\u00e9pertoire classique et contemporain \u00e0 travers des extraits de textesTravail en autonomieTravail et\/ou cr\u00e9ation en lien avec le d\u00e9partement musique et\/ou danse de l\u2019\u00e9cole&#8230;<\/p>\n<p class=\"read-more\"><a class=\"btn btn-default\" href=\"https:\/\/www.emdg-guilers.org\/index.php\/theatre-lyceens\/\">Lire la suite<span class=\"screen-reader-text\"> Lire la suite<\/span><\/a><\/p>\n","protected":false},"author":3,"featured_media":0,"parent":0,"menu_order":0,"comment_status":"closed","ping_status":"closed","template":"","meta":{"footnotes":""},"yoast_head":"<!-- This site is optimized with the Yoast SEO plugin v22.4 - https:\/\/yoast.com\/wordpress\/plugins\/seo\/ -->\n<title>Th\u00e9\u00e2tre lyc\u00e9ens (14-18 ans) - Ecole de Musique, Danse &amp; Th\u00e9\u00e2tre de Guilers<\/title>\n<meta name=\"robots\" content=\"index, follow, max-snippet:-1, max-image-preview:large, max-video-preview:-1\" \/>\n<link rel=\"canonical\" href=\"https:\/\/www.emdg-guilers.org\/index.php\/theatre-lyceens\/\" \/>\n<meta property=\"og:locale\" content=\"fr_FR\" \/>\n<meta property=\"og:type\" content=\"article\" \/>\n<meta property=\"og:title\" content=\"Th\u00e9\u00e2tre lyc\u00e9ens (14-18 ans) - Ecole de Musique, Danse &amp; Th\u00e9\u00e2tre de Guilers\" \/>\n<meta property=\"og:description\" content=\"Atelier th\u00e9\u00e2tre 14-18 ansMardi 18h30-19h45, salle 1 de l&rsquo;espace J. Mobian ou salle Topaze (en cas d&rsquo;indisponibilit\u00e9 de cette derni\u00e8re)Avec Pierre-Yves Herry Travail de la technique&nbsp;:\u2013&nbsp;&nbsp;Vocale&nbsp;: &nbsp;respiration, articulation, diction\u2013&nbsp;&nbsp;&nbsp;Corporelle&nbsp;: conscience du plateau et des partenaires, conscience de son corps, pr\u00e9sence, \u00e9coute, apprendre \u00e0 g\u00e9rer le \u00ab&nbsp;focus&nbsp;\u00bb sur le plateauApproche de l\u2019improvisation en groupe et seulTravail du r\u00e9pertoire classique et contemporain \u00e0 travers des extraits de textesTravail en autonomieTravail et\/ou cr\u00e9ation en lien avec le d\u00e9partement musique et\/ou danse de l\u2019\u00e9cole...Lire la suite Lire la suite\" \/>\n<meta property=\"og:url\" content=\"https:\/\/www.emdg-guilers.org\/index.php\/theatre-lyceens\/\" \/>\n<meta property=\"og:site_name\" content=\"Ecole de Musique, Danse &amp; Th\u00e9\u00e2tre de Guilers\" \/>\n<meta property=\"article:publisher\" content=\"https:\/\/www.facebook.com\/Ecole-de-Musique-et-de-Danse-de-Guilers-480017765533016\/\" \/>\n<meta property=\"article:modified_time\" content=\"2025-07-08T08:53:51+00:00\" \/>\n<meta property=\"og:image\" content=\"https:\/\/www.emdg-guilers.org\/wp-content\/uploads\/2023\/06\/2021-portraits-pierre-yves-2-1024x1024.jpg\" \/>\n<meta name=\"twitter:card\" content=\"summary_large_image\" \/>\n<meta name=\"twitter:label1\" content=\"Dur\u00e9e de lecture estim\u00e9e\" \/>\n\t<meta name=\"twitter:data1\" content=\"1 minute\" \/>\n<script type=\"application\/ld+json\" class=\"yoast-schema-graph\">{\"@context\":\"https:\/\/schema.org\",\"@graph\":[{\"@type\":\"WebPage\",\"@id\":\"https:\/\/www.emdg-guilers.org\/index.php\/theatre-lyceens\/\",\"url\":\"https:\/\/www.emdg-guilers.org\/index.php\/theatre-lyceens\/\",\"name\":\"Th\u00e9\u00e2tre lyc\u00e9ens (14-18 ans) - Ecole de Musique, Danse &amp; Th\u00e9\u00e2tre de Guilers\",\"isPartOf\":{\"@id\":\"https:\/\/www.emdg-guilers.org\/#website\"},\"primaryImageOfPage\":{\"@id\":\"https:\/\/www.emdg-guilers.org\/index.php\/theatre-lyceens\/#primaryimage\"},\"image\":{\"@id\":\"https:\/\/www.emdg-guilers.org\/index.php\/theatre-lyceens\/#primaryimage\"},\"thumbnailUrl\":\"https:\/\/www.emdg-guilers.org\/wp-content\/uploads\/2023\/06\/2021-portraits-pierre-yves-2-1024x1024.jpg\",\"datePublished\":\"2023-06-13T10:20:26+00:00\",\"dateModified\":\"2025-07-08T08:53:51+00:00\",\"breadcrumb\":{\"@id\":\"https:\/\/www.emdg-guilers.org\/index.php\/theatre-lyceens\/#breadcrumb\"},\"inLanguage\":\"fr-FR\",\"potentialAction\":[{\"@type\":\"ReadAction\",\"target\":[\"https:\/\/www.emdg-guilers.org\/index.php\/theatre-lyceens\/\"]}]},{\"@type\":\"ImageObject\",\"inLanguage\":\"fr-FR\",\"@id\":\"https:\/\/www.emdg-guilers.org\/index.php\/theatre-lyceens\/#primaryimage\",\"url\":\"https:\/\/www.emdg-guilers.org\/wp-content\/uploads\/2023\/06\/2021-portraits-pierre-yves-2.jpg\",\"contentUrl\":\"https:\/\/www.emdg-guilers.org\/wp-content\/uploads\/2023\/06\/2021-portraits-pierre-yves-2.jpg\",\"width\":1080,\"height\":1080},{\"@type\":\"BreadcrumbList\",\"@id\":\"https:\/\/www.emdg-guilers.org\/index.php\/theatre-lyceens\/#breadcrumb\",\"itemListElement\":[{\"@type\":\"ListItem\",\"position\":1,\"name\":\"Accueil\",\"item\":\"https:\/\/www.emdg-guilers.org\/\"},{\"@type\":\"ListItem\",\"position\":2,\"name\":\"Th\u00e9\u00e2tre lyc\u00e9ens (14-18 ans)\"}]},{\"@type\":\"WebSite\",\"@id\":\"https:\/\/www.emdg-guilers.org\/#website\",\"url\":\"https:\/\/www.emdg-guilers.org\/\",\"name\":\"Ecole de Musique et Danse de Guilers\",\"description\":\"Ecole associative, cours de musique, danse, th\u00e9\u00e2tre accessibles \u00e0 tous\",\"publisher\":{\"@id\":\"https:\/\/www.emdg-guilers.org\/#organization\"},\"potentialAction\":[{\"@type\":\"SearchAction\",\"target\":{\"@type\":\"EntryPoint\",\"urlTemplate\":\"https:\/\/www.emdg-guilers.org\/?s={search_term_string}\"},\"query-input\":\"required name=search_term_string\"}],\"inLanguage\":\"fr-FR\"},{\"@type\":\"Organization\",\"@id\":\"https:\/\/www.emdg-guilers.org\/#organization\",\"name\":\"Ecole de Musique et de Danse\",\"url\":\"https:\/\/www.emdg-guilers.org\/\",\"logo\":{\"@type\":\"ImageObject\",\"inLanguage\":\"fr-FR\",\"@id\":\"https:\/\/www.emdg-guilers.org\/#\/schema\/logo\/image\/\",\"url\":\"https:\/\/www.emdg-guilers.org\/wp-content\/uploads\/2016\/06\/logo2014.jpg\",\"contentUrl\":\"https:\/\/www.emdg-guilers.org\/wp-content\/uploads\/2016\/06\/logo2014.jpg\",\"width\":214,\"height\":116,\"caption\":\"Ecole de Musique et de Danse\"},\"image\":{\"@id\":\"https:\/\/www.emdg-guilers.org\/#\/schema\/logo\/image\/\"},\"sameAs\":[\"https:\/\/www.facebook.com\/Ecole-de-Musique-et-de-Danse-de-Guilers-480017765533016\/\"]}]}<\/script>\n<!-- \/ Yoast SEO plugin. -->","yoast_head_json":{"title":"Th\u00e9\u00e2tre lyc\u00e9ens (14-18 ans) - Ecole de Musique, Danse &amp; Th\u00e9\u00e2tre de Guilers","robots":{"index":"index","follow":"follow","max-snippet":"max-snippet:-1","max-image-preview":"max-image-preview:large","max-video-preview":"max-video-preview:-1"},"canonical":"https:\/\/www.emdg-guilers.org\/index.php\/theatre-lyceens\/","og_locale":"fr_FR","og_type":"article","og_title":"Th\u00e9\u00e2tre lyc\u00e9ens (14-18 ans) - Ecole de Musique, Danse &amp; Th\u00e9\u00e2tre de Guilers","og_description":"Atelier th\u00e9\u00e2tre 14-18 ansMardi 18h30-19h45, salle 1 de l&rsquo;espace J. Mobian ou salle Topaze (en cas d&rsquo;indisponibilit\u00e9 de cette derni\u00e8re)Avec Pierre-Yves Herry Travail de la technique&nbsp;:\u2013&nbsp;&nbsp;Vocale&nbsp;: &nbsp;respiration, articulation, diction\u2013&nbsp;&nbsp;&nbsp;Corporelle&nbsp;: conscience du plateau et des partenaires, conscience de son corps, pr\u00e9sence, \u00e9coute, apprendre \u00e0 g\u00e9rer le \u00ab&nbsp;focus&nbsp;\u00bb sur le plateauApproche de l\u2019improvisation en groupe et seulTravail du r\u00e9pertoire classique et contemporain \u00e0 travers des extraits de textesTravail en autonomieTravail et\/ou cr\u00e9ation en lien avec le d\u00e9partement musique et\/ou danse de l\u2019\u00e9cole...Lire la suite Lire la suite","og_url":"https:\/\/www.emdg-guilers.org\/index.php\/theatre-lyceens\/","og_site_name":"Ecole de Musique, Danse &amp; Th\u00e9\u00e2tre de Guilers","article_publisher":"https:\/\/www.facebook.com\/Ecole-de-Musique-et-de-Danse-de-Guilers-480017765533016\/","article_modified_time":"2025-07-08T08:53:51+00:00","og_image":[{"url":"https:\/\/www.emdg-guilers.org\/wp-content\/uploads\/2023\/06\/2021-portraits-pierre-yves-2-1024x1024.jpg"}],"twitter_card":"summary_large_image","twitter_misc":{"Dur\u00e9e de lecture estim\u00e9e":"1 minute"},"schema":{"@context":"https:\/\/schema.org","@graph":[{"@type":"WebPage","@id":"https:\/\/www.emdg-guilers.org\/index.php\/theatre-lyceens\/","url":"https:\/\/www.emdg-guilers.org\/index.php\/theatre-lyceens\/","name":"Th\u00e9\u00e2tre lyc\u00e9ens (14-18 ans) - Ecole de Musique, Danse &amp; Th\u00e9\u00e2tre de Guilers","isPartOf":{"@id":"https:\/\/www.emdg-guilers.org\/#website"},"primaryImageOfPage":{"@id":"https:\/\/www.emdg-guilers.org\/index.php\/theatre-lyceens\/#primaryimage"},"image":{"@id":"https:\/\/www.emdg-guilers.org\/index.php\/theatre-lyceens\/#primaryimage"},"thumbnailUrl":"https:\/\/www.emdg-guilers.org\/wp-content\/uploads\/2023\/06\/2021-portraits-pierre-yves-2-1024x1024.jpg","datePublished":"2023-06-13T10:20:26+00:00","dateModified":"2025-07-08T08:53:51+00:00","breadcrumb":{"@id":"https:\/\/www.emdg-guilers.org\/index.php\/theatre-lyceens\/#breadcrumb"},"inLanguage":"fr-FR","potentialAction":[{"@type":"ReadAction","target":["https:\/\/www.emdg-guilers.org\/index.php\/theatre-lyceens\/"]}]},{"@type":"ImageObject","inLanguage":"fr-FR","@id":"https:\/\/www.emdg-guilers.org\/index.php\/theatre-lyceens\/#primaryimage","url":"https:\/\/www.emdg-guilers.org\/wp-content\/uploads\/2023\/06\/2021-portraits-pierre-yves-2.jpg","contentUrl":"https:\/\/www.emdg-guilers.org\/wp-content\/uploads\/2023\/06\/2021-portraits-pierre-yves-2.jpg","width":1080,"height":1080},{"@type":"BreadcrumbList","@id":"https:\/\/www.emdg-guilers.org\/index.php\/theatre-lyceens\/#breadcrumb","itemListElement":[{"@type":"ListItem","position":1,"name":"Accueil","item":"https:\/\/www.emdg-guilers.org\/"},{"@type":"ListItem","position":2,"name":"Th\u00e9\u00e2tre lyc\u00e9ens (14-18 ans)"}]},{"@type":"WebSite","@id":"https:\/\/www.emdg-guilers.org\/#website","url":"https:\/\/www.emdg-guilers.org\/","name":"Ecole de Musique et Danse de Guilers","description":"Ecole associative, cours de musique, danse, th\u00e9\u00e2tre accessibles \u00e0 tous","publisher":{"@id":"https:\/\/www.emdg-guilers.org\/#organization"},"potentialAction":[{"@type":"SearchAction","target":{"@type":"EntryPoint","urlTemplate":"https:\/\/www.emdg-guilers.org\/?s={search_term_string}"},"query-input":"required name=search_term_string"}],"inLanguage":"fr-FR"},{"@type":"Organization","@id":"https:\/\/www.emdg-guilers.org\/#organization","name":"Ecole de Musique et de Danse","url":"https:\/\/www.emdg-guilers.org\/","logo":{"@type":"ImageObject","inLanguage":"fr-FR","@id":"https:\/\/www.emdg-guilers.org\/#\/schema\/logo\/image\/","url":"https:\/\/www.emdg-guilers.org\/wp-content\/uploads\/2016\/06\/logo2014.jpg","contentUrl":"https:\/\/www.emdg-guilers.org\/wp-content\/uploads\/2016\/06\/logo2014.jpg","width":214,"height":116,"caption":"Ecole de Musique et de Danse"},"image":{"@id":"https:\/\/www.emdg-guilers.org\/#\/schema\/logo\/image\/"},"sameAs":["https:\/\/www.facebook.com\/Ecole-de-Musique-et-de-Danse-de-Guilers-480017765533016\/"]}]}},"_links":{"self":[{"href":"https:\/\/www.emdg-guilers.org\/index.php\/wp-json\/wp\/v2\/pages\/3705"}],"collection":[{"href":"https:\/\/www.emdg-guilers.org\/index.php\/wp-json\/wp\/v2\/pages"}],"about":[{"href":"https:\/\/www.emdg-guilers.org\/index.php\/wp-json\/wp\/v2\/types\/page"}],"author":[{"embeddable":true,"href":"https:\/\/www.emdg-guilers.org\/index.php\/wp-json\/wp\/v2\/users\/3"}],"replies":[{"embeddable":true,"href":"https:\/\/www.emdg-guilers.org\/index.php\/wp-json\/wp\/v2\/comments?post=3705"}],"version-history":[{"count":7,"href":"https:\/\/www.emdg-guilers.org\/index.php\/wp-json\/wp\/v2\/pages\/3705\/revisions"}],"predecessor-version":[{"id":4746,"href":"https:\/\/www.emdg-guilers.org\/index.php\/wp-json\/wp\/v2\/pages\/3705\/revisions\/4746"}],"wp:attachment":[{"href":"https:\/\/www.emdg-guilers.org\/index.php\/wp-json\/wp\/v2\/media?parent=3705"}],"curies":[{"name":"wp","href":"https:\/\/api.w.org\/{rel}","templated":true}]}}