{"id":3711,"date":"2023-06-13T12:27:11","date_gmt":"2023-06-13T10:27:11","guid":{"rendered":"https:\/\/www.emdg-guilers.org\/?page_id=3711"},"modified":"2024-09-17T10:25:20","modified_gmt":"2024-09-17T08:25:20","slug":"atelier-adultes-repertoire","status":"publish","type":"page","link":"https:\/\/www.emdg-guilers.org\/index.php\/atelier-adultes-repertoire\/","title":{"rendered":"Th\u00e9\u00e2tre adultes r\u00e9pertoire"},"content":{"rendered":"\n<p><strong>Atelier adultes, travail du r\u00e9pertoire<\/strong><br>Jeudi 20h-22h, salle 1, espace J.Mobian<\/p>\n\n\n\n<p>Avec Doroth\u00e9e Le Troadec<br><\/p>\n\n\n\n<p>Travail de la technique\u00a0:<br>\u2013\u00a0\u00a0Vocale\u00a0: \u00a0respiration, articulation, diction<br>\u2013\u00a0\u00a0\u00a0Corporelle\u00a0: conscience du plateau et des partenaires, conscience de son corps, pr\u00e9sence, \u00e9coute, apprendre \u00e0 g\u00e9rer le \u00ab\u00a0focus\u00a0\u00bb sur le plateau<br>Travail du r\u00e9pertoire classique et contemporain \u00e0 travers des extraits de textes<br>Travail en autonomie<br>Travail et\/ou cr\u00e9ation en lien avec le d\u00e9partement musique et\/ou danse de l\u2019\u00e9cole de Guilers<br>Cr\u00e9ation d\u2019un spectacle en fin de cession<\/p>\n\n\n\n<figure class=\"wp-block-image size-full is-resized\"><img loading=\"lazy\" decoding=\"async\" width=\"326\" height=\"306\" src=\"https:\/\/www.emdg-guilers.org\/wp-content\/uploads\/2024\/09\/Dorothee.jpg\" alt=\"\" class=\"wp-image-4517\" style=\"width:259px;height:auto\" srcset=\"https:\/\/www.emdg-guilers.org\/wp-content\/uploads\/2024\/09\/Dorothee.jpg 326w, https:\/\/www.emdg-guilers.org\/wp-content\/uploads\/2024\/09\/Dorothee-300x282.jpg 300w, https:\/\/www.emdg-guilers.org\/wp-content\/uploads\/2024\/09\/Dorothee-288x270.jpg 288w\" sizes=\"(max-width: 326px) 100vw, 326px\" \/><\/figure>\n","protected":false},"excerpt":{"rendered":"<p>Atelier adultes, travail du r\u00e9pertoireJeudi 20h-22h, salle 1, espace J.Mobian Avec Doroth\u00e9e Le Troadec Travail de la technique\u00a0:\u2013\u00a0\u00a0Vocale\u00a0: \u00a0respiration, articulation, diction\u2013\u00a0\u00a0\u00a0Corporelle\u00a0: conscience du plateau et des partenaires, conscience de son corps, pr\u00e9sence, \u00e9coute, apprendre \u00e0 g\u00e9rer le \u00ab\u00a0focus\u00a0\u00bb sur le plateauTravail du r\u00e9pertoire classique et contemporain \u00e0 travers des extraits de textesTravail en autonomieTravail et\/ou cr\u00e9ation en lien avec le d\u00e9partement musique et\/ou danse de l\u2019\u00e9cole de GuilersCr\u00e9ation d\u2019un spectacle en fin de cession<\/p>\n","protected":false},"author":3,"featured_media":0,"parent":0,"menu_order":0,"comment_status":"closed","ping_status":"closed","template":"","meta":{"footnotes":""},"yoast_head":"<!-- This site is optimized with the Yoast SEO plugin v22.4 - https:\/\/yoast.com\/wordpress\/plugins\/seo\/ -->\n<title>Th\u00e9\u00e2tre adultes r\u00e9pertoire - Ecole de Musique, Danse &amp; Th\u00e9\u00e2tre de Guilers<\/title>\n<meta name=\"robots\" content=\"index, follow, max-snippet:-1, max-image-preview:large, max-video-preview:-1\" \/>\n<link rel=\"canonical\" href=\"https:\/\/www.emdg-guilers.org\/index.php\/atelier-adultes-repertoire\/\" \/>\n<meta property=\"og:locale\" content=\"fr_FR\" \/>\n<meta property=\"og:type\" content=\"article\" \/>\n<meta property=\"og:title\" content=\"Th\u00e9\u00e2tre adultes r\u00e9pertoire - Ecole de Musique, Danse &amp; Th\u00e9\u00e2tre de Guilers\" \/>\n<meta property=\"og:description\" content=\"Atelier adultes, travail du r\u00e9pertoireJeudi 20h-22h, salle 1, espace J.Mobian Avec Doroth\u00e9e Le Troadec Travail de la technique\u00a0:\u2013\u00a0\u00a0Vocale\u00a0: \u00a0respiration, articulation, diction\u2013\u00a0\u00a0\u00a0Corporelle\u00a0: conscience du plateau et des partenaires, conscience de son corps, pr\u00e9sence, \u00e9coute, apprendre \u00e0 g\u00e9rer le \u00ab\u00a0focus\u00a0\u00bb sur le plateauTravail du r\u00e9pertoire classique et contemporain \u00e0 travers des extraits de textesTravail en autonomieTravail et\/ou cr\u00e9ation en lien avec le d\u00e9partement musique et\/ou danse de l\u2019\u00e9cole de GuilersCr\u00e9ation d\u2019un spectacle en fin de cession\" \/>\n<meta property=\"og:url\" content=\"https:\/\/www.emdg-guilers.org\/index.php\/atelier-adultes-repertoire\/\" \/>\n<meta property=\"og:site_name\" content=\"Ecole de Musique, Danse &amp; Th\u00e9\u00e2tre de Guilers\" \/>\n<meta property=\"article:publisher\" content=\"https:\/\/www.facebook.com\/Ecole-de-Musique-et-de-Danse-de-Guilers-480017765533016\/\" \/>\n<meta property=\"article:modified_time\" content=\"2024-09-17T08:25:20+00:00\" \/>\n<meta property=\"og:image\" content=\"https:\/\/www.emdg-guilers.org\/wp-content\/uploads\/2024\/09\/Dorothee.jpg\" \/>\n<meta name=\"twitter:card\" content=\"summary_large_image\" \/>\n<meta name=\"twitter:label1\" content=\"Dur\u00e9e de lecture estim\u00e9e\" \/>\n\t<meta name=\"twitter:data1\" content=\"1 minute\" \/>\n<script type=\"application\/ld+json\" class=\"yoast-schema-graph\">{\"@context\":\"https:\/\/schema.org\",\"@graph\":[{\"@type\":\"WebPage\",\"@id\":\"https:\/\/www.emdg-guilers.org\/index.php\/atelier-adultes-repertoire\/\",\"url\":\"https:\/\/www.emdg-guilers.org\/index.php\/atelier-adultes-repertoire\/\",\"name\":\"Th\u00e9\u00e2tre adultes r\u00e9pertoire - Ecole de Musique, Danse &amp; Th\u00e9\u00e2tre de Guilers\",\"isPartOf\":{\"@id\":\"https:\/\/www.emdg-guilers.org\/#website\"},\"primaryImageOfPage\":{\"@id\":\"https:\/\/www.emdg-guilers.org\/index.php\/atelier-adultes-repertoire\/#primaryimage\"},\"image\":{\"@id\":\"https:\/\/www.emdg-guilers.org\/index.php\/atelier-adultes-repertoire\/#primaryimage\"},\"thumbnailUrl\":\"https:\/\/www.emdg-guilers.org\/wp-content\/uploads\/2024\/09\/Dorothee.jpg\",\"datePublished\":\"2023-06-13T10:27:11+00:00\",\"dateModified\":\"2024-09-17T08:25:20+00:00\",\"breadcrumb\":{\"@id\":\"https:\/\/www.emdg-guilers.org\/index.php\/atelier-adultes-repertoire\/#breadcrumb\"},\"inLanguage\":\"fr-FR\",\"potentialAction\":[{\"@type\":\"ReadAction\",\"target\":[\"https:\/\/www.emdg-guilers.org\/index.php\/atelier-adultes-repertoire\/\"]}]},{\"@type\":\"ImageObject\",\"inLanguage\":\"fr-FR\",\"@id\":\"https:\/\/www.emdg-guilers.org\/index.php\/atelier-adultes-repertoire\/#primaryimage\",\"url\":\"https:\/\/www.emdg-guilers.org\/wp-content\/uploads\/2024\/09\/Dorothee.jpg\",\"contentUrl\":\"https:\/\/www.emdg-guilers.org\/wp-content\/uploads\/2024\/09\/Dorothee.jpg\",\"width\":326,\"height\":306},{\"@type\":\"BreadcrumbList\",\"@id\":\"https:\/\/www.emdg-guilers.org\/index.php\/atelier-adultes-repertoire\/#breadcrumb\",\"itemListElement\":[{\"@type\":\"ListItem\",\"position\":1,\"name\":\"Accueil\",\"item\":\"https:\/\/www.emdg-guilers.org\/\"},{\"@type\":\"ListItem\",\"position\":2,\"name\":\"Th\u00e9\u00e2tre adultes r\u00e9pertoire\"}]},{\"@type\":\"WebSite\",\"@id\":\"https:\/\/www.emdg-guilers.org\/#website\",\"url\":\"https:\/\/www.emdg-guilers.org\/\",\"name\":\"Ecole de Musique et Danse de Guilers\",\"description\":\"Ecole associative, cours de musique, danse, th\u00e9\u00e2tre accessibles \u00e0 tous\",\"publisher\":{\"@id\":\"https:\/\/www.emdg-guilers.org\/#organization\"},\"potentialAction\":[{\"@type\":\"SearchAction\",\"target\":{\"@type\":\"EntryPoint\",\"urlTemplate\":\"https:\/\/www.emdg-guilers.org\/?s={search_term_string}\"},\"query-input\":\"required name=search_term_string\"}],\"inLanguage\":\"fr-FR\"},{\"@type\":\"Organization\",\"@id\":\"https:\/\/www.emdg-guilers.org\/#organization\",\"name\":\"Ecole de Musique et de Danse\",\"url\":\"https:\/\/www.emdg-guilers.org\/\",\"logo\":{\"@type\":\"ImageObject\",\"inLanguage\":\"fr-FR\",\"@id\":\"https:\/\/www.emdg-guilers.org\/#\/schema\/logo\/image\/\",\"url\":\"https:\/\/www.emdg-guilers.org\/wp-content\/uploads\/2016\/06\/logo2014.jpg\",\"contentUrl\":\"https:\/\/www.emdg-guilers.org\/wp-content\/uploads\/2016\/06\/logo2014.jpg\",\"width\":214,\"height\":116,\"caption\":\"Ecole de Musique et de Danse\"},\"image\":{\"@id\":\"https:\/\/www.emdg-guilers.org\/#\/schema\/logo\/image\/\"},\"sameAs\":[\"https:\/\/www.facebook.com\/Ecole-de-Musique-et-de-Danse-de-Guilers-480017765533016\/\"]}]}<\/script>\n<!-- \/ Yoast SEO plugin. -->","yoast_head_json":{"title":"Th\u00e9\u00e2tre adultes r\u00e9pertoire - Ecole de Musique, Danse &amp; Th\u00e9\u00e2tre de Guilers","robots":{"index":"index","follow":"follow","max-snippet":"max-snippet:-1","max-image-preview":"max-image-preview:large","max-video-preview":"max-video-preview:-1"},"canonical":"https:\/\/www.emdg-guilers.org\/index.php\/atelier-adultes-repertoire\/","og_locale":"fr_FR","og_type":"article","og_title":"Th\u00e9\u00e2tre adultes r\u00e9pertoire - Ecole de Musique, Danse &amp; Th\u00e9\u00e2tre de Guilers","og_description":"Atelier adultes, travail du r\u00e9pertoireJeudi 20h-22h, salle 1, espace J.Mobian Avec Doroth\u00e9e Le Troadec Travail de la technique\u00a0:\u2013\u00a0\u00a0Vocale\u00a0: \u00a0respiration, articulation, diction\u2013\u00a0\u00a0\u00a0Corporelle\u00a0: conscience du plateau et des partenaires, conscience de son corps, pr\u00e9sence, \u00e9coute, apprendre \u00e0 g\u00e9rer le \u00ab\u00a0focus\u00a0\u00bb sur le plateauTravail du r\u00e9pertoire classique et contemporain \u00e0 travers des extraits de textesTravail en autonomieTravail et\/ou cr\u00e9ation en lien avec le d\u00e9partement musique et\/ou danse de l\u2019\u00e9cole de GuilersCr\u00e9ation d\u2019un spectacle en fin de cession","og_url":"https:\/\/www.emdg-guilers.org\/index.php\/atelier-adultes-repertoire\/","og_site_name":"Ecole de Musique, Danse &amp; Th\u00e9\u00e2tre de Guilers","article_publisher":"https:\/\/www.facebook.com\/Ecole-de-Musique-et-de-Danse-de-Guilers-480017765533016\/","article_modified_time":"2024-09-17T08:25:20+00:00","og_image":[{"url":"https:\/\/www.emdg-guilers.org\/wp-content\/uploads\/2024\/09\/Dorothee.jpg"}],"twitter_card":"summary_large_image","twitter_misc":{"Dur\u00e9e de lecture estim\u00e9e":"1 minute"},"schema":{"@context":"https:\/\/schema.org","@graph":[{"@type":"WebPage","@id":"https:\/\/www.emdg-guilers.org\/index.php\/atelier-adultes-repertoire\/","url":"https:\/\/www.emdg-guilers.org\/index.php\/atelier-adultes-repertoire\/","name":"Th\u00e9\u00e2tre adultes r\u00e9pertoire - Ecole de Musique, Danse &amp; Th\u00e9\u00e2tre de Guilers","isPartOf":{"@id":"https:\/\/www.emdg-guilers.org\/#website"},"primaryImageOfPage":{"@id":"https:\/\/www.emdg-guilers.org\/index.php\/atelier-adultes-repertoire\/#primaryimage"},"image":{"@id":"https:\/\/www.emdg-guilers.org\/index.php\/atelier-adultes-repertoire\/#primaryimage"},"thumbnailUrl":"https:\/\/www.emdg-guilers.org\/wp-content\/uploads\/2024\/09\/Dorothee.jpg","datePublished":"2023-06-13T10:27:11+00:00","dateModified":"2024-09-17T08:25:20+00:00","breadcrumb":{"@id":"https:\/\/www.emdg-guilers.org\/index.php\/atelier-adultes-repertoire\/#breadcrumb"},"inLanguage":"fr-FR","potentialAction":[{"@type":"ReadAction","target":["https:\/\/www.emdg-guilers.org\/index.php\/atelier-adultes-repertoire\/"]}]},{"@type":"ImageObject","inLanguage":"fr-FR","@id":"https:\/\/www.emdg-guilers.org\/index.php\/atelier-adultes-repertoire\/#primaryimage","url":"https:\/\/www.emdg-guilers.org\/wp-content\/uploads\/2024\/09\/Dorothee.jpg","contentUrl":"https:\/\/www.emdg-guilers.org\/wp-content\/uploads\/2024\/09\/Dorothee.jpg","width":326,"height":306},{"@type":"BreadcrumbList","@id":"https:\/\/www.emdg-guilers.org\/index.php\/atelier-adultes-repertoire\/#breadcrumb","itemListElement":[{"@type":"ListItem","position":1,"name":"Accueil","item":"https:\/\/www.emdg-guilers.org\/"},{"@type":"ListItem","position":2,"name":"Th\u00e9\u00e2tre adultes r\u00e9pertoire"}]},{"@type":"WebSite","@id":"https:\/\/www.emdg-guilers.org\/#website","url":"https:\/\/www.emdg-guilers.org\/","name":"Ecole de Musique et Danse de Guilers","description":"Ecole associative, cours de musique, danse, th\u00e9\u00e2tre accessibles \u00e0 tous","publisher":{"@id":"https:\/\/www.emdg-guilers.org\/#organization"},"potentialAction":[{"@type":"SearchAction","target":{"@type":"EntryPoint","urlTemplate":"https:\/\/www.emdg-guilers.org\/?s={search_term_string}"},"query-input":"required name=search_term_string"}],"inLanguage":"fr-FR"},{"@type":"Organization","@id":"https:\/\/www.emdg-guilers.org\/#organization","name":"Ecole de Musique et de Danse","url":"https:\/\/www.emdg-guilers.org\/","logo":{"@type":"ImageObject","inLanguage":"fr-FR","@id":"https:\/\/www.emdg-guilers.org\/#\/schema\/logo\/image\/","url":"https:\/\/www.emdg-guilers.org\/wp-content\/uploads\/2016\/06\/logo2014.jpg","contentUrl":"https:\/\/www.emdg-guilers.org\/wp-content\/uploads\/2016\/06\/logo2014.jpg","width":214,"height":116,"caption":"Ecole de Musique et de Danse"},"image":{"@id":"https:\/\/www.emdg-guilers.org\/#\/schema\/logo\/image\/"},"sameAs":["https:\/\/www.facebook.com\/Ecole-de-Musique-et-de-Danse-de-Guilers-480017765533016\/"]}]}},"_links":{"self":[{"href":"https:\/\/www.emdg-guilers.org\/index.php\/wp-json\/wp\/v2\/pages\/3711"}],"collection":[{"href":"https:\/\/www.emdg-guilers.org\/index.php\/wp-json\/wp\/v2\/pages"}],"about":[{"href":"https:\/\/www.emdg-guilers.org\/index.php\/wp-json\/wp\/v2\/types\/page"}],"author":[{"embeddable":true,"href":"https:\/\/www.emdg-guilers.org\/index.php\/wp-json\/wp\/v2\/users\/3"}],"replies":[{"embeddable":true,"href":"https:\/\/www.emdg-guilers.org\/index.php\/wp-json\/wp\/v2\/comments?post=3711"}],"version-history":[{"count":8,"href":"https:\/\/www.emdg-guilers.org\/index.php\/wp-json\/wp\/v2\/pages\/3711\/revisions"}],"predecessor-version":[{"id":4518,"href":"https:\/\/www.emdg-guilers.org\/index.php\/wp-json\/wp\/v2\/pages\/3711\/revisions\/4518"}],"wp:attachment":[{"href":"https:\/\/www.emdg-guilers.org\/index.php\/wp-json\/wp\/v2\/media?parent=3711"}],"curies":[{"name":"wp","href":"https:\/\/api.w.org\/{rel}","templated":true}]}}