{"id":4192,"date":"2024-04-09T16:11:50","date_gmt":"2024-04-09T14:11:50","guid":{"rendered":"https:\/\/www.emdg-guilers.org\/?page_id=4192"},"modified":"2025-07-08T10:42:19","modified_gmt":"2025-07-08T08:42:19","slug":"4-parcours-collectif-vents-flute-7-9-ans-ce1-cm1","status":"publish","type":"page","link":"https:\/\/www.emdg-guilers.org\/index.php\/musique\/4-parcours-collectif-vents-flute-7-9-ans-ce1-cm1\/","title":{"rendered":"3- PARCOURS COLLECTIF FM-FL\u00dbTE A BEC (7-9 ans) CE1-CM1"},"content":{"rendered":"\n<p><strong>Un dispositif pour les \u00e9l\u00e8ves de CE1 \u00e0 CM1 !<\/strong><\/p>\n\n\n\n<p>Votre enfant souhaite d\u00e9marrer un instrument \u00e0 vent ? Vous n\u2019avez la possibilit\u00e9 de venir \u00e0 l\u2019\u00e9cole de musique qu\u2019<strong>une fois par semaine<\/strong>?<\/p>\n\n\n\n<p>Ce<strong> cours unique de 45 min<\/strong> inclue la formation musicale, le cours instrumental sur support fl\u00fbte \u00e0 bec (pr\u00eat\u00e9e) et la pratique en petit collectif.<\/p>\n\n\n<div class=\"wp-block-image\">\n<figure class=\"alignright size-large is-resized\"><img loading=\"lazy\" decoding=\"async\" width=\"1024\" height=\"1024\" src=\"https:\/\/www.emdg-guilers.org\/wp-content\/uploads\/2022\/09\/28-1024x1024.jpg\" alt=\"\" class=\"wp-image-3174\" style=\"width:223px;height:auto\" srcset=\"https:\/\/www.emdg-guilers.org\/wp-content\/uploads\/2022\/09\/28-1024x1024.jpg 1024w, https:\/\/www.emdg-guilers.org\/wp-content\/uploads\/2022\/09\/28-300x300.jpg 300w, https:\/\/www.emdg-guilers.org\/wp-content\/uploads\/2022\/09\/28-150x150.jpg 150w, https:\/\/www.emdg-guilers.org\/wp-content\/uploads\/2022\/09\/28-768x768.jpg 768w, https:\/\/www.emdg-guilers.org\/wp-content\/uploads\/2022\/09\/28-270x270.jpg 270w, https:\/\/www.emdg-guilers.org\/wp-content\/uploads\/2022\/09\/28.jpg 1080w\" sizes=\"(max-width: 1024px) 100vw, 1024px\" \/><\/figure><\/div>\n\n\n<p><em>Le mardi de 18h15 \u00e0 19h00, avec Val\u00e9rie Courant &#8211; limit\u00e9 \u00e0 6 \u00e9l\u00e8ves<\/em><\/p>\n\n\n\n<p><\/p>\n","protected":false},"excerpt":{"rendered":"<p>Un dispositif pour les \u00e9l\u00e8ves de CE1 \u00e0 CM1 ! Votre enfant souhaite d\u00e9marrer un instrument \u00e0 vent ? Vous n\u2019avez la possibilit\u00e9 de venir \u00e0 l\u2019\u00e9cole de musique qu\u2019une fois par semaine? Ce cours unique de 45 min inclue la formation musicale, le cours instrumental sur support fl\u00fbte \u00e0 bec (pr\u00eat\u00e9e) et la pratique en petit collectif. Le mardi de 18h15 \u00e0 19h00, avec Val\u00e9rie Courant &#8211; limit\u00e9 \u00e0 6 \u00e9l\u00e8ves<\/p>\n","protected":false},"author":3,"featured_media":0,"parent":252,"menu_order":4,"comment_status":"closed","ping_status":"closed","template":"","meta":{"footnotes":""},"yoast_head":"<!-- This site is optimized with the Yoast SEO plugin v22.4 - https:\/\/yoast.com\/wordpress\/plugins\/seo\/ -->\n<title>3- PARCOURS COLLECTIF FM-FL\u00dbTE A BEC (7-9 ans) CE1-CM1 - Ecole de Musique, Danse &amp; Th\u00e9\u00e2tre de Guilers<\/title>\n<meta name=\"robots\" content=\"index, follow, max-snippet:-1, max-image-preview:large, max-video-preview:-1\" \/>\n<link rel=\"canonical\" href=\"https:\/\/www.emdg-guilers.org\/index.php\/musique\/4-parcours-collectif-vents-flute-7-9-ans-ce1-cm1\/\" \/>\n<meta property=\"og:locale\" content=\"fr_FR\" \/>\n<meta property=\"og:type\" content=\"article\" \/>\n<meta property=\"og:title\" content=\"3- PARCOURS COLLECTIF FM-FL\u00dbTE A BEC (7-9 ans) CE1-CM1 - Ecole de Musique, Danse &amp; Th\u00e9\u00e2tre de Guilers\" \/>\n<meta property=\"og:description\" content=\"Un dispositif pour les \u00e9l\u00e8ves de CE1 \u00e0 CM1 ! Votre enfant souhaite d\u00e9marrer un instrument \u00e0 vent ? Vous n\u2019avez la possibilit\u00e9 de venir \u00e0 l\u2019\u00e9cole de musique qu\u2019une fois par semaine? Ce cours unique de 45 min inclue la formation musicale, le cours instrumental sur support fl\u00fbte \u00e0 bec (pr\u00eat\u00e9e) et la pratique en petit collectif. Le mardi de 18h15 \u00e0 19h00, avec Val\u00e9rie Courant &#8211; limit\u00e9 \u00e0 6 \u00e9l\u00e8ves\" \/>\n<meta property=\"og:url\" content=\"https:\/\/www.emdg-guilers.org\/index.php\/musique\/4-parcours-collectif-vents-flute-7-9-ans-ce1-cm1\/\" \/>\n<meta property=\"og:site_name\" content=\"Ecole de Musique, Danse &amp; Th\u00e9\u00e2tre de Guilers\" \/>\n<meta property=\"article:publisher\" content=\"https:\/\/www.facebook.com\/Ecole-de-Musique-et-de-Danse-de-Guilers-480017765533016\/\" \/>\n<meta property=\"article:modified_time\" content=\"2025-07-08T08:42:19+00:00\" \/>\n<meta property=\"og:image\" content=\"https:\/\/www.emdg-guilers.org\/wp-content\/uploads\/2022\/09\/28-1024x1024.jpg\" \/>\n<meta name=\"twitter:card\" content=\"summary_large_image\" \/>\n<meta name=\"twitter:label1\" content=\"Dur\u00e9e de lecture estim\u00e9e\" \/>\n\t<meta name=\"twitter:data1\" content=\"1 minute\" \/>\n<script type=\"application\/ld+json\" class=\"yoast-schema-graph\">{\"@context\":\"https:\/\/schema.org\",\"@graph\":[{\"@type\":\"WebPage\",\"@id\":\"https:\/\/www.emdg-guilers.org\/index.php\/musique\/4-parcours-collectif-vents-flute-7-9-ans-ce1-cm1\/\",\"url\":\"https:\/\/www.emdg-guilers.org\/index.php\/musique\/4-parcours-collectif-vents-flute-7-9-ans-ce1-cm1\/\",\"name\":\"3- PARCOURS COLLECTIF FM-FL\u00dbTE A BEC (7-9 ans) CE1-CM1 - Ecole de Musique, Danse &amp; Th\u00e9\u00e2tre de Guilers\",\"isPartOf\":{\"@id\":\"https:\/\/www.emdg-guilers.org\/#website\"},\"primaryImageOfPage\":{\"@id\":\"https:\/\/www.emdg-guilers.org\/index.php\/musique\/4-parcours-collectif-vents-flute-7-9-ans-ce1-cm1\/#primaryimage\"},\"image\":{\"@id\":\"https:\/\/www.emdg-guilers.org\/index.php\/musique\/4-parcours-collectif-vents-flute-7-9-ans-ce1-cm1\/#primaryimage\"},\"thumbnailUrl\":\"https:\/\/www.emdg-guilers.org\/wp-content\/uploads\/2022\/09\/28-1024x1024.jpg\",\"datePublished\":\"2024-04-09T14:11:50+00:00\",\"dateModified\":\"2025-07-08T08:42:19+00:00\",\"breadcrumb\":{\"@id\":\"https:\/\/www.emdg-guilers.org\/index.php\/musique\/4-parcours-collectif-vents-flute-7-9-ans-ce1-cm1\/#breadcrumb\"},\"inLanguage\":\"fr-FR\",\"potentialAction\":[{\"@type\":\"ReadAction\",\"target\":[\"https:\/\/www.emdg-guilers.org\/index.php\/musique\/4-parcours-collectif-vents-flute-7-9-ans-ce1-cm1\/\"]}]},{\"@type\":\"ImageObject\",\"inLanguage\":\"fr-FR\",\"@id\":\"https:\/\/www.emdg-guilers.org\/index.php\/musique\/4-parcours-collectif-vents-flute-7-9-ans-ce1-cm1\/#primaryimage\",\"url\":\"https:\/\/www.emdg-guilers.org\/wp-content\/uploads\/2022\/09\/28.jpg\",\"contentUrl\":\"https:\/\/www.emdg-guilers.org\/wp-content\/uploads\/2022\/09\/28.jpg\",\"width\":1080,\"height\":1080},{\"@type\":\"BreadcrumbList\",\"@id\":\"https:\/\/www.emdg-guilers.org\/index.php\/musique\/4-parcours-collectif-vents-flute-7-9-ans-ce1-cm1\/#breadcrumb\",\"itemListElement\":[{\"@type\":\"ListItem\",\"position\":1,\"name\":\"Accueil\",\"item\":\"https:\/\/www.emdg-guilers.org\/\"},{\"@type\":\"ListItem\",\"position\":2,\"name\":\"Musique\",\"item\":\"https:\/\/www.emdg-guilers.org\/index.php\/musique\/\"},{\"@type\":\"ListItem\",\"position\":3,\"name\":\"3- PARCOURS COLLECTIF FM-FL\u00dbTE A BEC (7-9 ans) CE1-CM1\"}]},{\"@type\":\"WebSite\",\"@id\":\"https:\/\/www.emdg-guilers.org\/#website\",\"url\":\"https:\/\/www.emdg-guilers.org\/\",\"name\":\"Ecole de Musique et Danse de Guilers\",\"description\":\"Ecole associative, cours de musique, danse, th\u00e9\u00e2tre accessibles \u00e0 tous\",\"publisher\":{\"@id\":\"https:\/\/www.emdg-guilers.org\/#organization\"},\"potentialAction\":[{\"@type\":\"SearchAction\",\"target\":{\"@type\":\"EntryPoint\",\"urlTemplate\":\"https:\/\/www.emdg-guilers.org\/?s={search_term_string}\"},\"query-input\":\"required name=search_term_string\"}],\"inLanguage\":\"fr-FR\"},{\"@type\":\"Organization\",\"@id\":\"https:\/\/www.emdg-guilers.org\/#organization\",\"name\":\"Ecole de Musique et de Danse\",\"url\":\"https:\/\/www.emdg-guilers.org\/\",\"logo\":{\"@type\":\"ImageObject\",\"inLanguage\":\"fr-FR\",\"@id\":\"https:\/\/www.emdg-guilers.org\/#\/schema\/logo\/image\/\",\"url\":\"https:\/\/www.emdg-guilers.org\/wp-content\/uploads\/2016\/06\/logo2014.jpg\",\"contentUrl\":\"https:\/\/www.emdg-guilers.org\/wp-content\/uploads\/2016\/06\/logo2014.jpg\",\"width\":214,\"height\":116,\"caption\":\"Ecole de Musique et de Danse\"},\"image\":{\"@id\":\"https:\/\/www.emdg-guilers.org\/#\/schema\/logo\/image\/\"},\"sameAs\":[\"https:\/\/www.facebook.com\/Ecole-de-Musique-et-de-Danse-de-Guilers-480017765533016\/\"]}]}<\/script>\n<!-- \/ Yoast SEO plugin. -->","yoast_head_json":{"title":"3- PARCOURS COLLECTIF FM-FL\u00dbTE A BEC (7-9 ans) CE1-CM1 - Ecole de Musique, Danse &amp; Th\u00e9\u00e2tre de Guilers","robots":{"index":"index","follow":"follow","max-snippet":"max-snippet:-1","max-image-preview":"max-image-preview:large","max-video-preview":"max-video-preview:-1"},"canonical":"https:\/\/www.emdg-guilers.org\/index.php\/musique\/4-parcours-collectif-vents-flute-7-9-ans-ce1-cm1\/","og_locale":"fr_FR","og_type":"article","og_title":"3- PARCOURS COLLECTIF FM-FL\u00dbTE A BEC (7-9 ans) CE1-CM1 - Ecole de Musique, Danse &amp; Th\u00e9\u00e2tre de Guilers","og_description":"Un dispositif pour les \u00e9l\u00e8ves de CE1 \u00e0 CM1 ! Votre enfant souhaite d\u00e9marrer un instrument \u00e0 vent ? Vous n\u2019avez la possibilit\u00e9 de venir \u00e0 l\u2019\u00e9cole de musique qu\u2019une fois par semaine? Ce cours unique de 45 min inclue la formation musicale, le cours instrumental sur support fl\u00fbte \u00e0 bec (pr\u00eat\u00e9e) et la pratique en petit collectif. Le mardi de 18h15 \u00e0 19h00, avec Val\u00e9rie Courant &#8211; limit\u00e9 \u00e0 6 \u00e9l\u00e8ves","og_url":"https:\/\/www.emdg-guilers.org\/index.php\/musique\/4-parcours-collectif-vents-flute-7-9-ans-ce1-cm1\/","og_site_name":"Ecole de Musique, Danse &amp; Th\u00e9\u00e2tre de Guilers","article_publisher":"https:\/\/www.facebook.com\/Ecole-de-Musique-et-de-Danse-de-Guilers-480017765533016\/","article_modified_time":"2025-07-08T08:42:19+00:00","og_image":[{"url":"https:\/\/www.emdg-guilers.org\/wp-content\/uploads\/2022\/09\/28-1024x1024.jpg"}],"twitter_card":"summary_large_image","twitter_misc":{"Dur\u00e9e de lecture estim\u00e9e":"1 minute"},"schema":{"@context":"https:\/\/schema.org","@graph":[{"@type":"WebPage","@id":"https:\/\/www.emdg-guilers.org\/index.php\/musique\/4-parcours-collectif-vents-flute-7-9-ans-ce1-cm1\/","url":"https:\/\/www.emdg-guilers.org\/index.php\/musique\/4-parcours-collectif-vents-flute-7-9-ans-ce1-cm1\/","name":"3- PARCOURS COLLECTIF FM-FL\u00dbTE A BEC (7-9 ans) CE1-CM1 - Ecole de Musique, Danse &amp; Th\u00e9\u00e2tre de Guilers","isPartOf":{"@id":"https:\/\/www.emdg-guilers.org\/#website"},"primaryImageOfPage":{"@id":"https:\/\/www.emdg-guilers.org\/index.php\/musique\/4-parcours-collectif-vents-flute-7-9-ans-ce1-cm1\/#primaryimage"},"image":{"@id":"https:\/\/www.emdg-guilers.org\/index.php\/musique\/4-parcours-collectif-vents-flute-7-9-ans-ce1-cm1\/#primaryimage"},"thumbnailUrl":"https:\/\/www.emdg-guilers.org\/wp-content\/uploads\/2022\/09\/28-1024x1024.jpg","datePublished":"2024-04-09T14:11:50+00:00","dateModified":"2025-07-08T08:42:19+00:00","breadcrumb":{"@id":"https:\/\/www.emdg-guilers.org\/index.php\/musique\/4-parcours-collectif-vents-flute-7-9-ans-ce1-cm1\/#breadcrumb"},"inLanguage":"fr-FR","potentialAction":[{"@type":"ReadAction","target":["https:\/\/www.emdg-guilers.org\/index.php\/musique\/4-parcours-collectif-vents-flute-7-9-ans-ce1-cm1\/"]}]},{"@type":"ImageObject","inLanguage":"fr-FR","@id":"https:\/\/www.emdg-guilers.org\/index.php\/musique\/4-parcours-collectif-vents-flute-7-9-ans-ce1-cm1\/#primaryimage","url":"https:\/\/www.emdg-guilers.org\/wp-content\/uploads\/2022\/09\/28.jpg","contentUrl":"https:\/\/www.emdg-guilers.org\/wp-content\/uploads\/2022\/09\/28.jpg","width":1080,"height":1080},{"@type":"BreadcrumbList","@id":"https:\/\/www.emdg-guilers.org\/index.php\/musique\/4-parcours-collectif-vents-flute-7-9-ans-ce1-cm1\/#breadcrumb","itemListElement":[{"@type":"ListItem","position":1,"name":"Accueil","item":"https:\/\/www.emdg-guilers.org\/"},{"@type":"ListItem","position":2,"name":"Musique","item":"https:\/\/www.emdg-guilers.org\/index.php\/musique\/"},{"@type":"ListItem","position":3,"name":"3- PARCOURS COLLECTIF FM-FL\u00dbTE A BEC (7-9 ans) CE1-CM1"}]},{"@type":"WebSite","@id":"https:\/\/www.emdg-guilers.org\/#website","url":"https:\/\/www.emdg-guilers.org\/","name":"Ecole de Musique et Danse de Guilers","description":"Ecole associative, cours de musique, danse, th\u00e9\u00e2tre accessibles \u00e0 tous","publisher":{"@id":"https:\/\/www.emdg-guilers.org\/#organization"},"potentialAction":[{"@type":"SearchAction","target":{"@type":"EntryPoint","urlTemplate":"https:\/\/www.emdg-guilers.org\/?s={search_term_string}"},"query-input":"required name=search_term_string"}],"inLanguage":"fr-FR"},{"@type":"Organization","@id":"https:\/\/www.emdg-guilers.org\/#organization","name":"Ecole de Musique et de Danse","url":"https:\/\/www.emdg-guilers.org\/","logo":{"@type":"ImageObject","inLanguage":"fr-FR","@id":"https:\/\/www.emdg-guilers.org\/#\/schema\/logo\/image\/","url":"https:\/\/www.emdg-guilers.org\/wp-content\/uploads\/2016\/06\/logo2014.jpg","contentUrl":"https:\/\/www.emdg-guilers.org\/wp-content\/uploads\/2016\/06\/logo2014.jpg","width":214,"height":116,"caption":"Ecole de Musique et de Danse"},"image":{"@id":"https:\/\/www.emdg-guilers.org\/#\/schema\/logo\/image\/"},"sameAs":["https:\/\/www.facebook.com\/Ecole-de-Musique-et-de-Danse-de-Guilers-480017765533016\/"]}]}},"_links":{"self":[{"href":"https:\/\/www.emdg-guilers.org\/index.php\/wp-json\/wp\/v2\/pages\/4192"}],"collection":[{"href":"https:\/\/www.emdg-guilers.org\/index.php\/wp-json\/wp\/v2\/pages"}],"about":[{"href":"https:\/\/www.emdg-guilers.org\/index.php\/wp-json\/wp\/v2\/types\/page"}],"author":[{"embeddable":true,"href":"https:\/\/www.emdg-guilers.org\/index.php\/wp-json\/wp\/v2\/users\/3"}],"replies":[{"embeddable":true,"href":"https:\/\/www.emdg-guilers.org\/index.php\/wp-json\/wp\/v2\/comments?post=4192"}],"version-history":[{"count":8,"href":"https:\/\/www.emdg-guilers.org\/index.php\/wp-json\/wp\/v2\/pages\/4192\/revisions"}],"predecessor-version":[{"id":4739,"href":"https:\/\/www.emdg-guilers.org\/index.php\/wp-json\/wp\/v2\/pages\/4192\/revisions\/4739"}],"up":[{"embeddable":true,"href":"https:\/\/www.emdg-guilers.org\/index.php\/wp-json\/wp\/v2\/pages\/252"}],"wp:attachment":[{"href":"https:\/\/www.emdg-guilers.org\/index.php\/wp-json\/wp\/v2\/media?parent=4192"}],"curies":[{"name":"wp","href":"https:\/\/api.w.org\/{rel}","templated":true}]}}