{"id":46,"date":"2016-06-29T16:54:17","date_gmt":"2016-06-29T15:54:17","guid":{"rendered":"http:\/\/www.emdg-guilers.org\/?page_id=46"},"modified":"2022-05-03T11:57:20","modified_gmt":"2022-05-03T09:57:20","slug":"orchestres","status":"publish","type":"page","link":"https:\/\/www.emdg-guilers.org\/index.php\/orchestres\/","title":{"rendered":"Jouer en groupe"},"content":{"rendered":"<p>Jouer avec les autres est au c\u0153ur du projet d&rsquo;\u00e9tablissement de l&rsquo;\u00e9cole. Apprendre \u00e0 jouer d&rsquo;un instrument ou \u00e0 chanter fait sens et prend toute sa dimension dans une d\u00e9marche de partage et de pratique en collectif ou petits groupes, et ce, d\u00e8s quelques ann\u00e9e de pratique.<br \/>\n<strong>Gratuit<\/strong> pour les \u00e9l\u00e8ves inscrits en cours instrumental (parcours complet ou amateur). Possibilit\u00e9 de s&rsquo;inscrire uniquement \u00e0 l&rsquo;ensemble.<\/p>\n<h1 style=\"text-align: center;\"><strong>Horaires Ensembles 2021-22<\/strong><\/h1>\n<table>\n<tbody>\n<tr>\n<td width=\"133\"><a href=\"https:\/\/www.emdg-guilers.org\/index.php\/orchestres\/chorale-denfants\/\"><strong>Ensemble percussions digitales enfants-ados 1<\/strong><\/a><\/td>\n<td width=\"102\">Herri Loquet<\/td>\n<td width=\"98\">Mercredi<\/td>\n<td width=\"94\">13h50-14h35<\/td>\n<td width=\"74\">Salle de r\u00e9p\u00e9<\/td>\n<td width=\"119\">D\u00e8s 9 ans, CM1, ouvert \u00e0 tous (pas de pratique de la percussion n\u00e9cessaire), autres instrumentistes ou d\u00e9butants<\/td>\n<\/tr>\n<tr>\n<td width=\"133\"><a href=\"https:\/\/www.emdg-guilers.org\/index.php\/ensemble-de-percussions-digitales-enfants-ados\/\"><strong>Ensemble percussions digitales enfants-ados 2<\/strong><\/a><\/td>\n<td width=\"102\">Herri Loquet<\/td>\n<td width=\"98\">Mercredi<\/td>\n<td width=\"94\">15h25-16h10<\/td>\n<td width=\"74\">Salle de r\u00e9p\u00e9<\/td>\n<td width=\"119\">D\u00e8s 9 ans, CM1, ouvert aux \u00e9l\u00e8ves batteurs de la classe d\u2019Herri<\/td>\n<\/tr>\n<tr>\n<td width=\"133\"><a href=\"https:\/\/www.emdg-guilers.org\/index.php\/orchestres\/ensemble-percussions-digitales-jeunes\/\"><strong>La compagnie Cajon<\/strong><\/a><\/td>\n<td width=\"102\">Herri Loquet<\/td>\n<td width=\"98\">Mercredi<\/td>\n<td width=\"94\">16h55-17h55<\/td>\n<td width=\"74\">Salle de r\u00e9p\u00e9<\/td>\n<td width=\"119\">Ados \/ adultes, ouvert aux \u00e9l\u00e8ves batteurs de la classe d\u2019Herri<\/td>\n<\/tr>\n<tr>\n<td width=\"133\"><a href=\"https:\/\/www.emdg-guilers.org\/index.php\/orchestres\/percussions-digitales-adultes\/\"><strong>Percussions digitales adultes n\u00e9ophytes<\/strong><\/a><\/td>\n<td width=\"102\">Herri Loquet<\/td>\n<td width=\"98\">Mercredi<\/td>\n<td width=\"94\">19h10-20h10<\/td>\n<td width=\"74\">Salle de r\u00e9p\u00e9<\/td>\n<td width=\"119\">Adultes d\u00e9butants, ouvert \u00e0 tous<\/td>\n<\/tr>\n<tr>\n<td width=\"133\"><a href=\"https:\/\/www.emdg-guilers.org\/wp-admin\/post.php?post=2406&amp;action=edit\"><strong>Guitare d\u2019accompagnement et chant<\/strong><\/a><br \/>\n<strong>NOUVEAU<\/strong><\/td>\n<td width=\"102\">Philippe Gouret<\/td>\n<td width=\"98\">Lundi<\/td>\n<td width=\"94\">20h15-21h45<\/td>\n<td width=\"74\">Salle d\u2019\u00e9veil<\/td>\n<td width=\"119\">Ados adultes d\u00e9sireux d\u2019am\u00e9liorer leur technique vocale et instrumentale en group<\/td>\n<\/tr>\n<tr>\n<td width=\"133\"><a href=\"https:\/\/www.emdg-guilers.org\/index.php\/orchestres\/musique-trad\/\"><strong>Les sonneurs de l\u2019EMDG<\/strong><\/a><\/td>\n<td width=\"102\">Christophe Perv\u00e8s<\/td>\n<td width=\"98\">Mardi<\/td>\n<td width=\"94\">20h-21h<\/td>\n<td width=\"74\">Manon des sources<\/td>\n<td width=\"119\">Ados adultes d\u00e9butants ou initi\u00e9s, talabardeurs (joueurs de bombarde) ou percussionnistes<\/td>\n<\/tr>\n<tr>\n<td width=\"133\"><a href=\"https:\/\/www.emdg-guilers.org\/index.php\/orchestres\/le-gong\/\"><strong>GONG \u2013 Big band, harmonie<\/strong><\/a>(r\u00e9pertoire musiques actuelles, jazz)<\/td>\n<td width=\"102\">Mathieu Renault<\/td>\n<td width=\"98\">Jeudi<\/td>\n<td width=\"94\">20h30-22h30<\/td>\n<td width=\"74\">Salle de r\u00e9p\u00e9<\/td>\n<td width=\"119\">Orchestre \u00e0 vents, ados, adultes, accessible d\u00e8s 2 ans de pratique instrumentale<\/td>\n<\/tr>\n<tr>\n<td width=\"133\"><a href=\"https:\/\/www.emdg-guilers.org\/index.php\/orchestres\/cordeole\/\"><strong>Cord\u00e9ole \u2013 Orchestre \u00e0 vent et cordes <\/strong><\/a>(r\u00e9pertoire classique, musique ancienne)<\/td>\n<td width=\"102\">Mich\u00e8le Morvan<\/td>\n<td width=\"98\">Mardi<\/td>\n<td width=\"94\">18h30-20h (18h30-19h15 pour les petits)<\/td>\n<td width=\"74\">Salle de r\u00e9p\u00e9<\/td>\n<td width=\"119\">Orchestre \u00e0 vents et \u00e0 cordes, enfants, ados, adultes, accessible d\u00e8s 2 ans de pratique instrumentale<\/td>\n<\/tr>\n<tr>\n<td width=\"133\"><a href=\"https:\/\/www.emdg-guilers.org\/wp-admin\/post.php?post=1358&amp;action=edit\"><strong>Guilers Guitars Gang \u2013 3G<\/strong><\/a><\/td>\n<td width=\"102\">Erwan Duval et Pascal Ghigou<\/td>\n<td width=\"98\">Lundi<\/td>\n<td width=\"94\">18h30-19h30<\/td>\n<td width=\"74\">Salle de r\u00e9p\u00e9<\/td>\n<td width=\"119\">Ensemble de guitares enfants, ados, tous niveaux<\/td>\n<\/tr>\n<tr>\n<td width=\"133\"><\/td>\n<td width=\"102\"><\/td>\n<td width=\"98\"><\/td>\n<td width=\"94\"><\/td>\n<td width=\"74\"><\/td>\n<td width=\"119\"><\/td>\n<\/tr>\n<tr>\n<td width=\"133\"><a href=\"https:\/\/www.emdg-guilers.org\/wp-admin\/post.php?post=2422&amp;action=edit\">Atelier musical parent-enfant<\/a><br \/>\n<strong>NOUVEAU<\/strong><\/td>\n<td width=\"102\">Anne-C\u00e9cile Poyard<\/td>\n<td width=\"98\">Mercredi<\/td>\n<td width=\"94\">9h20-10h05<\/td>\n<td width=\"74\">Salle d&rsquo;\u00e9veil<\/td>\n<td width=\"119\">Enfant de 24 mois \u00e0 4 ans accompagn\u00e9 d&rsquo;un parent<\/td>\n<\/tr>\n<\/tbody>\n<\/table>\n<p>Pour tous les \u00e9l\u00e8ves de l&rsquo;EMDG inscrit dans un cursus complet, possibilit\u00e9 d&rsquo;int\u00e9grer gratuitement les ensembles du <a href=\"https:\/\/conservatoire.brest.fr\/accueil-5061.html\">Conservatoire \u00e0 Rayonnement D\u00e9partemental de Brest M\u00e9tropole<\/a>.<\/p>\n<p><img loading=\"lazy\" decoding=\"async\" class=\"aligncenter wp-image-1278\" src=\"http:\/\/www.emdg-guilers.org\/wp-content\/uploads\/2016\/06\/20170526_223404-1024x576.jpg\" alt=\"\" width=\"494\" height=\"278\" srcset=\"https:\/\/www.emdg-guilers.org\/wp-content\/uploads\/2016\/06\/20170526_223404-1024x576.jpg 1024w, https:\/\/www.emdg-guilers.org\/wp-content\/uploads\/2016\/06\/20170526_223404-300x169.jpg 300w, https:\/\/www.emdg-guilers.org\/wp-content\/uploads\/2016\/06\/20170526_223404-768x432.jpg 768w, https:\/\/www.emdg-guilers.org\/wp-content\/uploads\/2016\/06\/20170526_223404-480x270.jpg 480w\" sizes=\"(max-width: 494px) 100vw, 494px\" \/><\/p>\n<p><img loading=\"lazy\" decoding=\"async\" class=\"aligncenter wp-image-1280\" src=\"http:\/\/www.emdg-guilers.org\/wp-content\/uploads\/2016\/06\/IMG_3303-1024x683.jpg\" alt=\"\" width=\"500\" height=\"334\" srcset=\"https:\/\/www.emdg-guilers.org\/wp-content\/uploads\/2016\/06\/IMG_3303-1024x683.jpg 1024w, https:\/\/www.emdg-guilers.org\/wp-content\/uploads\/2016\/06\/IMG_3303-300x200.jpg 300w, https:\/\/www.emdg-guilers.org\/wp-content\/uploads\/2016\/06\/IMG_3303-768x512.jpg 768w, https:\/\/www.emdg-guilers.org\/wp-content\/uploads\/2016\/06\/IMG_3303-405x270.jpg 405w\" sizes=\"(max-width: 500px) 100vw, 500px\" \/><\/p>\n<p><img loading=\"lazy\" decoding=\"async\" class=\"aligncenter wp-image-1279\" src=\"http:\/\/www.emdg-guilers.org\/wp-content\/uploads\/2016\/06\/blues-1024x683.jpg\" alt=\"\" width=\"496\" height=\"330\" srcset=\"https:\/\/www.emdg-guilers.org\/wp-content\/uploads\/2016\/06\/blues-1024x683.jpg 1024w, https:\/\/www.emdg-guilers.org\/wp-content\/uploads\/2016\/06\/blues-300x200.jpg 300w, https:\/\/www.emdg-guilers.org\/wp-content\/uploads\/2016\/06\/blues-768x512.jpg 768w, https:\/\/www.emdg-guilers.org\/wp-content\/uploads\/2016\/06\/blues-405x270.jpg 405w, https:\/\/www.emdg-guilers.org\/wp-content\/uploads\/2016\/06\/blues.jpg 1296w\" sizes=\"(max-width: 496px) 100vw, 496px\" \/><\/p>\n","protected":false},"excerpt":{"rendered":"<p>Jouer avec les autres est au c\u0153ur du projet d&rsquo;\u00e9tablissement de l&rsquo;\u00e9cole. Apprendre \u00e0 jouer d&rsquo;un instrument ou \u00e0 chanter fait sens et prend toute sa dimension dans une d\u00e9marche de partage et de pratique en collectif ou petits groupes, et ce, d\u00e8s quelques ann\u00e9e de pratique. Gratuit pour les \u00e9l\u00e8ves inscrits en cours instrumental (parcours complet ou amateur). Possibilit\u00e9 de s&rsquo;inscrire uniquement \u00e0 l&rsquo;ensemble. Horaires Ensembles 2021-22 Ensemble percussions digitales enfants-ados 1 Herri Loquet Mercredi 13h50-14h35 Salle de r\u00e9p\u00e9&#8230;<\/p>\n<p class=\"read-more\"><a class=\"btn btn-default\" href=\"https:\/\/www.emdg-guilers.org\/index.php\/orchestres\/\">Lire la suite<span class=\"screen-reader-text\"> Lire la suite<\/span><\/a><\/p>\n","protected":false},"author":3,"featured_media":0,"parent":0,"menu_order":0,"comment_status":"closed","ping_status":"closed","template":"","meta":{"footnotes":""},"yoast_head":"<!-- This site is optimized with the Yoast SEO plugin v22.4 - https:\/\/yoast.com\/wordpress\/plugins\/seo\/ -->\n<title>Jouer en groupe - Ecole de Musique, Danse &amp; Th\u00e9\u00e2tre de Guilers<\/title>\n<meta name=\"robots\" content=\"index, follow, max-snippet:-1, max-image-preview:large, max-video-preview:-1\" \/>\n<link rel=\"canonical\" href=\"https:\/\/www.emdg-guilers.org\/index.php\/orchestres\/\" \/>\n<meta property=\"og:locale\" content=\"fr_FR\" \/>\n<meta property=\"og:type\" content=\"article\" \/>\n<meta property=\"og:title\" content=\"Jouer en groupe - Ecole de Musique, Danse &amp; Th\u00e9\u00e2tre de Guilers\" \/>\n<meta property=\"og:description\" content=\"Jouer avec les autres est au c\u0153ur du projet d&rsquo;\u00e9tablissement de l&rsquo;\u00e9cole. Apprendre \u00e0 jouer d&rsquo;un instrument ou \u00e0 chanter fait sens et prend toute sa dimension dans une d\u00e9marche de partage et de pratique en collectif ou petits groupes, et ce, d\u00e8s quelques ann\u00e9e de pratique. Gratuit pour les \u00e9l\u00e8ves inscrits en cours instrumental (parcours complet ou amateur). Possibilit\u00e9 de s&rsquo;inscrire uniquement \u00e0 l&rsquo;ensemble. Horaires Ensembles 2021-22 Ensemble percussions digitales enfants-ados 1 Herri Loquet Mercredi 13h50-14h35 Salle de r\u00e9p\u00e9...Lire la suite Lire la suite\" \/>\n<meta property=\"og:url\" content=\"https:\/\/www.emdg-guilers.org\/index.php\/orchestres\/\" \/>\n<meta property=\"og:site_name\" content=\"Ecole de Musique, Danse &amp; Th\u00e9\u00e2tre de Guilers\" \/>\n<meta property=\"article:publisher\" content=\"https:\/\/www.facebook.com\/Ecole-de-Musique-et-de-Danse-de-Guilers-480017765533016\/\" \/>\n<meta property=\"article:modified_time\" content=\"2022-05-03T09:57:20+00:00\" \/>\n<meta property=\"og:image\" content=\"http:\/\/www.emdg-guilers.org\/wp-content\/uploads\/2016\/06\/20170526_223404-1024x576.jpg\" \/>\n<meta name=\"twitter:card\" content=\"summary_large_image\" \/>\n<meta name=\"twitter:label1\" content=\"Dur\u00e9e de lecture estim\u00e9e\" \/>\n\t<meta name=\"twitter:data1\" content=\"3 minutes\" \/>\n<script type=\"application\/ld+json\" class=\"yoast-schema-graph\">{\"@context\":\"https:\/\/schema.org\",\"@graph\":[{\"@type\":\"WebPage\",\"@id\":\"https:\/\/www.emdg-guilers.org\/index.php\/orchestres\/\",\"url\":\"https:\/\/www.emdg-guilers.org\/index.php\/orchestres\/\",\"name\":\"Jouer en groupe - Ecole de Musique, Danse &amp; Th\u00e9\u00e2tre de Guilers\",\"isPartOf\":{\"@id\":\"https:\/\/www.emdg-guilers.org\/#website\"},\"primaryImageOfPage\":{\"@id\":\"https:\/\/www.emdg-guilers.org\/index.php\/orchestres\/#primaryimage\"},\"image\":{\"@id\":\"https:\/\/www.emdg-guilers.org\/index.php\/orchestres\/#primaryimage\"},\"thumbnailUrl\":\"http:\/\/www.emdg-guilers.org\/wp-content\/uploads\/2016\/06\/20170526_223404-1024x576.jpg\",\"datePublished\":\"2016-06-29T15:54:17+00:00\",\"dateModified\":\"2022-05-03T09:57:20+00:00\",\"breadcrumb\":{\"@id\":\"https:\/\/www.emdg-guilers.org\/index.php\/orchestres\/#breadcrumb\"},\"inLanguage\":\"fr-FR\",\"potentialAction\":[{\"@type\":\"ReadAction\",\"target\":[\"https:\/\/www.emdg-guilers.org\/index.php\/orchestres\/\"]}]},{\"@type\":\"ImageObject\",\"inLanguage\":\"fr-FR\",\"@id\":\"https:\/\/www.emdg-guilers.org\/index.php\/orchestres\/#primaryimage\",\"url\":\"http:\/\/www.emdg-guilers.org\/wp-content\/uploads\/2016\/06\/20170526_223404-1024x576.jpg\",\"contentUrl\":\"http:\/\/www.emdg-guilers.org\/wp-content\/uploads\/2016\/06\/20170526_223404-1024x576.jpg\"},{\"@type\":\"BreadcrumbList\",\"@id\":\"https:\/\/www.emdg-guilers.org\/index.php\/orchestres\/#breadcrumb\",\"itemListElement\":[{\"@type\":\"ListItem\",\"position\":1,\"name\":\"Accueil\",\"item\":\"https:\/\/www.emdg-guilers.org\/\"},{\"@type\":\"ListItem\",\"position\":2,\"name\":\"Jouer en groupe\"}]},{\"@type\":\"WebSite\",\"@id\":\"https:\/\/www.emdg-guilers.org\/#website\",\"url\":\"https:\/\/www.emdg-guilers.org\/\",\"name\":\"Ecole de Musique et Danse de Guilers\",\"description\":\"Ecole associative, cours de musique, danse, th\u00e9\u00e2tre accessibles \u00e0 tous\",\"publisher\":{\"@id\":\"https:\/\/www.emdg-guilers.org\/#organization\"},\"potentialAction\":[{\"@type\":\"SearchAction\",\"target\":{\"@type\":\"EntryPoint\",\"urlTemplate\":\"https:\/\/www.emdg-guilers.org\/?s={search_term_string}\"},\"query-input\":\"required name=search_term_string\"}],\"inLanguage\":\"fr-FR\"},{\"@type\":\"Organization\",\"@id\":\"https:\/\/www.emdg-guilers.org\/#organization\",\"name\":\"Ecole de Musique et de Danse\",\"url\":\"https:\/\/www.emdg-guilers.org\/\",\"logo\":{\"@type\":\"ImageObject\",\"inLanguage\":\"fr-FR\",\"@id\":\"https:\/\/www.emdg-guilers.org\/#\/schema\/logo\/image\/\",\"url\":\"https:\/\/www.emdg-guilers.org\/wp-content\/uploads\/2016\/06\/logo2014.jpg\",\"contentUrl\":\"https:\/\/www.emdg-guilers.org\/wp-content\/uploads\/2016\/06\/logo2014.jpg\",\"width\":214,\"height\":116,\"caption\":\"Ecole de Musique et de Danse\"},\"image\":{\"@id\":\"https:\/\/www.emdg-guilers.org\/#\/schema\/logo\/image\/\"},\"sameAs\":[\"https:\/\/www.facebook.com\/Ecole-de-Musique-et-de-Danse-de-Guilers-480017765533016\/\"]}]}<\/script>\n<!-- \/ Yoast SEO plugin. -->","yoast_head_json":{"title":"Jouer en groupe - Ecole de Musique, Danse &amp; Th\u00e9\u00e2tre de Guilers","robots":{"index":"index","follow":"follow","max-snippet":"max-snippet:-1","max-image-preview":"max-image-preview:large","max-video-preview":"max-video-preview:-1"},"canonical":"https:\/\/www.emdg-guilers.org\/index.php\/orchestres\/","og_locale":"fr_FR","og_type":"article","og_title":"Jouer en groupe - Ecole de Musique, Danse &amp; Th\u00e9\u00e2tre de Guilers","og_description":"Jouer avec les autres est au c\u0153ur du projet d&rsquo;\u00e9tablissement de l&rsquo;\u00e9cole. Apprendre \u00e0 jouer d&rsquo;un instrument ou \u00e0 chanter fait sens et prend toute sa dimension dans une d\u00e9marche de partage et de pratique en collectif ou petits groupes, et ce, d\u00e8s quelques ann\u00e9e de pratique. Gratuit pour les \u00e9l\u00e8ves inscrits en cours instrumental (parcours complet ou amateur). Possibilit\u00e9 de s&rsquo;inscrire uniquement \u00e0 l&rsquo;ensemble. Horaires Ensembles 2021-22 Ensemble percussions digitales enfants-ados 1 Herri Loquet Mercredi 13h50-14h35 Salle de r\u00e9p\u00e9...Lire la suite Lire la suite","og_url":"https:\/\/www.emdg-guilers.org\/index.php\/orchestres\/","og_site_name":"Ecole de Musique, Danse &amp; Th\u00e9\u00e2tre de Guilers","article_publisher":"https:\/\/www.facebook.com\/Ecole-de-Musique-et-de-Danse-de-Guilers-480017765533016\/","article_modified_time":"2022-05-03T09:57:20+00:00","og_image":[{"url":"http:\/\/www.emdg-guilers.org\/wp-content\/uploads\/2016\/06\/20170526_223404-1024x576.jpg"}],"twitter_card":"summary_large_image","twitter_misc":{"Dur\u00e9e de lecture estim\u00e9e":"3 minutes"},"schema":{"@context":"https:\/\/schema.org","@graph":[{"@type":"WebPage","@id":"https:\/\/www.emdg-guilers.org\/index.php\/orchestres\/","url":"https:\/\/www.emdg-guilers.org\/index.php\/orchestres\/","name":"Jouer en groupe - Ecole de Musique, Danse &amp; Th\u00e9\u00e2tre de Guilers","isPartOf":{"@id":"https:\/\/www.emdg-guilers.org\/#website"},"primaryImageOfPage":{"@id":"https:\/\/www.emdg-guilers.org\/index.php\/orchestres\/#primaryimage"},"image":{"@id":"https:\/\/www.emdg-guilers.org\/index.php\/orchestres\/#primaryimage"},"thumbnailUrl":"http:\/\/www.emdg-guilers.org\/wp-content\/uploads\/2016\/06\/20170526_223404-1024x576.jpg","datePublished":"2016-06-29T15:54:17+00:00","dateModified":"2022-05-03T09:57:20+00:00","breadcrumb":{"@id":"https:\/\/www.emdg-guilers.org\/index.php\/orchestres\/#breadcrumb"},"inLanguage":"fr-FR","potentialAction":[{"@type":"ReadAction","target":["https:\/\/www.emdg-guilers.org\/index.php\/orchestres\/"]}]},{"@type":"ImageObject","inLanguage":"fr-FR","@id":"https:\/\/www.emdg-guilers.org\/index.php\/orchestres\/#primaryimage","url":"http:\/\/www.emdg-guilers.org\/wp-content\/uploads\/2016\/06\/20170526_223404-1024x576.jpg","contentUrl":"http:\/\/www.emdg-guilers.org\/wp-content\/uploads\/2016\/06\/20170526_223404-1024x576.jpg"},{"@type":"BreadcrumbList","@id":"https:\/\/www.emdg-guilers.org\/index.php\/orchestres\/#breadcrumb","itemListElement":[{"@type":"ListItem","position":1,"name":"Accueil","item":"https:\/\/www.emdg-guilers.org\/"},{"@type":"ListItem","position":2,"name":"Jouer en groupe"}]},{"@type":"WebSite","@id":"https:\/\/www.emdg-guilers.org\/#website","url":"https:\/\/www.emdg-guilers.org\/","name":"Ecole de Musique et Danse de Guilers","description":"Ecole associative, cours de musique, danse, th\u00e9\u00e2tre accessibles \u00e0 tous","publisher":{"@id":"https:\/\/www.emdg-guilers.org\/#organization"},"potentialAction":[{"@type":"SearchAction","target":{"@type":"EntryPoint","urlTemplate":"https:\/\/www.emdg-guilers.org\/?s={search_term_string}"},"query-input":"required name=search_term_string"}],"inLanguage":"fr-FR"},{"@type":"Organization","@id":"https:\/\/www.emdg-guilers.org\/#organization","name":"Ecole de Musique et de Danse","url":"https:\/\/www.emdg-guilers.org\/","logo":{"@type":"ImageObject","inLanguage":"fr-FR","@id":"https:\/\/www.emdg-guilers.org\/#\/schema\/logo\/image\/","url":"https:\/\/www.emdg-guilers.org\/wp-content\/uploads\/2016\/06\/logo2014.jpg","contentUrl":"https:\/\/www.emdg-guilers.org\/wp-content\/uploads\/2016\/06\/logo2014.jpg","width":214,"height":116,"caption":"Ecole de Musique et de Danse"},"image":{"@id":"https:\/\/www.emdg-guilers.org\/#\/schema\/logo\/image\/"},"sameAs":["https:\/\/www.facebook.com\/Ecole-de-Musique-et-de-Danse-de-Guilers-480017765533016\/"]}]}},"_links":{"self":[{"href":"https:\/\/www.emdg-guilers.org\/index.php\/wp-json\/wp\/v2\/pages\/46"}],"collection":[{"href":"https:\/\/www.emdg-guilers.org\/index.php\/wp-json\/wp\/v2\/pages"}],"about":[{"href":"https:\/\/www.emdg-guilers.org\/index.php\/wp-json\/wp\/v2\/types\/page"}],"author":[{"embeddable":true,"href":"https:\/\/www.emdg-guilers.org\/index.php\/wp-json\/wp\/v2\/users\/3"}],"replies":[{"embeddable":true,"href":"https:\/\/www.emdg-guilers.org\/index.php\/wp-json\/wp\/v2\/comments?post=46"}],"version-history":[{"count":39,"href":"https:\/\/www.emdg-guilers.org\/index.php\/wp-json\/wp\/v2\/pages\/46\/revisions"}],"predecessor-version":[{"id":2693,"href":"https:\/\/www.emdg-guilers.org\/index.php\/wp-json\/wp\/v2\/pages\/46\/revisions\/2693"}],"wp:attachment":[{"href":"https:\/\/www.emdg-guilers.org\/index.php\/wp-json\/wp\/v2\/media?parent=46"}],"curies":[{"name":"wp","href":"https:\/\/api.w.org\/{rel}","templated":true}]}}