{"id":475,"date":"2016-09-13T09:27:09","date_gmt":"2016-09-13T08:27:09","guid":{"rendered":"http:\/\/www.emdg-guilers.org\/?page_id=475"},"modified":"2022-09-29T15:14:33","modified_gmt":"2022-09-29T13:14:33","slug":"chorale-denfants","status":"publish","type":"page","link":"https:\/\/www.emdg-guilers.org\/index.php\/orchestres\/chorale-denfants\/","title":{"rendered":"Percus digitales pour non percussionnistes"},"content":{"rendered":"<p>Groupe de percussions digitales (cajon, bongo, congas, djemb\u00e9s, percussions l\u00e9g\u00e8res) destin\u00e9 aux \u00e9l\u00e8ves musiciens de l&rsquo;EMDG qui jouent de tout&#8230; sauf des percus! Egalement ouverts aux d\u00e9butants.<br \/>\nAutrement dit, que vous soyez pianiste, fl\u00fbtiste, harpiste ou n\u00e9ophyte, vous \u00eates les bienvenus pour int\u00e9grer un groupe qui vous permettra de travailler la rythmique et l&rsquo;\u00e9coute de l&rsquo;autre dans une ambiance conviviale et constructive.<\/p>\n<p>Gratuit pour les \u00e9l\u00e8ves musiciens de l&rsquo;EMDG ou 75\u20ac+ adh\u00e9sion pour les ext\u00e9rieurs.<br \/>\n<strong>D\u00e8s 9 ans.<\/strong><\/p>\n<p>Mercredi de 14h15-15h<\/p>\n<p>Avec <strong>Herri Loquet<\/strong><\/p>\n<h3><\/h3>\n","protected":false},"excerpt":{"rendered":"<p>Groupe de percussions digitales (cajon, bongo, congas, djemb\u00e9s, percussions l\u00e9g\u00e8res) destin\u00e9 aux \u00e9l\u00e8ves musiciens de l&rsquo;EMDG qui jouent de tout&#8230; sauf des percus! Egalement ouverts aux d\u00e9butants. Autrement dit, que vous soyez pianiste, fl\u00fbtiste, harpiste ou n\u00e9ophyte, vous \u00eates les bienvenus pour int\u00e9grer un groupe qui vous permettra de travailler la rythmique et l&rsquo;\u00e9coute de l&rsquo;autre dans une ambiance conviviale et constructive. Gratuit pour les \u00e9l\u00e8ves musiciens de l&rsquo;EMDG ou 75\u20ac+ adh\u00e9sion pour les ext\u00e9rieurs. D\u00e8s 9 ans. Mercredi de&#8230;<\/p>\n<p class=\"read-more\"><a class=\"btn btn-default\" href=\"https:\/\/www.emdg-guilers.org\/index.php\/orchestres\/chorale-denfants\/\">Lire la suite<span class=\"screen-reader-text\"> Lire la suite<\/span><\/a><\/p>\n","protected":false},"author":3,"featured_media":0,"parent":46,"menu_order":0,"comment_status":"closed","ping_status":"closed","template":"","meta":{"footnotes":""},"yoast_head":"<!-- This site is optimized with the Yoast SEO plugin v22.4 - https:\/\/yoast.com\/wordpress\/plugins\/seo\/ -->\n<title>Percus digitales pour non percussionnistes - Ecole de Musique, Danse &amp; Th\u00e9\u00e2tre de Guilers<\/title>\n<meta name=\"robots\" content=\"index, follow, max-snippet:-1, max-image-preview:large, max-video-preview:-1\" \/>\n<link rel=\"canonical\" href=\"https:\/\/www.emdg-guilers.org\/index.php\/orchestres\/chorale-denfants\/\" \/>\n<meta property=\"og:locale\" content=\"fr_FR\" \/>\n<meta property=\"og:type\" content=\"article\" \/>\n<meta property=\"og:title\" content=\"Percus digitales pour non percussionnistes - Ecole de Musique, Danse &amp; Th\u00e9\u00e2tre de Guilers\" \/>\n<meta property=\"og:description\" content=\"Groupe de percussions digitales (cajon, bongo, congas, djemb\u00e9s, percussions l\u00e9g\u00e8res) destin\u00e9 aux \u00e9l\u00e8ves musiciens de l&rsquo;EMDG qui jouent de tout&#8230; sauf des percus! Egalement ouverts aux d\u00e9butants. Autrement dit, que vous soyez pianiste, fl\u00fbtiste, harpiste ou n\u00e9ophyte, vous \u00eates les bienvenus pour int\u00e9grer un groupe qui vous permettra de travailler la rythmique et l&rsquo;\u00e9coute de l&rsquo;autre dans une ambiance conviviale et constructive. Gratuit pour les \u00e9l\u00e8ves musiciens de l&rsquo;EMDG ou 75\u20ac+ adh\u00e9sion pour les ext\u00e9rieurs. D\u00e8s 9 ans. Mercredi de...Lire la suite Lire la suite\" \/>\n<meta property=\"og:url\" content=\"https:\/\/www.emdg-guilers.org\/index.php\/orchestres\/chorale-denfants\/\" \/>\n<meta property=\"og:site_name\" content=\"Ecole de Musique, Danse &amp; Th\u00e9\u00e2tre de Guilers\" \/>\n<meta property=\"article:publisher\" content=\"https:\/\/www.facebook.com\/Ecole-de-Musique-et-de-Danse-de-Guilers-480017765533016\/\" \/>\n<meta property=\"article:modified_time\" content=\"2022-09-29T13:14:33+00:00\" \/>\n<meta name=\"twitter:card\" content=\"summary_large_image\" \/>\n<meta name=\"twitter:label1\" content=\"Dur\u00e9e de lecture estim\u00e9e\" \/>\n\t<meta name=\"twitter:data1\" content=\"1 minute\" \/>\n<script type=\"application\/ld+json\" class=\"yoast-schema-graph\">{\"@context\":\"https:\/\/schema.org\",\"@graph\":[{\"@type\":\"WebPage\",\"@id\":\"https:\/\/www.emdg-guilers.org\/index.php\/orchestres\/chorale-denfants\/\",\"url\":\"https:\/\/www.emdg-guilers.org\/index.php\/orchestres\/chorale-denfants\/\",\"name\":\"Percus digitales pour non percussionnistes - Ecole de Musique, Danse &amp; Th\u00e9\u00e2tre de Guilers\",\"isPartOf\":{\"@id\":\"https:\/\/www.emdg-guilers.org\/#website\"},\"datePublished\":\"2016-09-13T08:27:09+00:00\",\"dateModified\":\"2022-09-29T13:14:33+00:00\",\"breadcrumb\":{\"@id\":\"https:\/\/www.emdg-guilers.org\/index.php\/orchestres\/chorale-denfants\/#breadcrumb\"},\"inLanguage\":\"fr-FR\",\"potentialAction\":[{\"@type\":\"ReadAction\",\"target\":[\"https:\/\/www.emdg-guilers.org\/index.php\/orchestres\/chorale-denfants\/\"]}]},{\"@type\":\"BreadcrumbList\",\"@id\":\"https:\/\/www.emdg-guilers.org\/index.php\/orchestres\/chorale-denfants\/#breadcrumb\",\"itemListElement\":[{\"@type\":\"ListItem\",\"position\":1,\"name\":\"Accueil\",\"item\":\"https:\/\/www.emdg-guilers.org\/\"},{\"@type\":\"ListItem\",\"position\":2,\"name\":\"Jouer en groupe\",\"item\":\"https:\/\/www.emdg-guilers.org\/index.php\/orchestres\/\"},{\"@type\":\"ListItem\",\"position\":3,\"name\":\"Percus digitales pour non percussionnistes\"}]},{\"@type\":\"WebSite\",\"@id\":\"https:\/\/www.emdg-guilers.org\/#website\",\"url\":\"https:\/\/www.emdg-guilers.org\/\",\"name\":\"Ecole de Musique et Danse de Guilers\",\"description\":\"Ecole associative, cours de musique, danse, th\u00e9\u00e2tre accessibles \u00e0 tous\",\"publisher\":{\"@id\":\"https:\/\/www.emdg-guilers.org\/#organization\"},\"potentialAction\":[{\"@type\":\"SearchAction\",\"target\":{\"@type\":\"EntryPoint\",\"urlTemplate\":\"https:\/\/www.emdg-guilers.org\/?s={search_term_string}\"},\"query-input\":\"required name=search_term_string\"}],\"inLanguage\":\"fr-FR\"},{\"@type\":\"Organization\",\"@id\":\"https:\/\/www.emdg-guilers.org\/#organization\",\"name\":\"Ecole de Musique et de Danse\",\"url\":\"https:\/\/www.emdg-guilers.org\/\",\"logo\":{\"@type\":\"ImageObject\",\"inLanguage\":\"fr-FR\",\"@id\":\"https:\/\/www.emdg-guilers.org\/#\/schema\/logo\/image\/\",\"url\":\"https:\/\/www.emdg-guilers.org\/wp-content\/uploads\/2016\/06\/logo2014.jpg\",\"contentUrl\":\"https:\/\/www.emdg-guilers.org\/wp-content\/uploads\/2016\/06\/logo2014.jpg\",\"width\":214,\"height\":116,\"caption\":\"Ecole de Musique et de Danse\"},\"image\":{\"@id\":\"https:\/\/www.emdg-guilers.org\/#\/schema\/logo\/image\/\"},\"sameAs\":[\"https:\/\/www.facebook.com\/Ecole-de-Musique-et-de-Danse-de-Guilers-480017765533016\/\"]}]}<\/script>\n<!-- \/ Yoast SEO plugin. -->","yoast_head_json":{"title":"Percus digitales pour non percussionnistes - Ecole de Musique, Danse &amp; Th\u00e9\u00e2tre de Guilers","robots":{"index":"index","follow":"follow","max-snippet":"max-snippet:-1","max-image-preview":"max-image-preview:large","max-video-preview":"max-video-preview:-1"},"canonical":"https:\/\/www.emdg-guilers.org\/index.php\/orchestres\/chorale-denfants\/","og_locale":"fr_FR","og_type":"article","og_title":"Percus digitales pour non percussionnistes - Ecole de Musique, Danse &amp; Th\u00e9\u00e2tre de Guilers","og_description":"Groupe de percussions digitales (cajon, bongo, congas, djemb\u00e9s, percussions l\u00e9g\u00e8res) destin\u00e9 aux \u00e9l\u00e8ves musiciens de l&rsquo;EMDG qui jouent de tout&#8230; sauf des percus! Egalement ouverts aux d\u00e9butants. Autrement dit, que vous soyez pianiste, fl\u00fbtiste, harpiste ou n\u00e9ophyte, vous \u00eates les bienvenus pour int\u00e9grer un groupe qui vous permettra de travailler la rythmique et l&rsquo;\u00e9coute de l&rsquo;autre dans une ambiance conviviale et constructive. Gratuit pour les \u00e9l\u00e8ves musiciens de l&rsquo;EMDG ou 75\u20ac+ adh\u00e9sion pour les ext\u00e9rieurs. D\u00e8s 9 ans. Mercredi de...Lire la suite Lire la suite","og_url":"https:\/\/www.emdg-guilers.org\/index.php\/orchestres\/chorale-denfants\/","og_site_name":"Ecole de Musique, Danse &amp; Th\u00e9\u00e2tre de Guilers","article_publisher":"https:\/\/www.facebook.com\/Ecole-de-Musique-et-de-Danse-de-Guilers-480017765533016\/","article_modified_time":"2022-09-29T13:14:33+00:00","twitter_card":"summary_large_image","twitter_misc":{"Dur\u00e9e de lecture estim\u00e9e":"1 minute"},"schema":{"@context":"https:\/\/schema.org","@graph":[{"@type":"WebPage","@id":"https:\/\/www.emdg-guilers.org\/index.php\/orchestres\/chorale-denfants\/","url":"https:\/\/www.emdg-guilers.org\/index.php\/orchestres\/chorale-denfants\/","name":"Percus digitales pour non percussionnistes - Ecole de Musique, Danse &amp; Th\u00e9\u00e2tre de Guilers","isPartOf":{"@id":"https:\/\/www.emdg-guilers.org\/#website"},"datePublished":"2016-09-13T08:27:09+00:00","dateModified":"2022-09-29T13:14:33+00:00","breadcrumb":{"@id":"https:\/\/www.emdg-guilers.org\/index.php\/orchestres\/chorale-denfants\/#breadcrumb"},"inLanguage":"fr-FR","potentialAction":[{"@type":"ReadAction","target":["https:\/\/www.emdg-guilers.org\/index.php\/orchestres\/chorale-denfants\/"]}]},{"@type":"BreadcrumbList","@id":"https:\/\/www.emdg-guilers.org\/index.php\/orchestres\/chorale-denfants\/#breadcrumb","itemListElement":[{"@type":"ListItem","position":1,"name":"Accueil","item":"https:\/\/www.emdg-guilers.org\/"},{"@type":"ListItem","position":2,"name":"Jouer en groupe","item":"https:\/\/www.emdg-guilers.org\/index.php\/orchestres\/"},{"@type":"ListItem","position":3,"name":"Percus digitales pour non percussionnistes"}]},{"@type":"WebSite","@id":"https:\/\/www.emdg-guilers.org\/#website","url":"https:\/\/www.emdg-guilers.org\/","name":"Ecole de Musique et Danse de Guilers","description":"Ecole associative, cours de musique, danse, th\u00e9\u00e2tre accessibles \u00e0 tous","publisher":{"@id":"https:\/\/www.emdg-guilers.org\/#organization"},"potentialAction":[{"@type":"SearchAction","target":{"@type":"EntryPoint","urlTemplate":"https:\/\/www.emdg-guilers.org\/?s={search_term_string}"},"query-input":"required name=search_term_string"}],"inLanguage":"fr-FR"},{"@type":"Organization","@id":"https:\/\/www.emdg-guilers.org\/#organization","name":"Ecole de Musique et de Danse","url":"https:\/\/www.emdg-guilers.org\/","logo":{"@type":"ImageObject","inLanguage":"fr-FR","@id":"https:\/\/www.emdg-guilers.org\/#\/schema\/logo\/image\/","url":"https:\/\/www.emdg-guilers.org\/wp-content\/uploads\/2016\/06\/logo2014.jpg","contentUrl":"https:\/\/www.emdg-guilers.org\/wp-content\/uploads\/2016\/06\/logo2014.jpg","width":214,"height":116,"caption":"Ecole de Musique et de Danse"},"image":{"@id":"https:\/\/www.emdg-guilers.org\/#\/schema\/logo\/image\/"},"sameAs":["https:\/\/www.facebook.com\/Ecole-de-Musique-et-de-Danse-de-Guilers-480017765533016\/"]}]}},"_links":{"self":[{"href":"https:\/\/www.emdg-guilers.org\/index.php\/wp-json\/wp\/v2\/pages\/475"}],"collection":[{"href":"https:\/\/www.emdg-guilers.org\/index.php\/wp-json\/wp\/v2\/pages"}],"about":[{"href":"https:\/\/www.emdg-guilers.org\/index.php\/wp-json\/wp\/v2\/types\/page"}],"author":[{"embeddable":true,"href":"https:\/\/www.emdg-guilers.org\/index.php\/wp-json\/wp\/v2\/users\/3"}],"replies":[{"embeddable":true,"href":"https:\/\/www.emdg-guilers.org\/index.php\/wp-json\/wp\/v2\/comments?post=475"}],"version-history":[{"count":10,"href":"https:\/\/www.emdg-guilers.org\/index.php\/wp-json\/wp\/v2\/pages\/475\/revisions"}],"predecessor-version":[{"id":3250,"href":"https:\/\/www.emdg-guilers.org\/index.php\/wp-json\/wp\/v2\/pages\/475\/revisions\/3250"}],"up":[{"embeddable":true,"href":"https:\/\/www.emdg-guilers.org\/index.php\/wp-json\/wp\/v2\/pages\/46"}],"wp:attachment":[{"href":"https:\/\/www.emdg-guilers.org\/index.php\/wp-json\/wp\/v2\/media?parent=475"}],"curies":[{"name":"wp","href":"https:\/\/api.w.org\/{rel}","templated":true}]}}