{"id":5,"date":"2016-06-29T16:49:11","date_gmt":"2016-06-29T15:49:11","guid":{"rendered":"http:\/\/www.emdg-guilers.org\/?page_id=5"},"modified":"2025-07-08T10:29:50","modified_gmt":"2025-07-08T08:29:50","slug":"musique","status":"publish","type":"page","link":"https:\/\/www.emdg-guilers.org\/index.php\/eveil\/musique\/","title":{"rendered":"1-Eveil (de 4 \u00e0 6 ans) &#8211; MS-GS"},"content":{"rendered":"<p>Le Parcours Eveil propose un apprentissage et une d\u00e9couverte de la musique par le jeu, le chant, l&rsquo;\u00e9coute, la gestuelle, la rythmique et la conscience corporelle.<\/p>\n<p>Il existe plusieurs cours : un \u00e9veil coupl\u00e9 musique et danse o\u00f9 les enfants travaillent aussi bien le volet musical que le corporel et le mouvement.<\/p>\n<p>Les cours d&rsquo;\u00e9veil musical am\u00e8nent une d\u00e9couverte des fondamentaux de la musique, par le biais de jeux, de chants, d&rsquo;\u00e9coute&#8230; la conscience corporelle est \u00e9galement abord\u00e9e et facilite les connexions psychomotrices de l&rsquo;enfant.<\/p>\n<h2>Ateliers et horaires 2025-26<\/h2>\n<table style=\"height: 269px;\" width=\"654\">\n<tbody>\n<tr>\n<td width=\"93\"><strong>Nom du cours<\/strong><\/td>\n<td width=\"68\"><strong>Prof<\/strong><\/td>\n<td width=\"79\"><strong>Jour<\/strong><\/td>\n<td width=\"79\"><strong>Horaire<\/strong><\/td>\n<td width=\"63\"><strong>Salle<\/strong><\/td>\n<td width=\"141\"><strong>Correspondance \u00e2ge \/ classe \u00e9l\u00e8ves<\/strong><\/td>\n<td width=\"50\">\u00a0<\/td>\n<\/tr>\n<tr>\n<td width=\"93\">Eveil musique et mouvement<\/td>\n<td width=\"68\">Virginie et Val\u00e9rie<\/td>\n<td width=\"79\">Mardi<\/td>\n<td width=\"79\">17h00-17h45<\/td>\n<td width=\"63\">Salle de danse<\/td>\n<td width=\"141\">4 \u00e0 6 ans, moyenne ou grande section de maternelle<\/td>\n<td width=\"50\">\u00a0<\/td>\n<\/tr>\n<tr>\n<td width=\"93\"><a href=\"https:\/\/www.emdg-guilers.org\/wp-content\/uploads\/2024\/04\/4.jpg\">Eveil musical<\/a><\/td>\n<td width=\"68\">\u00a0<\/td>\n<td width=\"79\">Mercredi<\/td>\n<td width=\"79\">10h-10h45<\/td>\n<td width=\"63\">Salle d\u2019\u00e9veil<\/td>\n<td width=\"141\">4 \u00e0 6 ans, moyenne ou grande section de maternelle<\/td>\n<td width=\"50\">\u00a0<\/td>\n<\/tr>\n<\/tbody>\n<\/table>\n<h2>\u00a0<\/h2>\n\n<div class=\"wp-block-image\">\n<figure class=\"alignleft size-large is-resized\"><img loading=\"lazy\" decoding=\"async\" width=\"1024\" height=\"1024\" src=\"https:\/\/www.emdg-guilers.org\/wp-content\/uploads\/2022\/09\/1-1-1024x1024.jpg\" alt=\"\" class=\"wp-image-3173\" style=\"width:198px;height:auto\" srcset=\"https:\/\/www.emdg-guilers.org\/wp-content\/uploads\/2022\/09\/1-1-1024x1024.jpg 1024w, https:\/\/www.emdg-guilers.org\/wp-content\/uploads\/2022\/09\/1-1-300x300.jpg 300w, https:\/\/www.emdg-guilers.org\/wp-content\/uploads\/2022\/09\/1-1-150x150.jpg 150w, https:\/\/www.emdg-guilers.org\/wp-content\/uploads\/2022\/09\/1-1-768x768.jpg 768w, https:\/\/www.emdg-guilers.org\/wp-content\/uploads\/2022\/09\/1-1-270x270.jpg 270w, https:\/\/www.emdg-guilers.org\/wp-content\/uploads\/2022\/09\/1-1.jpg 1080w\" sizes=\"(max-width: 1024px) 100vw, 1024px\" \/><\/figure><\/div>\n\n<div class=\"wp-block-image\">\n<figure class=\"alignright size-large is-resized\"><img loading=\"lazy\" decoding=\"async\" width=\"1024\" height=\"1024\" src=\"https:\/\/www.emdg-guilers.org\/wp-content\/uploads\/2022\/09\/28-1024x1024.jpg\" alt=\"\" class=\"wp-image-3174\" style=\"width:202px;height:auto\" srcset=\"https:\/\/www.emdg-guilers.org\/wp-content\/uploads\/2022\/09\/28-1024x1024.jpg 1024w, https:\/\/www.emdg-guilers.org\/wp-content\/uploads\/2022\/09\/28-300x300.jpg 300w, https:\/\/www.emdg-guilers.org\/wp-content\/uploads\/2022\/09\/28-150x150.jpg 150w, https:\/\/www.emdg-guilers.org\/wp-content\/uploads\/2022\/09\/28-768x768.jpg 768w, https:\/\/www.emdg-guilers.org\/wp-content\/uploads\/2022\/09\/28-270x270.jpg 270w, https:\/\/www.emdg-guilers.org\/wp-content\/uploads\/2022\/09\/28.jpg 1080w\" sizes=\"(max-width: 1024px) 100vw, 1024px\" \/><\/figure><\/div>","protected":false},"excerpt":{"rendered":"<p>Le Parcours Eveil propose un apprentissage et une d\u00e9couverte de la musique par le jeu, le chant, l&rsquo;\u00e9coute, la gestuelle, la rythmique et la conscience corporelle. Il existe plusieurs cours : un \u00e9veil coupl\u00e9 musique et danse o\u00f9 les enfants travaillent aussi bien le volet musical que le corporel et le mouvement. Les cours d&rsquo;\u00e9veil musical am\u00e8nent une d\u00e9couverte des fondamentaux de la musique, par le biais de jeux, de chants, d&rsquo;\u00e9coute&#8230; la conscience corporelle est \u00e9galement abord\u00e9e et facilite&#8230;<\/p>\n<p class=\"read-more\"><a class=\"btn btn-default\" href=\"https:\/\/www.emdg-guilers.org\/index.php\/eveil\/musique\/\">Lire la suite<span class=\"screen-reader-text\"> Lire la suite<\/span><\/a><\/p>\n","protected":false},"author":3,"featured_media":0,"parent":56,"menu_order":0,"comment_status":"closed","ping_status":"closed","template":"","meta":{"footnotes":""},"yoast_head":"<!-- This site is optimized with the Yoast SEO plugin v22.4 - https:\/\/yoast.com\/wordpress\/plugins\/seo\/ -->\n<title>1-Eveil (de 4 \u00e0 6 ans) - MS-GS - Ecole de Musique, Danse &amp; Th\u00e9\u00e2tre de Guilers<\/title>\n<meta name=\"robots\" content=\"index, follow, max-snippet:-1, max-image-preview:large, max-video-preview:-1\" \/>\n<link rel=\"canonical\" href=\"https:\/\/www.emdg-guilers.org\/index.php\/eveil\/musique\/\" \/>\n<meta property=\"og:locale\" content=\"fr_FR\" \/>\n<meta property=\"og:type\" content=\"article\" \/>\n<meta property=\"og:title\" content=\"1-Eveil (de 4 \u00e0 6 ans) - MS-GS - Ecole de Musique, Danse &amp; Th\u00e9\u00e2tre de Guilers\" \/>\n<meta property=\"og:description\" content=\"Le Parcours Eveil propose un apprentissage et une d\u00e9couverte de la musique par le jeu, le chant, l&rsquo;\u00e9coute, la gestuelle, la rythmique et la conscience corporelle. Il existe plusieurs cours : un \u00e9veil coupl\u00e9 musique et danse o\u00f9 les enfants travaillent aussi bien le volet musical que le corporel et le mouvement. Les cours d&rsquo;\u00e9veil musical am\u00e8nent une d\u00e9couverte des fondamentaux de la musique, par le biais de jeux, de chants, d&rsquo;\u00e9coute&#8230; la conscience corporelle est \u00e9galement abord\u00e9e et facilite...Lire la suite Lire la suite\" \/>\n<meta property=\"og:url\" content=\"https:\/\/www.emdg-guilers.org\/index.php\/eveil\/musique\/\" \/>\n<meta property=\"og:site_name\" content=\"Ecole de Musique, Danse &amp; Th\u00e9\u00e2tre de Guilers\" \/>\n<meta property=\"article:publisher\" content=\"https:\/\/www.facebook.com\/Ecole-de-Musique-et-de-Danse-de-Guilers-480017765533016\/\" \/>\n<meta property=\"article:modified_time\" content=\"2025-07-08T08:29:50+00:00\" \/>\n<meta property=\"og:image\" content=\"https:\/\/www.emdg-guilers.org\/wp-content\/uploads\/2022\/09\/1-1-1024x1024.jpg\" \/>\n<meta name=\"twitter:card\" content=\"summary_large_image\" \/>\n<meta name=\"twitter:label1\" content=\"Dur\u00e9e de lecture estim\u00e9e\" \/>\n\t<meta name=\"twitter:data1\" content=\"2 minutes\" \/>\n<script type=\"application\/ld+json\" class=\"yoast-schema-graph\">{\"@context\":\"https:\/\/schema.org\",\"@graph\":[{\"@type\":\"WebPage\",\"@id\":\"https:\/\/www.emdg-guilers.org\/index.php\/eveil\/musique\/\",\"url\":\"https:\/\/www.emdg-guilers.org\/index.php\/eveil\/musique\/\",\"name\":\"1-Eveil (de 4 \u00e0 6 ans) - MS-GS - Ecole de Musique, Danse &amp; Th\u00e9\u00e2tre de Guilers\",\"isPartOf\":{\"@id\":\"https:\/\/www.emdg-guilers.org\/#website\"},\"primaryImageOfPage\":{\"@id\":\"https:\/\/www.emdg-guilers.org\/index.php\/eveil\/musique\/#primaryimage\"},\"image\":{\"@id\":\"https:\/\/www.emdg-guilers.org\/index.php\/eveil\/musique\/#primaryimage\"},\"thumbnailUrl\":\"https:\/\/www.emdg-guilers.org\/wp-content\/uploads\/2022\/09\/1-1-1024x1024.jpg\",\"datePublished\":\"2016-06-29T15:49:11+00:00\",\"dateModified\":\"2025-07-08T08:29:50+00:00\",\"breadcrumb\":{\"@id\":\"https:\/\/www.emdg-guilers.org\/index.php\/eveil\/musique\/#breadcrumb\"},\"inLanguage\":\"fr-FR\",\"potentialAction\":[{\"@type\":\"ReadAction\",\"target\":[\"https:\/\/www.emdg-guilers.org\/index.php\/eveil\/musique\/\"]}]},{\"@type\":\"ImageObject\",\"inLanguage\":\"fr-FR\",\"@id\":\"https:\/\/www.emdg-guilers.org\/index.php\/eveil\/musique\/#primaryimage\",\"url\":\"https:\/\/www.emdg-guilers.org\/wp-content\/uploads\/2022\/09\/1-1.jpg\",\"contentUrl\":\"https:\/\/www.emdg-guilers.org\/wp-content\/uploads\/2022\/09\/1-1.jpg\",\"width\":1080,\"height\":1080},{\"@type\":\"BreadcrumbList\",\"@id\":\"https:\/\/www.emdg-guilers.org\/index.php\/eveil\/musique\/#breadcrumb\",\"itemListElement\":[{\"@type\":\"ListItem\",\"position\":1,\"name\":\"Accueil\",\"item\":\"https:\/\/www.emdg-guilers.org\/\"},{\"@type\":\"ListItem\",\"position\":2,\"name\":\"Eveil\",\"item\":\"https:\/\/www.emdg-guilers.org\/index.php\/eveil\/\"},{\"@type\":\"ListItem\",\"position\":3,\"name\":\"1-Eveil (de 4 \u00e0 6 ans) &#8211; MS-GS\"}]},{\"@type\":\"WebSite\",\"@id\":\"https:\/\/www.emdg-guilers.org\/#website\",\"url\":\"https:\/\/www.emdg-guilers.org\/\",\"name\":\"Ecole de Musique et Danse de Guilers\",\"description\":\"Ecole associative, cours de musique, danse, th\u00e9\u00e2tre accessibles \u00e0 tous\",\"publisher\":{\"@id\":\"https:\/\/www.emdg-guilers.org\/#organization\"},\"potentialAction\":[{\"@type\":\"SearchAction\",\"target\":{\"@type\":\"EntryPoint\",\"urlTemplate\":\"https:\/\/www.emdg-guilers.org\/?s={search_term_string}\"},\"query-input\":\"required name=search_term_string\"}],\"inLanguage\":\"fr-FR\"},{\"@type\":\"Organization\",\"@id\":\"https:\/\/www.emdg-guilers.org\/#organization\",\"name\":\"Ecole de Musique et de Danse\",\"url\":\"https:\/\/www.emdg-guilers.org\/\",\"logo\":{\"@type\":\"ImageObject\",\"inLanguage\":\"fr-FR\",\"@id\":\"https:\/\/www.emdg-guilers.org\/#\/schema\/logo\/image\/\",\"url\":\"https:\/\/www.emdg-guilers.org\/wp-content\/uploads\/2016\/06\/logo2014.jpg\",\"contentUrl\":\"https:\/\/www.emdg-guilers.org\/wp-content\/uploads\/2016\/06\/logo2014.jpg\",\"width\":214,\"height\":116,\"caption\":\"Ecole de Musique et de Danse\"},\"image\":{\"@id\":\"https:\/\/www.emdg-guilers.org\/#\/schema\/logo\/image\/\"},\"sameAs\":[\"https:\/\/www.facebook.com\/Ecole-de-Musique-et-de-Danse-de-Guilers-480017765533016\/\"]}]}<\/script>\n<!-- \/ Yoast SEO plugin. -->","yoast_head_json":{"title":"1-Eveil (de 4 \u00e0 6 ans) - MS-GS - Ecole de Musique, Danse &amp; Th\u00e9\u00e2tre de Guilers","robots":{"index":"index","follow":"follow","max-snippet":"max-snippet:-1","max-image-preview":"max-image-preview:large","max-video-preview":"max-video-preview:-1"},"canonical":"https:\/\/www.emdg-guilers.org\/index.php\/eveil\/musique\/","og_locale":"fr_FR","og_type":"article","og_title":"1-Eveil (de 4 \u00e0 6 ans) - MS-GS - Ecole de Musique, Danse &amp; Th\u00e9\u00e2tre de Guilers","og_description":"Le Parcours Eveil propose un apprentissage et une d\u00e9couverte de la musique par le jeu, le chant, l&rsquo;\u00e9coute, la gestuelle, la rythmique et la conscience corporelle. Il existe plusieurs cours : un \u00e9veil coupl\u00e9 musique et danse o\u00f9 les enfants travaillent aussi bien le volet musical que le corporel et le mouvement. Les cours d&rsquo;\u00e9veil musical am\u00e8nent une d\u00e9couverte des fondamentaux de la musique, par le biais de jeux, de chants, d&rsquo;\u00e9coute&#8230; la conscience corporelle est \u00e9galement abord\u00e9e et facilite...Lire la suite Lire la suite","og_url":"https:\/\/www.emdg-guilers.org\/index.php\/eveil\/musique\/","og_site_name":"Ecole de Musique, Danse &amp; Th\u00e9\u00e2tre de Guilers","article_publisher":"https:\/\/www.facebook.com\/Ecole-de-Musique-et-de-Danse-de-Guilers-480017765533016\/","article_modified_time":"2025-07-08T08:29:50+00:00","og_image":[{"url":"https:\/\/www.emdg-guilers.org\/wp-content\/uploads\/2022\/09\/1-1-1024x1024.jpg"}],"twitter_card":"summary_large_image","twitter_misc":{"Dur\u00e9e de lecture estim\u00e9e":"2 minutes"},"schema":{"@context":"https:\/\/schema.org","@graph":[{"@type":"WebPage","@id":"https:\/\/www.emdg-guilers.org\/index.php\/eveil\/musique\/","url":"https:\/\/www.emdg-guilers.org\/index.php\/eveil\/musique\/","name":"1-Eveil (de 4 \u00e0 6 ans) - MS-GS - Ecole de Musique, Danse &amp; Th\u00e9\u00e2tre de Guilers","isPartOf":{"@id":"https:\/\/www.emdg-guilers.org\/#website"},"primaryImageOfPage":{"@id":"https:\/\/www.emdg-guilers.org\/index.php\/eveil\/musique\/#primaryimage"},"image":{"@id":"https:\/\/www.emdg-guilers.org\/index.php\/eveil\/musique\/#primaryimage"},"thumbnailUrl":"https:\/\/www.emdg-guilers.org\/wp-content\/uploads\/2022\/09\/1-1-1024x1024.jpg","datePublished":"2016-06-29T15:49:11+00:00","dateModified":"2025-07-08T08:29:50+00:00","breadcrumb":{"@id":"https:\/\/www.emdg-guilers.org\/index.php\/eveil\/musique\/#breadcrumb"},"inLanguage":"fr-FR","potentialAction":[{"@type":"ReadAction","target":["https:\/\/www.emdg-guilers.org\/index.php\/eveil\/musique\/"]}]},{"@type":"ImageObject","inLanguage":"fr-FR","@id":"https:\/\/www.emdg-guilers.org\/index.php\/eveil\/musique\/#primaryimage","url":"https:\/\/www.emdg-guilers.org\/wp-content\/uploads\/2022\/09\/1-1.jpg","contentUrl":"https:\/\/www.emdg-guilers.org\/wp-content\/uploads\/2022\/09\/1-1.jpg","width":1080,"height":1080},{"@type":"BreadcrumbList","@id":"https:\/\/www.emdg-guilers.org\/index.php\/eveil\/musique\/#breadcrumb","itemListElement":[{"@type":"ListItem","position":1,"name":"Accueil","item":"https:\/\/www.emdg-guilers.org\/"},{"@type":"ListItem","position":2,"name":"Eveil","item":"https:\/\/www.emdg-guilers.org\/index.php\/eveil\/"},{"@type":"ListItem","position":3,"name":"1-Eveil (de 4 \u00e0 6 ans) &#8211; MS-GS"}]},{"@type":"WebSite","@id":"https:\/\/www.emdg-guilers.org\/#website","url":"https:\/\/www.emdg-guilers.org\/","name":"Ecole de Musique et Danse de Guilers","description":"Ecole associative, cours de musique, danse, th\u00e9\u00e2tre accessibles \u00e0 tous","publisher":{"@id":"https:\/\/www.emdg-guilers.org\/#organization"},"potentialAction":[{"@type":"SearchAction","target":{"@type":"EntryPoint","urlTemplate":"https:\/\/www.emdg-guilers.org\/?s={search_term_string}"},"query-input":"required name=search_term_string"}],"inLanguage":"fr-FR"},{"@type":"Organization","@id":"https:\/\/www.emdg-guilers.org\/#organization","name":"Ecole de Musique et de Danse","url":"https:\/\/www.emdg-guilers.org\/","logo":{"@type":"ImageObject","inLanguage":"fr-FR","@id":"https:\/\/www.emdg-guilers.org\/#\/schema\/logo\/image\/","url":"https:\/\/www.emdg-guilers.org\/wp-content\/uploads\/2016\/06\/logo2014.jpg","contentUrl":"https:\/\/www.emdg-guilers.org\/wp-content\/uploads\/2016\/06\/logo2014.jpg","width":214,"height":116,"caption":"Ecole de Musique et de Danse"},"image":{"@id":"https:\/\/www.emdg-guilers.org\/#\/schema\/logo\/image\/"},"sameAs":["https:\/\/www.facebook.com\/Ecole-de-Musique-et-de-Danse-de-Guilers-480017765533016\/"]}]}},"_links":{"self":[{"href":"https:\/\/www.emdg-guilers.org\/index.php\/wp-json\/wp\/v2\/pages\/5"}],"collection":[{"href":"https:\/\/www.emdg-guilers.org\/index.php\/wp-json\/wp\/v2\/pages"}],"about":[{"href":"https:\/\/www.emdg-guilers.org\/index.php\/wp-json\/wp\/v2\/types\/page"}],"author":[{"embeddable":true,"href":"https:\/\/www.emdg-guilers.org\/index.php\/wp-json\/wp\/v2\/users\/3"}],"replies":[{"embeddable":true,"href":"https:\/\/www.emdg-guilers.org\/index.php\/wp-json\/wp\/v2\/comments?post=5"}],"version-history":[{"count":79,"href":"https:\/\/www.emdg-guilers.org\/index.php\/wp-json\/wp\/v2\/pages\/5\/revisions"}],"predecessor-version":[{"id":4729,"href":"https:\/\/www.emdg-guilers.org\/index.php\/wp-json\/wp\/v2\/pages\/5\/revisions\/4729"}],"up":[{"embeddable":true,"href":"https:\/\/www.emdg-guilers.org\/index.php\/wp-json\/wp\/v2\/pages\/56"}],"wp:attachment":[{"href":"https:\/\/www.emdg-guilers.org\/index.php\/wp-json\/wp\/v2\/media?parent=5"}],"curies":[{"name":"wp","href":"https:\/\/api.w.org\/{rel}","templated":true}]}}