{"id":50,"date":"2016-06-29T16:54:32","date_gmt":"2016-06-29T15:54:32","guid":{"rendered":"http:\/\/www.emdg-guilers.org\/?page_id=50"},"modified":"2024-03-28T11:02:08","modified_gmt":"2024-03-28T10:02:08","slug":"le-gong","status":"publish","type":"page","link":"https:\/\/www.emdg-guilers.org\/index.php\/orchestres\/le-gong\/","title":{"rendered":"Le GONG (Guilers Orchestra New Groove)"},"content":{"rendered":"\n<div class=\"wp-block-buttons is-layout-flex wp-block-buttons-is-layout-flex\">\n<div class=\"wp-block-button\"><a class=\"wp-block-button__link\">Atelier musique ados, adultes<\/a><\/div>\n<\/div>\n\n\n<p>Big Band, orchestre<\/p>\n<p>Accessible \u00e0 tous : instruments \u00e0 vents, cuivres, claviers, percussionnistes,&#8230; \u00e0 partir de quelques ann\u00e9es d&rsquo;instrument.<br \/>R\u00e9pertoire vari\u00e9 : musiques actuelles, jazz, blues, rock, latino, groove.<br \/>Possibilit\u00e9 d&rsquo;int\u00e9grer le groupe toute l&rsquo;ann\u00e9e. En pratique seule ou en plus d&rsquo;un cours d&rsquo;instrument.<\/p>\n<p><strong>Le GONG est ouvert \u00e0 tout nouveau musicien, m\u00eame en cours d&rsquo;ann\u00e9e !<\/strong><br \/>N&rsquo;h\u00e9sitez pas \u00e0 passer lors d&rsquo;une r\u00e9p\u00e9tition pour \u00e9couter le groupe et rencontrer le professeur.<\/p>\n<p>Direction : <strong>Patrick Penot<\/strong><\/p>\n<p>R\u00e9p\u00e9titions : <em>jeudi 20h30-22h<br \/><\/em>EMDG, 2e \u00e9tage<\/p>\n\n\n<figure class=\"wp-block-embed is-type-video is-provider-youtube wp-block-embed-youtube wp-embed-aspect-16-9 wp-has-aspect-ratio\"><div class=\"wp-block-embed__wrapper\">\n<iframe loading=\"lazy\" title=\"GONG extraits concert 2024\" width=\"640\" height=\"360\" src=\"https:\/\/www.youtube.com\/embed\/5xzzDrawv68?feature=oembed\" frameborder=\"0\" allow=\"accelerometer; autoplay; clipboard-write; encrypted-media; gyroscope; picture-in-picture; web-share\" referrerpolicy=\"strict-origin-when-cross-origin\" allowfullscreen><\/iframe>\n<\/div><\/figure>\n\n\n\n<figure class=\"wp-block-embed is-type-video is-provider-youtube wp-block-embed-youtube wp-embed-aspect-16-9 wp-has-aspect-ratio\"><div class=\"wp-block-embed__wrapper\">\n<iframe loading=\"lazy\" title=\"GONG - Guilers Orchestra New Groove - &quot;Coco&quot; de Lucky Chops\" width=\"640\" height=\"360\" src=\"https:\/\/www.youtube.com\/embed\/o1fk7afTB48?feature=oembed\" frameborder=\"0\" allow=\"accelerometer; autoplay; clipboard-write; encrypted-media; gyroscope; picture-in-picture; web-share\" referrerpolicy=\"strict-origin-when-cross-origin\" allowfullscreen><\/iframe>\n<\/div><\/figure>\n\n\n\n<figure class=\"wp-block-gallery columns-3 is-cropped wp-block-gallery-1 is-layout-flex wp-block-gallery-is-layout-flex\"><ul class=\"blocks-gallery-grid\"><li class=\"blocks-gallery-item\"><figure><img loading=\"lazy\" decoding=\"async\" width=\"1024\" height=\"684\" src=\"https:\/\/www.emdg-guilers.org\/wp-content\/uploads\/2024\/03\/Concert-Guilers_15.03.24_045-1024x684.jpg\" alt=\"\" data-id=\"4111\" data-link=\"https:\/\/www.emdg-guilers.org\/index.php\/orchestres\/le-gong\/concert-guilers_15-03-24_045\/\" class=\"wp-image-4111\" srcset=\"https:\/\/www.emdg-guilers.org\/wp-content\/uploads\/2024\/03\/Concert-Guilers_15.03.24_045-1024x684.jpg 1024w, https:\/\/www.emdg-guilers.org\/wp-content\/uploads\/2024\/03\/Concert-Guilers_15.03.24_045-300x200.jpg 300w, https:\/\/www.emdg-guilers.org\/wp-content\/uploads\/2024\/03\/Concert-Guilers_15.03.24_045-768x513.jpg 768w, https:\/\/www.emdg-guilers.org\/wp-content\/uploads\/2024\/03\/Concert-Guilers_15.03.24_045-1536x1025.jpg 1536w, https:\/\/www.emdg-guilers.org\/wp-content\/uploads\/2024\/03\/Concert-Guilers_15.03.24_045-2048x1367.jpg 2048w, https:\/\/www.emdg-guilers.org\/wp-content\/uploads\/2024\/03\/Concert-Guilers_15.03.24_045-404x270.jpg 404w\" sizes=\"(max-width: 1024px) 100vw, 1024px\" \/><\/figure><\/li><li class=\"blocks-gallery-item\"><figure><img loading=\"lazy\" decoding=\"async\" width=\"1024\" height=\"683\" src=\"https:\/\/www.emdg-guilers.org\/wp-content\/uploads\/2024\/03\/Concert-Guilers_15.03.24_002-1024x683.jpg\" alt=\"\" data-id=\"4112\" data-link=\"https:\/\/www.emdg-guilers.org\/index.php\/orchestres\/le-gong\/concert-guilers_15-03-24_002\/\" class=\"wp-image-4112\" srcset=\"https:\/\/www.emdg-guilers.org\/wp-content\/uploads\/2024\/03\/Concert-Guilers_15.03.24_002-1024x683.jpg 1024w, https:\/\/www.emdg-guilers.org\/wp-content\/uploads\/2024\/03\/Concert-Guilers_15.03.24_002-300x200.jpg 300w, https:\/\/www.emdg-guilers.org\/wp-content\/uploads\/2024\/03\/Concert-Guilers_15.03.24_002-768x512.jpg 768w, https:\/\/www.emdg-guilers.org\/wp-content\/uploads\/2024\/03\/Concert-Guilers_15.03.24_002-1536x1024.jpg 1536w, https:\/\/www.emdg-guilers.org\/wp-content\/uploads\/2024\/03\/Concert-Guilers_15.03.24_002-2048x1365.jpg 2048w, https:\/\/www.emdg-guilers.org\/wp-content\/uploads\/2024\/03\/Concert-Guilers_15.03.24_002-405x270.jpg 405w\" sizes=\"(max-width: 1024px) 100vw, 1024px\" \/><\/figure><\/li><li class=\"blocks-gallery-item\"><figure><img loading=\"lazy\" decoding=\"async\" width=\"1024\" height=\"683\" src=\"https:\/\/www.emdg-guilers.org\/wp-content\/uploads\/2024\/03\/Concert-Guilers_15.03.24_038-1024x683.jpg\" alt=\"\" data-id=\"4113\" data-link=\"https:\/\/www.emdg-guilers.org\/index.php\/orchestres\/le-gong\/concert-guilers_15-03-24_038\/\" class=\"wp-image-4113\" srcset=\"https:\/\/www.emdg-guilers.org\/wp-content\/uploads\/2024\/03\/Concert-Guilers_15.03.24_038-1024x683.jpg 1024w, https:\/\/www.emdg-guilers.org\/wp-content\/uploads\/2024\/03\/Concert-Guilers_15.03.24_038-300x200.jpg 300w, https:\/\/www.emdg-guilers.org\/wp-content\/uploads\/2024\/03\/Concert-Guilers_15.03.24_038-768x512.jpg 768w, https:\/\/www.emdg-guilers.org\/wp-content\/uploads\/2024\/03\/Concert-Guilers_15.03.24_038-1536x1024.jpg 1536w, https:\/\/www.emdg-guilers.org\/wp-content\/uploads\/2024\/03\/Concert-Guilers_15.03.24_038-2048x1365.jpg 2048w, https:\/\/www.emdg-guilers.org\/wp-content\/uploads\/2024\/03\/Concert-Guilers_15.03.24_038-405x270.jpg 405w\" sizes=\"(max-width: 1024px) 100vw, 1024px\" \/><\/figure><\/li><li class=\"blocks-gallery-item\"><figure><img loading=\"lazy\" decoding=\"async\" width=\"1024\" height=\"683\" src=\"https:\/\/www.emdg-guilers.org\/wp-content\/uploads\/2024\/03\/Concert-Guilers_15.03.24_028-1024x683.jpg\" alt=\"\" data-id=\"4114\" data-link=\"https:\/\/www.emdg-guilers.org\/index.php\/orchestres\/le-gong\/concert-guilers_15-03-24_028\/\" class=\"wp-image-4114\" srcset=\"https:\/\/www.emdg-guilers.org\/wp-content\/uploads\/2024\/03\/Concert-Guilers_15.03.24_028-1024x683.jpg 1024w, https:\/\/www.emdg-guilers.org\/wp-content\/uploads\/2024\/03\/Concert-Guilers_15.03.24_028-300x200.jpg 300w, https:\/\/www.emdg-guilers.org\/wp-content\/uploads\/2024\/03\/Concert-Guilers_15.03.24_028-768x512.jpg 768w, https:\/\/www.emdg-guilers.org\/wp-content\/uploads\/2024\/03\/Concert-Guilers_15.03.24_028-1536x1024.jpg 1536w, https:\/\/www.emdg-guilers.org\/wp-content\/uploads\/2024\/03\/Concert-Guilers_15.03.24_028-2048x1365.jpg 2048w, https:\/\/www.emdg-guilers.org\/wp-content\/uploads\/2024\/03\/Concert-Guilers_15.03.24_028-405x270.jpg 405w\" sizes=\"(max-width: 1024px) 100vw, 1024px\" \/><\/figure><\/li><li class=\"blocks-gallery-item\"><figure><img loading=\"lazy\" decoding=\"async\" width=\"1024\" height=\"683\" src=\"https:\/\/www.emdg-guilers.org\/wp-content\/uploads\/2024\/03\/Concert-Guilers_15.03.24_024-1024x683.jpg\" alt=\"\" data-id=\"4115\" data-link=\"https:\/\/www.emdg-guilers.org\/index.php\/orchestres\/le-gong\/concert-guilers_15-03-24_024\/\" class=\"wp-image-4115\" srcset=\"https:\/\/www.emdg-guilers.org\/wp-content\/uploads\/2024\/03\/Concert-Guilers_15.03.24_024-1024x683.jpg 1024w, https:\/\/www.emdg-guilers.org\/wp-content\/uploads\/2024\/03\/Concert-Guilers_15.03.24_024-300x200.jpg 300w, https:\/\/www.emdg-guilers.org\/wp-content\/uploads\/2024\/03\/Concert-Guilers_15.03.24_024-768x512.jpg 768w, https:\/\/www.emdg-guilers.org\/wp-content\/uploads\/2024\/03\/Concert-Guilers_15.03.24_024-1536x1024.jpg 1536w, https:\/\/www.emdg-guilers.org\/wp-content\/uploads\/2024\/03\/Concert-Guilers_15.03.24_024-2048x1365.jpg 2048w, https:\/\/www.emdg-guilers.org\/wp-content\/uploads\/2024\/03\/Concert-Guilers_15.03.24_024-405x270.jpg 405w\" sizes=\"(max-width: 1024px) 100vw, 1024px\" \/><\/figure><\/li><li class=\"blocks-gallery-item\"><figure><img loading=\"lazy\" decoding=\"async\" width=\"1024\" height=\"683\" src=\"https:\/\/www.emdg-guilers.org\/wp-content\/uploads\/2024\/03\/Concert-Guilers_15.03.24_034-1024x683.jpg\" alt=\"\" data-id=\"4117\" data-full-url=\"https:\/\/www.emdg-guilers.org\/wp-content\/uploads\/2024\/03\/Concert-Guilers_15.03.24_034-scaled.jpg\" data-link=\"https:\/\/www.emdg-guilers.org\/index.php\/orchestres\/le-gong\/concert-guilers_15-03-24_034\/\" class=\"wp-image-4117\" srcset=\"https:\/\/www.emdg-guilers.org\/wp-content\/uploads\/2024\/03\/Concert-Guilers_15.03.24_034-1024x683.jpg 1024w, https:\/\/www.emdg-guilers.org\/wp-content\/uploads\/2024\/03\/Concert-Guilers_15.03.24_034-300x200.jpg 300w, https:\/\/www.emdg-guilers.org\/wp-content\/uploads\/2024\/03\/Concert-Guilers_15.03.24_034-768x512.jpg 768w, https:\/\/www.emdg-guilers.org\/wp-content\/uploads\/2024\/03\/Concert-Guilers_15.03.24_034-1536x1024.jpg 1536w, https:\/\/www.emdg-guilers.org\/wp-content\/uploads\/2024\/03\/Concert-Guilers_15.03.24_034-2048x1365.jpg 2048w, https:\/\/www.emdg-guilers.org\/wp-content\/uploads\/2024\/03\/Concert-Guilers_15.03.24_034-405x270.jpg 405w\" sizes=\"(max-width: 1024px) 100vw, 1024px\" \/><\/figure><\/li><\/ul><\/figure>\n","protected":false},"excerpt":{"rendered":"<p>Big Band, orchestre Accessible \u00e0 tous : instruments \u00e0 vents, cuivres, claviers, percussionnistes,&#8230; \u00e0 partir de quelques ann\u00e9es d&rsquo;instrument.R\u00e9pertoire vari\u00e9 : musiques actuelles, jazz, blues, rock, latino, groove.Possibilit\u00e9 d&rsquo;int\u00e9grer le groupe toute l&rsquo;ann\u00e9e. En pratique seule ou en plus d&rsquo;un cours d&rsquo;instrument. Le GONG est ouvert \u00e0 tout nouveau musicien, m\u00eame en cours d&rsquo;ann\u00e9e !N&rsquo;h\u00e9sitez pas \u00e0 passer lors d&rsquo;une r\u00e9p\u00e9tition pour \u00e9couter le groupe et rencontrer le professeur. Direction : Patrick Penot R\u00e9p\u00e9titions : jeudi 20h30-22hEMDG, 2e \u00e9tage<\/p>\n","protected":false},"author":3,"featured_media":0,"parent":46,"menu_order":0,"comment_status":"closed","ping_status":"closed","template":"","meta":{"footnotes":""},"yoast_head":"<!-- This site is optimized with the Yoast SEO plugin v22.4 - https:\/\/yoast.com\/wordpress\/plugins\/seo\/ -->\n<title>Le GONG (Guilers Orchestra New Groove) - Ecole de Musique, Danse &amp; Th\u00e9\u00e2tre de Guilers<\/title>\n<meta name=\"robots\" content=\"index, follow, max-snippet:-1, max-image-preview:large, max-video-preview:-1\" \/>\n<link rel=\"canonical\" href=\"https:\/\/www.emdg-guilers.org\/index.php\/orchestres\/le-gong\/\" \/>\n<meta property=\"og:locale\" content=\"fr_FR\" \/>\n<meta property=\"og:type\" content=\"article\" \/>\n<meta property=\"og:title\" content=\"Le GONG (Guilers Orchestra New Groove) - Ecole de Musique, Danse &amp; Th\u00e9\u00e2tre de Guilers\" \/>\n<meta property=\"og:description\" content=\"Big Band, orchestre Accessible \u00e0 tous : instruments \u00e0 vents, cuivres, claviers, percussionnistes,&#8230; \u00e0 partir de quelques ann\u00e9es d&rsquo;instrument.R\u00e9pertoire vari\u00e9 : musiques actuelles, jazz, blues, rock, latino, groove.Possibilit\u00e9 d&rsquo;int\u00e9grer le groupe toute l&rsquo;ann\u00e9e. En pratique seule ou en plus d&rsquo;un cours d&rsquo;instrument. Le GONG est ouvert \u00e0 tout nouveau musicien, m\u00eame en cours d&rsquo;ann\u00e9e !N&rsquo;h\u00e9sitez pas \u00e0 passer lors d&rsquo;une r\u00e9p\u00e9tition pour \u00e9couter le groupe et rencontrer le professeur. Direction : Patrick Penot R\u00e9p\u00e9titions : jeudi 20h30-22hEMDG, 2e \u00e9tage\" \/>\n<meta property=\"og:url\" content=\"https:\/\/www.emdg-guilers.org\/index.php\/orchestres\/le-gong\/\" \/>\n<meta property=\"og:site_name\" content=\"Ecole de Musique, Danse &amp; Th\u00e9\u00e2tre de Guilers\" \/>\n<meta property=\"article:publisher\" content=\"https:\/\/www.facebook.com\/Ecole-de-Musique-et-de-Danse-de-Guilers-480017765533016\/\" \/>\n<meta property=\"article:modified_time\" content=\"2024-03-28T10:02:08+00:00\" \/>\n<meta property=\"og:image\" content=\"https:\/\/www.emdg-guilers.org\/wp-content\/uploads\/2024\/03\/Concert-Guilers_15.03.24_045-1024x684.jpg\" \/>\n<meta name=\"twitter:card\" content=\"summary_large_image\" \/>\n<meta name=\"twitter:label1\" content=\"Dur\u00e9e de lecture estim\u00e9e\" \/>\n\t<meta name=\"twitter:data1\" content=\"2 minutes\" \/>\n<script type=\"application\/ld+json\" class=\"yoast-schema-graph\">{\"@context\":\"https:\/\/schema.org\",\"@graph\":[{\"@type\":\"WebPage\",\"@id\":\"https:\/\/www.emdg-guilers.org\/index.php\/orchestres\/le-gong\/\",\"url\":\"https:\/\/www.emdg-guilers.org\/index.php\/orchestres\/le-gong\/\",\"name\":\"Le GONG (Guilers Orchestra New Groove) - Ecole de Musique, Danse &amp; Th\u00e9\u00e2tre de Guilers\",\"isPartOf\":{\"@id\":\"https:\/\/www.emdg-guilers.org\/#website\"},\"primaryImageOfPage\":{\"@id\":\"https:\/\/www.emdg-guilers.org\/index.php\/orchestres\/le-gong\/#primaryimage\"},\"image\":{\"@id\":\"https:\/\/www.emdg-guilers.org\/index.php\/orchestres\/le-gong\/#primaryimage\"},\"thumbnailUrl\":\"https:\/\/www.emdg-guilers.org\/wp-content\/uploads\/2024\/03\/Concert-Guilers_15.03.24_045-1024x684.jpg\",\"datePublished\":\"2016-06-29T15:54:32+00:00\",\"dateModified\":\"2024-03-28T10:02:08+00:00\",\"breadcrumb\":{\"@id\":\"https:\/\/www.emdg-guilers.org\/index.php\/orchestres\/le-gong\/#breadcrumb\"},\"inLanguage\":\"fr-FR\",\"potentialAction\":[{\"@type\":\"ReadAction\",\"target\":[\"https:\/\/www.emdg-guilers.org\/index.php\/orchestres\/le-gong\/\"]}]},{\"@type\":\"ImageObject\",\"inLanguage\":\"fr-FR\",\"@id\":\"https:\/\/www.emdg-guilers.org\/index.php\/orchestres\/le-gong\/#primaryimage\",\"url\":\"https:\/\/www.emdg-guilers.org\/wp-content\/uploads\/2024\/03\/Concert-Guilers_15.03.24_045-scaled.jpg\",\"contentUrl\":\"https:\/\/www.emdg-guilers.org\/wp-content\/uploads\/2024\/03\/Concert-Guilers_15.03.24_045-scaled.jpg\",\"width\":2560,\"height\":1709},{\"@type\":\"BreadcrumbList\",\"@id\":\"https:\/\/www.emdg-guilers.org\/index.php\/orchestres\/le-gong\/#breadcrumb\",\"itemListElement\":[{\"@type\":\"ListItem\",\"position\":1,\"name\":\"Accueil\",\"item\":\"https:\/\/www.emdg-guilers.org\/\"},{\"@type\":\"ListItem\",\"position\":2,\"name\":\"Jouer en groupe\",\"item\":\"https:\/\/www.emdg-guilers.org\/index.php\/orchestres\/\"},{\"@type\":\"ListItem\",\"position\":3,\"name\":\"Le GONG (Guilers Orchestra New Groove)\"}]},{\"@type\":\"WebSite\",\"@id\":\"https:\/\/www.emdg-guilers.org\/#website\",\"url\":\"https:\/\/www.emdg-guilers.org\/\",\"name\":\"Ecole de Musique et Danse de Guilers\",\"description\":\"Ecole associative, cours de musique, danse, th\u00e9\u00e2tre accessibles \u00e0 tous\",\"publisher\":{\"@id\":\"https:\/\/www.emdg-guilers.org\/#organization\"},\"potentialAction\":[{\"@type\":\"SearchAction\",\"target\":{\"@type\":\"EntryPoint\",\"urlTemplate\":\"https:\/\/www.emdg-guilers.org\/?s={search_term_string}\"},\"query-input\":\"required name=search_term_string\"}],\"inLanguage\":\"fr-FR\"},{\"@type\":\"Organization\",\"@id\":\"https:\/\/www.emdg-guilers.org\/#organization\",\"name\":\"Ecole de Musique et de Danse\",\"url\":\"https:\/\/www.emdg-guilers.org\/\",\"logo\":{\"@type\":\"ImageObject\",\"inLanguage\":\"fr-FR\",\"@id\":\"https:\/\/www.emdg-guilers.org\/#\/schema\/logo\/image\/\",\"url\":\"https:\/\/www.emdg-guilers.org\/wp-content\/uploads\/2016\/06\/logo2014.jpg\",\"contentUrl\":\"https:\/\/www.emdg-guilers.org\/wp-content\/uploads\/2016\/06\/logo2014.jpg\",\"width\":214,\"height\":116,\"caption\":\"Ecole de Musique et de Danse\"},\"image\":{\"@id\":\"https:\/\/www.emdg-guilers.org\/#\/schema\/logo\/image\/\"},\"sameAs\":[\"https:\/\/www.facebook.com\/Ecole-de-Musique-et-de-Danse-de-Guilers-480017765533016\/\"]}]}<\/script>\n<!-- \/ Yoast SEO plugin. -->","yoast_head_json":{"title":"Le GONG (Guilers Orchestra New Groove) - Ecole de Musique, Danse &amp; Th\u00e9\u00e2tre de Guilers","robots":{"index":"index","follow":"follow","max-snippet":"max-snippet:-1","max-image-preview":"max-image-preview:large","max-video-preview":"max-video-preview:-1"},"canonical":"https:\/\/www.emdg-guilers.org\/index.php\/orchestres\/le-gong\/","og_locale":"fr_FR","og_type":"article","og_title":"Le GONG (Guilers Orchestra New Groove) - Ecole de Musique, Danse &amp; Th\u00e9\u00e2tre de Guilers","og_description":"Big Band, orchestre Accessible \u00e0 tous : instruments \u00e0 vents, cuivres, claviers, percussionnistes,&#8230; \u00e0 partir de quelques ann\u00e9es d&rsquo;instrument.R\u00e9pertoire vari\u00e9 : musiques actuelles, jazz, blues, rock, latino, groove.Possibilit\u00e9 d&rsquo;int\u00e9grer le groupe toute l&rsquo;ann\u00e9e. En pratique seule ou en plus d&rsquo;un cours d&rsquo;instrument. Le GONG est ouvert \u00e0 tout nouveau musicien, m\u00eame en cours d&rsquo;ann\u00e9e !N&rsquo;h\u00e9sitez pas \u00e0 passer lors d&rsquo;une r\u00e9p\u00e9tition pour \u00e9couter le groupe et rencontrer le professeur. Direction : Patrick Penot R\u00e9p\u00e9titions : jeudi 20h30-22hEMDG, 2e \u00e9tage","og_url":"https:\/\/www.emdg-guilers.org\/index.php\/orchestres\/le-gong\/","og_site_name":"Ecole de Musique, Danse &amp; Th\u00e9\u00e2tre de Guilers","article_publisher":"https:\/\/www.facebook.com\/Ecole-de-Musique-et-de-Danse-de-Guilers-480017765533016\/","article_modified_time":"2024-03-28T10:02:08+00:00","og_image":[{"url":"https:\/\/www.emdg-guilers.org\/wp-content\/uploads\/2024\/03\/Concert-Guilers_15.03.24_045-1024x684.jpg"}],"twitter_card":"summary_large_image","twitter_misc":{"Dur\u00e9e de lecture estim\u00e9e":"2 minutes"},"schema":{"@context":"https:\/\/schema.org","@graph":[{"@type":"WebPage","@id":"https:\/\/www.emdg-guilers.org\/index.php\/orchestres\/le-gong\/","url":"https:\/\/www.emdg-guilers.org\/index.php\/orchestres\/le-gong\/","name":"Le GONG (Guilers Orchestra New Groove) - Ecole de Musique, Danse &amp; Th\u00e9\u00e2tre de Guilers","isPartOf":{"@id":"https:\/\/www.emdg-guilers.org\/#website"},"primaryImageOfPage":{"@id":"https:\/\/www.emdg-guilers.org\/index.php\/orchestres\/le-gong\/#primaryimage"},"image":{"@id":"https:\/\/www.emdg-guilers.org\/index.php\/orchestres\/le-gong\/#primaryimage"},"thumbnailUrl":"https:\/\/www.emdg-guilers.org\/wp-content\/uploads\/2024\/03\/Concert-Guilers_15.03.24_045-1024x684.jpg","datePublished":"2016-06-29T15:54:32+00:00","dateModified":"2024-03-28T10:02:08+00:00","breadcrumb":{"@id":"https:\/\/www.emdg-guilers.org\/index.php\/orchestres\/le-gong\/#breadcrumb"},"inLanguage":"fr-FR","potentialAction":[{"@type":"ReadAction","target":["https:\/\/www.emdg-guilers.org\/index.php\/orchestres\/le-gong\/"]}]},{"@type":"ImageObject","inLanguage":"fr-FR","@id":"https:\/\/www.emdg-guilers.org\/index.php\/orchestres\/le-gong\/#primaryimage","url":"https:\/\/www.emdg-guilers.org\/wp-content\/uploads\/2024\/03\/Concert-Guilers_15.03.24_045-scaled.jpg","contentUrl":"https:\/\/www.emdg-guilers.org\/wp-content\/uploads\/2024\/03\/Concert-Guilers_15.03.24_045-scaled.jpg","width":2560,"height":1709},{"@type":"BreadcrumbList","@id":"https:\/\/www.emdg-guilers.org\/index.php\/orchestres\/le-gong\/#breadcrumb","itemListElement":[{"@type":"ListItem","position":1,"name":"Accueil","item":"https:\/\/www.emdg-guilers.org\/"},{"@type":"ListItem","position":2,"name":"Jouer en groupe","item":"https:\/\/www.emdg-guilers.org\/index.php\/orchestres\/"},{"@type":"ListItem","position":3,"name":"Le GONG (Guilers Orchestra New Groove)"}]},{"@type":"WebSite","@id":"https:\/\/www.emdg-guilers.org\/#website","url":"https:\/\/www.emdg-guilers.org\/","name":"Ecole de Musique et Danse de Guilers","description":"Ecole associative, cours de musique, danse, th\u00e9\u00e2tre accessibles \u00e0 tous","publisher":{"@id":"https:\/\/www.emdg-guilers.org\/#organization"},"potentialAction":[{"@type":"SearchAction","target":{"@type":"EntryPoint","urlTemplate":"https:\/\/www.emdg-guilers.org\/?s={search_term_string}"},"query-input":"required name=search_term_string"}],"inLanguage":"fr-FR"},{"@type":"Organization","@id":"https:\/\/www.emdg-guilers.org\/#organization","name":"Ecole de Musique et de Danse","url":"https:\/\/www.emdg-guilers.org\/","logo":{"@type":"ImageObject","inLanguage":"fr-FR","@id":"https:\/\/www.emdg-guilers.org\/#\/schema\/logo\/image\/","url":"https:\/\/www.emdg-guilers.org\/wp-content\/uploads\/2016\/06\/logo2014.jpg","contentUrl":"https:\/\/www.emdg-guilers.org\/wp-content\/uploads\/2016\/06\/logo2014.jpg","width":214,"height":116,"caption":"Ecole de Musique et de Danse"},"image":{"@id":"https:\/\/www.emdg-guilers.org\/#\/schema\/logo\/image\/"},"sameAs":["https:\/\/www.facebook.com\/Ecole-de-Musique-et-de-Danse-de-Guilers-480017765533016\/"]}]}},"_links":{"self":[{"href":"https:\/\/www.emdg-guilers.org\/index.php\/wp-json\/wp\/v2\/pages\/50"}],"collection":[{"href":"https:\/\/www.emdg-guilers.org\/index.php\/wp-json\/wp\/v2\/pages"}],"about":[{"href":"https:\/\/www.emdg-guilers.org\/index.php\/wp-json\/wp\/v2\/types\/page"}],"author":[{"embeddable":true,"href":"https:\/\/www.emdg-guilers.org\/index.php\/wp-json\/wp\/v2\/users\/3"}],"replies":[{"embeddable":true,"href":"https:\/\/www.emdg-guilers.org\/index.php\/wp-json\/wp\/v2\/comments?post=50"}],"version-history":[{"count":21,"href":"https:\/\/www.emdg-guilers.org\/index.php\/wp-json\/wp\/v2\/pages\/50\/revisions"}],"predecessor-version":[{"id":4737,"href":"https:\/\/www.emdg-guilers.org\/index.php\/wp-json\/wp\/v2\/pages\/50\/revisions\/4737"}],"up":[{"embeddable":true,"href":"https:\/\/www.emdg-guilers.org\/index.php\/wp-json\/wp\/v2\/pages\/46"}],"wp:attachment":[{"href":"https:\/\/www.emdg-guilers.org\/index.php\/wp-json\/wp\/v2\/media?parent=50"}],"curies":[{"name":"wp","href":"https:\/\/api.w.org\/{rel}","templated":true}]}}