{"id":507,"date":"2016-10-10T13:24:36","date_gmt":"2016-10-10T12:24:36","guid":{"rendered":"http:\/\/www.emdg-guilers.org\/?page_id=507"},"modified":"2021-12-06T12:51:21","modified_gmt":"2021-12-06T11:51:21","slug":"ensemble-percussions-digitales-jeunes","status":"publish","type":"page","link":"https:\/\/www.emdg-guilers.org\/index.php\/orchestres\/ensemble-percussions-digitales-jeunes\/","title":{"rendered":"La Compagnie Cajon (ensemble percussions)"},"content":{"rendered":"<p>Ensemble de percussions digitales : congas, bongos, djemb\u00e9, cajon, etc.<br \/>\nEnsemble auto-baptis\u00e9 \u00ab\u00a0La Compagnie Cajon\u00a0\u00bb<br \/>\n&gt;&gt;\u00a0<a href=\"http:\/\/www.emdg-guilers.org\/wp-content\/uploads\/2017\/02\/2017-02-OF-Articleciecajon.jpg\">Article Ouest-France, f\u00e9vrier 2017 \u00e0 lire ici.<\/a><\/p>\n<p>Accessible \u00e0 tous les \u00e9l\u00e8ves inscrits \u00e0 l&rsquo;EMDG (tous instruments confondus) ou \u00e0 ceux qui souhaitent d\u00e9couvrir la musique, les rythmes, la pratique d&rsquo;ensemble \u00e0 travers les percussions digitales, de mani\u00e8re ludique et dynamique.<br \/>\nL&rsquo;ensemble est prioritairement destin\u00e9 aux jeunes (moins de 18 ans).<br \/>\nTous les <em>mercredi, de 16h30 \u00e0 17h30<\/em>, \u00e0 partir du <em>9 novembre.<\/em>Avec <strong>Herri Loquet.<\/strong><\/p>\n<p><img loading=\"lazy\" decoding=\"async\" class=\"aligncenter wp-image-591\" src=\"http:\/\/www.emdg-guilers.org\/wp-content\/uploads\/2016\/10\/IMG_20170111_164202-300x176.jpg\" alt=\"IMG_20170111_164202\" width=\"439\" height=\"258\" srcset=\"https:\/\/www.emdg-guilers.org\/wp-content\/uploads\/2016\/10\/IMG_20170111_164202-300x176.jpg 300w, https:\/\/www.emdg-guilers.org\/wp-content\/uploads\/2016\/10\/IMG_20170111_164202-768x451.jpg 768w, https:\/\/www.emdg-guilers.org\/wp-content\/uploads\/2016\/10\/IMG_20170111_164202-1024x601.jpg 1024w, https:\/\/www.emdg-guilers.org\/wp-content\/uploads\/2016\/10\/IMG_20170111_164202-460x270.jpg 460w\" sizes=\"(max-width: 439px) 100vw, 439px\" \/><\/p>\n","protected":false},"excerpt":{"rendered":"<p>Ensemble de percussions digitales : congas, bongos, djemb\u00e9, cajon, etc. Ensemble auto-baptis\u00e9 \u00ab\u00a0La Compagnie Cajon\u00a0\u00bb &gt;&gt;\u00a0Article Ouest-France, f\u00e9vrier 2017 \u00e0 lire ici. Accessible \u00e0 tous les \u00e9l\u00e8ves inscrits \u00e0 l&rsquo;EMDG (tous instruments confondus) ou \u00e0 ceux qui souhaitent d\u00e9couvrir la musique, les rythmes, la pratique d&rsquo;ensemble \u00e0 travers les percussions digitales, de mani\u00e8re ludique et dynamique. L&rsquo;ensemble est prioritairement destin\u00e9 aux jeunes (moins de 18 ans). Tous les mercredi, de 16h30 \u00e0 17h30, \u00e0 partir du 9 novembre.Avec Herri Loquet.<\/p>\n","protected":false},"author":3,"featured_media":0,"parent":46,"menu_order":0,"comment_status":"closed","ping_status":"closed","template":"","meta":{"footnotes":""},"yoast_head":"<!-- This site is optimized with the Yoast SEO plugin v22.4 - https:\/\/yoast.com\/wordpress\/plugins\/seo\/ -->\n<title>La Compagnie Cajon (ensemble percussions) - Ecole de Musique, Danse &amp; Th\u00e9\u00e2tre de Guilers<\/title>\n<meta name=\"robots\" content=\"index, follow, max-snippet:-1, max-image-preview:large, max-video-preview:-1\" \/>\n<link rel=\"canonical\" href=\"https:\/\/www.emdg-guilers.org\/index.php\/orchestres\/ensemble-percussions-digitales-jeunes\/\" \/>\n<meta property=\"og:locale\" content=\"fr_FR\" \/>\n<meta property=\"og:type\" content=\"article\" \/>\n<meta property=\"og:title\" content=\"La Compagnie Cajon (ensemble percussions) - Ecole de Musique, Danse &amp; Th\u00e9\u00e2tre de Guilers\" \/>\n<meta property=\"og:description\" content=\"Ensemble de percussions digitales : congas, bongos, djemb\u00e9, cajon, etc. Ensemble auto-baptis\u00e9 \u00ab\u00a0La Compagnie Cajon\u00a0\u00bb &gt;&gt;\u00a0Article Ouest-France, f\u00e9vrier 2017 \u00e0 lire ici. Accessible \u00e0 tous les \u00e9l\u00e8ves inscrits \u00e0 l&rsquo;EMDG (tous instruments confondus) ou \u00e0 ceux qui souhaitent d\u00e9couvrir la musique, les rythmes, la pratique d&rsquo;ensemble \u00e0 travers les percussions digitales, de mani\u00e8re ludique et dynamique. L&rsquo;ensemble est prioritairement destin\u00e9 aux jeunes (moins de 18 ans). Tous les mercredi, de 16h30 \u00e0 17h30, \u00e0 partir du 9 novembre.Avec Herri Loquet.\" \/>\n<meta property=\"og:url\" content=\"https:\/\/www.emdg-guilers.org\/index.php\/orchestres\/ensemble-percussions-digitales-jeunes\/\" \/>\n<meta property=\"og:site_name\" content=\"Ecole de Musique, Danse &amp; Th\u00e9\u00e2tre de Guilers\" \/>\n<meta property=\"article:publisher\" content=\"https:\/\/www.facebook.com\/Ecole-de-Musique-et-de-Danse-de-Guilers-480017765533016\/\" \/>\n<meta property=\"article:modified_time\" content=\"2021-12-06T11:51:21+00:00\" \/>\n<meta property=\"og:image\" content=\"http:\/\/www.emdg-guilers.org\/wp-content\/uploads\/2016\/10\/IMG_20170111_164202-300x176.jpg\" \/>\n<meta name=\"twitter:card\" content=\"summary_large_image\" \/>\n<meta name=\"twitter:label1\" content=\"Dur\u00e9e de lecture estim\u00e9e\" \/>\n\t<meta name=\"twitter:data1\" content=\"1 minute\" \/>\n<script type=\"application\/ld+json\" class=\"yoast-schema-graph\">{\"@context\":\"https:\/\/schema.org\",\"@graph\":[{\"@type\":\"WebPage\",\"@id\":\"https:\/\/www.emdg-guilers.org\/index.php\/orchestres\/ensemble-percussions-digitales-jeunes\/\",\"url\":\"https:\/\/www.emdg-guilers.org\/index.php\/orchestres\/ensemble-percussions-digitales-jeunes\/\",\"name\":\"La Compagnie Cajon (ensemble percussions) - Ecole de Musique, Danse &amp; Th\u00e9\u00e2tre de Guilers\",\"isPartOf\":{\"@id\":\"https:\/\/www.emdg-guilers.org\/#website\"},\"primaryImageOfPage\":{\"@id\":\"https:\/\/www.emdg-guilers.org\/index.php\/orchestres\/ensemble-percussions-digitales-jeunes\/#primaryimage\"},\"image\":{\"@id\":\"https:\/\/www.emdg-guilers.org\/index.php\/orchestres\/ensemble-percussions-digitales-jeunes\/#primaryimage\"},\"thumbnailUrl\":\"http:\/\/www.emdg-guilers.org\/wp-content\/uploads\/2016\/10\/IMG_20170111_164202-300x176.jpg\",\"datePublished\":\"2016-10-10T12:24:36+00:00\",\"dateModified\":\"2021-12-06T11:51:21+00:00\",\"breadcrumb\":{\"@id\":\"https:\/\/www.emdg-guilers.org\/index.php\/orchestres\/ensemble-percussions-digitales-jeunes\/#breadcrumb\"},\"inLanguage\":\"fr-FR\",\"potentialAction\":[{\"@type\":\"ReadAction\",\"target\":[\"https:\/\/www.emdg-guilers.org\/index.php\/orchestres\/ensemble-percussions-digitales-jeunes\/\"]}]},{\"@type\":\"ImageObject\",\"inLanguage\":\"fr-FR\",\"@id\":\"https:\/\/www.emdg-guilers.org\/index.php\/orchestres\/ensemble-percussions-digitales-jeunes\/#primaryimage\",\"url\":\"http:\/\/www.emdg-guilers.org\/wp-content\/uploads\/2016\/10\/IMG_20170111_164202-300x176.jpg\",\"contentUrl\":\"http:\/\/www.emdg-guilers.org\/wp-content\/uploads\/2016\/10\/IMG_20170111_164202-300x176.jpg\"},{\"@type\":\"BreadcrumbList\",\"@id\":\"https:\/\/www.emdg-guilers.org\/index.php\/orchestres\/ensemble-percussions-digitales-jeunes\/#breadcrumb\",\"itemListElement\":[{\"@type\":\"ListItem\",\"position\":1,\"name\":\"Accueil\",\"item\":\"https:\/\/www.emdg-guilers.org\/\"},{\"@type\":\"ListItem\",\"position\":2,\"name\":\"Jouer en groupe\",\"item\":\"https:\/\/www.emdg-guilers.org\/index.php\/orchestres\/\"},{\"@type\":\"ListItem\",\"position\":3,\"name\":\"La Compagnie Cajon (ensemble percussions)\"}]},{\"@type\":\"WebSite\",\"@id\":\"https:\/\/www.emdg-guilers.org\/#website\",\"url\":\"https:\/\/www.emdg-guilers.org\/\",\"name\":\"Ecole de Musique et Danse de Guilers\",\"description\":\"Ecole associative, cours de musique, danse, th\u00e9\u00e2tre accessibles \u00e0 tous\",\"publisher\":{\"@id\":\"https:\/\/www.emdg-guilers.org\/#organization\"},\"potentialAction\":[{\"@type\":\"SearchAction\",\"target\":{\"@type\":\"EntryPoint\",\"urlTemplate\":\"https:\/\/www.emdg-guilers.org\/?s={search_term_string}\"},\"query-input\":\"required name=search_term_string\"}],\"inLanguage\":\"fr-FR\"},{\"@type\":\"Organization\",\"@id\":\"https:\/\/www.emdg-guilers.org\/#organization\",\"name\":\"Ecole de Musique et de Danse\",\"url\":\"https:\/\/www.emdg-guilers.org\/\",\"logo\":{\"@type\":\"ImageObject\",\"inLanguage\":\"fr-FR\",\"@id\":\"https:\/\/www.emdg-guilers.org\/#\/schema\/logo\/image\/\",\"url\":\"https:\/\/www.emdg-guilers.org\/wp-content\/uploads\/2016\/06\/logo2014.jpg\",\"contentUrl\":\"https:\/\/www.emdg-guilers.org\/wp-content\/uploads\/2016\/06\/logo2014.jpg\",\"width\":214,\"height\":116,\"caption\":\"Ecole de Musique et de Danse\"},\"image\":{\"@id\":\"https:\/\/www.emdg-guilers.org\/#\/schema\/logo\/image\/\"},\"sameAs\":[\"https:\/\/www.facebook.com\/Ecole-de-Musique-et-de-Danse-de-Guilers-480017765533016\/\"]}]}<\/script>\n<!-- \/ Yoast SEO plugin. -->","yoast_head_json":{"title":"La Compagnie Cajon (ensemble percussions) - Ecole de Musique, Danse &amp; Th\u00e9\u00e2tre de Guilers","robots":{"index":"index","follow":"follow","max-snippet":"max-snippet:-1","max-image-preview":"max-image-preview:large","max-video-preview":"max-video-preview:-1"},"canonical":"https:\/\/www.emdg-guilers.org\/index.php\/orchestres\/ensemble-percussions-digitales-jeunes\/","og_locale":"fr_FR","og_type":"article","og_title":"La Compagnie Cajon (ensemble percussions) - Ecole de Musique, Danse &amp; Th\u00e9\u00e2tre de Guilers","og_description":"Ensemble de percussions digitales : congas, bongos, djemb\u00e9, cajon, etc. Ensemble auto-baptis\u00e9 \u00ab\u00a0La Compagnie Cajon\u00a0\u00bb &gt;&gt;\u00a0Article Ouest-France, f\u00e9vrier 2017 \u00e0 lire ici. Accessible \u00e0 tous les \u00e9l\u00e8ves inscrits \u00e0 l&rsquo;EMDG (tous instruments confondus) ou \u00e0 ceux qui souhaitent d\u00e9couvrir la musique, les rythmes, la pratique d&rsquo;ensemble \u00e0 travers les percussions digitales, de mani\u00e8re ludique et dynamique. L&rsquo;ensemble est prioritairement destin\u00e9 aux jeunes (moins de 18 ans). Tous les mercredi, de 16h30 \u00e0 17h30, \u00e0 partir du 9 novembre.Avec Herri Loquet.","og_url":"https:\/\/www.emdg-guilers.org\/index.php\/orchestres\/ensemble-percussions-digitales-jeunes\/","og_site_name":"Ecole de Musique, Danse &amp; Th\u00e9\u00e2tre de Guilers","article_publisher":"https:\/\/www.facebook.com\/Ecole-de-Musique-et-de-Danse-de-Guilers-480017765533016\/","article_modified_time":"2021-12-06T11:51:21+00:00","og_image":[{"url":"http:\/\/www.emdg-guilers.org\/wp-content\/uploads\/2016\/10\/IMG_20170111_164202-300x176.jpg"}],"twitter_card":"summary_large_image","twitter_misc":{"Dur\u00e9e de lecture estim\u00e9e":"1 minute"},"schema":{"@context":"https:\/\/schema.org","@graph":[{"@type":"WebPage","@id":"https:\/\/www.emdg-guilers.org\/index.php\/orchestres\/ensemble-percussions-digitales-jeunes\/","url":"https:\/\/www.emdg-guilers.org\/index.php\/orchestres\/ensemble-percussions-digitales-jeunes\/","name":"La Compagnie Cajon (ensemble percussions) - Ecole de Musique, Danse &amp; Th\u00e9\u00e2tre de Guilers","isPartOf":{"@id":"https:\/\/www.emdg-guilers.org\/#website"},"primaryImageOfPage":{"@id":"https:\/\/www.emdg-guilers.org\/index.php\/orchestres\/ensemble-percussions-digitales-jeunes\/#primaryimage"},"image":{"@id":"https:\/\/www.emdg-guilers.org\/index.php\/orchestres\/ensemble-percussions-digitales-jeunes\/#primaryimage"},"thumbnailUrl":"http:\/\/www.emdg-guilers.org\/wp-content\/uploads\/2016\/10\/IMG_20170111_164202-300x176.jpg","datePublished":"2016-10-10T12:24:36+00:00","dateModified":"2021-12-06T11:51:21+00:00","breadcrumb":{"@id":"https:\/\/www.emdg-guilers.org\/index.php\/orchestres\/ensemble-percussions-digitales-jeunes\/#breadcrumb"},"inLanguage":"fr-FR","potentialAction":[{"@type":"ReadAction","target":["https:\/\/www.emdg-guilers.org\/index.php\/orchestres\/ensemble-percussions-digitales-jeunes\/"]}]},{"@type":"ImageObject","inLanguage":"fr-FR","@id":"https:\/\/www.emdg-guilers.org\/index.php\/orchestres\/ensemble-percussions-digitales-jeunes\/#primaryimage","url":"http:\/\/www.emdg-guilers.org\/wp-content\/uploads\/2016\/10\/IMG_20170111_164202-300x176.jpg","contentUrl":"http:\/\/www.emdg-guilers.org\/wp-content\/uploads\/2016\/10\/IMG_20170111_164202-300x176.jpg"},{"@type":"BreadcrumbList","@id":"https:\/\/www.emdg-guilers.org\/index.php\/orchestres\/ensemble-percussions-digitales-jeunes\/#breadcrumb","itemListElement":[{"@type":"ListItem","position":1,"name":"Accueil","item":"https:\/\/www.emdg-guilers.org\/"},{"@type":"ListItem","position":2,"name":"Jouer en groupe","item":"https:\/\/www.emdg-guilers.org\/index.php\/orchestres\/"},{"@type":"ListItem","position":3,"name":"La Compagnie Cajon (ensemble percussions)"}]},{"@type":"WebSite","@id":"https:\/\/www.emdg-guilers.org\/#website","url":"https:\/\/www.emdg-guilers.org\/","name":"Ecole de Musique et Danse de Guilers","description":"Ecole associative, cours de musique, danse, th\u00e9\u00e2tre accessibles \u00e0 tous","publisher":{"@id":"https:\/\/www.emdg-guilers.org\/#organization"},"potentialAction":[{"@type":"SearchAction","target":{"@type":"EntryPoint","urlTemplate":"https:\/\/www.emdg-guilers.org\/?s={search_term_string}"},"query-input":"required name=search_term_string"}],"inLanguage":"fr-FR"},{"@type":"Organization","@id":"https:\/\/www.emdg-guilers.org\/#organization","name":"Ecole de Musique et de Danse","url":"https:\/\/www.emdg-guilers.org\/","logo":{"@type":"ImageObject","inLanguage":"fr-FR","@id":"https:\/\/www.emdg-guilers.org\/#\/schema\/logo\/image\/","url":"https:\/\/www.emdg-guilers.org\/wp-content\/uploads\/2016\/06\/logo2014.jpg","contentUrl":"https:\/\/www.emdg-guilers.org\/wp-content\/uploads\/2016\/06\/logo2014.jpg","width":214,"height":116,"caption":"Ecole de Musique et de Danse"},"image":{"@id":"https:\/\/www.emdg-guilers.org\/#\/schema\/logo\/image\/"},"sameAs":["https:\/\/www.facebook.com\/Ecole-de-Musique-et-de-Danse-de-Guilers-480017765533016\/"]}]}},"_links":{"self":[{"href":"https:\/\/www.emdg-guilers.org\/index.php\/wp-json\/wp\/v2\/pages\/507"}],"collection":[{"href":"https:\/\/www.emdg-guilers.org\/index.php\/wp-json\/wp\/v2\/pages"}],"about":[{"href":"https:\/\/www.emdg-guilers.org\/index.php\/wp-json\/wp\/v2\/types\/page"}],"author":[{"embeddable":true,"href":"https:\/\/www.emdg-guilers.org\/index.php\/wp-json\/wp\/v2\/users\/3"}],"replies":[{"embeddable":true,"href":"https:\/\/www.emdg-guilers.org\/index.php\/wp-json\/wp\/v2\/comments?post=507"}],"version-history":[{"count":9,"href":"https:\/\/www.emdg-guilers.org\/index.php\/wp-json\/wp\/v2\/pages\/507\/revisions"}],"predecessor-version":[{"id":2834,"href":"https:\/\/www.emdg-guilers.org\/index.php\/wp-json\/wp\/v2\/pages\/507\/revisions\/2834"}],"up":[{"embeddable":true,"href":"https:\/\/www.emdg-guilers.org\/index.php\/wp-json\/wp\/v2\/pages\/46"}],"wp:attachment":[{"href":"https:\/\/www.emdg-guilers.org\/index.php\/wp-json\/wp\/v2\/media?parent=507"}],"curies":[{"name":"wp","href":"https:\/\/api.w.org\/{rel}","templated":true}]}}