{"id":54,"date":"2016-06-29T16:54:53","date_gmt":"2016-06-29T15:54:53","guid":{"rendered":"http:\/\/www.emdg-guilers.org\/?page_id=54"},"modified":"2025-07-08T09:39:26","modified_gmt":"2025-07-08T07:39:26","slug":"danse","status":"publish","type":"page","link":"https:\/\/www.emdg-guilers.org\/index.php\/danse\/","title":{"rendered":"Danse"},"content":{"rendered":"<p><img loading=\"lazy\" decoding=\"async\" class=\" wp-image-4052 alignleft\" src=\"https:\/\/www.emdg-guilers.org\/wp-content\/uploads\/2024\/03\/3-300x300.jpg\" alt=\"\" width=\"355\" height=\"355\" srcset=\"https:\/\/www.emdg-guilers.org\/wp-content\/uploads\/2024\/03\/3-300x300.jpg 300w, https:\/\/www.emdg-guilers.org\/wp-content\/uploads\/2024\/03\/3-1024x1024.jpg 1024w, https:\/\/www.emdg-guilers.org\/wp-content\/uploads\/2024\/03\/3-150x150.jpg 150w, https:\/\/www.emdg-guilers.org\/wp-content\/uploads\/2024\/03\/3-768x768.jpg 768w, https:\/\/www.emdg-guilers.org\/wp-content\/uploads\/2024\/03\/3-270x270.jpg 270w, https:\/\/www.emdg-guilers.org\/wp-content\/uploads\/2024\/03\/3.jpg 1080w\" sizes=\"(max-width: 355px) 100vw, 355px\" \/>Plusieurs disciplines sont enseign\u00e9es :<\/p>\n<p>&#8211; <a href=\"http:\/\/www.emdg-guilers.org\/index.php\/eveil\/danse-2\/\">Eveil danse<\/a> d\u00e8s 4 ans ou <a href=\"http:\/\/www.emdg-guilers.org\/index.php\/eveil-musique-danse-nouveau\/\">\u00e9veil musique-danse<\/a> d\u00e8s 4 ans<br \/>\n\u2013 <a href=\"http:\/\/www.emdg-guilers.org\/index.php\/danse\/classique\/\">Danse classique<\/a>, d\u00e8s 6\u00a0ans, enfants, ados<br \/>\n\u2013 <a href=\"http:\/\/www.emdg-guilers.org\/index.php\/danse\/modern-jazz\/\">Modern jazz<\/a>, d\u00e8s 6 ans, ados, adultes<br \/>\n\u2013 <a href=\"http:\/\/www.emdg-guilers.org\/index.php\/danse\/hip-hop\/\">Hip Hop<\/a>, d\u00e8s 8 ans<br \/>\n&#8211; <a href=\"https:\/\/www.emdg-guilers.org\/index.php\/atelier-choregraphique\/\">Atelier chor\u00e9graphique<\/a><\/p>\n<p><span style=\"color: #008080;\"><strong><em>Pour les cours de danse ou de th\u00e9\u00e2tre,\u00a0une r\u00e9duction de 25%\u00a0sera automatiquement octroy\u00e9e aux \u00e9l\u00e8ves qui prennent 2 cours dans la m\u00eame discipline. N\u2019h\u00e9sitez pas \u00e0 le pr\u00e9ciser sur votre fiche d\u2019inscription ou au moment de votre passage au secr\u00e9tariat le cas \u00e9ch\u00e9ant !<\/em><\/strong><\/span><\/p>\n<p>Le tout en images ! (extraits du gala 2018)<br \/>\n<a href=\"http:\/\/iframe%20src=https:\/\/player.vimeo.com\/video\/290445968%20width=640%20height=360%20frameborder=0%20webkitallowfullscreen%20mozallowfullscreen%20allowfullscreen\/iframe%20pa%20href=https:\/\/vimeo.com\/290445968Gala%202018%20EMDG\/a%20from%20a%20href=https:\/\/vimeo.com\/user89662662Marie%20Clavier\/a%20on%20a%20href=https:\/\/vimeo.comVimeo\/a.\"><iframe loading=\"lazy\" src=\"https:\/\/player.vimeo.com\/video\/290445968\" width=\"640\" height=\"360\" frameborder=\"0\" allowfullscreen=\"allowfullscreen\" data-mce-fragment=\"1\"><\/iframe><\/a><\/p>\n<p><a href=\"https:\/\/vimeo.com\/290445968\">Gala 2018 EMDG<\/a> from <a href=\"https:\/\/vimeo.com\/user89662662\">Marie Clavier<\/a> on <a href=\"https:\/\/vimeo.com\">Vimeo<\/a>.<\/p>\n","protected":false},"excerpt":{"rendered":"<p>Plusieurs disciplines sont enseign\u00e9es : &#8211; Eveil danse d\u00e8s 4 ans ou \u00e9veil musique-danse d\u00e8s 4 ans \u2013 Danse classique, d\u00e8s 6\u00a0ans, enfants, ados \u2013 Modern jazz, d\u00e8s 6 ans, ados, adultes \u2013 Hip Hop, d\u00e8s 8 ans &#8211; Atelier chor\u00e9graphique Pour les cours de danse ou de th\u00e9\u00e2tre,\u00a0une r\u00e9duction de 25%\u00a0sera automatiquement octroy\u00e9e aux \u00e9l\u00e8ves qui prennent 2 cours dans la m\u00eame discipline. N\u2019h\u00e9sitez pas \u00e0 le pr\u00e9ciser sur votre fiche d\u2019inscription ou au moment de votre passage au&#8230;<\/p>\n<p class=\"read-more\"><a class=\"btn btn-default\" href=\"https:\/\/www.emdg-guilers.org\/index.php\/danse\/\">Lire la suite<span class=\"screen-reader-text\"> Lire la suite<\/span><\/a><\/p>\n","protected":false},"author":3,"featured_media":0,"parent":0,"menu_order":0,"comment_status":"closed","ping_status":"closed","template":"","meta":{"footnotes":""},"yoast_head":"<!-- This site is optimized with the Yoast SEO plugin v22.4 - https:\/\/yoast.com\/wordpress\/plugins\/seo\/ -->\n<title>Danse - Ecole de Musique, Danse &amp; Th\u00e9\u00e2tre de Guilers<\/title>\n<meta name=\"robots\" content=\"index, follow, max-snippet:-1, max-image-preview:large, max-video-preview:-1\" \/>\n<link rel=\"canonical\" href=\"https:\/\/www.emdg-guilers.org\/index.php\/danse\/\" \/>\n<meta property=\"og:locale\" content=\"fr_FR\" \/>\n<meta property=\"og:type\" content=\"article\" \/>\n<meta property=\"og:title\" content=\"Danse - Ecole de Musique, Danse &amp; Th\u00e9\u00e2tre de Guilers\" \/>\n<meta property=\"og:description\" content=\"Plusieurs disciplines sont enseign\u00e9es : &#8211; Eveil danse d\u00e8s 4 ans ou \u00e9veil musique-danse d\u00e8s 4 ans \u2013 Danse classique, d\u00e8s 6\u00a0ans, enfants, ados \u2013 Modern jazz, d\u00e8s 6 ans, ados, adultes \u2013 Hip Hop, d\u00e8s 8 ans &#8211; Atelier chor\u00e9graphique Pour les cours de danse ou de th\u00e9\u00e2tre,\u00a0une r\u00e9duction de 25%\u00a0sera automatiquement octroy\u00e9e aux \u00e9l\u00e8ves qui prennent 2 cours dans la m\u00eame discipline. N\u2019h\u00e9sitez pas \u00e0 le pr\u00e9ciser sur votre fiche d\u2019inscription ou au moment de votre passage au...Lire la suite Lire la suite\" \/>\n<meta property=\"og:url\" content=\"https:\/\/www.emdg-guilers.org\/index.php\/danse\/\" \/>\n<meta property=\"og:site_name\" content=\"Ecole de Musique, Danse &amp; Th\u00e9\u00e2tre de Guilers\" \/>\n<meta property=\"article:publisher\" content=\"https:\/\/www.facebook.com\/Ecole-de-Musique-et-de-Danse-de-Guilers-480017765533016\/\" \/>\n<meta property=\"article:modified_time\" content=\"2025-07-08T07:39:26+00:00\" \/>\n<meta property=\"og:image\" content=\"https:\/\/www.emdg-guilers.org\/wp-content\/uploads\/2024\/03\/3-300x300.jpg\" \/>\n<meta name=\"twitter:card\" content=\"summary_large_image\" \/>\n<meta name=\"twitter:label1\" content=\"Dur\u00e9e de lecture estim\u00e9e\" \/>\n\t<meta name=\"twitter:data1\" content=\"1 minute\" \/>\n<script type=\"application\/ld+json\" class=\"yoast-schema-graph\">{\"@context\":\"https:\/\/schema.org\",\"@graph\":[{\"@type\":\"WebPage\",\"@id\":\"https:\/\/www.emdg-guilers.org\/index.php\/danse\/\",\"url\":\"https:\/\/www.emdg-guilers.org\/index.php\/danse\/\",\"name\":\"Danse - Ecole de Musique, Danse &amp; Th\u00e9\u00e2tre de Guilers\",\"isPartOf\":{\"@id\":\"https:\/\/www.emdg-guilers.org\/#website\"},\"primaryImageOfPage\":{\"@id\":\"https:\/\/www.emdg-guilers.org\/index.php\/danse\/#primaryimage\"},\"image\":{\"@id\":\"https:\/\/www.emdg-guilers.org\/index.php\/danse\/#primaryimage\"},\"thumbnailUrl\":\"https:\/\/www.emdg-guilers.org\/wp-content\/uploads\/2024\/03\/3-300x300.jpg\",\"datePublished\":\"2016-06-29T15:54:53+00:00\",\"dateModified\":\"2025-07-08T07:39:26+00:00\",\"breadcrumb\":{\"@id\":\"https:\/\/www.emdg-guilers.org\/index.php\/danse\/#breadcrumb\"},\"inLanguage\":\"fr-FR\",\"potentialAction\":[{\"@type\":\"ReadAction\",\"target\":[\"https:\/\/www.emdg-guilers.org\/index.php\/danse\/\"]}]},{\"@type\":\"ImageObject\",\"inLanguage\":\"fr-FR\",\"@id\":\"https:\/\/www.emdg-guilers.org\/index.php\/danse\/#primaryimage\",\"url\":\"https:\/\/www.emdg-guilers.org\/wp-content\/uploads\/2024\/03\/3.jpg\",\"contentUrl\":\"https:\/\/www.emdg-guilers.org\/wp-content\/uploads\/2024\/03\/3.jpg\",\"width\":1080,\"height\":1080},{\"@type\":\"BreadcrumbList\",\"@id\":\"https:\/\/www.emdg-guilers.org\/index.php\/danse\/#breadcrumb\",\"itemListElement\":[{\"@type\":\"ListItem\",\"position\":1,\"name\":\"Accueil\",\"item\":\"https:\/\/www.emdg-guilers.org\/\"},{\"@type\":\"ListItem\",\"position\":2,\"name\":\"Danse\"}]},{\"@type\":\"WebSite\",\"@id\":\"https:\/\/www.emdg-guilers.org\/#website\",\"url\":\"https:\/\/www.emdg-guilers.org\/\",\"name\":\"Ecole de Musique et Danse de Guilers\",\"description\":\"Ecole associative, cours de musique, danse, th\u00e9\u00e2tre accessibles \u00e0 tous\",\"publisher\":{\"@id\":\"https:\/\/www.emdg-guilers.org\/#organization\"},\"potentialAction\":[{\"@type\":\"SearchAction\",\"target\":{\"@type\":\"EntryPoint\",\"urlTemplate\":\"https:\/\/www.emdg-guilers.org\/?s={search_term_string}\"},\"query-input\":\"required name=search_term_string\"}],\"inLanguage\":\"fr-FR\"},{\"@type\":\"Organization\",\"@id\":\"https:\/\/www.emdg-guilers.org\/#organization\",\"name\":\"Ecole de Musique et de Danse\",\"url\":\"https:\/\/www.emdg-guilers.org\/\",\"logo\":{\"@type\":\"ImageObject\",\"inLanguage\":\"fr-FR\",\"@id\":\"https:\/\/www.emdg-guilers.org\/#\/schema\/logo\/image\/\",\"url\":\"https:\/\/www.emdg-guilers.org\/wp-content\/uploads\/2016\/06\/logo2014.jpg\",\"contentUrl\":\"https:\/\/www.emdg-guilers.org\/wp-content\/uploads\/2016\/06\/logo2014.jpg\",\"width\":214,\"height\":116,\"caption\":\"Ecole de Musique et de Danse\"},\"image\":{\"@id\":\"https:\/\/www.emdg-guilers.org\/#\/schema\/logo\/image\/\"},\"sameAs\":[\"https:\/\/www.facebook.com\/Ecole-de-Musique-et-de-Danse-de-Guilers-480017765533016\/\"]}]}<\/script>\n<!-- \/ Yoast SEO plugin. -->","yoast_head_json":{"title":"Danse - Ecole de Musique, Danse &amp; Th\u00e9\u00e2tre de Guilers","robots":{"index":"index","follow":"follow","max-snippet":"max-snippet:-1","max-image-preview":"max-image-preview:large","max-video-preview":"max-video-preview:-1"},"canonical":"https:\/\/www.emdg-guilers.org\/index.php\/danse\/","og_locale":"fr_FR","og_type":"article","og_title":"Danse - Ecole de Musique, Danse &amp; Th\u00e9\u00e2tre de Guilers","og_description":"Plusieurs disciplines sont enseign\u00e9es : &#8211; Eveil danse d\u00e8s 4 ans ou \u00e9veil musique-danse d\u00e8s 4 ans \u2013 Danse classique, d\u00e8s 6\u00a0ans, enfants, ados \u2013 Modern jazz, d\u00e8s 6 ans, ados, adultes \u2013 Hip Hop, d\u00e8s 8 ans &#8211; Atelier chor\u00e9graphique Pour les cours de danse ou de th\u00e9\u00e2tre,\u00a0une r\u00e9duction de 25%\u00a0sera automatiquement octroy\u00e9e aux \u00e9l\u00e8ves qui prennent 2 cours dans la m\u00eame discipline. N\u2019h\u00e9sitez pas \u00e0 le pr\u00e9ciser sur votre fiche d\u2019inscription ou au moment de votre passage au...Lire la suite Lire la suite","og_url":"https:\/\/www.emdg-guilers.org\/index.php\/danse\/","og_site_name":"Ecole de Musique, Danse &amp; Th\u00e9\u00e2tre de Guilers","article_publisher":"https:\/\/www.facebook.com\/Ecole-de-Musique-et-de-Danse-de-Guilers-480017765533016\/","article_modified_time":"2025-07-08T07:39:26+00:00","og_image":[{"url":"https:\/\/www.emdg-guilers.org\/wp-content\/uploads\/2024\/03\/3-300x300.jpg"}],"twitter_card":"summary_large_image","twitter_misc":{"Dur\u00e9e de lecture estim\u00e9e":"1 minute"},"schema":{"@context":"https:\/\/schema.org","@graph":[{"@type":"WebPage","@id":"https:\/\/www.emdg-guilers.org\/index.php\/danse\/","url":"https:\/\/www.emdg-guilers.org\/index.php\/danse\/","name":"Danse - Ecole de Musique, Danse &amp; Th\u00e9\u00e2tre de Guilers","isPartOf":{"@id":"https:\/\/www.emdg-guilers.org\/#website"},"primaryImageOfPage":{"@id":"https:\/\/www.emdg-guilers.org\/index.php\/danse\/#primaryimage"},"image":{"@id":"https:\/\/www.emdg-guilers.org\/index.php\/danse\/#primaryimage"},"thumbnailUrl":"https:\/\/www.emdg-guilers.org\/wp-content\/uploads\/2024\/03\/3-300x300.jpg","datePublished":"2016-06-29T15:54:53+00:00","dateModified":"2025-07-08T07:39:26+00:00","breadcrumb":{"@id":"https:\/\/www.emdg-guilers.org\/index.php\/danse\/#breadcrumb"},"inLanguage":"fr-FR","potentialAction":[{"@type":"ReadAction","target":["https:\/\/www.emdg-guilers.org\/index.php\/danse\/"]}]},{"@type":"ImageObject","inLanguage":"fr-FR","@id":"https:\/\/www.emdg-guilers.org\/index.php\/danse\/#primaryimage","url":"https:\/\/www.emdg-guilers.org\/wp-content\/uploads\/2024\/03\/3.jpg","contentUrl":"https:\/\/www.emdg-guilers.org\/wp-content\/uploads\/2024\/03\/3.jpg","width":1080,"height":1080},{"@type":"BreadcrumbList","@id":"https:\/\/www.emdg-guilers.org\/index.php\/danse\/#breadcrumb","itemListElement":[{"@type":"ListItem","position":1,"name":"Accueil","item":"https:\/\/www.emdg-guilers.org\/"},{"@type":"ListItem","position":2,"name":"Danse"}]},{"@type":"WebSite","@id":"https:\/\/www.emdg-guilers.org\/#website","url":"https:\/\/www.emdg-guilers.org\/","name":"Ecole de Musique et Danse de Guilers","description":"Ecole associative, cours de musique, danse, th\u00e9\u00e2tre accessibles \u00e0 tous","publisher":{"@id":"https:\/\/www.emdg-guilers.org\/#organization"},"potentialAction":[{"@type":"SearchAction","target":{"@type":"EntryPoint","urlTemplate":"https:\/\/www.emdg-guilers.org\/?s={search_term_string}"},"query-input":"required name=search_term_string"}],"inLanguage":"fr-FR"},{"@type":"Organization","@id":"https:\/\/www.emdg-guilers.org\/#organization","name":"Ecole de Musique et de Danse","url":"https:\/\/www.emdg-guilers.org\/","logo":{"@type":"ImageObject","inLanguage":"fr-FR","@id":"https:\/\/www.emdg-guilers.org\/#\/schema\/logo\/image\/","url":"https:\/\/www.emdg-guilers.org\/wp-content\/uploads\/2016\/06\/logo2014.jpg","contentUrl":"https:\/\/www.emdg-guilers.org\/wp-content\/uploads\/2016\/06\/logo2014.jpg","width":214,"height":116,"caption":"Ecole de Musique et de Danse"},"image":{"@id":"https:\/\/www.emdg-guilers.org\/#\/schema\/logo\/image\/"},"sameAs":["https:\/\/www.facebook.com\/Ecole-de-Musique-et-de-Danse-de-Guilers-480017765533016\/"]}]}},"_links":{"self":[{"href":"https:\/\/www.emdg-guilers.org\/index.php\/wp-json\/wp\/v2\/pages\/54"}],"collection":[{"href":"https:\/\/www.emdg-guilers.org\/index.php\/wp-json\/wp\/v2\/pages"}],"about":[{"href":"https:\/\/www.emdg-guilers.org\/index.php\/wp-json\/wp\/v2\/types\/page"}],"author":[{"embeddable":true,"href":"https:\/\/www.emdg-guilers.org\/index.php\/wp-json\/wp\/v2\/users\/3"}],"replies":[{"embeddable":true,"href":"https:\/\/www.emdg-guilers.org\/index.php\/wp-json\/wp\/v2\/comments?post=54"}],"version-history":[{"count":28,"href":"https:\/\/www.emdg-guilers.org\/index.php\/wp-json\/wp\/v2\/pages\/54\/revisions"}],"predecessor-version":[{"id":4702,"href":"https:\/\/www.emdg-guilers.org\/index.php\/wp-json\/wp\/v2\/pages\/54\/revisions\/4702"}],"wp:attachment":[{"href":"https:\/\/www.emdg-guilers.org\/index.php\/wp-json\/wp\/v2\/media?parent=54"}],"curies":[{"name":"wp","href":"https:\/\/api.w.org\/{rel}","templated":true}]}}