{"id":62,"date":"2016-06-29T16:55:37","date_gmt":"2016-06-29T15:55:37","guid":{"rendered":"http:\/\/www.emdg-guilers.org\/?page_id=62"},"modified":"2025-09-02T09:51:33","modified_gmt":"2025-09-02T07:51:33","slug":"classique","status":"publish","type":"page","link":"https:\/\/www.emdg-guilers.org\/index.php\/danse\/classique\/","title":{"rendered":"Classique (enfants\/adultes)"},"content":{"rendered":"<p><img loading=\"lazy\" decoding=\"async\" class=\"size-medium wp-image-3173 alignright\" src=\"https:\/\/www.emdg-guilers.org\/wp-content\/uploads\/2022\/09\/1-1-300x300.jpg\" alt=\"\" width=\"300\" height=\"300\" srcset=\"https:\/\/www.emdg-guilers.org\/wp-content\/uploads\/2022\/09\/1-1-300x300.jpg 300w, https:\/\/www.emdg-guilers.org\/wp-content\/uploads\/2022\/09\/1-1-1024x1024.jpg 1024w, https:\/\/www.emdg-guilers.org\/wp-content\/uploads\/2022\/09\/1-1-150x150.jpg 150w, https:\/\/www.emdg-guilers.org\/wp-content\/uploads\/2022\/09\/1-1-768x768.jpg 768w, https:\/\/www.emdg-guilers.org\/wp-content\/uploads\/2022\/09\/1-1-270x270.jpg 270w, https:\/\/www.emdg-guilers.org\/wp-content\/uploads\/2022\/09\/1-1.jpg 1080w\" sizes=\"(max-width: 300px) 100vw, 300px\" \/>La danse classique permet d&rsquo;allier activit\u00e9 physique, motricit\u00e9, coordination et expression artistique.<\/p>\n<p><span style=\"color: #008080;\"><strong><em>Pour les cours de danse ou de th\u00e9\u00e2tre,\u00a0une r\u00e9duction de 25%\u00a0sera automatiquement octroy\u00e9e aux \u00e9l\u00e8ves qui prennent 2 cours dans la m\u00eame discipline. N\u2019h\u00e9sitez pas \u00e0 le pr\u00e9ciser sur votre fiche d\u2019inscription ou au moment de votre passage au secr\u00e9tariat le cas \u00e9ch\u00e9ant !<\/em><\/strong><\/span><\/p>\n<p>A l&rsquo;EMDG, elle est enseign\u00e9e dans le cadre d&rsquo;un <strong>cursus complet d&rsquo;apprentissage<\/strong> (Parcours Global d&rsquo;Etudes, PGE), impliquant progression p\u00e9dagogique, participation \u00e0 des projets, repr\u00e9sentations, le tout, dans une ambiance bon-enfant et d\u00e9tendue !<br \/>Apprenez dans\u00a0des salles \u00e9quip\u00e9es sp\u00e9cifiquement pour la danse (barre, miroir, plancher sp\u00e9cifiques).<br \/>Avec <strong><a href=\"https:\/\/www.facebook.com\/virginie.emdg\">Virginie Le Gloahec<\/a><\/strong><\/p>\n<p>Chaque ann\u00e9e, une restitution publique (au moins) est propos\u00e9e sur sc\u00e8ne (gala de l&rsquo;\u00e9cole, spectacle de No\u00ebl) <a href=\"http:\/\/www.emdg-guilers.org\/index.php\/danse\/\">Spectacle 2018 en vid\u00e9o. <\/a><\/p>\n<p><u>Danse classique, \u00e0 partir de l\u2019entr\u00e9e au CP : 6 ans \/ Avant cet \u00e2ge pas d&rsquo;apprentissage d&rsquo;une esth\u00e9tique particuli\u00e8re.<\/u><\/p>\n<p><strong><u>Danse classique, \u00e0 partir de l\u2019entr\u00e9e au CP, 6 ans<\/u><\/strong><\/p>\n<p><strong>HORAIRES 2025-26<\/strong><\/p>\n<table>\n<tbody>\n<tr>\n<td width=\"101\">\n<p><strong>Discipline \u2013 nom du cours<\/strong><\/p>\n<\/td>\n<td width=\"78\">\n<p><strong>Prof<\/strong><\/p>\n<\/td>\n<td width=\"85\">\n<p><strong>Jour<\/strong><\/p>\n<\/td>\n<td width=\"89\">\n<p><strong>Horaire<\/strong><\/p>\n<\/td>\n<td width=\"55\">\n<p><strong>Dur\u00e9e<\/strong><\/p>\n<\/td>\n<td width=\"70\">\n<p><strong>Salle<\/strong><\/p>\n<\/td>\n<td width=\"141\">\n<p><strong>Correspondance \u00e2ge \/ classe \u00e9l\u00e8ves<\/strong><\/p>\n<\/td>\n<\/tr>\n<tr>\n<td width=\"101\">\n<p>Initiation 1 \u2013 G1<\/p>\n<\/td>\n<td width=\"78\">\n<p>Virginie<\/p>\n<\/td>\n<td width=\"85\">\n<p>Lundi<\/p>\n<\/td>\n<td width=\"89\">\n<p>18h-19h<\/p>\n<\/td>\n<td width=\"55\">\n<p>1h<\/p>\n<\/td>\n<td width=\"70\">\n<p>Studio danse<\/p>\n<\/td>\n<td width=\"141\">\n<p>6-7 ans \u2013 CP-CE1<\/p>\n<\/td>\n<\/tr>\n<tr>\n<td width=\"101\">\n<p>Initiation 1 \u2013 G2<\/p>\n<\/td>\n<td width=\"78\">\n<p>Virginie<\/p>\n<\/td>\n<td width=\"85\">\n<p>Mercredi<\/p>\n<\/td>\n<td width=\"89\">\n<p>\u00a010h45-11h45<\/p>\n<\/td>\n<td width=\"55\">\n<p>1h<\/p>\n<\/td>\n<td width=\"70\">\n<p>Studio danse<\/p>\n<\/td>\n<td width=\"141\">\n<p>6-7 ans \u2013 CP-CE1<\/p>\n<\/td>\n<\/tr>\n<tr>\n<td width=\"101\">\u00a0<\/td>\n<td width=\"78\">\u00a0<\/td>\n<td width=\"85\">\u00a0<\/td>\n<td width=\"89\">\u00a0<\/td>\n<td width=\"55\">\u00a0<\/td>\n<td width=\"70\">\u00a0<\/td>\n<td width=\"141\">\u00a0<\/td>\n<\/tr>\n<tr>\n<td width=\"101\">\n<p>Pr\u00e9pa 1 \u2013 G2<\/p>\n<\/td>\n<td width=\"78\">\n<p>Virginie<\/p>\n<\/td>\n<td width=\"85\">\n<p>Mercredi<\/p>\n<\/td>\n<td width=\"89\">\n<p>15h45-17h<\/p>\n<\/td>\n<td width=\"55\">\n<p>1h15<\/p>\n<\/td>\n<td width=\"70\">\n<p>Salle de danse<\/p>\n<\/td>\n<td width=\"141\">\n<p>8-9 ans \u2013 CE2-CM1<\/p>\n<\/td>\n<\/tr>\n<tr>\n<td width=\"101\">\n<p>Pr\u00e9pa 2<\/p>\n<\/td>\n<td width=\"78\">\n<p>Virginie<\/p>\n<\/td>\n<td width=\"85\">\n<p>Mercredi<\/p>\n<\/td>\n<td width=\"89\">\n<p>17h-18h15<\/p>\n<\/td>\n<td width=\"55\">\n<p>1h15<\/p>\n<\/td>\n<td width=\"70\">\n<p>Salle de danse<\/p>\n<\/td>\n<td width=\"141\">\n<p>10-11 ans CM2-6e<\/p>\n<\/td>\n<\/tr>\n<tr>\n<td width=\"101\">\n<p>Barre demi-pointes<\/p>\n<\/td>\n<td width=\"78\">\n<p>Virginie<\/p>\n<\/td>\n<td width=\"85\">\n<p>Mercredi<\/p>\n<\/td>\n<td width=\"89\">\n<p>18h15-19h30<\/p>\n<\/td>\n<td width=\"55\">\n<p>1h15<\/p>\n<\/td>\n<td width=\"70\">\n<p>Studio danse<\/p>\n<\/td>\n<td width=\"141\">\n<p>Ados (\u00e9l\u00e8ves ne souhaitant pas passer aux pointes ou 2<sup>e<\/sup> cours optionnel)<\/p>\n<\/td>\n<\/tr>\n<tr>\n<td width=\"101\">\n<p>El\u00e9mentaire<\/p>\n<\/td>\n<td width=\"78\">\n<p>Virginie<\/p>\n<\/td>\n<td width=\"85\">\n<p>Mardi<\/p>\n<\/td>\n<td width=\"89\">\n<p>18h-19h15<\/p>\n<\/td>\n<td width=\"55\">\n<p>1h15<\/p>\n<\/td>\n<td width=\"70\">\n<p>Studio danse<\/p>\n<\/td>\n<td width=\"141\">\n<p>5<sup>e<\/sup><\/p>\n<\/td>\n<\/tr>\n<tr>\n<td width=\"101\">\n<p>Compagnie<\/p>\n<\/td>\n<td width=\"78\">\n<p>Virginie<\/p>\n<\/td>\n<td width=\"85\">\n<p>Lundi<\/p>\n<\/td>\n<td width=\"89\">\n<p>19h-20h15<\/p>\n<\/td>\n<td width=\"55\">\n<p>1h15<\/p>\n<\/td>\n<td width=\"70\">\n<p>Studio danse<\/p>\n<\/td>\n<td width=\"141\">\n<p>Ados, jeunes adultes (pas de d\u00e9butantes) sur pointes<\/p>\n<\/td>\n<\/tr>\n<tr>\n<td width=\"101\">\n<p>Ados \/ adultes d\u00e9butantes<\/p>\n<\/td>\n<td width=\"78\">\n<p>Virginie<\/p>\n<\/td>\n<td width=\"85\">\n<p>Mercredi<\/p>\n<\/td>\n<td width=\"89\">\n<p>19h45-21h00<\/p>\n<\/td>\n<td width=\"55\">\n<p>1h15<\/p>\n<\/td>\n<td width=\"70\">\n<p>Studio danse<\/p>\n<\/td>\n<td width=\"141\">\n<p>Ados, jeunes adultes \u2013 d\u00e9butants ok<\/p>\n<\/td>\n<\/tr>\n<\/tbody>\n<\/table>\n\n\n<p>Bibliographie :<\/p>\n\n\n\n<p>Il est recommand\u00e9 aux \u00e9l\u00e8ves d&rsquo;acheter le cahier suivant : <em>Mon carnet de danse<\/em> (ed. Eyrolles) <a href=\"https:\/\/www.eyrolles.com\/Litterature\/Livre\/mon-carnet-de-danse-9782212562156\/\">https:\/\/www.eyrolles.com\/Litterature\/Livre\/mon-carnet-de-danse-9782212562156\/<\/a><\/p>\n","protected":false},"excerpt":{"rendered":"<p>La danse classique permet d&rsquo;allier activit\u00e9 physique, motricit\u00e9, coordination et expression artistique. Pour les cours de danse ou de th\u00e9\u00e2tre,\u00a0une r\u00e9duction de 25%\u00a0sera automatiquement octroy\u00e9e aux \u00e9l\u00e8ves qui prennent 2 cours dans la m\u00eame discipline. N\u2019h\u00e9sitez pas \u00e0 le pr\u00e9ciser sur votre fiche d\u2019inscription ou au moment de votre passage au secr\u00e9tariat le cas \u00e9ch\u00e9ant ! A l&rsquo;EMDG, elle est enseign\u00e9e dans le cadre d&rsquo;un cursus complet d&rsquo;apprentissage (Parcours Global d&rsquo;Etudes, PGE), impliquant progression p\u00e9dagogique, participation \u00e0 des projets, repr\u00e9sentations,&#8230;<\/p>\n<p class=\"read-more\"><a class=\"btn btn-default\" href=\"https:\/\/www.emdg-guilers.org\/index.php\/danse\/classique\/\">Lire la suite<span class=\"screen-reader-text\"> Lire la suite<\/span><\/a><\/p>\n","protected":false},"author":3,"featured_media":0,"parent":54,"menu_order":0,"comment_status":"closed","ping_status":"closed","template":"","meta":{"footnotes":""},"yoast_head":"<!-- This site is optimized with the Yoast SEO plugin v22.4 - https:\/\/yoast.com\/wordpress\/plugins\/seo\/ -->\n<title>Classique (enfants\/adultes) - Ecole de Musique, Danse &amp; Th\u00e9\u00e2tre de Guilers<\/title>\n<meta name=\"robots\" content=\"index, follow, max-snippet:-1, max-image-preview:large, max-video-preview:-1\" \/>\n<link rel=\"canonical\" href=\"https:\/\/www.emdg-guilers.org\/index.php\/danse\/classique\/\" \/>\n<meta property=\"og:locale\" content=\"fr_FR\" \/>\n<meta property=\"og:type\" content=\"article\" \/>\n<meta property=\"og:title\" content=\"Classique (enfants\/adultes) - Ecole de Musique, Danse &amp; Th\u00e9\u00e2tre de Guilers\" \/>\n<meta property=\"og:description\" content=\"La danse classique permet d&rsquo;allier activit\u00e9 physique, motricit\u00e9, coordination et expression artistique. Pour les cours de danse ou de th\u00e9\u00e2tre,\u00a0une r\u00e9duction de 25%\u00a0sera automatiquement octroy\u00e9e aux \u00e9l\u00e8ves qui prennent 2 cours dans la m\u00eame discipline. N\u2019h\u00e9sitez pas \u00e0 le pr\u00e9ciser sur votre fiche d\u2019inscription ou au moment de votre passage au secr\u00e9tariat le cas \u00e9ch\u00e9ant ! A l&rsquo;EMDG, elle est enseign\u00e9e dans le cadre d&rsquo;un cursus complet d&rsquo;apprentissage (Parcours Global d&rsquo;Etudes, PGE), impliquant progression p\u00e9dagogique, participation \u00e0 des projets, repr\u00e9sentations,...Lire la suite Lire la suite\" \/>\n<meta property=\"og:url\" content=\"https:\/\/www.emdg-guilers.org\/index.php\/danse\/classique\/\" \/>\n<meta property=\"og:site_name\" content=\"Ecole de Musique, Danse &amp; Th\u00e9\u00e2tre de Guilers\" \/>\n<meta property=\"article:publisher\" content=\"https:\/\/www.facebook.com\/Ecole-de-Musique-et-de-Danse-de-Guilers-480017765533016\/\" \/>\n<meta property=\"article:modified_time\" content=\"2025-09-02T07:51:33+00:00\" \/>\n<meta property=\"og:image\" content=\"https:\/\/www.emdg-guilers.org\/wp-content\/uploads\/2022\/09\/1-1-300x300.jpg\" \/>\n<meta name=\"twitter:card\" content=\"summary_large_image\" \/>\n<meta name=\"twitter:label1\" content=\"Dur\u00e9e de lecture estim\u00e9e\" \/>\n\t<meta name=\"twitter:data1\" content=\"2 minutes\" \/>\n<script type=\"application\/ld+json\" class=\"yoast-schema-graph\">{\"@context\":\"https:\/\/schema.org\",\"@graph\":[{\"@type\":\"WebPage\",\"@id\":\"https:\/\/www.emdg-guilers.org\/index.php\/danse\/classique\/\",\"url\":\"https:\/\/www.emdg-guilers.org\/index.php\/danse\/classique\/\",\"name\":\"Classique (enfants\/adultes) - Ecole de Musique, Danse &amp; Th\u00e9\u00e2tre de Guilers\",\"isPartOf\":{\"@id\":\"https:\/\/www.emdg-guilers.org\/#website\"},\"primaryImageOfPage\":{\"@id\":\"https:\/\/www.emdg-guilers.org\/index.php\/danse\/classique\/#primaryimage\"},\"image\":{\"@id\":\"https:\/\/www.emdg-guilers.org\/index.php\/danse\/classique\/#primaryimage\"},\"thumbnailUrl\":\"https:\/\/www.emdg-guilers.org\/wp-content\/uploads\/2022\/09\/1-1-300x300.jpg\",\"datePublished\":\"2016-06-29T15:55:37+00:00\",\"dateModified\":\"2025-09-02T07:51:33+00:00\",\"breadcrumb\":{\"@id\":\"https:\/\/www.emdg-guilers.org\/index.php\/danse\/classique\/#breadcrumb\"},\"inLanguage\":\"fr-FR\",\"potentialAction\":[{\"@type\":\"ReadAction\",\"target\":[\"https:\/\/www.emdg-guilers.org\/index.php\/danse\/classique\/\"]}]},{\"@type\":\"ImageObject\",\"inLanguage\":\"fr-FR\",\"@id\":\"https:\/\/www.emdg-guilers.org\/index.php\/danse\/classique\/#primaryimage\",\"url\":\"https:\/\/www.emdg-guilers.org\/wp-content\/uploads\/2022\/09\/1-1.jpg\",\"contentUrl\":\"https:\/\/www.emdg-guilers.org\/wp-content\/uploads\/2022\/09\/1-1.jpg\",\"width\":1080,\"height\":1080},{\"@type\":\"BreadcrumbList\",\"@id\":\"https:\/\/www.emdg-guilers.org\/index.php\/danse\/classique\/#breadcrumb\",\"itemListElement\":[{\"@type\":\"ListItem\",\"position\":1,\"name\":\"Accueil\",\"item\":\"https:\/\/www.emdg-guilers.org\/\"},{\"@type\":\"ListItem\",\"position\":2,\"name\":\"Danse\",\"item\":\"https:\/\/www.emdg-guilers.org\/index.php\/danse\/\"},{\"@type\":\"ListItem\",\"position\":3,\"name\":\"Classique (enfants\/adultes)\"}]},{\"@type\":\"WebSite\",\"@id\":\"https:\/\/www.emdg-guilers.org\/#website\",\"url\":\"https:\/\/www.emdg-guilers.org\/\",\"name\":\"Ecole de Musique et Danse de Guilers\",\"description\":\"Ecole associative, cours de musique, danse, th\u00e9\u00e2tre accessibles \u00e0 tous\",\"publisher\":{\"@id\":\"https:\/\/www.emdg-guilers.org\/#organization\"},\"potentialAction\":[{\"@type\":\"SearchAction\",\"target\":{\"@type\":\"EntryPoint\",\"urlTemplate\":\"https:\/\/www.emdg-guilers.org\/?s={search_term_string}\"},\"query-input\":\"required name=search_term_string\"}],\"inLanguage\":\"fr-FR\"},{\"@type\":\"Organization\",\"@id\":\"https:\/\/www.emdg-guilers.org\/#organization\",\"name\":\"Ecole de Musique et de Danse\",\"url\":\"https:\/\/www.emdg-guilers.org\/\",\"logo\":{\"@type\":\"ImageObject\",\"inLanguage\":\"fr-FR\",\"@id\":\"https:\/\/www.emdg-guilers.org\/#\/schema\/logo\/image\/\",\"url\":\"https:\/\/www.emdg-guilers.org\/wp-content\/uploads\/2016\/06\/logo2014.jpg\",\"contentUrl\":\"https:\/\/www.emdg-guilers.org\/wp-content\/uploads\/2016\/06\/logo2014.jpg\",\"width\":214,\"height\":116,\"caption\":\"Ecole de Musique et de Danse\"},\"image\":{\"@id\":\"https:\/\/www.emdg-guilers.org\/#\/schema\/logo\/image\/\"},\"sameAs\":[\"https:\/\/www.facebook.com\/Ecole-de-Musique-et-de-Danse-de-Guilers-480017765533016\/\"]}]}<\/script>\n<!-- \/ Yoast SEO plugin. -->","yoast_head_json":{"title":"Classique (enfants\/adultes) - Ecole de Musique, Danse &amp; Th\u00e9\u00e2tre de Guilers","robots":{"index":"index","follow":"follow","max-snippet":"max-snippet:-1","max-image-preview":"max-image-preview:large","max-video-preview":"max-video-preview:-1"},"canonical":"https:\/\/www.emdg-guilers.org\/index.php\/danse\/classique\/","og_locale":"fr_FR","og_type":"article","og_title":"Classique (enfants\/adultes) - Ecole de Musique, Danse &amp; Th\u00e9\u00e2tre de Guilers","og_description":"La danse classique permet d&rsquo;allier activit\u00e9 physique, motricit\u00e9, coordination et expression artistique. Pour les cours de danse ou de th\u00e9\u00e2tre,\u00a0une r\u00e9duction de 25%\u00a0sera automatiquement octroy\u00e9e aux \u00e9l\u00e8ves qui prennent 2 cours dans la m\u00eame discipline. N\u2019h\u00e9sitez pas \u00e0 le pr\u00e9ciser sur votre fiche d\u2019inscription ou au moment de votre passage au secr\u00e9tariat le cas \u00e9ch\u00e9ant ! A l&rsquo;EMDG, elle est enseign\u00e9e dans le cadre d&rsquo;un cursus complet d&rsquo;apprentissage (Parcours Global d&rsquo;Etudes, PGE), impliquant progression p\u00e9dagogique, participation \u00e0 des projets, repr\u00e9sentations,...Lire la suite Lire la suite","og_url":"https:\/\/www.emdg-guilers.org\/index.php\/danse\/classique\/","og_site_name":"Ecole de Musique, Danse &amp; Th\u00e9\u00e2tre de Guilers","article_publisher":"https:\/\/www.facebook.com\/Ecole-de-Musique-et-de-Danse-de-Guilers-480017765533016\/","article_modified_time":"2025-09-02T07:51:33+00:00","og_image":[{"url":"https:\/\/www.emdg-guilers.org\/wp-content\/uploads\/2022\/09\/1-1-300x300.jpg"}],"twitter_card":"summary_large_image","twitter_misc":{"Dur\u00e9e de lecture estim\u00e9e":"2 minutes"},"schema":{"@context":"https:\/\/schema.org","@graph":[{"@type":"WebPage","@id":"https:\/\/www.emdg-guilers.org\/index.php\/danse\/classique\/","url":"https:\/\/www.emdg-guilers.org\/index.php\/danse\/classique\/","name":"Classique (enfants\/adultes) - Ecole de Musique, Danse &amp; Th\u00e9\u00e2tre de Guilers","isPartOf":{"@id":"https:\/\/www.emdg-guilers.org\/#website"},"primaryImageOfPage":{"@id":"https:\/\/www.emdg-guilers.org\/index.php\/danse\/classique\/#primaryimage"},"image":{"@id":"https:\/\/www.emdg-guilers.org\/index.php\/danse\/classique\/#primaryimage"},"thumbnailUrl":"https:\/\/www.emdg-guilers.org\/wp-content\/uploads\/2022\/09\/1-1-300x300.jpg","datePublished":"2016-06-29T15:55:37+00:00","dateModified":"2025-09-02T07:51:33+00:00","breadcrumb":{"@id":"https:\/\/www.emdg-guilers.org\/index.php\/danse\/classique\/#breadcrumb"},"inLanguage":"fr-FR","potentialAction":[{"@type":"ReadAction","target":["https:\/\/www.emdg-guilers.org\/index.php\/danse\/classique\/"]}]},{"@type":"ImageObject","inLanguage":"fr-FR","@id":"https:\/\/www.emdg-guilers.org\/index.php\/danse\/classique\/#primaryimage","url":"https:\/\/www.emdg-guilers.org\/wp-content\/uploads\/2022\/09\/1-1.jpg","contentUrl":"https:\/\/www.emdg-guilers.org\/wp-content\/uploads\/2022\/09\/1-1.jpg","width":1080,"height":1080},{"@type":"BreadcrumbList","@id":"https:\/\/www.emdg-guilers.org\/index.php\/danse\/classique\/#breadcrumb","itemListElement":[{"@type":"ListItem","position":1,"name":"Accueil","item":"https:\/\/www.emdg-guilers.org\/"},{"@type":"ListItem","position":2,"name":"Danse","item":"https:\/\/www.emdg-guilers.org\/index.php\/danse\/"},{"@type":"ListItem","position":3,"name":"Classique (enfants\/adultes)"}]},{"@type":"WebSite","@id":"https:\/\/www.emdg-guilers.org\/#website","url":"https:\/\/www.emdg-guilers.org\/","name":"Ecole de Musique et Danse de Guilers","description":"Ecole associative, cours de musique, danse, th\u00e9\u00e2tre accessibles \u00e0 tous","publisher":{"@id":"https:\/\/www.emdg-guilers.org\/#organization"},"potentialAction":[{"@type":"SearchAction","target":{"@type":"EntryPoint","urlTemplate":"https:\/\/www.emdg-guilers.org\/?s={search_term_string}"},"query-input":"required name=search_term_string"}],"inLanguage":"fr-FR"},{"@type":"Organization","@id":"https:\/\/www.emdg-guilers.org\/#organization","name":"Ecole de Musique et de Danse","url":"https:\/\/www.emdg-guilers.org\/","logo":{"@type":"ImageObject","inLanguage":"fr-FR","@id":"https:\/\/www.emdg-guilers.org\/#\/schema\/logo\/image\/","url":"https:\/\/www.emdg-guilers.org\/wp-content\/uploads\/2016\/06\/logo2014.jpg","contentUrl":"https:\/\/www.emdg-guilers.org\/wp-content\/uploads\/2016\/06\/logo2014.jpg","width":214,"height":116,"caption":"Ecole de Musique et de Danse"},"image":{"@id":"https:\/\/www.emdg-guilers.org\/#\/schema\/logo\/image\/"},"sameAs":["https:\/\/www.facebook.com\/Ecole-de-Musique-et-de-Danse-de-Guilers-480017765533016\/"]}]}},"_links":{"self":[{"href":"https:\/\/www.emdg-guilers.org\/index.php\/wp-json\/wp\/v2\/pages\/62"}],"collection":[{"href":"https:\/\/www.emdg-guilers.org\/index.php\/wp-json\/wp\/v2\/pages"}],"about":[{"href":"https:\/\/www.emdg-guilers.org\/index.php\/wp-json\/wp\/v2\/types\/page"}],"author":[{"embeddable":true,"href":"https:\/\/www.emdg-guilers.org\/index.php\/wp-json\/wp\/v2\/users\/3"}],"replies":[{"embeddable":true,"href":"https:\/\/www.emdg-guilers.org\/index.php\/wp-json\/wp\/v2\/comments?post=62"}],"version-history":[{"count":62,"href":"https:\/\/www.emdg-guilers.org\/index.php\/wp-json\/wp\/v2\/pages\/62\/revisions"}],"predecessor-version":[{"id":4758,"href":"https:\/\/www.emdg-guilers.org\/index.php\/wp-json\/wp\/v2\/pages\/62\/revisions\/4758"}],"up":[{"embeddable":true,"href":"https:\/\/www.emdg-guilers.org\/index.php\/wp-json\/wp\/v2\/pages\/54"}],"wp:attachment":[{"href":"https:\/\/www.emdg-guilers.org\/index.php\/wp-json\/wp\/v2\/media?parent=62"}],"curies":[{"name":"wp","href":"https:\/\/api.w.org\/{rel}","templated":true}]}}