{"id":64,"date":"2016-06-29T16:55:44","date_gmt":"2016-06-29T15:55:44","guid":{"rendered":"http:\/\/www.emdg-guilers.org\/?page_id=64"},"modified":"2025-09-22T11:20:00","modified_gmt":"2025-09-22T09:20:00","slug":"modern-jazz","status":"publish","type":"page","link":"https:\/\/www.emdg-guilers.org\/index.php\/danse\/modern-jazz\/","title":{"rendered":"Modern Jazz (enfants\/adultes)"},"content":{"rendered":"<p>A l&rsquo;EMDG, le modern jazz est enseign\u00e9 dans le cadre d&rsquo;un <strong>cursus complet d&rsquo;apprentissage<\/strong> (Parcours Global d&rsquo;Etudes &#8211; PGE) avec un <strong>professeur <\/strong><strong>Dipl\u00f4m\u00e9 d&rsquo;Etat<\/strong>. Ce cursus implique progression p\u00e9dagogique, participations \u00e0 des projets, repr\u00e9sentations, le tout dans une ambiance de travail bienveillante et conviviale.<br \/>Professeur :\u00a0 <strong>M\u00e9lanie Pitel<\/strong><\/p>\n<p>\u00a0<img loading=\"lazy\" decoding=\"async\" class=\"wp-image-3179 alignleft\" src=\"https:\/\/www.emdg-guilers.org\/wp-content\/uploads\/2022\/09\/3-300x300.jpg\" alt=\"\" width=\"232\" height=\"232\" srcset=\"https:\/\/www.emdg-guilers.org\/wp-content\/uploads\/2022\/09\/3-300x300.jpg 300w, https:\/\/www.emdg-guilers.org\/wp-content\/uploads\/2022\/09\/3-1024x1024.jpg 1024w, https:\/\/www.emdg-guilers.org\/wp-content\/uploads\/2022\/09\/3-150x150.jpg 150w, https:\/\/www.emdg-guilers.org\/wp-content\/uploads\/2022\/09\/3-768x768.jpg 768w, https:\/\/www.emdg-guilers.org\/wp-content\/uploads\/2022\/09\/3-270x270.jpg 270w, https:\/\/www.emdg-guilers.org\/wp-content\/uploads\/2022\/09\/3.jpg 1080w\" sizes=\"(max-width: 232px) 100vw, 232px\" \/><\/p>\n<h2>\u00a0<\/h2>\n<h2>\u00a0<\/h2>\n<h2>\u00a0<\/h2>\n<h2>\u00a0<\/h2>\n<h2>Horaires 2025-26<\/h2>\n<p><strong><em>Pour les cours de danse ou de th\u00e9\u00e2tre, une r\u00e9duction de 25%\u00a0sera automatiquement octroy\u00e9e aux \u00e9l\u00e8ves qui prennent 2 cours dans la m\u00eame discipline. N\u2019h\u00e9sitez pas \u00e0 le pr\u00e9ciser sur votre fiche d\u2019inscription ou au moment de votre passage au secr\u00e9tariat le cas \u00e9ch\u00e9ant !<\/em><\/strong><\/p>\n<table style=\"height: 918px;\" width=\"1197\" cellspacing=\"0\" cellpadding=\"2\" bgcolor=\"#ffffff\">\n<tbody>\n<tr bgcolor=\"#eeeeee\">\n<td width=\"103\">\n<p align=\"left\"><strong><b>Discipline \u2013 nom du cours<\/b><\/strong><\/p>\n<\/td>\n<td width=\"78\">\n<p align=\"left\"><strong><b>Prof<\/b><\/strong><\/p>\n<\/td>\n<td width=\"78\">\n<p align=\"left\"><strong><b>Jour<\/b><\/strong><\/p>\n<\/td>\n<td width=\"84\">\n<p align=\"left\"><strong><b>Horaire<\/b><\/strong><\/p>\n<\/td>\n<td width=\"62\">\n<p align=\"left\"><strong><b>Dur\u00e9e<\/b><\/strong><\/p>\n<\/td>\n<td width=\"66\">\n<p align=\"left\"><strong><b>Salle<\/b><\/strong><\/p>\n<\/td>\n<td width=\"142\">\n<p align=\"left\"><strong><b>Correspondance \u00e2ge \/ classe \u00e9l\u00e8ves<\/b><\/strong><\/p>\n<\/td>\n<\/tr>\n<tr>\n<td width=\"103\">\n<p align=\"left\">Initiation\u00a0<\/p>\n<\/td>\n<td width=\"78\">\n<p align=\"left\">M\u00e9lanie<\/p>\n<\/td>\n<td width=\"78\">\n<p align=\"left\">Mardi<\/p>\n<\/td>\n<td width=\"84\">\n<p align=\"left\">17h30-18h30<\/p>\n<\/td>\n<td width=\"62\">\n<p align=\"left\">1h<\/p>\n<\/td>\n<td width=\"66\">\n<p align=\"left\">Salle Fanny<\/p>\n<\/td>\n<td width=\"142\">\n<p align=\"left\">6-7 ans \u2013 CP-CE1 \u2013 nouveaux \u00e9l\u00e8ves et anciens<\/p>\n<\/td>\n<\/tr>\n<tr bgcolor=\"#eeeeee\">\n<td width=\"103\">\n<p align=\"left\">Pr\u00e9pa<\/p>\n<\/td>\n<td width=\"78\">\n<p align=\"left\">M\u00e9lanie<\/p>\n<\/td>\n<td width=\"78\">\n<p align=\"left\">Samedi<\/p>\n<\/td>\n<td width=\"84\">\n<p align=\"left\">9h30-10h45<\/p>\n<\/td>\n<td width=\"62\">\n<p align=\"left\">1h15<\/p>\n<\/td>\n<td width=\"66\">\n<p align=\"left\">Studio danse<\/p>\n<\/td>\n<td width=\"142\">\n<p align=\"left\">8-10 ans \u2013 CE2-CM2<\/p>\n<\/td>\n<\/tr>\n<tr>\n<td width=\"103\">\n<p align=\"left\">Pr\u00e9pa 1\u00a0<\/p>\n<\/td>\n<td width=\"78\">\n<p align=\"left\">M\u00e9lanie<\/p>\n<\/td>\n<td width=\"78\">\n<p align=\"left\">Samedi<\/p>\n<\/td>\n<td width=\"84\">\n<p align=\"left\">13h30-14h45<\/p>\n<\/td>\n<td width=\"62\">\n<p align=\"left\">1h15<\/p>\n<\/td>\n<td width=\"66\">\n<p align=\"left\">Studio danse<\/p>\n<\/td>\n<td width=\"142\">\n<p align=\"left\">8-10 ans \u2013 CE2-CM2<\/p>\n<\/td>\n<\/tr>\n<tr bgcolor=\"#eeeeee\">\n<td width=\"103\">\n<p align=\"left\">El\u00e9mentaire 1<\/p>\n<\/td>\n<td width=\"78\">\n<p align=\"left\">M\u00e9lanie<\/p>\n<\/td>\n<td width=\"78\">\n<p align=\"left\">Samedi<\/p>\n<\/td>\n<td width=\"84\">\n<p align=\"left\">14h45-16h00<\/p>\n<\/td>\n<td width=\"62\">\n<p align=\"left\">1h15<\/p>\n<\/td>\n<td width=\"66\">\n<p align=\"left\">Studio danse<\/p>\n<\/td>\n<td width=\"142\">\n<p align=\"left\">11-13 ans \u2013 6<span style=\"font-size: small;\">e<\/span>-5e<\/p>\n<\/td>\n<\/tr>\n<tr>\n<td width=\"103\">\n<p align=\"left\">El\u00e9mentaire 2<\/p>\n<\/td>\n<td width=\"78\">\n<p align=\"left\">M\u00e9lanie<\/p>\n<\/td>\n<td width=\"78\">\n<p align=\"left\">Mardi<\/p>\n<\/td>\n<td width=\"84\">\n<p align=\"left\">18h30-19h45<\/p>\n<\/td>\n<td width=\"62\">\n<p align=\"left\">1h15<\/p>\n<\/td>\n<td width=\"66\">\n<p align=\"left\">Salle Fanny<\/p>\n<\/td>\n<td width=\"142\">\n<p align=\"left\">13-15 ans \u2013 5<span style=\"font-size: small;\">e<\/span>-3e<\/p>\n<\/td>\n<\/tr>\n<tr bgcolor=\"#eeeeee\">\n<td width=\"103\">\n<p align=\"left\">Avanc\u00e9<\/p>\n<\/td>\n<td width=\"78\">\n<p align=\"left\">M\u00e9lanie<\/p>\n<\/td>\n<td width=\"78\">\n<p align=\"left\">Jeudi<\/p>\n<\/td>\n<td width=\"84\">\n<p align=\"left\">19h45-21h15<\/p>\n<\/td>\n<td width=\"62\">\n<p align=\"left\">1h30<\/p>\n<\/td>\n<td width=\"66\">\n<p align=\"left\">Studio danse<\/p>\n<\/td>\n<td width=\"142\">\n<p align=\"left\">Pas de d\u00e9butants<\/p>\n<\/td>\n<\/tr>\n<tr>\n<td width=\"103\">\n<p align=\"left\">Ados<\/p>\n<\/td>\n<td width=\"78\">\n<p align=\"left\">M\u00e9lanie<\/p>\n<\/td>\n<td width=\"78\">\n<p align=\"left\">Samedi<\/p>\n<\/td>\n<td width=\"84\">\n<p align=\"left\">10h45-12h15<\/p>\n<\/td>\n<td width=\"62\">\n<p align=\"left\">1h30<\/p>\n<\/td>\n<td width=\"66\">\n<p align=\"left\">Studio danse<\/p>\n<\/td>\n<td width=\"142\">\n<p align=\"left\">15 ans et\u00a0 + \u2013 Pas de d\u00e9butants<\/p>\n<\/td>\n<\/tr>\n<tr bgcolor=\"#eeeeee\">\n<td width=\"103\">\n<p align=\"left\">Adultes<\/p>\n<\/td>\n<td width=\"78\">\n<p align=\"left\">M\u00e9lanie<\/p>\n<\/td>\n<td width=\"78\">\n<p align=\"left\">Mardi<\/p>\n<\/td>\n<td width=\"84\">\n<p align=\"left\">19h45-21h00<\/p>\n<\/td>\n<td width=\"62\">\n<p align=\"left\">1h15<\/p>\n<\/td>\n<td width=\"66\">\n<p align=\"left\">Salle Fanny<\/p>\n<\/td>\n<td width=\"142\">\n<p align=\"left\">Adultes \u2013 tous niveaux<\/p>\n<\/td>\n<\/tr>\n<\/tbody>\n<\/table>\n<p><a href=\"https:\/\/www.emdg-guilers.org\/index.php\/atelier-choregraphique\/\">Atelier chor\u00e9graphique<\/a> : jeudi 18h15-19h45<\/p>\n<h2>\u00a0<\/h2>\n<h2><span style=\"font-size: revert; color: initial;\">Chaque ann\u00e9e, une restitution publique (au moins) est propos\u00e9e sur sc\u00e8ne (gala de l&rsquo;\u00e9cole, spectacle de No\u00ebl, divers projets&#8230;) <\/span><a style=\"font-size: revert;\" href=\"http:\/\/www.emdg-guilers.org\/index.php\/danse\/\">Spectacle 2018 en vid\u00e9o<\/a><\/h2>\n<p><em style=\"font-size: inherit;\"><br \/><\/em>Pour les cours complets, il est possible de s&rsquo;inscrire sur liste d&rsquo;attente.<\/p>\n\n\n<p>Bibliographie :<\/p>\n\n\n\n<p><br>Il est recommand\u00e9 aux \u00e9l\u00e8ves d&rsquo;acheter le cahier suivant : <em>Journal de bord du danseur jazz <\/em>de Marvin Pene <a href=\"https:\/\/www.journaldudanseurjazz.fr\/\">https:\/\/www.journaldudanseurjazz.fr\/<\/a><\/p>\n","protected":false},"excerpt":{"rendered":"<p>A l&rsquo;EMDG, le modern jazz est enseign\u00e9 dans le cadre d&rsquo;un cursus complet d&rsquo;apprentissage (Parcours Global d&rsquo;Etudes &#8211; PGE) avec un professeur Dipl\u00f4m\u00e9 d&rsquo;Etat. Ce cursus implique progression p\u00e9dagogique, participations \u00e0 des projets, repr\u00e9sentations, le tout dans une ambiance de travail bienveillante et conviviale.Professeur :\u00a0 M\u00e9lanie Pitel \u00a0 \u00a0 \u00a0 \u00a0 \u00a0 Horaires 2025-26 Pour les cours de danse ou de th\u00e9\u00e2tre, une r\u00e9duction de 25%\u00a0sera automatiquement octroy\u00e9e aux \u00e9l\u00e8ves qui prennent 2 cours dans la m\u00eame discipline. N\u2019h\u00e9sitez pas&#8230;<\/p>\n<p class=\"read-more\"><a class=\"btn btn-default\" href=\"https:\/\/www.emdg-guilers.org\/index.php\/danse\/modern-jazz\/\">Lire la suite<span class=\"screen-reader-text\"> Lire la suite<\/span><\/a><\/p>\n","protected":false},"author":3,"featured_media":0,"parent":54,"menu_order":0,"comment_status":"closed","ping_status":"closed","template":"","meta":{"footnotes":""},"yoast_head":"<!-- This site is optimized with the Yoast SEO plugin v22.4 - https:\/\/yoast.com\/wordpress\/plugins\/seo\/ -->\n<title>Modern Jazz (enfants\/adultes) - Ecole de Musique, Danse &amp; Th\u00e9\u00e2tre de Guilers<\/title>\n<meta name=\"robots\" content=\"index, follow, max-snippet:-1, max-image-preview:large, max-video-preview:-1\" \/>\n<link rel=\"canonical\" href=\"https:\/\/www.emdg-guilers.org\/index.php\/danse\/modern-jazz\/\" \/>\n<meta property=\"og:locale\" content=\"fr_FR\" \/>\n<meta property=\"og:type\" content=\"article\" \/>\n<meta property=\"og:title\" content=\"Modern Jazz (enfants\/adultes) - Ecole de Musique, Danse &amp; Th\u00e9\u00e2tre de Guilers\" \/>\n<meta property=\"og:description\" content=\"A l&rsquo;EMDG, le modern jazz est enseign\u00e9 dans le cadre d&rsquo;un cursus complet d&rsquo;apprentissage (Parcours Global d&rsquo;Etudes &#8211; PGE) avec un professeur Dipl\u00f4m\u00e9 d&rsquo;Etat. Ce cursus implique progression p\u00e9dagogique, participations \u00e0 des projets, repr\u00e9sentations, le tout dans une ambiance de travail bienveillante et conviviale.Professeur :\u00a0 M\u00e9lanie Pitel \u00a0 \u00a0 \u00a0 \u00a0 \u00a0 Horaires 2025-26 Pour les cours de danse ou de th\u00e9\u00e2tre, une r\u00e9duction de 25%\u00a0sera automatiquement octroy\u00e9e aux \u00e9l\u00e8ves qui prennent 2 cours dans la m\u00eame discipline. N\u2019h\u00e9sitez pas...Lire la suite Lire la suite\" \/>\n<meta property=\"og:url\" content=\"https:\/\/www.emdg-guilers.org\/index.php\/danse\/modern-jazz\/\" \/>\n<meta property=\"og:site_name\" content=\"Ecole de Musique, Danse &amp; Th\u00e9\u00e2tre de Guilers\" \/>\n<meta property=\"article:publisher\" content=\"https:\/\/www.facebook.com\/Ecole-de-Musique-et-de-Danse-de-Guilers-480017765533016\/\" \/>\n<meta property=\"article:modified_time\" content=\"2025-09-22T09:20:00+00:00\" \/>\n<meta property=\"og:image\" content=\"https:\/\/www.emdg-guilers.org\/wp-content\/uploads\/2022\/09\/3-300x300.jpg\" \/>\n<meta name=\"twitter:card\" content=\"summary_large_image\" \/>\n<meta name=\"twitter:label1\" content=\"Dur\u00e9e de lecture estim\u00e9e\" \/>\n\t<meta name=\"twitter:data1\" content=\"2 minutes\" \/>\n<script type=\"application\/ld+json\" class=\"yoast-schema-graph\">{\"@context\":\"https:\/\/schema.org\",\"@graph\":[{\"@type\":\"WebPage\",\"@id\":\"https:\/\/www.emdg-guilers.org\/index.php\/danse\/modern-jazz\/\",\"url\":\"https:\/\/www.emdg-guilers.org\/index.php\/danse\/modern-jazz\/\",\"name\":\"Modern Jazz (enfants\/adultes) - Ecole de Musique, Danse &amp; Th\u00e9\u00e2tre de Guilers\",\"isPartOf\":{\"@id\":\"https:\/\/www.emdg-guilers.org\/#website\"},\"primaryImageOfPage\":{\"@id\":\"https:\/\/www.emdg-guilers.org\/index.php\/danse\/modern-jazz\/#primaryimage\"},\"image\":{\"@id\":\"https:\/\/www.emdg-guilers.org\/index.php\/danse\/modern-jazz\/#primaryimage\"},\"thumbnailUrl\":\"https:\/\/www.emdg-guilers.org\/wp-content\/uploads\/2022\/09\/3-300x300.jpg\",\"datePublished\":\"2016-06-29T15:55:44+00:00\",\"dateModified\":\"2025-09-22T09:20:00+00:00\",\"breadcrumb\":{\"@id\":\"https:\/\/www.emdg-guilers.org\/index.php\/danse\/modern-jazz\/#breadcrumb\"},\"inLanguage\":\"fr-FR\",\"potentialAction\":[{\"@type\":\"ReadAction\",\"target\":[\"https:\/\/www.emdg-guilers.org\/index.php\/danse\/modern-jazz\/\"]}]},{\"@type\":\"ImageObject\",\"inLanguage\":\"fr-FR\",\"@id\":\"https:\/\/www.emdg-guilers.org\/index.php\/danse\/modern-jazz\/#primaryimage\",\"url\":\"https:\/\/www.emdg-guilers.org\/wp-content\/uploads\/2022\/09\/3.jpg\",\"contentUrl\":\"https:\/\/www.emdg-guilers.org\/wp-content\/uploads\/2022\/09\/3.jpg\",\"width\":1080,\"height\":1080},{\"@type\":\"BreadcrumbList\",\"@id\":\"https:\/\/www.emdg-guilers.org\/index.php\/danse\/modern-jazz\/#breadcrumb\",\"itemListElement\":[{\"@type\":\"ListItem\",\"position\":1,\"name\":\"Accueil\",\"item\":\"https:\/\/www.emdg-guilers.org\/\"},{\"@type\":\"ListItem\",\"position\":2,\"name\":\"Danse\",\"item\":\"https:\/\/www.emdg-guilers.org\/index.php\/danse\/\"},{\"@type\":\"ListItem\",\"position\":3,\"name\":\"Modern Jazz (enfants\/adultes)\"}]},{\"@type\":\"WebSite\",\"@id\":\"https:\/\/www.emdg-guilers.org\/#website\",\"url\":\"https:\/\/www.emdg-guilers.org\/\",\"name\":\"Ecole de Musique et Danse de Guilers\",\"description\":\"Ecole associative, cours de musique, danse, th\u00e9\u00e2tre accessibles \u00e0 tous\",\"publisher\":{\"@id\":\"https:\/\/www.emdg-guilers.org\/#organization\"},\"potentialAction\":[{\"@type\":\"SearchAction\",\"target\":{\"@type\":\"EntryPoint\",\"urlTemplate\":\"https:\/\/www.emdg-guilers.org\/?s={search_term_string}\"},\"query-input\":\"required name=search_term_string\"}],\"inLanguage\":\"fr-FR\"},{\"@type\":\"Organization\",\"@id\":\"https:\/\/www.emdg-guilers.org\/#organization\",\"name\":\"Ecole de Musique et de Danse\",\"url\":\"https:\/\/www.emdg-guilers.org\/\",\"logo\":{\"@type\":\"ImageObject\",\"inLanguage\":\"fr-FR\",\"@id\":\"https:\/\/www.emdg-guilers.org\/#\/schema\/logo\/image\/\",\"url\":\"https:\/\/www.emdg-guilers.org\/wp-content\/uploads\/2016\/06\/logo2014.jpg\",\"contentUrl\":\"https:\/\/www.emdg-guilers.org\/wp-content\/uploads\/2016\/06\/logo2014.jpg\",\"width\":214,\"height\":116,\"caption\":\"Ecole de Musique et de Danse\"},\"image\":{\"@id\":\"https:\/\/www.emdg-guilers.org\/#\/schema\/logo\/image\/\"},\"sameAs\":[\"https:\/\/www.facebook.com\/Ecole-de-Musique-et-de-Danse-de-Guilers-480017765533016\/\"]}]}<\/script>\n<!-- \/ Yoast SEO plugin. -->","yoast_head_json":{"title":"Modern Jazz (enfants\/adultes) - Ecole de Musique, Danse &amp; Th\u00e9\u00e2tre de Guilers","robots":{"index":"index","follow":"follow","max-snippet":"max-snippet:-1","max-image-preview":"max-image-preview:large","max-video-preview":"max-video-preview:-1"},"canonical":"https:\/\/www.emdg-guilers.org\/index.php\/danse\/modern-jazz\/","og_locale":"fr_FR","og_type":"article","og_title":"Modern Jazz (enfants\/adultes) - Ecole de Musique, Danse &amp; Th\u00e9\u00e2tre de Guilers","og_description":"A l&rsquo;EMDG, le modern jazz est enseign\u00e9 dans le cadre d&rsquo;un cursus complet d&rsquo;apprentissage (Parcours Global d&rsquo;Etudes &#8211; PGE) avec un professeur Dipl\u00f4m\u00e9 d&rsquo;Etat. Ce cursus implique progression p\u00e9dagogique, participations \u00e0 des projets, repr\u00e9sentations, le tout dans une ambiance de travail bienveillante et conviviale.Professeur :\u00a0 M\u00e9lanie Pitel \u00a0 \u00a0 \u00a0 \u00a0 \u00a0 Horaires 2025-26 Pour les cours de danse ou de th\u00e9\u00e2tre, une r\u00e9duction de 25%\u00a0sera automatiquement octroy\u00e9e aux \u00e9l\u00e8ves qui prennent 2 cours dans la m\u00eame discipline. N\u2019h\u00e9sitez pas...Lire la suite Lire la suite","og_url":"https:\/\/www.emdg-guilers.org\/index.php\/danse\/modern-jazz\/","og_site_name":"Ecole de Musique, Danse &amp; Th\u00e9\u00e2tre de Guilers","article_publisher":"https:\/\/www.facebook.com\/Ecole-de-Musique-et-de-Danse-de-Guilers-480017765533016\/","article_modified_time":"2025-09-22T09:20:00+00:00","og_image":[{"url":"https:\/\/www.emdg-guilers.org\/wp-content\/uploads\/2022\/09\/3-300x300.jpg"}],"twitter_card":"summary_large_image","twitter_misc":{"Dur\u00e9e de lecture estim\u00e9e":"2 minutes"},"schema":{"@context":"https:\/\/schema.org","@graph":[{"@type":"WebPage","@id":"https:\/\/www.emdg-guilers.org\/index.php\/danse\/modern-jazz\/","url":"https:\/\/www.emdg-guilers.org\/index.php\/danse\/modern-jazz\/","name":"Modern Jazz (enfants\/adultes) - Ecole de Musique, Danse &amp; Th\u00e9\u00e2tre de Guilers","isPartOf":{"@id":"https:\/\/www.emdg-guilers.org\/#website"},"primaryImageOfPage":{"@id":"https:\/\/www.emdg-guilers.org\/index.php\/danse\/modern-jazz\/#primaryimage"},"image":{"@id":"https:\/\/www.emdg-guilers.org\/index.php\/danse\/modern-jazz\/#primaryimage"},"thumbnailUrl":"https:\/\/www.emdg-guilers.org\/wp-content\/uploads\/2022\/09\/3-300x300.jpg","datePublished":"2016-06-29T15:55:44+00:00","dateModified":"2025-09-22T09:20:00+00:00","breadcrumb":{"@id":"https:\/\/www.emdg-guilers.org\/index.php\/danse\/modern-jazz\/#breadcrumb"},"inLanguage":"fr-FR","potentialAction":[{"@type":"ReadAction","target":["https:\/\/www.emdg-guilers.org\/index.php\/danse\/modern-jazz\/"]}]},{"@type":"ImageObject","inLanguage":"fr-FR","@id":"https:\/\/www.emdg-guilers.org\/index.php\/danse\/modern-jazz\/#primaryimage","url":"https:\/\/www.emdg-guilers.org\/wp-content\/uploads\/2022\/09\/3.jpg","contentUrl":"https:\/\/www.emdg-guilers.org\/wp-content\/uploads\/2022\/09\/3.jpg","width":1080,"height":1080},{"@type":"BreadcrumbList","@id":"https:\/\/www.emdg-guilers.org\/index.php\/danse\/modern-jazz\/#breadcrumb","itemListElement":[{"@type":"ListItem","position":1,"name":"Accueil","item":"https:\/\/www.emdg-guilers.org\/"},{"@type":"ListItem","position":2,"name":"Danse","item":"https:\/\/www.emdg-guilers.org\/index.php\/danse\/"},{"@type":"ListItem","position":3,"name":"Modern Jazz (enfants\/adultes)"}]},{"@type":"WebSite","@id":"https:\/\/www.emdg-guilers.org\/#website","url":"https:\/\/www.emdg-guilers.org\/","name":"Ecole de Musique et Danse de Guilers","description":"Ecole associative, cours de musique, danse, th\u00e9\u00e2tre accessibles \u00e0 tous","publisher":{"@id":"https:\/\/www.emdg-guilers.org\/#organization"},"potentialAction":[{"@type":"SearchAction","target":{"@type":"EntryPoint","urlTemplate":"https:\/\/www.emdg-guilers.org\/?s={search_term_string}"},"query-input":"required name=search_term_string"}],"inLanguage":"fr-FR"},{"@type":"Organization","@id":"https:\/\/www.emdg-guilers.org\/#organization","name":"Ecole de Musique et de Danse","url":"https:\/\/www.emdg-guilers.org\/","logo":{"@type":"ImageObject","inLanguage":"fr-FR","@id":"https:\/\/www.emdg-guilers.org\/#\/schema\/logo\/image\/","url":"https:\/\/www.emdg-guilers.org\/wp-content\/uploads\/2016\/06\/logo2014.jpg","contentUrl":"https:\/\/www.emdg-guilers.org\/wp-content\/uploads\/2016\/06\/logo2014.jpg","width":214,"height":116,"caption":"Ecole de Musique et de Danse"},"image":{"@id":"https:\/\/www.emdg-guilers.org\/#\/schema\/logo\/image\/"},"sameAs":["https:\/\/www.facebook.com\/Ecole-de-Musique-et-de-Danse-de-Guilers-480017765533016\/"]}]}},"_links":{"self":[{"href":"https:\/\/www.emdg-guilers.org\/index.php\/wp-json\/wp\/v2\/pages\/64"}],"collection":[{"href":"https:\/\/www.emdg-guilers.org\/index.php\/wp-json\/wp\/v2\/pages"}],"about":[{"href":"https:\/\/www.emdg-guilers.org\/index.php\/wp-json\/wp\/v2\/types\/page"}],"author":[{"embeddable":true,"href":"https:\/\/www.emdg-guilers.org\/index.php\/wp-json\/wp\/v2\/users\/3"}],"replies":[{"embeddable":true,"href":"https:\/\/www.emdg-guilers.org\/index.php\/wp-json\/wp\/v2\/comments?post=64"}],"version-history":[{"count":75,"href":"https:\/\/www.emdg-guilers.org\/index.php\/wp-json\/wp\/v2\/pages\/64\/revisions"}],"predecessor-version":[{"id":4776,"href":"https:\/\/www.emdg-guilers.org\/index.php\/wp-json\/wp\/v2\/pages\/64\/revisions\/4776"}],"up":[{"embeddable":true,"href":"https:\/\/www.emdg-guilers.org\/index.php\/wp-json\/wp\/v2\/pages\/54"}],"wp:attachment":[{"href":"https:\/\/www.emdg-guilers.org\/index.php\/wp-json\/wp\/v2\/media?parent=64"}],"curies":[{"name":"wp","href":"https:\/\/api.w.org\/{rel}","templated":true}]}}