{"id":66,"date":"2016-06-29T16:55:52","date_gmt":"2016-06-29T15:55:52","guid":{"rendered":"http:\/\/www.emdg-guilers.org\/?page_id=66"},"modified":"2025-07-08T09:34:39","modified_gmt":"2025-07-08T07:34:39","slug":"hip-hop","status":"publish","type":"page","link":"https:\/\/www.emdg-guilers.org\/index.php\/danse\/hip-hop\/","title":{"rendered":"Hip Hop &#8211; Break (8-18 ans)"},"content":{"rendered":"\n<p>Cours de danse Hip Hop breakdance, avec <strong>Matys Kerbelec <\/strong>(voir vid\u00e9o, \u00e0 partir de 5:00)<br><br>Depuis 2024, l&rsquo;EMDG travaille avec le collectif <a href=\"https:\/\/www.lafiertedesnotres.com\/\">La Fiert\u00e9 des N\u00f4tres<\/a>, un groupe de passionn\u00e9s de <strong>la culture Hip-Hop<\/strong> et plus pr\u00e9cis\u00e9ment du <strong>breakdance<\/strong>. Ils ont cr\u00e9\u00e9 une association en 2017 afin de diffuser cette passion dans la m\u00e9tropole brestoise. Le collectif est compos\u00e9 de <strong>danseurs, de professeurs de danse, de DJs, graffeurs et speakers<\/strong>.<\/p>\n\n\n\n<figure class=\"wp-block-embed is-type-video is-provider-youtube wp-block-embed-youtube wp-embed-aspect-16-9 wp-has-aspect-ratio\"><div class=\"wp-block-embed__wrapper\">\n<iframe loading=\"lazy\" title=\"Pre\u0301sentation des intervenants - Association La fiert\u00e9 des n\u00f4tres. Brest.\" width=\"640\" height=\"360\" src=\"https:\/\/www.youtube.com\/embed\/ISSIf2rbNRo?start=11&#038;feature=oembed\" frameborder=\"0\" allow=\"accelerometer; autoplay; clipboard-write; encrypted-media; gyroscope; picture-in-picture; web-share\" referrerpolicy=\"strict-origin-when-cross-origin\" allowfullscreen><\/iframe>\n<\/div><\/figure>\n\n\n\n<figure class=\"wp-block-table\"><table><tbody><tr><td>HORAIRES 2025-26<br><br><strong>Discipline \u2013 nom du cours<\/strong><\/td><td><strong>Prof<\/strong><\/td><td><strong>Jour<\/strong><\/td><td><strong>Horaire<\/strong><\/td><td><strong>Dur\u00e9e<\/strong><\/td><td><strong>Salle<\/strong><\/td><td><strong>Correspondance \u00e2ge \/ classe \u00e9l\u00e8ves<\/strong><\/td><\/tr><tr><td>D\u00e9butant<\/td><td>Matys Kerbelec<\/td><td>Vendredi <\/td><td>17h30 \u2013 18h30<\/td><td>1h<\/td><td>Salle Fanny<\/td><td>8-12 ans <\/td><\/tr><tr><td>Interm\u00e9diaire<\/td><td>Matys Kerbelec<\/td><td>Vendredi <\/td><td>18h30-19h30<\/td><td>1h<\/td><td>Salle Fanny<\/td><td>12-14 ans<\/td><\/tr><tr><td>Confirm\u00e9<\/td><td>Matys Kerbelec<\/td><td>Vendredi <\/td><td>19h30-20h45<\/td><td>1h15<\/td><td>Salle Fanny<\/td><td>+ 14 ans, 2 \u00e0 4 ans de <br>pratique pr\u00e9alable<\/td><\/tr><\/tbody><\/table><\/figure>\n\n\n\n<p class=\"has-text-align-left\">Le breakdance est une activit\u00e9 sportive et artistique, n\u00e9e en 1970 \u00e0 New York dans le Bronx. Elle a \u00e9t\u00e9 cr\u00e9\u00e9e dans le but de maintenir la paix dans les quartiers. Les guerres de gangs ont \u00e9t\u00e9 remplac\u00e9es par des battles o\u00f9 les crews s&rsquo;affrontaient dans un cypher. Les danseurs effectuaient leurs meilleurs mouvements de breakdance. Dans ces Block Party les mots d&rsquo;ordre sont \u00ab\u00a0peace\u00a0\u00bb (paix), \u00ab\u00a0love\u00a0\u00bb(amour), unity (unit\u00e9) and \u00ab\u00a0having fun\u00a0\u00bb(s&rsquo;amuser).<\/p>\n\n\n\n<p><strong>Notions abord\u00e9es durant l&rsquo;ann\u00e9e : <\/strong><\/p>\n\n\n\n<p>Durant l&rsquo;ann\u00e9e nous aborderons tous les piliers du breakdance: <strong>toprock<\/strong> (danse debout) <strong>footwork <\/strong>(jeux de jambes au sol), <strong>freeze<\/strong> (position bloqu\u00e9e) et les<strong> powermooves <\/strong>(mouvements en rotation, lien \u00e9vident avec la gymnastique) avec un gros zoom sur les footworks, les d\u00e9tails, la construction de passage ainsi que la recherche de mouvements (cr\u00e9ativit\u00e9). Cette discipline artistique ayant un lien fort attrait avec<strong> les acrobaties<\/strong>, elles seront aussi abord\u00e9es durant l&rsquo;ann\u00e9e. Voici une vid\u00e9o youtube qui r\u00e9sume de mani\u00e8re imag\u00e9e les piliers \u00e9voqu\u00e9s (conf\u00e9rence dans\u00e9e) : <a href=\"https:\/\/www.youtube.com\/watch?v=sJLoNfWMSDs\">Explications des diff\u00e9rents mouvements breakdance <\/a><\/p>\n\n\n\n<p><strong>Les valeurs :<\/strong><\/p>\n\n\n\n<p>Le breakdance est une pratique qui a comme base fondamentale le&nbsp;<strong>partage<\/strong>. Elle inculque des valeurs fortes telles que le&nbsp;<strong>respect<\/strong>, la&nbsp;<strong>solidarit\u00e9<\/strong>&nbsp;et le&nbsp;<strong>fair-play<\/strong>. Ces valeurs sont transmises durant les cours ou les battles de danse.<\/p>\n\n\n\n<p><strong>La cr\u00e9ativit\u00e9 :<\/strong><\/p>\n\n\n\n<p>Le breaking permet de d\u00e9velopper la cr\u00e9ativit\u00e9 chez le danseur. C&rsquo;est une discipline qui est en perp\u00e9tuelle \u00e9volution. Elle s&rsquo;inspire de tout les styles de danse. Cette danse n&rsquo;a pas de limite, chaque <a href=\"http:\/\/danseur.se\">danseur.se<\/a> peut faire appel \u00e0 son imagination et \u00e0 son environnement pour se&nbsp;cr\u00e9er une identit\u00e9 qui lui est propre.<\/p>\n\n\n\n<p>Chaque ann\u00e9e, une restitution publique (au moins) est propos\u00e9e sur sc\u00e8ne (gala de l&rsquo;\u00e9cole, spectacle de No\u00ebl, battle&#8230;) <a href=\"http:\/\/www.emdg-guilers.org\/index.php\/danse\/\">Spectacle 2018 en vid\u00e9o<\/a><\/p>\n\n\n\n<figure class=\"wp-block-image size-large\"><a href=\"https:\/\/www.youtube.com\/@FDNcrew\"><img loading=\"lazy\" decoding=\"async\" width=\"1024\" height=\"683\" src=\"https:\/\/www.emdg-guilers.org\/wp-content\/uploads\/2024\/05\/K.oneBattle-232-1024x683.jpg\" alt=\"\" class=\"wp-image-4354\" srcset=\"https:\/\/www.emdg-guilers.org\/wp-content\/uploads\/2024\/05\/K.oneBattle-232-1024x683.jpg 1024w, https:\/\/www.emdg-guilers.org\/wp-content\/uploads\/2024\/05\/K.oneBattle-232-300x200.jpg 300w, https:\/\/www.emdg-guilers.org\/wp-content\/uploads\/2024\/05\/K.oneBattle-232-768x512.jpg 768w, https:\/\/www.emdg-guilers.org\/wp-content\/uploads\/2024\/05\/K.oneBattle-232-1536x1024.jpg 1536w, https:\/\/www.emdg-guilers.org\/wp-content\/uploads\/2024\/05\/K.oneBattle-232-2048x1365.jpg 2048w, https:\/\/www.emdg-guilers.org\/wp-content\/uploads\/2024\/05\/K.oneBattle-232-405x270.jpg 405w\" sizes=\"(max-width: 1024px) 100vw, 1024px\" \/><\/a><\/figure>\n\n\n\n<figure class=\"wp-block-image size-large is-resized\"><a href=\"https:\/\/www.lafiertedesnotres.com\/\"><img loading=\"lazy\" decoding=\"async\" width=\"1024\" height=\"271\" src=\"https:\/\/www.emdg-guilers.org\/wp-content\/uploads\/2024\/05\/La-fierte-des-notres-logo-complet-vert-1024x271.png\" alt=\"\" class=\"wp-image-4355\" style=\"width:298px;height:auto\" srcset=\"https:\/\/www.emdg-guilers.org\/wp-content\/uploads\/2024\/05\/La-fierte-des-notres-logo-complet-vert-1024x271.png 1024w, https:\/\/www.emdg-guilers.org\/wp-content\/uploads\/2024\/05\/La-fierte-des-notres-logo-complet-vert-300x79.png 300w, https:\/\/www.emdg-guilers.org\/wp-content\/uploads\/2024\/05\/La-fierte-des-notres-logo-complet-vert-768x203.png 768w, https:\/\/www.emdg-guilers.org\/wp-content\/uploads\/2024\/05\/La-fierte-des-notres-logo-complet-vert-1536x406.png 1536w, https:\/\/www.emdg-guilers.org\/wp-content\/uploads\/2024\/05\/La-fierte-des-notres-logo-complet-vert-2048x542.png 2048w, https:\/\/www.emdg-guilers.org\/wp-content\/uploads\/2024\/05\/La-fierte-des-notres-logo-complet-vert-604x160.png 604w\" sizes=\"(max-width: 1024px) 100vw, 1024px\" \/><\/a><\/figure>\n\n\n\n<figure class=\"wp-block-embed is-type-video is-provider-youtube wp-block-embed-youtube wp-embed-aspect-16-9 wp-has-aspect-ratio\"><div class=\"wp-block-embed__wrapper\">\n<iframe loading=\"lazy\" title=\"Spectacle hip hop - EMDG - 19 juin 2021\" width=\"640\" height=\"360\" src=\"https:\/\/www.youtube.com\/embed\/olA6yoPeNLs?feature=oembed\" frameborder=\"0\" allow=\"accelerometer; autoplay; clipboard-write; encrypted-media; gyroscope; picture-in-picture; web-share\" referrerpolicy=\"strict-origin-when-cross-origin\" allowfullscreen><\/iframe>\n<\/div><\/figure>\n","protected":false},"excerpt":{"rendered":"<p>Cours de danse Hip Hop breakdance, avec Matys Kerbelec (voir vid\u00e9o, \u00e0 partir de 5:00) Depuis 2024, l&rsquo;EMDG travaille avec le collectif La Fiert\u00e9 des N\u00f4tres, un groupe de passionn\u00e9s de la culture Hip-Hop et plus pr\u00e9cis\u00e9ment du breakdance. Ils ont cr\u00e9\u00e9 une association en 2017 afin de diffuser cette passion dans la m\u00e9tropole brestoise. Le collectif est compos\u00e9 de danseurs, de professeurs de danse, de DJs, graffeurs et speakers. HORAIRES 2025-26 Discipline \u2013 nom du cours Prof Jour Horaire&#8230;<\/p>\n<p class=\"read-more\"><a class=\"btn btn-default\" href=\"https:\/\/www.emdg-guilers.org\/index.php\/danse\/hip-hop\/\">Lire la suite<span class=\"screen-reader-text\"> Lire la suite<\/span><\/a><\/p>\n","protected":false},"author":3,"featured_media":0,"parent":54,"menu_order":0,"comment_status":"closed","ping_status":"closed","template":"","meta":{"footnotes":""},"yoast_head":"<!-- This site is optimized with the Yoast SEO plugin v22.4 - https:\/\/yoast.com\/wordpress\/plugins\/seo\/ -->\n<title>Hip Hop - Break (8-18 ans) - Ecole de Musique, Danse &amp; Th\u00e9\u00e2tre de Guilers<\/title>\n<meta name=\"robots\" content=\"index, follow, max-snippet:-1, max-image-preview:large, max-video-preview:-1\" \/>\n<link rel=\"canonical\" href=\"https:\/\/www.emdg-guilers.org\/index.php\/danse\/hip-hop\/\" \/>\n<meta property=\"og:locale\" content=\"fr_FR\" \/>\n<meta property=\"og:type\" content=\"article\" \/>\n<meta property=\"og:title\" content=\"Hip Hop - Break (8-18 ans) - Ecole de Musique, Danse &amp; Th\u00e9\u00e2tre de Guilers\" \/>\n<meta property=\"og:description\" content=\"Cours de danse Hip Hop breakdance, avec Matys Kerbelec (voir vid\u00e9o, \u00e0 partir de 5:00) Depuis 2024, l&rsquo;EMDG travaille avec le collectif La Fiert\u00e9 des N\u00f4tres, un groupe de passionn\u00e9s de la culture Hip-Hop et plus pr\u00e9cis\u00e9ment du breakdance. Ils ont cr\u00e9\u00e9 une association en 2017 afin de diffuser cette passion dans la m\u00e9tropole brestoise. Le collectif est compos\u00e9 de danseurs, de professeurs de danse, de DJs, graffeurs et speakers. HORAIRES 2025-26 Discipline \u2013 nom du cours Prof Jour Horaire...Lire la suite Lire la suite\" \/>\n<meta property=\"og:url\" content=\"https:\/\/www.emdg-guilers.org\/index.php\/danse\/hip-hop\/\" \/>\n<meta property=\"og:site_name\" content=\"Ecole de Musique, Danse &amp; Th\u00e9\u00e2tre de Guilers\" \/>\n<meta property=\"article:publisher\" content=\"https:\/\/www.facebook.com\/Ecole-de-Musique-et-de-Danse-de-Guilers-480017765533016\/\" \/>\n<meta property=\"article:modified_time\" content=\"2025-07-08T07:34:39+00:00\" \/>\n<meta property=\"og:image\" content=\"https:\/\/www.emdg-guilers.org\/wp-content\/uploads\/2024\/05\/K.oneBattle-232-1024x683.jpg\" \/>\n<meta name=\"twitter:card\" content=\"summary_large_image\" \/>\n<meta name=\"twitter:label1\" content=\"Dur\u00e9e de lecture estim\u00e9e\" \/>\n\t<meta name=\"twitter:data1\" content=\"3 minutes\" \/>\n<script type=\"application\/ld+json\" class=\"yoast-schema-graph\">{\"@context\":\"https:\/\/schema.org\",\"@graph\":[{\"@type\":\"WebPage\",\"@id\":\"https:\/\/www.emdg-guilers.org\/index.php\/danse\/hip-hop\/\",\"url\":\"https:\/\/www.emdg-guilers.org\/index.php\/danse\/hip-hop\/\",\"name\":\"Hip Hop - Break (8-18 ans) - Ecole de Musique, Danse &amp; Th\u00e9\u00e2tre de Guilers\",\"isPartOf\":{\"@id\":\"https:\/\/www.emdg-guilers.org\/#website\"},\"primaryImageOfPage\":{\"@id\":\"https:\/\/www.emdg-guilers.org\/index.php\/danse\/hip-hop\/#primaryimage\"},\"image\":{\"@id\":\"https:\/\/www.emdg-guilers.org\/index.php\/danse\/hip-hop\/#primaryimage\"},\"thumbnailUrl\":\"https:\/\/www.emdg-guilers.org\/wp-content\/uploads\/2024\/05\/K.oneBattle-232-1024x683.jpg\",\"datePublished\":\"2016-06-29T15:55:52+00:00\",\"dateModified\":\"2025-07-08T07:34:39+00:00\",\"breadcrumb\":{\"@id\":\"https:\/\/www.emdg-guilers.org\/index.php\/danse\/hip-hop\/#breadcrumb\"},\"inLanguage\":\"fr-FR\",\"potentialAction\":[{\"@type\":\"ReadAction\",\"target\":[\"https:\/\/www.emdg-guilers.org\/index.php\/danse\/hip-hop\/\"]}]},{\"@type\":\"ImageObject\",\"inLanguage\":\"fr-FR\",\"@id\":\"https:\/\/www.emdg-guilers.org\/index.php\/danse\/hip-hop\/#primaryimage\",\"url\":\"https:\/\/www.emdg-guilers.org\/wp-content\/uploads\/2024\/05\/K.oneBattle-232-scaled.jpg\",\"contentUrl\":\"https:\/\/www.emdg-guilers.org\/wp-content\/uploads\/2024\/05\/K.oneBattle-232-scaled.jpg\",\"width\":2560,\"height\":1707},{\"@type\":\"BreadcrumbList\",\"@id\":\"https:\/\/www.emdg-guilers.org\/index.php\/danse\/hip-hop\/#breadcrumb\",\"itemListElement\":[{\"@type\":\"ListItem\",\"position\":1,\"name\":\"Accueil\",\"item\":\"https:\/\/www.emdg-guilers.org\/\"},{\"@type\":\"ListItem\",\"position\":2,\"name\":\"Danse\",\"item\":\"https:\/\/www.emdg-guilers.org\/index.php\/danse\/\"},{\"@type\":\"ListItem\",\"position\":3,\"name\":\"Hip Hop &#8211; Break (8-18 ans)\"}]},{\"@type\":\"WebSite\",\"@id\":\"https:\/\/www.emdg-guilers.org\/#website\",\"url\":\"https:\/\/www.emdg-guilers.org\/\",\"name\":\"Ecole de Musique et Danse de Guilers\",\"description\":\"Ecole associative, cours de musique, danse, th\u00e9\u00e2tre accessibles \u00e0 tous\",\"publisher\":{\"@id\":\"https:\/\/www.emdg-guilers.org\/#organization\"},\"potentialAction\":[{\"@type\":\"SearchAction\",\"target\":{\"@type\":\"EntryPoint\",\"urlTemplate\":\"https:\/\/www.emdg-guilers.org\/?s={search_term_string}\"},\"query-input\":\"required name=search_term_string\"}],\"inLanguage\":\"fr-FR\"},{\"@type\":\"Organization\",\"@id\":\"https:\/\/www.emdg-guilers.org\/#organization\",\"name\":\"Ecole de Musique et de Danse\",\"url\":\"https:\/\/www.emdg-guilers.org\/\",\"logo\":{\"@type\":\"ImageObject\",\"inLanguage\":\"fr-FR\",\"@id\":\"https:\/\/www.emdg-guilers.org\/#\/schema\/logo\/image\/\",\"url\":\"https:\/\/www.emdg-guilers.org\/wp-content\/uploads\/2016\/06\/logo2014.jpg\",\"contentUrl\":\"https:\/\/www.emdg-guilers.org\/wp-content\/uploads\/2016\/06\/logo2014.jpg\",\"width\":214,\"height\":116,\"caption\":\"Ecole de Musique et de Danse\"},\"image\":{\"@id\":\"https:\/\/www.emdg-guilers.org\/#\/schema\/logo\/image\/\"},\"sameAs\":[\"https:\/\/www.facebook.com\/Ecole-de-Musique-et-de-Danse-de-Guilers-480017765533016\/\"]}]}<\/script>\n<!-- \/ Yoast SEO plugin. -->","yoast_head_json":{"title":"Hip Hop - Break (8-18 ans) - Ecole de Musique, Danse &amp; Th\u00e9\u00e2tre de Guilers","robots":{"index":"index","follow":"follow","max-snippet":"max-snippet:-1","max-image-preview":"max-image-preview:large","max-video-preview":"max-video-preview:-1"},"canonical":"https:\/\/www.emdg-guilers.org\/index.php\/danse\/hip-hop\/","og_locale":"fr_FR","og_type":"article","og_title":"Hip Hop - Break (8-18 ans) - Ecole de Musique, Danse &amp; Th\u00e9\u00e2tre de Guilers","og_description":"Cours de danse Hip Hop breakdance, avec Matys Kerbelec (voir vid\u00e9o, \u00e0 partir de 5:00) Depuis 2024, l&rsquo;EMDG travaille avec le collectif La Fiert\u00e9 des N\u00f4tres, un groupe de passionn\u00e9s de la culture Hip-Hop et plus pr\u00e9cis\u00e9ment du breakdance. Ils ont cr\u00e9\u00e9 une association en 2017 afin de diffuser cette passion dans la m\u00e9tropole brestoise. Le collectif est compos\u00e9 de danseurs, de professeurs de danse, de DJs, graffeurs et speakers. HORAIRES 2025-26 Discipline \u2013 nom du cours Prof Jour Horaire...Lire la suite Lire la suite","og_url":"https:\/\/www.emdg-guilers.org\/index.php\/danse\/hip-hop\/","og_site_name":"Ecole de Musique, Danse &amp; Th\u00e9\u00e2tre de Guilers","article_publisher":"https:\/\/www.facebook.com\/Ecole-de-Musique-et-de-Danse-de-Guilers-480017765533016\/","article_modified_time":"2025-07-08T07:34:39+00:00","og_image":[{"url":"https:\/\/www.emdg-guilers.org\/wp-content\/uploads\/2024\/05\/K.oneBattle-232-1024x683.jpg"}],"twitter_card":"summary_large_image","twitter_misc":{"Dur\u00e9e de lecture estim\u00e9e":"3 minutes"},"schema":{"@context":"https:\/\/schema.org","@graph":[{"@type":"WebPage","@id":"https:\/\/www.emdg-guilers.org\/index.php\/danse\/hip-hop\/","url":"https:\/\/www.emdg-guilers.org\/index.php\/danse\/hip-hop\/","name":"Hip Hop - Break (8-18 ans) - Ecole de Musique, Danse &amp; Th\u00e9\u00e2tre de Guilers","isPartOf":{"@id":"https:\/\/www.emdg-guilers.org\/#website"},"primaryImageOfPage":{"@id":"https:\/\/www.emdg-guilers.org\/index.php\/danse\/hip-hop\/#primaryimage"},"image":{"@id":"https:\/\/www.emdg-guilers.org\/index.php\/danse\/hip-hop\/#primaryimage"},"thumbnailUrl":"https:\/\/www.emdg-guilers.org\/wp-content\/uploads\/2024\/05\/K.oneBattle-232-1024x683.jpg","datePublished":"2016-06-29T15:55:52+00:00","dateModified":"2025-07-08T07:34:39+00:00","breadcrumb":{"@id":"https:\/\/www.emdg-guilers.org\/index.php\/danse\/hip-hop\/#breadcrumb"},"inLanguage":"fr-FR","potentialAction":[{"@type":"ReadAction","target":["https:\/\/www.emdg-guilers.org\/index.php\/danse\/hip-hop\/"]}]},{"@type":"ImageObject","inLanguage":"fr-FR","@id":"https:\/\/www.emdg-guilers.org\/index.php\/danse\/hip-hop\/#primaryimage","url":"https:\/\/www.emdg-guilers.org\/wp-content\/uploads\/2024\/05\/K.oneBattle-232-scaled.jpg","contentUrl":"https:\/\/www.emdg-guilers.org\/wp-content\/uploads\/2024\/05\/K.oneBattle-232-scaled.jpg","width":2560,"height":1707},{"@type":"BreadcrumbList","@id":"https:\/\/www.emdg-guilers.org\/index.php\/danse\/hip-hop\/#breadcrumb","itemListElement":[{"@type":"ListItem","position":1,"name":"Accueil","item":"https:\/\/www.emdg-guilers.org\/"},{"@type":"ListItem","position":2,"name":"Danse","item":"https:\/\/www.emdg-guilers.org\/index.php\/danse\/"},{"@type":"ListItem","position":3,"name":"Hip Hop &#8211; Break (8-18 ans)"}]},{"@type":"WebSite","@id":"https:\/\/www.emdg-guilers.org\/#website","url":"https:\/\/www.emdg-guilers.org\/","name":"Ecole de Musique et Danse de Guilers","description":"Ecole associative, cours de musique, danse, th\u00e9\u00e2tre accessibles \u00e0 tous","publisher":{"@id":"https:\/\/www.emdg-guilers.org\/#organization"},"potentialAction":[{"@type":"SearchAction","target":{"@type":"EntryPoint","urlTemplate":"https:\/\/www.emdg-guilers.org\/?s={search_term_string}"},"query-input":"required name=search_term_string"}],"inLanguage":"fr-FR"},{"@type":"Organization","@id":"https:\/\/www.emdg-guilers.org\/#organization","name":"Ecole de Musique et de Danse","url":"https:\/\/www.emdg-guilers.org\/","logo":{"@type":"ImageObject","inLanguage":"fr-FR","@id":"https:\/\/www.emdg-guilers.org\/#\/schema\/logo\/image\/","url":"https:\/\/www.emdg-guilers.org\/wp-content\/uploads\/2016\/06\/logo2014.jpg","contentUrl":"https:\/\/www.emdg-guilers.org\/wp-content\/uploads\/2016\/06\/logo2014.jpg","width":214,"height":116,"caption":"Ecole de Musique et de Danse"},"image":{"@id":"https:\/\/www.emdg-guilers.org\/#\/schema\/logo\/image\/"},"sameAs":["https:\/\/www.facebook.com\/Ecole-de-Musique-et-de-Danse-de-Guilers-480017765533016\/"]}]}},"_links":{"self":[{"href":"https:\/\/www.emdg-guilers.org\/index.php\/wp-json\/wp\/v2\/pages\/66"}],"collection":[{"href":"https:\/\/www.emdg-guilers.org\/index.php\/wp-json\/wp\/v2\/pages"}],"about":[{"href":"https:\/\/www.emdg-guilers.org\/index.php\/wp-json\/wp\/v2\/types\/page"}],"author":[{"embeddable":true,"href":"https:\/\/www.emdg-guilers.org\/index.php\/wp-json\/wp\/v2\/users\/3"}],"replies":[{"embeddable":true,"href":"https:\/\/www.emdg-guilers.org\/index.php\/wp-json\/wp\/v2\/comments?post=66"}],"version-history":[{"count":35,"href":"https:\/\/www.emdg-guilers.org\/index.php\/wp-json\/wp\/v2\/pages\/66\/revisions"}],"predecessor-version":[{"id":4697,"href":"https:\/\/www.emdg-guilers.org\/index.php\/wp-json\/wp\/v2\/pages\/66\/revisions\/4697"}],"up":[{"embeddable":true,"href":"https:\/\/www.emdg-guilers.org\/index.php\/wp-json\/wp\/v2\/pages\/54"}],"wp:attachment":[{"href":"https:\/\/www.emdg-guilers.org\/index.php\/wp-json\/wp\/v2\/media?parent=66"}],"curies":[{"name":"wp","href":"https:\/\/api.w.org\/{rel}","templated":true}]}}