{"id":740,"date":"2017-05-30T16:15:14","date_gmt":"2017-05-30T14:15:14","guid":{"rendered":"http:\/\/www.emdg-guilers.org\/?page_id=740"},"modified":"2017-05-30T16:20:44","modified_gmt":"2017-05-30T14:20:44","slug":"les-locaux-de-lemdg","status":"publish","type":"page","link":"https:\/\/www.emdg-guilers.org\/index.php\/les-locaux-de-lemdg\/","title":{"rendered":"Les locaux de l&rsquo;EMDG"},"content":{"rendered":"<p>L\u2019\u00c9cole de Musique et Danse se situe au 11 rue de Milizac, \u00e0 Guilers, dans l&rsquo;Espace Pagnol (ancienne \u00e9cole). Enti\u00e8rement r\u00e9nov\u00e9e il y a quelques ann\u00e9e, l&rsquo;\u00e9cole b\u00e9n\u00e9ficie de locaux fonctionnels, adapt\u00e9s \u00e0 la pratique de la musique et de la danse tout en \u00e9tant agr\u00e9ables et accueillants.<\/p>\n<ul>\n<li>Le 1er \u00e9tage est d\u00e9di\u00e9 \u00e0 la danse avec 2 salles, dont une avec parquet de danse.<\/li>\n<li style=\"text-align: left;\">Le 2\u00e8me \u00e9tage est uniquement allou\u00e9 \u00e0 l&rsquo;EMDG, avec le secr\u00e9tariat, l&rsquo;accueil administratif, 2 salles de FM, 5 studios insonoris\u00e9s, une grande salle de r\u00e9p\u00e9tition ainsi qu&rsquo;une salle des professeurs et un hall d&rsquo;accueil\u00a0permettant aux familles d&rsquo;attendre leurs enfants dans les meilleures conditions\n<p>Les locaux de l&rsquo;EMDG sont mis \u00e0 disposition par la Mairie de Guilers, dans le cadre de son conventionnement.<\/li>\n<\/ul>\n<p><img loading=\"lazy\" decoding=\"async\" class=\"wp-image-749 size-medium alignnone\" src=\"http:\/\/www.emdg-guilers.org\/wp-content\/uploads\/2017\/05\/IMG_20170530_141936-300x186.jpg\" alt=\"\" width=\"300\" height=\"186\" srcset=\"https:\/\/www.emdg-guilers.org\/wp-content\/uploads\/2017\/05\/IMG_20170530_141936-300x186.jpg 300w, https:\/\/www.emdg-guilers.org\/wp-content\/uploads\/2017\/05\/IMG_20170530_141936-768x476.jpg 768w, https:\/\/www.emdg-guilers.org\/wp-content\/uploads\/2017\/05\/IMG_20170530_141936-1024x634.jpg 1024w, https:\/\/www.emdg-guilers.org\/wp-content\/uploads\/2017\/05\/IMG_20170530_141936-436x270.jpg 436w\" sizes=\"(max-width: 300px) 100vw, 300px\" \/> <img loading=\"lazy\" decoding=\"async\" class=\"wp-image-742 size-medium alignnone\" src=\"http:\/\/www.emdg-guilers.org\/wp-content\/uploads\/2017\/05\/IMG_20170530_141441-300x169.jpg\" alt=\"\" width=\"300\" height=\"169\" srcset=\"https:\/\/www.emdg-guilers.org\/wp-content\/uploads\/2017\/05\/IMG_20170530_141441-300x169.jpg 300w, https:\/\/www.emdg-guilers.org\/wp-content\/uploads\/2017\/05\/IMG_20170530_141441-768x432.jpg 768w, https:\/\/www.emdg-guilers.org\/wp-content\/uploads\/2017\/05\/IMG_20170530_141441-1024x576.jpg 1024w, https:\/\/www.emdg-guilers.org\/wp-content\/uploads\/2017\/05\/IMG_20170530_141441-480x270.jpg 480w\" sizes=\"(max-width: 300px) 100vw, 300px\" \/><\/p>\n<p>MUSIQUE<\/p>\n<p><img loading=\"lazy\" decoding=\"async\" class=\"wp-image-743 size-medium alignnone\" src=\"http:\/\/www.emdg-guilers.org\/wp-content\/uploads\/2017\/05\/IMG_20170530_141531-300x155.jpg\" alt=\"\" width=\"300\" height=\"155\" srcset=\"https:\/\/www.emdg-guilers.org\/wp-content\/uploads\/2017\/05\/IMG_20170530_141531-300x155.jpg 300w, https:\/\/www.emdg-guilers.org\/wp-content\/uploads\/2017\/05\/IMG_20170530_141531-768x397.jpg 768w, https:\/\/www.emdg-guilers.org\/wp-content\/uploads\/2017\/05\/IMG_20170530_141531-1024x530.jpg 1024w, https:\/\/www.emdg-guilers.org\/wp-content\/uploads\/2017\/05\/IMG_20170530_141531-522x270.jpg 522w\" sizes=\"(max-width: 300px) 100vw, 300px\" \/>\u00a0\u00a0 <img loading=\"lazy\" decoding=\"async\" class=\"wp-image-746 size-medium alignnone\" src=\"http:\/\/www.emdg-guilers.org\/wp-content\/uploads\/2017\/05\/IMG_20170530_141647-300x191.jpg\" alt=\"\" width=\"300\" height=\"191\" srcset=\"https:\/\/www.emdg-guilers.org\/wp-content\/uploads\/2017\/05\/IMG_20170530_141647-300x191.jpg 300w, https:\/\/www.emdg-guilers.org\/wp-content\/uploads\/2017\/05\/IMG_20170530_141647-768x490.jpg 768w, https:\/\/www.emdg-guilers.org\/wp-content\/uploads\/2017\/05\/IMG_20170530_141647-1024x653.jpg 1024w, https:\/\/www.emdg-guilers.org\/wp-content\/uploads\/2017\/05\/IMG_20170530_141647-424x270.jpg 424w\" sizes=\"(max-width: 300px) 100vw, 300px\" \/> <img loading=\"lazy\" decoding=\"async\" class=\"wp-image-747 size-medium alignnone\" src=\"http:\/\/www.emdg-guilers.org\/wp-content\/uploads\/2017\/05\/IMG_20170530_141723-300x169.jpg\" alt=\"\" width=\"300\" height=\"169\" srcset=\"https:\/\/www.emdg-guilers.org\/wp-content\/uploads\/2017\/05\/IMG_20170530_141723-300x169.jpg 300w, https:\/\/www.emdg-guilers.org\/wp-content\/uploads\/2017\/05\/IMG_20170530_141723-768x432.jpg 768w, https:\/\/www.emdg-guilers.org\/wp-content\/uploads\/2017\/05\/IMG_20170530_141723-1024x576.jpg 1024w, https:\/\/www.emdg-guilers.org\/wp-content\/uploads\/2017\/05\/IMG_20170530_141723-480x270.jpg 480w\" sizes=\"(max-width: 300px) 100vw, 300px\" \/> <img loading=\"lazy\" decoding=\"async\" class=\"wp-image-748 size-medium alignleft\" src=\"http:\/\/www.emdg-guilers.org\/wp-content\/uploads\/2017\/05\/IMG_20170530_141748-300x169.jpg\" alt=\"\" width=\"300\" height=\"169\" srcset=\"https:\/\/www.emdg-guilers.org\/wp-content\/uploads\/2017\/05\/IMG_20170530_141748-300x169.jpg 300w, https:\/\/www.emdg-guilers.org\/wp-content\/uploads\/2017\/05\/IMG_20170530_141748-768x432.jpg 768w, https:\/\/www.emdg-guilers.org\/wp-content\/uploads\/2017\/05\/IMG_20170530_141748-1024x576.jpg 1024w, https:\/\/www.emdg-guilers.org\/wp-content\/uploads\/2017\/05\/IMG_20170530_141748-480x270.jpg 480w\" sizes=\"(max-width: 300px) 100vw, 300px\" \/><\/p>\n<p>&nbsp;<\/p>\n<p><img loading=\"lazy\" decoding=\"async\" class=\"wp-image-744 size-medium alignnone\" src=\"http:\/\/www.emdg-guilers.org\/wp-content\/uploads\/2017\/05\/IMG_20170530_141614-182x300.jpg\" alt=\"\" width=\"182\" height=\"300\" srcset=\"https:\/\/www.emdg-guilers.org\/wp-content\/uploads\/2017\/05\/IMG_20170530_141614-182x300.jpg 182w, https:\/\/www.emdg-guilers.org\/wp-content\/uploads\/2017\/05\/IMG_20170530_141614-768x1263.jpg 768w, https:\/\/www.emdg-guilers.org\/wp-content\/uploads\/2017\/05\/IMG_20170530_141614-623x1024.jpg 623w, https:\/\/www.emdg-guilers.org\/wp-content\/uploads\/2017\/05\/IMG_20170530_141614-164x270.jpg 164w\" sizes=\"(max-width: 182px) 100vw, 182px\" \/><\/p>\n<p>DANSE<br \/>\n<img loading=\"lazy\" decoding=\"async\" class=\"wp-image-750 size-medium alignnone\" src=\"http:\/\/www.emdg-guilers.org\/wp-content\/uploads\/2017\/05\/IMG_20170530_142024-300x169.jpg\" alt=\"\" width=\"300\" height=\"169\" srcset=\"https:\/\/www.emdg-guilers.org\/wp-content\/uploads\/2017\/05\/IMG_20170530_142024-300x169.jpg 300w, https:\/\/www.emdg-guilers.org\/wp-content\/uploads\/2017\/05\/IMG_20170530_142024-768x432.jpg 768w, https:\/\/www.emdg-guilers.org\/wp-content\/uploads\/2017\/05\/IMG_20170530_142024-1024x576.jpg 1024w, https:\/\/www.emdg-guilers.org\/wp-content\/uploads\/2017\/05\/IMG_20170530_142024-480x270.jpg 480w\" sizes=\"(max-width: 300px) 100vw, 300px\" \/> <img loading=\"lazy\" decoding=\"async\" class=\"wp-image-751 size-medium alignnone\" src=\"http:\/\/www.emdg-guilers.org\/wp-content\/uploads\/2017\/05\/IMG_20170530_142043-300x169.jpg\" alt=\"\" width=\"300\" height=\"169\" srcset=\"https:\/\/www.emdg-guilers.org\/wp-content\/uploads\/2017\/05\/IMG_20170530_142043-300x169.jpg 300w, https:\/\/www.emdg-guilers.org\/wp-content\/uploads\/2017\/05\/IMG_20170530_142043-768x432.jpg 768w, https:\/\/www.emdg-guilers.org\/wp-content\/uploads\/2017\/05\/IMG_20170530_142043-1024x576.jpg 1024w, https:\/\/www.emdg-guilers.org\/wp-content\/uploads\/2017\/05\/IMG_20170530_142043-480x270.jpg 480w\" sizes=\"(max-width: 300px) 100vw, 300px\" \/> <img loading=\"lazy\" decoding=\"async\" class=\"wp-image-752 size-medium alignnone\" src=\"http:\/\/www.emdg-guilers.org\/wp-content\/uploads\/2017\/05\/IMG_20170530_142122-300x169.jpg\" alt=\"\" width=\"300\" height=\"169\" srcset=\"https:\/\/www.emdg-guilers.org\/wp-content\/uploads\/2017\/05\/IMG_20170530_142122-300x169.jpg 300w, https:\/\/www.emdg-guilers.org\/wp-content\/uploads\/2017\/05\/IMG_20170530_142122-768x432.jpg 768w, https:\/\/www.emdg-guilers.org\/wp-content\/uploads\/2017\/05\/IMG_20170530_142122-1024x576.jpg 1024w, https:\/\/www.emdg-guilers.org\/wp-content\/uploads\/2017\/05\/IMG_20170530_142122-480x270.jpg 480w\" sizes=\"(max-width: 300px) 100vw, 300px\" \/><\/p>\n","protected":false},"excerpt":{"rendered":"<p>L\u2019\u00c9cole de Musique et Danse se situe au 11 rue de Milizac, \u00e0 Guilers, dans l&rsquo;Espace Pagnol (ancienne \u00e9cole). Enti\u00e8rement r\u00e9nov\u00e9e il y a quelques ann\u00e9e, l&rsquo;\u00e9cole b\u00e9n\u00e9ficie de locaux fonctionnels, adapt\u00e9s \u00e0 la pratique de la musique et de la danse tout en \u00e9tant agr\u00e9ables et accueillants. Le 1er \u00e9tage est d\u00e9di\u00e9 \u00e0 la danse avec 2 salles, dont une avec parquet de danse. Le 2\u00e8me \u00e9tage est uniquement allou\u00e9 \u00e0 l&rsquo;EMDG, avec le secr\u00e9tariat, l&rsquo;accueil administratif, 2 salles&#8230;<\/p>\n<p class=\"read-more\"><a class=\"btn btn-default\" href=\"https:\/\/www.emdg-guilers.org\/index.php\/les-locaux-de-lemdg\/\">Lire la suite<span class=\"screen-reader-text\"> Lire la suite<\/span><\/a><\/p>\n","protected":false},"author":3,"featured_media":0,"parent":0,"menu_order":0,"comment_status":"closed","ping_status":"closed","template":"","meta":{"footnotes":""},"yoast_head":"<!-- This site is optimized with the Yoast SEO plugin v22.4 - https:\/\/yoast.com\/wordpress\/plugins\/seo\/ -->\n<title>Les locaux de l&#039;EMDG - Ecole de Musique, Danse &amp; Th\u00e9\u00e2tre de Guilers<\/title>\n<meta name=\"robots\" content=\"index, follow, max-snippet:-1, max-image-preview:large, max-video-preview:-1\" \/>\n<link rel=\"canonical\" href=\"https:\/\/www.emdg-guilers.org\/index.php\/les-locaux-de-lemdg\/\" \/>\n<meta property=\"og:locale\" content=\"fr_FR\" \/>\n<meta property=\"og:type\" content=\"article\" \/>\n<meta property=\"og:title\" content=\"Les locaux de l&#039;EMDG - Ecole de Musique, Danse &amp; Th\u00e9\u00e2tre de Guilers\" \/>\n<meta property=\"og:description\" content=\"L\u2019\u00c9cole de Musique et Danse se situe au 11 rue de Milizac, \u00e0 Guilers, dans l&rsquo;Espace Pagnol (ancienne \u00e9cole). Enti\u00e8rement r\u00e9nov\u00e9e il y a quelques ann\u00e9e, l&rsquo;\u00e9cole b\u00e9n\u00e9ficie de locaux fonctionnels, adapt\u00e9s \u00e0 la pratique de la musique et de la danse tout en \u00e9tant agr\u00e9ables et accueillants. Le 1er \u00e9tage est d\u00e9di\u00e9 \u00e0 la danse avec 2 salles, dont une avec parquet de danse. Le 2\u00e8me \u00e9tage est uniquement allou\u00e9 \u00e0 l&rsquo;EMDG, avec le secr\u00e9tariat, l&rsquo;accueil administratif, 2 salles...Lire la suite Lire la suite\" \/>\n<meta property=\"og:url\" content=\"https:\/\/www.emdg-guilers.org\/index.php\/les-locaux-de-lemdg\/\" \/>\n<meta property=\"og:site_name\" content=\"Ecole de Musique, Danse &amp; Th\u00e9\u00e2tre de Guilers\" \/>\n<meta property=\"article:publisher\" content=\"https:\/\/www.facebook.com\/Ecole-de-Musique-et-de-Danse-de-Guilers-480017765533016\/\" \/>\n<meta property=\"article:modified_time\" content=\"2017-05-30T14:20:44+00:00\" \/>\n<meta property=\"og:image\" content=\"http:\/\/www.emdg-guilers.org\/wp-content\/uploads\/2017\/05\/IMG_20170530_141936-300x186.jpg\" \/>\n<meta name=\"twitter:card\" content=\"summary_large_image\" \/>\n<meta name=\"twitter:label1\" content=\"Dur\u00e9e de lecture estim\u00e9e\" \/>\n\t<meta name=\"twitter:data1\" content=\"1 minute\" \/>\n<script type=\"application\/ld+json\" class=\"yoast-schema-graph\">{\"@context\":\"https:\/\/schema.org\",\"@graph\":[{\"@type\":\"WebPage\",\"@id\":\"https:\/\/www.emdg-guilers.org\/index.php\/les-locaux-de-lemdg\/\",\"url\":\"https:\/\/www.emdg-guilers.org\/index.php\/les-locaux-de-lemdg\/\",\"name\":\"Les locaux de l'EMDG - Ecole de Musique, Danse &amp; Th\u00e9\u00e2tre de Guilers\",\"isPartOf\":{\"@id\":\"https:\/\/www.emdg-guilers.org\/#website\"},\"primaryImageOfPage\":{\"@id\":\"https:\/\/www.emdg-guilers.org\/index.php\/les-locaux-de-lemdg\/#primaryimage\"},\"image\":{\"@id\":\"https:\/\/www.emdg-guilers.org\/index.php\/les-locaux-de-lemdg\/#primaryimage\"},\"thumbnailUrl\":\"http:\/\/www.emdg-guilers.org\/wp-content\/uploads\/2017\/05\/IMG_20170530_141936-300x186.jpg\",\"datePublished\":\"2017-05-30T14:15:14+00:00\",\"dateModified\":\"2017-05-30T14:20:44+00:00\",\"breadcrumb\":{\"@id\":\"https:\/\/www.emdg-guilers.org\/index.php\/les-locaux-de-lemdg\/#breadcrumb\"},\"inLanguage\":\"fr-FR\",\"potentialAction\":[{\"@type\":\"ReadAction\",\"target\":[\"https:\/\/www.emdg-guilers.org\/index.php\/les-locaux-de-lemdg\/\"]}]},{\"@type\":\"ImageObject\",\"inLanguage\":\"fr-FR\",\"@id\":\"https:\/\/www.emdg-guilers.org\/index.php\/les-locaux-de-lemdg\/#primaryimage\",\"url\":\"http:\/\/www.emdg-guilers.org\/wp-content\/uploads\/2017\/05\/IMG_20170530_141936-300x186.jpg\",\"contentUrl\":\"http:\/\/www.emdg-guilers.org\/wp-content\/uploads\/2017\/05\/IMG_20170530_141936-300x186.jpg\"},{\"@type\":\"BreadcrumbList\",\"@id\":\"https:\/\/www.emdg-guilers.org\/index.php\/les-locaux-de-lemdg\/#breadcrumb\",\"itemListElement\":[{\"@type\":\"ListItem\",\"position\":1,\"name\":\"Accueil\",\"item\":\"https:\/\/www.emdg-guilers.org\/\"},{\"@type\":\"ListItem\",\"position\":2,\"name\":\"Les locaux de l&rsquo;EMDG\"}]},{\"@type\":\"WebSite\",\"@id\":\"https:\/\/www.emdg-guilers.org\/#website\",\"url\":\"https:\/\/www.emdg-guilers.org\/\",\"name\":\"Ecole de Musique et Danse de Guilers\",\"description\":\"Ecole associative, cours de musique, danse, th\u00e9\u00e2tre accessibles \u00e0 tous\",\"publisher\":{\"@id\":\"https:\/\/www.emdg-guilers.org\/#organization\"},\"potentialAction\":[{\"@type\":\"SearchAction\",\"target\":{\"@type\":\"EntryPoint\",\"urlTemplate\":\"https:\/\/www.emdg-guilers.org\/?s={search_term_string}\"},\"query-input\":\"required name=search_term_string\"}],\"inLanguage\":\"fr-FR\"},{\"@type\":\"Organization\",\"@id\":\"https:\/\/www.emdg-guilers.org\/#organization\",\"name\":\"Ecole de Musique et de Danse\",\"url\":\"https:\/\/www.emdg-guilers.org\/\",\"logo\":{\"@type\":\"ImageObject\",\"inLanguage\":\"fr-FR\",\"@id\":\"https:\/\/www.emdg-guilers.org\/#\/schema\/logo\/image\/\",\"url\":\"https:\/\/www.emdg-guilers.org\/wp-content\/uploads\/2016\/06\/logo2014.jpg\",\"contentUrl\":\"https:\/\/www.emdg-guilers.org\/wp-content\/uploads\/2016\/06\/logo2014.jpg\",\"width\":214,\"height\":116,\"caption\":\"Ecole de Musique et de Danse\"},\"image\":{\"@id\":\"https:\/\/www.emdg-guilers.org\/#\/schema\/logo\/image\/\"},\"sameAs\":[\"https:\/\/www.facebook.com\/Ecole-de-Musique-et-de-Danse-de-Guilers-480017765533016\/\"]}]}<\/script>\n<!-- \/ Yoast SEO plugin. -->","yoast_head_json":{"title":"Les locaux de l'EMDG - Ecole de Musique, Danse &amp; Th\u00e9\u00e2tre de Guilers","robots":{"index":"index","follow":"follow","max-snippet":"max-snippet:-1","max-image-preview":"max-image-preview:large","max-video-preview":"max-video-preview:-1"},"canonical":"https:\/\/www.emdg-guilers.org\/index.php\/les-locaux-de-lemdg\/","og_locale":"fr_FR","og_type":"article","og_title":"Les locaux de l'EMDG - Ecole de Musique, Danse &amp; Th\u00e9\u00e2tre de Guilers","og_description":"L\u2019\u00c9cole de Musique et Danse se situe au 11 rue de Milizac, \u00e0 Guilers, dans l&rsquo;Espace Pagnol (ancienne \u00e9cole). Enti\u00e8rement r\u00e9nov\u00e9e il y a quelques ann\u00e9e, l&rsquo;\u00e9cole b\u00e9n\u00e9ficie de locaux fonctionnels, adapt\u00e9s \u00e0 la pratique de la musique et de la danse tout en \u00e9tant agr\u00e9ables et accueillants. Le 1er \u00e9tage est d\u00e9di\u00e9 \u00e0 la danse avec 2 salles, dont une avec parquet de danse. Le 2\u00e8me \u00e9tage est uniquement allou\u00e9 \u00e0 l&rsquo;EMDG, avec le secr\u00e9tariat, l&rsquo;accueil administratif, 2 salles...Lire la suite Lire la suite","og_url":"https:\/\/www.emdg-guilers.org\/index.php\/les-locaux-de-lemdg\/","og_site_name":"Ecole de Musique, Danse &amp; Th\u00e9\u00e2tre de Guilers","article_publisher":"https:\/\/www.facebook.com\/Ecole-de-Musique-et-de-Danse-de-Guilers-480017765533016\/","article_modified_time":"2017-05-30T14:20:44+00:00","og_image":[{"url":"http:\/\/www.emdg-guilers.org\/wp-content\/uploads\/2017\/05\/IMG_20170530_141936-300x186.jpg"}],"twitter_card":"summary_large_image","twitter_misc":{"Dur\u00e9e de lecture estim\u00e9e":"1 minute"},"schema":{"@context":"https:\/\/schema.org","@graph":[{"@type":"WebPage","@id":"https:\/\/www.emdg-guilers.org\/index.php\/les-locaux-de-lemdg\/","url":"https:\/\/www.emdg-guilers.org\/index.php\/les-locaux-de-lemdg\/","name":"Les locaux de l'EMDG - Ecole de Musique, Danse &amp; Th\u00e9\u00e2tre de Guilers","isPartOf":{"@id":"https:\/\/www.emdg-guilers.org\/#website"},"primaryImageOfPage":{"@id":"https:\/\/www.emdg-guilers.org\/index.php\/les-locaux-de-lemdg\/#primaryimage"},"image":{"@id":"https:\/\/www.emdg-guilers.org\/index.php\/les-locaux-de-lemdg\/#primaryimage"},"thumbnailUrl":"http:\/\/www.emdg-guilers.org\/wp-content\/uploads\/2017\/05\/IMG_20170530_141936-300x186.jpg","datePublished":"2017-05-30T14:15:14+00:00","dateModified":"2017-05-30T14:20:44+00:00","breadcrumb":{"@id":"https:\/\/www.emdg-guilers.org\/index.php\/les-locaux-de-lemdg\/#breadcrumb"},"inLanguage":"fr-FR","potentialAction":[{"@type":"ReadAction","target":["https:\/\/www.emdg-guilers.org\/index.php\/les-locaux-de-lemdg\/"]}]},{"@type":"ImageObject","inLanguage":"fr-FR","@id":"https:\/\/www.emdg-guilers.org\/index.php\/les-locaux-de-lemdg\/#primaryimage","url":"http:\/\/www.emdg-guilers.org\/wp-content\/uploads\/2017\/05\/IMG_20170530_141936-300x186.jpg","contentUrl":"http:\/\/www.emdg-guilers.org\/wp-content\/uploads\/2017\/05\/IMG_20170530_141936-300x186.jpg"},{"@type":"BreadcrumbList","@id":"https:\/\/www.emdg-guilers.org\/index.php\/les-locaux-de-lemdg\/#breadcrumb","itemListElement":[{"@type":"ListItem","position":1,"name":"Accueil","item":"https:\/\/www.emdg-guilers.org\/"},{"@type":"ListItem","position":2,"name":"Les locaux de l&rsquo;EMDG"}]},{"@type":"WebSite","@id":"https:\/\/www.emdg-guilers.org\/#website","url":"https:\/\/www.emdg-guilers.org\/","name":"Ecole de Musique et Danse de Guilers","description":"Ecole associative, cours de musique, danse, th\u00e9\u00e2tre accessibles \u00e0 tous","publisher":{"@id":"https:\/\/www.emdg-guilers.org\/#organization"},"potentialAction":[{"@type":"SearchAction","target":{"@type":"EntryPoint","urlTemplate":"https:\/\/www.emdg-guilers.org\/?s={search_term_string}"},"query-input":"required name=search_term_string"}],"inLanguage":"fr-FR"},{"@type":"Organization","@id":"https:\/\/www.emdg-guilers.org\/#organization","name":"Ecole de Musique et de Danse","url":"https:\/\/www.emdg-guilers.org\/","logo":{"@type":"ImageObject","inLanguage":"fr-FR","@id":"https:\/\/www.emdg-guilers.org\/#\/schema\/logo\/image\/","url":"https:\/\/www.emdg-guilers.org\/wp-content\/uploads\/2016\/06\/logo2014.jpg","contentUrl":"https:\/\/www.emdg-guilers.org\/wp-content\/uploads\/2016\/06\/logo2014.jpg","width":214,"height":116,"caption":"Ecole de Musique et de Danse"},"image":{"@id":"https:\/\/www.emdg-guilers.org\/#\/schema\/logo\/image\/"},"sameAs":["https:\/\/www.facebook.com\/Ecole-de-Musique-et-de-Danse-de-Guilers-480017765533016\/"]}]}},"_links":{"self":[{"href":"https:\/\/www.emdg-guilers.org\/index.php\/wp-json\/wp\/v2\/pages\/740"}],"collection":[{"href":"https:\/\/www.emdg-guilers.org\/index.php\/wp-json\/wp\/v2\/pages"}],"about":[{"href":"https:\/\/www.emdg-guilers.org\/index.php\/wp-json\/wp\/v2\/types\/page"}],"author":[{"embeddable":true,"href":"https:\/\/www.emdg-guilers.org\/index.php\/wp-json\/wp\/v2\/users\/3"}],"replies":[{"embeddable":true,"href":"https:\/\/www.emdg-guilers.org\/index.php\/wp-json\/wp\/v2\/comments?post=740"}],"version-history":[{"count":7,"href":"https:\/\/www.emdg-guilers.org\/index.php\/wp-json\/wp\/v2\/pages\/740\/revisions"}],"predecessor-version":[{"id":760,"href":"https:\/\/www.emdg-guilers.org\/index.php\/wp-json\/wp\/v2\/pages\/740\/revisions\/760"}],"wp:attachment":[{"href":"https:\/\/www.emdg-guilers.org\/index.php\/wp-json\/wp\/v2\/media?parent=740"}],"curies":[{"name":"wp","href":"https:\/\/api.w.org\/{rel}","templated":true}]}}