{"id":815,"date":"2017-05-30T16:48:46","date_gmt":"2017-05-30T14:48:46","guid":{"rendered":"http:\/\/www.emdg-guilers.org\/?page_id=815"},"modified":"2025-07-08T10:36:22","modified_gmt":"2025-07-08T08:36:22","slug":"percussions-digitales-adultes","status":"publish","type":"page","link":"https:\/\/www.emdg-guilers.org\/index.php\/orchestres\/percussions-digitales-adultes\/","title":{"rendered":"Djemka Percus adultes"},"content":{"rendered":"\n<div class=\"wp-block-buttons is-layout-flex wp-block-buttons-is-layout-flex\">\n<div class=\"wp-block-button\"><a class=\"wp-block-button__link wp-element-button\">Atelier musique adultes<\/a><\/div>\n<\/div>\n\n\n<div class=\"wp-block-image\">\n<figure class=\"alignright size-large is-resized\"><img loading=\"lazy\" decoding=\"async\" width=\"1024\" height=\"1024\" src=\"https:\/\/www.emdg-guilers.org\/wp-content\/uploads\/2022\/09\/14-1024x1024.jpg\" alt=\"\" class=\"wp-image-3189\" style=\"width:246px;height:auto\" srcset=\"https:\/\/www.emdg-guilers.org\/wp-content\/uploads\/2022\/09\/14-1024x1024.jpg 1024w, https:\/\/www.emdg-guilers.org\/wp-content\/uploads\/2022\/09\/14-300x300.jpg 300w, https:\/\/www.emdg-guilers.org\/wp-content\/uploads\/2022\/09\/14-150x150.jpg 150w, https:\/\/www.emdg-guilers.org\/wp-content\/uploads\/2022\/09\/14-768x768.jpg 768w, https:\/\/www.emdg-guilers.org\/wp-content\/uploads\/2022\/09\/14-270x270.jpg 270w, https:\/\/www.emdg-guilers.org\/wp-content\/uploads\/2022\/09\/14.jpg 1080w\" sizes=\"(max-width: 1024px) 100vw, 1024px\" \/><\/figure><\/div>\n\n<p>Atelier de percussions digitales \u00e0 destination des adultes : congas, djemb\u00e9s, bongos, cajons&#8230;<\/p>\n<p>Vous souhaitez d\u00e9couvrir la musique, les rythmes, la pratique d\u2019ensemble \u00e0 travers les percussions digitales, de mani\u00e8re ludique et dynamique. Vous \u00eates musicien ou n\u00e9ophyte? cet atelier est fait pour vous.<\/p>\n<p>Atelier destin\u00e9 aux adultes (+18 ans). D&rsquo;autres ateliers sont r\u00e9serv\u00e9s aux moins de 18 ans.<\/p>\n<p>Accessible dans le cadre du parcours global, inclus pour les \u00e9l\u00e8ves prenant un cours d&rsquo;instrument ou accessible en pratique seule.<\/p>\n<p>Mercredi 19h00-20h00\u00a0<em><br \/><\/em>Avec <strong>Herri Loquet<\/strong><\/p>\n<p>\u00a0<\/p>\n\n\n<figure class=\"wp-block-image size-large is-resized\"><img loading=\"lazy\" decoding=\"async\" width=\"1024\" height=\"490\" src=\"https:\/\/www.emdg-guilers.org\/wp-content\/uploads\/2024\/10\/IMG-20231220-WA0003-1-1024x490.jpg\" alt=\"\" class=\"wp-image-4526\" style=\"width:759px;height:auto\" srcset=\"https:\/\/www.emdg-guilers.org\/wp-content\/uploads\/2024\/10\/IMG-20231220-WA0003-1-1024x490.jpg 1024w, https:\/\/www.emdg-guilers.org\/wp-content\/uploads\/2024\/10\/IMG-20231220-WA0003-1-300x144.jpg 300w, https:\/\/www.emdg-guilers.org\/wp-content\/uploads\/2024\/10\/IMG-20231220-WA0003-1-768x367.jpg 768w, https:\/\/www.emdg-guilers.org\/wp-content\/uploads\/2024\/10\/IMG-20231220-WA0003-1-1536x735.jpg 1536w, https:\/\/www.emdg-guilers.org\/wp-content\/uploads\/2024\/10\/IMG-20231220-WA0003-1-564x270.jpg 564w, https:\/\/www.emdg-guilers.org\/wp-content\/uploads\/2024\/10\/IMG-20231220-WA0003-1.jpg 1720w\" sizes=\"(max-width: 1024px) 100vw, 1024px\" \/><\/figure>\n","protected":false},"excerpt":{"rendered":"<p>Atelier de percussions digitales \u00e0 destination des adultes : congas, djemb\u00e9s, bongos, cajons&#8230; Vous souhaitez d\u00e9couvrir la musique, les rythmes, la pratique d\u2019ensemble \u00e0 travers les percussions digitales, de mani\u00e8re ludique et dynamique. Vous \u00eates musicien ou n\u00e9ophyte? cet atelier est fait pour vous. Atelier destin\u00e9 aux adultes (+18 ans). D&rsquo;autres ateliers sont r\u00e9serv\u00e9s aux moins de 18 ans. Accessible dans le cadre du parcours global, inclus pour les \u00e9l\u00e8ves prenant un cours d&rsquo;instrument ou accessible en pratique seule. Mercredi&#8230;<\/p>\n<p class=\"read-more\"><a class=\"btn btn-default\" href=\"https:\/\/www.emdg-guilers.org\/index.php\/orchestres\/percussions-digitales-adultes\/\">Lire la suite<span class=\"screen-reader-text\"> Lire la suite<\/span><\/a><\/p>\n","protected":false},"author":3,"featured_media":0,"parent":46,"menu_order":0,"comment_status":"closed","ping_status":"closed","template":"","meta":{"footnotes":""},"yoast_head":"<!-- This site is optimized with the Yoast SEO plugin v22.4 - https:\/\/yoast.com\/wordpress\/plugins\/seo\/ -->\n<title>Djemka Percus adultes - Ecole de Musique, Danse &amp; Th\u00e9\u00e2tre de Guilers<\/title>\n<meta name=\"robots\" content=\"index, follow, max-snippet:-1, max-image-preview:large, max-video-preview:-1\" \/>\n<link rel=\"canonical\" href=\"https:\/\/www.emdg-guilers.org\/index.php\/orchestres\/percussions-digitales-adultes\/\" \/>\n<meta property=\"og:locale\" content=\"fr_FR\" \/>\n<meta property=\"og:type\" content=\"article\" \/>\n<meta property=\"og:title\" content=\"Djemka Percus adultes - Ecole de Musique, Danse &amp; Th\u00e9\u00e2tre de Guilers\" \/>\n<meta property=\"og:description\" content=\"Atelier de percussions digitales \u00e0 destination des adultes : congas, djemb\u00e9s, bongos, cajons&#8230; Vous souhaitez d\u00e9couvrir la musique, les rythmes, la pratique d\u2019ensemble \u00e0 travers les percussions digitales, de mani\u00e8re ludique et dynamique. Vous \u00eates musicien ou n\u00e9ophyte? cet atelier est fait pour vous. Atelier destin\u00e9 aux adultes (+18 ans). D&rsquo;autres ateliers sont r\u00e9serv\u00e9s aux moins de 18 ans. Accessible dans le cadre du parcours global, inclus pour les \u00e9l\u00e8ves prenant un cours d&rsquo;instrument ou accessible en pratique seule. Mercredi...Lire la suite Lire la suite\" \/>\n<meta property=\"og:url\" content=\"https:\/\/www.emdg-guilers.org\/index.php\/orchestres\/percussions-digitales-adultes\/\" \/>\n<meta property=\"og:site_name\" content=\"Ecole de Musique, Danse &amp; Th\u00e9\u00e2tre de Guilers\" \/>\n<meta property=\"article:publisher\" content=\"https:\/\/www.facebook.com\/Ecole-de-Musique-et-de-Danse-de-Guilers-480017765533016\/\" \/>\n<meta property=\"article:modified_time\" content=\"2025-07-08T08:36:22+00:00\" \/>\n<meta property=\"og:image\" content=\"https:\/\/www.emdg-guilers.org\/wp-content\/uploads\/2022\/09\/14-1024x1024.jpg\" \/>\n<meta name=\"twitter:card\" content=\"summary_large_image\" \/>\n<meta name=\"twitter:label1\" content=\"Dur\u00e9e de lecture estim\u00e9e\" \/>\n\t<meta name=\"twitter:data1\" content=\"1 minute\" \/>\n<script type=\"application\/ld+json\" class=\"yoast-schema-graph\">{\"@context\":\"https:\/\/schema.org\",\"@graph\":[{\"@type\":\"WebPage\",\"@id\":\"https:\/\/www.emdg-guilers.org\/index.php\/orchestres\/percussions-digitales-adultes\/\",\"url\":\"https:\/\/www.emdg-guilers.org\/index.php\/orchestres\/percussions-digitales-adultes\/\",\"name\":\"Djemka Percus adultes - Ecole de Musique, Danse &amp; Th\u00e9\u00e2tre de Guilers\",\"isPartOf\":{\"@id\":\"https:\/\/www.emdg-guilers.org\/#website\"},\"primaryImageOfPage\":{\"@id\":\"https:\/\/www.emdg-guilers.org\/index.php\/orchestres\/percussions-digitales-adultes\/#primaryimage\"},\"image\":{\"@id\":\"https:\/\/www.emdg-guilers.org\/index.php\/orchestres\/percussions-digitales-adultes\/#primaryimage\"},\"thumbnailUrl\":\"https:\/\/www.emdg-guilers.org\/wp-content\/uploads\/2022\/09\/14-1024x1024.jpg\",\"datePublished\":\"2017-05-30T14:48:46+00:00\",\"dateModified\":\"2025-07-08T08:36:22+00:00\",\"breadcrumb\":{\"@id\":\"https:\/\/www.emdg-guilers.org\/index.php\/orchestres\/percussions-digitales-adultes\/#breadcrumb\"},\"inLanguage\":\"fr-FR\",\"potentialAction\":[{\"@type\":\"ReadAction\",\"target\":[\"https:\/\/www.emdg-guilers.org\/index.php\/orchestres\/percussions-digitales-adultes\/\"]}]},{\"@type\":\"ImageObject\",\"inLanguage\":\"fr-FR\",\"@id\":\"https:\/\/www.emdg-guilers.org\/index.php\/orchestres\/percussions-digitales-adultes\/#primaryimage\",\"url\":\"https:\/\/www.emdg-guilers.org\/wp-content\/uploads\/2022\/09\/14.jpg\",\"contentUrl\":\"https:\/\/www.emdg-guilers.org\/wp-content\/uploads\/2022\/09\/14.jpg\",\"width\":1080,\"height\":1080},{\"@type\":\"BreadcrumbList\",\"@id\":\"https:\/\/www.emdg-guilers.org\/index.php\/orchestres\/percussions-digitales-adultes\/#breadcrumb\",\"itemListElement\":[{\"@type\":\"ListItem\",\"position\":1,\"name\":\"Accueil\",\"item\":\"https:\/\/www.emdg-guilers.org\/\"},{\"@type\":\"ListItem\",\"position\":2,\"name\":\"Jouer en groupe\",\"item\":\"https:\/\/www.emdg-guilers.org\/index.php\/orchestres\/\"},{\"@type\":\"ListItem\",\"position\":3,\"name\":\"Djemka Percus adultes\"}]},{\"@type\":\"WebSite\",\"@id\":\"https:\/\/www.emdg-guilers.org\/#website\",\"url\":\"https:\/\/www.emdg-guilers.org\/\",\"name\":\"Ecole de Musique et Danse de Guilers\",\"description\":\"Ecole associative, cours de musique, danse, th\u00e9\u00e2tre accessibles \u00e0 tous\",\"publisher\":{\"@id\":\"https:\/\/www.emdg-guilers.org\/#organization\"},\"potentialAction\":[{\"@type\":\"SearchAction\",\"target\":{\"@type\":\"EntryPoint\",\"urlTemplate\":\"https:\/\/www.emdg-guilers.org\/?s={search_term_string}\"},\"query-input\":\"required name=search_term_string\"}],\"inLanguage\":\"fr-FR\"},{\"@type\":\"Organization\",\"@id\":\"https:\/\/www.emdg-guilers.org\/#organization\",\"name\":\"Ecole de Musique et de Danse\",\"url\":\"https:\/\/www.emdg-guilers.org\/\",\"logo\":{\"@type\":\"ImageObject\",\"inLanguage\":\"fr-FR\",\"@id\":\"https:\/\/www.emdg-guilers.org\/#\/schema\/logo\/image\/\",\"url\":\"https:\/\/www.emdg-guilers.org\/wp-content\/uploads\/2016\/06\/logo2014.jpg\",\"contentUrl\":\"https:\/\/www.emdg-guilers.org\/wp-content\/uploads\/2016\/06\/logo2014.jpg\",\"width\":214,\"height\":116,\"caption\":\"Ecole de Musique et de Danse\"},\"image\":{\"@id\":\"https:\/\/www.emdg-guilers.org\/#\/schema\/logo\/image\/\"},\"sameAs\":[\"https:\/\/www.facebook.com\/Ecole-de-Musique-et-de-Danse-de-Guilers-480017765533016\/\"]}]}<\/script>\n<!-- \/ Yoast SEO plugin. -->","yoast_head_json":{"title":"Djemka Percus adultes - Ecole de Musique, Danse &amp; Th\u00e9\u00e2tre de Guilers","robots":{"index":"index","follow":"follow","max-snippet":"max-snippet:-1","max-image-preview":"max-image-preview:large","max-video-preview":"max-video-preview:-1"},"canonical":"https:\/\/www.emdg-guilers.org\/index.php\/orchestres\/percussions-digitales-adultes\/","og_locale":"fr_FR","og_type":"article","og_title":"Djemka Percus adultes - Ecole de Musique, Danse &amp; Th\u00e9\u00e2tre de Guilers","og_description":"Atelier de percussions digitales \u00e0 destination des adultes : congas, djemb\u00e9s, bongos, cajons&#8230; Vous souhaitez d\u00e9couvrir la musique, les rythmes, la pratique d\u2019ensemble \u00e0 travers les percussions digitales, de mani\u00e8re ludique et dynamique. Vous \u00eates musicien ou n\u00e9ophyte? cet atelier est fait pour vous. Atelier destin\u00e9 aux adultes (+18 ans). D&rsquo;autres ateliers sont r\u00e9serv\u00e9s aux moins de 18 ans. Accessible dans le cadre du parcours global, inclus pour les \u00e9l\u00e8ves prenant un cours d&rsquo;instrument ou accessible en pratique seule. Mercredi...Lire la suite Lire la suite","og_url":"https:\/\/www.emdg-guilers.org\/index.php\/orchestres\/percussions-digitales-adultes\/","og_site_name":"Ecole de Musique, Danse &amp; Th\u00e9\u00e2tre de Guilers","article_publisher":"https:\/\/www.facebook.com\/Ecole-de-Musique-et-de-Danse-de-Guilers-480017765533016\/","article_modified_time":"2025-07-08T08:36:22+00:00","og_image":[{"url":"https:\/\/www.emdg-guilers.org\/wp-content\/uploads\/2022\/09\/14-1024x1024.jpg"}],"twitter_card":"summary_large_image","twitter_misc":{"Dur\u00e9e de lecture estim\u00e9e":"1 minute"},"schema":{"@context":"https:\/\/schema.org","@graph":[{"@type":"WebPage","@id":"https:\/\/www.emdg-guilers.org\/index.php\/orchestres\/percussions-digitales-adultes\/","url":"https:\/\/www.emdg-guilers.org\/index.php\/orchestres\/percussions-digitales-adultes\/","name":"Djemka Percus adultes - Ecole de Musique, Danse &amp; Th\u00e9\u00e2tre de Guilers","isPartOf":{"@id":"https:\/\/www.emdg-guilers.org\/#website"},"primaryImageOfPage":{"@id":"https:\/\/www.emdg-guilers.org\/index.php\/orchestres\/percussions-digitales-adultes\/#primaryimage"},"image":{"@id":"https:\/\/www.emdg-guilers.org\/index.php\/orchestres\/percussions-digitales-adultes\/#primaryimage"},"thumbnailUrl":"https:\/\/www.emdg-guilers.org\/wp-content\/uploads\/2022\/09\/14-1024x1024.jpg","datePublished":"2017-05-30T14:48:46+00:00","dateModified":"2025-07-08T08:36:22+00:00","breadcrumb":{"@id":"https:\/\/www.emdg-guilers.org\/index.php\/orchestres\/percussions-digitales-adultes\/#breadcrumb"},"inLanguage":"fr-FR","potentialAction":[{"@type":"ReadAction","target":["https:\/\/www.emdg-guilers.org\/index.php\/orchestres\/percussions-digitales-adultes\/"]}]},{"@type":"ImageObject","inLanguage":"fr-FR","@id":"https:\/\/www.emdg-guilers.org\/index.php\/orchestres\/percussions-digitales-adultes\/#primaryimage","url":"https:\/\/www.emdg-guilers.org\/wp-content\/uploads\/2022\/09\/14.jpg","contentUrl":"https:\/\/www.emdg-guilers.org\/wp-content\/uploads\/2022\/09\/14.jpg","width":1080,"height":1080},{"@type":"BreadcrumbList","@id":"https:\/\/www.emdg-guilers.org\/index.php\/orchestres\/percussions-digitales-adultes\/#breadcrumb","itemListElement":[{"@type":"ListItem","position":1,"name":"Accueil","item":"https:\/\/www.emdg-guilers.org\/"},{"@type":"ListItem","position":2,"name":"Jouer en groupe","item":"https:\/\/www.emdg-guilers.org\/index.php\/orchestres\/"},{"@type":"ListItem","position":3,"name":"Djemka Percus adultes"}]},{"@type":"WebSite","@id":"https:\/\/www.emdg-guilers.org\/#website","url":"https:\/\/www.emdg-guilers.org\/","name":"Ecole de Musique et Danse de Guilers","description":"Ecole associative, cours de musique, danse, th\u00e9\u00e2tre accessibles \u00e0 tous","publisher":{"@id":"https:\/\/www.emdg-guilers.org\/#organization"},"potentialAction":[{"@type":"SearchAction","target":{"@type":"EntryPoint","urlTemplate":"https:\/\/www.emdg-guilers.org\/?s={search_term_string}"},"query-input":"required name=search_term_string"}],"inLanguage":"fr-FR"},{"@type":"Organization","@id":"https:\/\/www.emdg-guilers.org\/#organization","name":"Ecole de Musique et de Danse","url":"https:\/\/www.emdg-guilers.org\/","logo":{"@type":"ImageObject","inLanguage":"fr-FR","@id":"https:\/\/www.emdg-guilers.org\/#\/schema\/logo\/image\/","url":"https:\/\/www.emdg-guilers.org\/wp-content\/uploads\/2016\/06\/logo2014.jpg","contentUrl":"https:\/\/www.emdg-guilers.org\/wp-content\/uploads\/2016\/06\/logo2014.jpg","width":214,"height":116,"caption":"Ecole de Musique et de Danse"},"image":{"@id":"https:\/\/www.emdg-guilers.org\/#\/schema\/logo\/image\/"},"sameAs":["https:\/\/www.facebook.com\/Ecole-de-Musique-et-de-Danse-de-Guilers-480017765533016\/"]}]}},"_links":{"self":[{"href":"https:\/\/www.emdg-guilers.org\/index.php\/wp-json\/wp\/v2\/pages\/815"}],"collection":[{"href":"https:\/\/www.emdg-guilers.org\/index.php\/wp-json\/wp\/v2\/pages"}],"about":[{"href":"https:\/\/www.emdg-guilers.org\/index.php\/wp-json\/wp\/v2\/types\/page"}],"author":[{"embeddable":true,"href":"https:\/\/www.emdg-guilers.org\/index.php\/wp-json\/wp\/v2\/users\/3"}],"replies":[{"embeddable":true,"href":"https:\/\/www.emdg-guilers.org\/index.php\/wp-json\/wp\/v2\/comments?post=815"}],"version-history":[{"count":17,"href":"https:\/\/www.emdg-guilers.org\/index.php\/wp-json\/wp\/v2\/pages\/815\/revisions"}],"predecessor-version":[{"id":4735,"href":"https:\/\/www.emdg-guilers.org\/index.php\/wp-json\/wp\/v2\/pages\/815\/revisions\/4735"}],"up":[{"embeddable":true,"href":"https:\/\/www.emdg-guilers.org\/index.php\/wp-json\/wp\/v2\/pages\/46"}],"wp:attachment":[{"href":"https:\/\/www.emdg-guilers.org\/index.php\/wp-json\/wp\/v2\/media?parent=815"}],"curies":[{"name":"wp","href":"https:\/\/api.w.org\/{rel}","templated":true}]}}