{"id":821,"date":"2017-05-30T17:08:37","date_gmt":"2017-05-30T15:08:37","guid":{"rendered":"http:\/\/www.emdg-guilers.org\/?page_id=821"},"modified":"2025-07-08T10:31:18","modified_gmt":"2025-07-08T08:31:18","slug":"parcours-decouverte-instrumentale","status":"publish","type":"page","link":"https:\/\/www.emdg-guilers.org\/index.php\/musique\/parcours-decouverte-instrumentale\/","title":{"rendered":"2-Parcours D\u00e9couverte Instrumentale (6-7 ans (CP-CE1)"},"content":{"rendered":"<p>Le <a href=\"https:\/\/www.emdg-guilers.org\/wp-content\/uploads\/2024\/04\/3.jpg\">PDI (Parcours D\u00e9couverte Instrumentale)<\/a> est destin\u00e9 aux enfants de 6 ans \u00e0 7 ans qui n&rsquo;ont pas encore choisi leur instrument ! (CP-CE1)<\/p>\n<p>Lors d&rsquo;un atelier de 45 min, avec Val\u00e9rie Courant, DUMISTE (dipl\u00f4me universitaire de musicienne intervenante) les enfants vont d\u00e9couvrir, tout au long de l&rsquo;ann\u00e9e, les familles d&rsquo;instruments et une dizaine d&rsquo;instruments au total. Ils pourront tester, exp\u00e9rimenter, toucher, ressentir le contact avec diff\u00e9rents instruments afin d&rsquo;affiner leur choix pour les ann\u00e9es \u00e0 venir. Les enfants pourront disposer du pr\u00eat d&rsquo;un carillon, adapt\u00e9 \u00e0 leur \u00e2ge et sur lequel ils vont pouvoir s&rsquo;exercer.<\/p>\n<p>Suite des ateliers d&rsquo;\u00e9veil, cet atelier vise \u00e0 sensibiliser les \u00e9l\u00e8ves aux notions qui composent le langage musical ainsi qu\u2019\u00e0 la cr\u00e9ation sonore et collective en utilisant diff\u00e9rents instruments : percussions (batterie, cajon, petites percus du monde), instruments m\u00e9lodiques (fl\u00fbtes, trompette, violon, clarinette, saxophone&#8230;), harmoniques (guitare, accord\u00e9on, piano&#8230;) et divers objets sonores. Cet atelier est un tremplin vers la formation musicale et la pratique collective pour les ann\u00e9es \u00e0 suivre.<\/p>\n<p><strong style=\"color: inherit; font-size: 1.95em;\">Horaires 2025-26 :\u00a0<\/strong><\/p>\n<table style=\"height: 302px;\" width=\"795\">\n<tbody>\n<tr>\n<td width=\"97\">\n<p><strong>Nom du cours<\/strong><\/p>\n<\/td>\n<td width=\"74\">\n<p><strong>Prof<\/strong><\/p>\n<\/td>\n<td width=\"81\">\n<p><strong>Jour<\/strong><\/p>\n<\/td>\n<td width=\"85\">\n<p><strong>Horaire<\/strong><\/p>\n<\/td>\n<td width=\"67\">\n<p><strong>Salle<\/strong><\/p>\n<\/td>\n<td width=\"141\">\n<p><strong>Correspondance \u00e2ge \/ classe \u00e9l\u00e8ves<\/strong><\/p>\n<\/td>\n<td width=\"73\">\u00a0<\/td>\n<\/tr>\n<tr>\n<td width=\"97\">\n<p><a href=\"https:\/\/www.emdg-guilers.org\/wp-content\/uploads\/2024\/04\/3.jpg\">PDI<\/a><\/p>\n<\/td>\n<td width=\"74\">\n<p>Val\u00e9rie<\/p>\n<\/td>\n<td width=\"81\">\n<p>Mardi<\/p>\n<\/td>\n<td width=\"85\">\n<p>18h15-19h<\/p>\n<\/td>\n<td width=\"67\">\n<p>Salle d\u2019\u00e9veil<\/p>\n<\/td>\n<td width=\"141\">\n<p>CP-CE1 (savoir lire, pas de GS) \u2013 6 enfants max.<\/p>\n<\/td>\n<td width=\"73\">\u00a0<\/td>\n<\/tr>\n<tr>\n<td width=\"97\">\u00a0<\/td>\n<td width=\"74\">\u00a0<\/td>\n<td width=\"81\">\u00a0<\/td>\n<td width=\"85\">\u00a0<\/td>\n<td width=\"67\">\u00a0<\/td>\n<td width=\"141\">\u00a0<\/td>\n<td width=\"73\">\u00a0<\/td>\n<\/tr>\n<\/tbody>\n<\/table>\n\n<div class=\"wp-block-image\">\n<figure class=\"aligncenter size-large\"><img loading=\"lazy\" decoding=\"async\" width=\"579\" height=\"432\" src=\"https:\/\/www.emdg-guilers.org\/wp-content\/uploads\/2022\/05\/valerie-pdi.jpg\" alt=\"\" class=\"wp-image-3115\" srcset=\"https:\/\/www.emdg-guilers.org\/wp-content\/uploads\/2022\/05\/valerie-pdi.jpg 579w, https:\/\/www.emdg-guilers.org\/wp-content\/uploads\/2022\/05\/valerie-pdi-300x224.jpg 300w, https:\/\/www.emdg-guilers.org\/wp-content\/uploads\/2022\/05\/valerie-pdi-362x270.jpg 362w\" sizes=\"(max-width: 579px) 100vw, 579px\" \/><figcaption class=\"wp-element-caption\">Intervention d&rsquo;un \u00ab\u00a0grand\u00a0\u00bb \u00e9l\u00e8ve de clarinette aupr\u00e8s des plus petits. Pr\u00e9sentation de son instrument.<\/figcaption><\/figure><\/div>\n\n\n<figure class=\"wp-block-embed is-type-video is-provider-youtube wp-block-embed-youtube wp-embed-aspect-16-9 wp-has-aspect-ratio\"><div class=\"wp-block-embed__wrapper\">\n<iframe loading=\"lazy\" title=\"Parcours D\u00e9couverte Instrumentale \u00e0 l&#039;EMDG\" width=\"640\" height=\"360\" src=\"https:\/\/www.youtube.com\/embed\/9dIQPH9QZgM?feature=oembed\" frameborder=\"0\" allow=\"accelerometer; autoplay; clipboard-write; encrypted-media; gyroscope; picture-in-picture; web-share\" referrerpolicy=\"strict-origin-when-cross-origin\" allowfullscreen><\/iframe>\n<\/div><\/figure>\n\n\n\n<figure class=\"wp-block-image size-large is-resized\"><img loading=\"lazy\" decoding=\"async\" width=\"1024\" height=\"1024\" src=\"https:\/\/www.emdg-guilers.org\/wp-content\/uploads\/2022\/09\/28-1024x1024.jpg\" alt=\"\" class=\"wp-image-3174\" style=\"width:243px;height:auto\" srcset=\"https:\/\/www.emdg-guilers.org\/wp-content\/uploads\/2022\/09\/28-1024x1024.jpg 1024w, https:\/\/www.emdg-guilers.org\/wp-content\/uploads\/2022\/09\/28-300x300.jpg 300w, https:\/\/www.emdg-guilers.org\/wp-content\/uploads\/2022\/09\/28-150x150.jpg 150w, https:\/\/www.emdg-guilers.org\/wp-content\/uploads\/2022\/09\/28-768x768.jpg 768w, https:\/\/www.emdg-guilers.org\/wp-content\/uploads\/2022\/09\/28-270x270.jpg 270w, https:\/\/www.emdg-guilers.org\/wp-content\/uploads\/2022\/09\/28.jpg 1080w\" sizes=\"(max-width: 1024px) 100vw, 1024px\" \/><\/figure>\n","protected":false},"excerpt":{"rendered":"<p>Le PDI (Parcours D\u00e9couverte Instrumentale) est destin\u00e9 aux enfants de 6 ans \u00e0 7 ans qui n&rsquo;ont pas encore choisi leur instrument ! (CP-CE1) Lors d&rsquo;un atelier de 45 min, avec Val\u00e9rie Courant, DUMISTE (dipl\u00f4me universitaire de musicienne intervenante) les enfants vont d\u00e9couvrir, tout au long de l&rsquo;ann\u00e9e, les familles d&rsquo;instruments et une dizaine d&rsquo;instruments au total. Ils pourront tester, exp\u00e9rimenter, toucher, ressentir le contact avec diff\u00e9rents instruments afin d&rsquo;affiner leur choix pour les ann\u00e9es \u00e0 venir. Les enfants pourront&#8230;<\/p>\n<p class=\"read-more\"><a class=\"btn btn-default\" href=\"https:\/\/www.emdg-guilers.org\/index.php\/musique\/parcours-decouverte-instrumentale\/\">Lire la suite<span class=\"screen-reader-text\"> Lire la suite<\/span><\/a><\/p>\n","protected":false},"author":3,"featured_media":0,"parent":252,"menu_order":0,"comment_status":"closed","ping_status":"closed","template":"","meta":{"footnotes":""},"yoast_head":"<!-- This site is optimized with the Yoast SEO plugin v22.4 - https:\/\/yoast.com\/wordpress\/plugins\/seo\/ -->\n<title>2-Parcours D\u00e9couverte Instrumentale (6-7 ans (CP-CE1) - Ecole de Musique, Danse &amp; Th\u00e9\u00e2tre de Guilers<\/title>\n<meta name=\"robots\" content=\"index, follow, max-snippet:-1, max-image-preview:large, max-video-preview:-1\" \/>\n<link rel=\"canonical\" href=\"https:\/\/www.emdg-guilers.org\/index.php\/musique\/parcours-decouverte-instrumentale\/\" \/>\n<meta property=\"og:locale\" content=\"fr_FR\" \/>\n<meta property=\"og:type\" content=\"article\" \/>\n<meta property=\"og:title\" content=\"2-Parcours D\u00e9couverte Instrumentale (6-7 ans (CP-CE1) - Ecole de Musique, Danse &amp; Th\u00e9\u00e2tre de Guilers\" \/>\n<meta property=\"og:description\" content=\"Le PDI (Parcours D\u00e9couverte Instrumentale) est destin\u00e9 aux enfants de 6 ans \u00e0 7 ans qui n&rsquo;ont pas encore choisi leur instrument ! (CP-CE1) Lors d&rsquo;un atelier de 45 min, avec Val\u00e9rie Courant, DUMISTE (dipl\u00f4me universitaire de musicienne intervenante) les enfants vont d\u00e9couvrir, tout au long de l&rsquo;ann\u00e9e, les familles d&rsquo;instruments et une dizaine d&rsquo;instruments au total. Ils pourront tester, exp\u00e9rimenter, toucher, ressentir le contact avec diff\u00e9rents instruments afin d&rsquo;affiner leur choix pour les ann\u00e9es \u00e0 venir. Les enfants pourront...Lire la suite Lire la suite\" \/>\n<meta property=\"og:url\" content=\"https:\/\/www.emdg-guilers.org\/index.php\/musique\/parcours-decouverte-instrumentale\/\" \/>\n<meta property=\"og:site_name\" content=\"Ecole de Musique, Danse &amp; Th\u00e9\u00e2tre de Guilers\" \/>\n<meta property=\"article:publisher\" content=\"https:\/\/www.facebook.com\/Ecole-de-Musique-et-de-Danse-de-Guilers-480017765533016\/\" \/>\n<meta property=\"article:modified_time\" content=\"2025-07-08T08:31:18+00:00\" \/>\n<meta property=\"og:image\" content=\"https:\/\/www.emdg-guilers.org\/wp-content\/uploads\/2022\/05\/valerie-pdi.jpg\" \/>\n<meta name=\"twitter:card\" content=\"summary_large_image\" \/>\n<meta name=\"twitter:label1\" content=\"Dur\u00e9e de lecture estim\u00e9e\" \/>\n\t<meta name=\"twitter:data1\" content=\"2 minutes\" \/>\n<script type=\"application\/ld+json\" class=\"yoast-schema-graph\">{\"@context\":\"https:\/\/schema.org\",\"@graph\":[{\"@type\":\"WebPage\",\"@id\":\"https:\/\/www.emdg-guilers.org\/index.php\/musique\/parcours-decouverte-instrumentale\/\",\"url\":\"https:\/\/www.emdg-guilers.org\/index.php\/musique\/parcours-decouverte-instrumentale\/\",\"name\":\"2-Parcours D\u00e9couverte Instrumentale (6-7 ans (CP-CE1) - Ecole de Musique, Danse &amp; Th\u00e9\u00e2tre de Guilers\",\"isPartOf\":{\"@id\":\"https:\/\/www.emdg-guilers.org\/#website\"},\"primaryImageOfPage\":{\"@id\":\"https:\/\/www.emdg-guilers.org\/index.php\/musique\/parcours-decouverte-instrumentale\/#primaryimage\"},\"image\":{\"@id\":\"https:\/\/www.emdg-guilers.org\/index.php\/musique\/parcours-decouverte-instrumentale\/#primaryimage\"},\"thumbnailUrl\":\"https:\/\/www.emdg-guilers.org\/wp-content\/uploads\/2022\/05\/valerie-pdi.jpg\",\"datePublished\":\"2017-05-30T15:08:37+00:00\",\"dateModified\":\"2025-07-08T08:31:18+00:00\",\"breadcrumb\":{\"@id\":\"https:\/\/www.emdg-guilers.org\/index.php\/musique\/parcours-decouverte-instrumentale\/#breadcrumb\"},\"inLanguage\":\"fr-FR\",\"potentialAction\":[{\"@type\":\"ReadAction\",\"target\":[\"https:\/\/www.emdg-guilers.org\/index.php\/musique\/parcours-decouverte-instrumentale\/\"]}]},{\"@type\":\"ImageObject\",\"inLanguage\":\"fr-FR\",\"@id\":\"https:\/\/www.emdg-guilers.org\/index.php\/musique\/parcours-decouverte-instrumentale\/#primaryimage\",\"url\":\"https:\/\/www.emdg-guilers.org\/wp-content\/uploads\/2022\/05\/valerie-pdi.jpg\",\"contentUrl\":\"https:\/\/www.emdg-guilers.org\/wp-content\/uploads\/2022\/05\/valerie-pdi.jpg\",\"width\":579,\"height\":432},{\"@type\":\"BreadcrumbList\",\"@id\":\"https:\/\/www.emdg-guilers.org\/index.php\/musique\/parcours-decouverte-instrumentale\/#breadcrumb\",\"itemListElement\":[{\"@type\":\"ListItem\",\"position\":1,\"name\":\"Accueil\",\"item\":\"https:\/\/www.emdg-guilers.org\/\"},{\"@type\":\"ListItem\",\"position\":2,\"name\":\"Musique\",\"item\":\"https:\/\/www.emdg-guilers.org\/index.php\/musique\/\"},{\"@type\":\"ListItem\",\"position\":3,\"name\":\"2-Parcours D\u00e9couverte Instrumentale (6-7 ans (CP-CE1)\"}]},{\"@type\":\"WebSite\",\"@id\":\"https:\/\/www.emdg-guilers.org\/#website\",\"url\":\"https:\/\/www.emdg-guilers.org\/\",\"name\":\"Ecole de Musique et Danse de Guilers\",\"description\":\"Ecole associative, cours de musique, danse, th\u00e9\u00e2tre accessibles \u00e0 tous\",\"publisher\":{\"@id\":\"https:\/\/www.emdg-guilers.org\/#organization\"},\"potentialAction\":[{\"@type\":\"SearchAction\",\"target\":{\"@type\":\"EntryPoint\",\"urlTemplate\":\"https:\/\/www.emdg-guilers.org\/?s={search_term_string}\"},\"query-input\":\"required name=search_term_string\"}],\"inLanguage\":\"fr-FR\"},{\"@type\":\"Organization\",\"@id\":\"https:\/\/www.emdg-guilers.org\/#organization\",\"name\":\"Ecole de Musique et de Danse\",\"url\":\"https:\/\/www.emdg-guilers.org\/\",\"logo\":{\"@type\":\"ImageObject\",\"inLanguage\":\"fr-FR\",\"@id\":\"https:\/\/www.emdg-guilers.org\/#\/schema\/logo\/image\/\",\"url\":\"https:\/\/www.emdg-guilers.org\/wp-content\/uploads\/2016\/06\/logo2014.jpg\",\"contentUrl\":\"https:\/\/www.emdg-guilers.org\/wp-content\/uploads\/2016\/06\/logo2014.jpg\",\"width\":214,\"height\":116,\"caption\":\"Ecole de Musique et de Danse\"},\"image\":{\"@id\":\"https:\/\/www.emdg-guilers.org\/#\/schema\/logo\/image\/\"},\"sameAs\":[\"https:\/\/www.facebook.com\/Ecole-de-Musique-et-de-Danse-de-Guilers-480017765533016\/\"]}]}<\/script>\n<!-- \/ Yoast SEO plugin. -->","yoast_head_json":{"title":"2-Parcours D\u00e9couverte Instrumentale (6-7 ans (CP-CE1) - Ecole de Musique, Danse &amp; Th\u00e9\u00e2tre de Guilers","robots":{"index":"index","follow":"follow","max-snippet":"max-snippet:-1","max-image-preview":"max-image-preview:large","max-video-preview":"max-video-preview:-1"},"canonical":"https:\/\/www.emdg-guilers.org\/index.php\/musique\/parcours-decouverte-instrumentale\/","og_locale":"fr_FR","og_type":"article","og_title":"2-Parcours D\u00e9couverte Instrumentale (6-7 ans (CP-CE1) - Ecole de Musique, Danse &amp; Th\u00e9\u00e2tre de Guilers","og_description":"Le PDI (Parcours D\u00e9couverte Instrumentale) est destin\u00e9 aux enfants de 6 ans \u00e0 7 ans qui n&rsquo;ont pas encore choisi leur instrument ! (CP-CE1) Lors d&rsquo;un atelier de 45 min, avec Val\u00e9rie Courant, DUMISTE (dipl\u00f4me universitaire de musicienne intervenante) les enfants vont d\u00e9couvrir, tout au long de l&rsquo;ann\u00e9e, les familles d&rsquo;instruments et une dizaine d&rsquo;instruments au total. Ils pourront tester, exp\u00e9rimenter, toucher, ressentir le contact avec diff\u00e9rents instruments afin d&rsquo;affiner leur choix pour les ann\u00e9es \u00e0 venir. Les enfants pourront...Lire la suite Lire la suite","og_url":"https:\/\/www.emdg-guilers.org\/index.php\/musique\/parcours-decouverte-instrumentale\/","og_site_name":"Ecole de Musique, Danse &amp; Th\u00e9\u00e2tre de Guilers","article_publisher":"https:\/\/www.facebook.com\/Ecole-de-Musique-et-de-Danse-de-Guilers-480017765533016\/","article_modified_time":"2025-07-08T08:31:18+00:00","og_image":[{"url":"https:\/\/www.emdg-guilers.org\/wp-content\/uploads\/2022\/05\/valerie-pdi.jpg"}],"twitter_card":"summary_large_image","twitter_misc":{"Dur\u00e9e de lecture estim\u00e9e":"2 minutes"},"schema":{"@context":"https:\/\/schema.org","@graph":[{"@type":"WebPage","@id":"https:\/\/www.emdg-guilers.org\/index.php\/musique\/parcours-decouverte-instrumentale\/","url":"https:\/\/www.emdg-guilers.org\/index.php\/musique\/parcours-decouverte-instrumentale\/","name":"2-Parcours D\u00e9couverte Instrumentale (6-7 ans (CP-CE1) - Ecole de Musique, Danse &amp; Th\u00e9\u00e2tre de Guilers","isPartOf":{"@id":"https:\/\/www.emdg-guilers.org\/#website"},"primaryImageOfPage":{"@id":"https:\/\/www.emdg-guilers.org\/index.php\/musique\/parcours-decouverte-instrumentale\/#primaryimage"},"image":{"@id":"https:\/\/www.emdg-guilers.org\/index.php\/musique\/parcours-decouverte-instrumentale\/#primaryimage"},"thumbnailUrl":"https:\/\/www.emdg-guilers.org\/wp-content\/uploads\/2022\/05\/valerie-pdi.jpg","datePublished":"2017-05-30T15:08:37+00:00","dateModified":"2025-07-08T08:31:18+00:00","breadcrumb":{"@id":"https:\/\/www.emdg-guilers.org\/index.php\/musique\/parcours-decouverte-instrumentale\/#breadcrumb"},"inLanguage":"fr-FR","potentialAction":[{"@type":"ReadAction","target":["https:\/\/www.emdg-guilers.org\/index.php\/musique\/parcours-decouverte-instrumentale\/"]}]},{"@type":"ImageObject","inLanguage":"fr-FR","@id":"https:\/\/www.emdg-guilers.org\/index.php\/musique\/parcours-decouverte-instrumentale\/#primaryimage","url":"https:\/\/www.emdg-guilers.org\/wp-content\/uploads\/2022\/05\/valerie-pdi.jpg","contentUrl":"https:\/\/www.emdg-guilers.org\/wp-content\/uploads\/2022\/05\/valerie-pdi.jpg","width":579,"height":432},{"@type":"BreadcrumbList","@id":"https:\/\/www.emdg-guilers.org\/index.php\/musique\/parcours-decouverte-instrumentale\/#breadcrumb","itemListElement":[{"@type":"ListItem","position":1,"name":"Accueil","item":"https:\/\/www.emdg-guilers.org\/"},{"@type":"ListItem","position":2,"name":"Musique","item":"https:\/\/www.emdg-guilers.org\/index.php\/musique\/"},{"@type":"ListItem","position":3,"name":"2-Parcours D\u00e9couverte Instrumentale (6-7 ans (CP-CE1)"}]},{"@type":"WebSite","@id":"https:\/\/www.emdg-guilers.org\/#website","url":"https:\/\/www.emdg-guilers.org\/","name":"Ecole de Musique et Danse de Guilers","description":"Ecole associative, cours de musique, danse, th\u00e9\u00e2tre accessibles \u00e0 tous","publisher":{"@id":"https:\/\/www.emdg-guilers.org\/#organization"},"potentialAction":[{"@type":"SearchAction","target":{"@type":"EntryPoint","urlTemplate":"https:\/\/www.emdg-guilers.org\/?s={search_term_string}"},"query-input":"required name=search_term_string"}],"inLanguage":"fr-FR"},{"@type":"Organization","@id":"https:\/\/www.emdg-guilers.org\/#organization","name":"Ecole de Musique et de Danse","url":"https:\/\/www.emdg-guilers.org\/","logo":{"@type":"ImageObject","inLanguage":"fr-FR","@id":"https:\/\/www.emdg-guilers.org\/#\/schema\/logo\/image\/","url":"https:\/\/www.emdg-guilers.org\/wp-content\/uploads\/2016\/06\/logo2014.jpg","contentUrl":"https:\/\/www.emdg-guilers.org\/wp-content\/uploads\/2016\/06\/logo2014.jpg","width":214,"height":116,"caption":"Ecole de Musique et de Danse"},"image":{"@id":"https:\/\/www.emdg-guilers.org\/#\/schema\/logo\/image\/"},"sameAs":["https:\/\/www.facebook.com\/Ecole-de-Musique-et-de-Danse-de-Guilers-480017765533016\/"]}]}},"_links":{"self":[{"href":"https:\/\/www.emdg-guilers.org\/index.php\/wp-json\/wp\/v2\/pages\/821"}],"collection":[{"href":"https:\/\/www.emdg-guilers.org\/index.php\/wp-json\/wp\/v2\/pages"}],"about":[{"href":"https:\/\/www.emdg-guilers.org\/index.php\/wp-json\/wp\/v2\/types\/page"}],"author":[{"embeddable":true,"href":"https:\/\/www.emdg-guilers.org\/index.php\/wp-json\/wp\/v2\/users\/3"}],"replies":[{"embeddable":true,"href":"https:\/\/www.emdg-guilers.org\/index.php\/wp-json\/wp\/v2\/comments?post=821"}],"version-history":[{"count":68,"href":"https:\/\/www.emdg-guilers.org\/index.php\/wp-json\/wp\/v2\/pages\/821\/revisions"}],"predecessor-version":[{"id":4730,"href":"https:\/\/www.emdg-guilers.org\/index.php\/wp-json\/wp\/v2\/pages\/821\/revisions\/4730"}],"up":[{"embeddable":true,"href":"https:\/\/www.emdg-guilers.org\/index.php\/wp-json\/wp\/v2\/pages\/252"}],"wp:attachment":[{"href":"https:\/\/www.emdg-guilers.org\/index.php\/wp-json\/wp\/v2\/media?parent=821"}],"curies":[{"name":"wp","href":"https:\/\/api.w.org\/{rel}","templated":true}]}}