{"id":845,"date":"2017-05-30T17:43:43","date_gmt":"2017-05-30T15:43:43","guid":{"rendered":"http:\/\/www.emdg-guilers.org\/?page_id=845"},"modified":"2018-10-19T09:17:05","modified_gmt":"2018-10-19T07:17:05","slug":"tin-whistle-flute-irlandaise","status":"publish","type":"page","link":"https:\/\/www.emdg-guilers.org\/index.php\/musique\/instruments\/tin-whistle-flute-irlandaise\/","title":{"rendered":"Tin Whistle (fl\u00fbte irlandaise)"},"content":{"rendered":"<p>Le <b>tin whistle<\/b>, aussi appel\u00e9 <i>fl\u00fbte irlandaise<\/i>, est un instrument \u00e0 vent de type bois. Il s\u2019agit d&rsquo;une fl\u00fbte droite \u00e0 six trous, g\u00e9n\u00e9ralement en m\u00e9tal et couramment utilis\u00e9e dans la musique des \u00eeles Britanniques (Angleterre, \u00c9cosse, Pays de Galles et Irlande). Sa conception se rapproche de celle du flageolet et de la fl\u00fbte \u00e0 bec. Un joueur de tin whistle est appel\u00e9 <i>tin whistler<\/i> ou simplement <i>whistler<\/i> dans la langue du pays d&rsquo;origine.<\/p>\n<p><em>Cours le\u00a0lundi ou le jeudi avec Christophe Perves.<\/em><em><br \/>\n<\/em><\/p>\n<p>&nbsp;<\/p>\n<p><img loading=\"lazy\" decoding=\"async\" class=\"aligncenter size-full wp-image-349\" src=\"http:\/\/www.emdg-guilers.org\/wp-content\/uploads\/2016\/09\/ChristophePerves.jpg\" alt=\"\" width=\"300\" height=\"300\" srcset=\"https:\/\/www.emdg-guilers.org\/wp-content\/uploads\/2016\/09\/ChristophePerves.jpg 300w, https:\/\/www.emdg-guilers.org\/wp-content\/uploads\/2016\/09\/ChristophePerves-150x150.jpg 150w, https:\/\/www.emdg-guilers.org\/wp-content\/uploads\/2016\/09\/ChristophePerves-270x270.jpg 270w\" sizes=\"(max-width: 300px) 100vw, 300px\" \/><\/p>\n","protected":false},"excerpt":{"rendered":"<p>Le tin whistle, aussi appel\u00e9 fl\u00fbte irlandaise, est un instrument \u00e0 vent de type bois. Il s\u2019agit d&rsquo;une fl\u00fbte droite \u00e0 six trous, g\u00e9n\u00e9ralement en m\u00e9tal et couramment utilis\u00e9e dans la musique des \u00eeles Britanniques (Angleterre, \u00c9cosse, Pays de Galles et Irlande). Sa conception se rapproche de celle du flageolet et de la fl\u00fbte \u00e0 bec. Un joueur de tin whistle est appel\u00e9 tin whistler ou simplement whistler dans la langue du pays d&rsquo;origine. Cours le\u00a0lundi ou le jeudi avec&#8230;<\/p>\n<p class=\"read-more\"><a class=\"btn btn-default\" href=\"https:\/\/www.emdg-guilers.org\/index.php\/musique\/instruments\/tin-whistle-flute-irlandaise\/\">Lire la suite<span class=\"screen-reader-text\"> Lire la suite<\/span><\/a><\/p>\n","protected":false},"author":3,"featured_media":0,"parent":14,"menu_order":0,"comment_status":"closed","ping_status":"closed","template":"","meta":{"footnotes":""},"yoast_head":"<!-- This site is optimized with the Yoast SEO plugin v22.4 - https:\/\/yoast.com\/wordpress\/plugins\/seo\/ -->\n<title>Tin Whistle (fl\u00fbte irlandaise) - Ecole de Musique, Danse &amp; Th\u00e9\u00e2tre de Guilers<\/title>\n<meta name=\"robots\" content=\"index, follow, max-snippet:-1, max-image-preview:large, max-video-preview:-1\" \/>\n<link rel=\"canonical\" href=\"https:\/\/www.emdg-guilers.org\/index.php\/musique\/instruments\/tin-whistle-flute-irlandaise\/\" \/>\n<meta property=\"og:locale\" content=\"fr_FR\" \/>\n<meta property=\"og:type\" content=\"article\" \/>\n<meta property=\"og:title\" content=\"Tin Whistle (fl\u00fbte irlandaise) - Ecole de Musique, Danse &amp; Th\u00e9\u00e2tre de Guilers\" \/>\n<meta property=\"og:description\" content=\"Le tin whistle, aussi appel\u00e9 fl\u00fbte irlandaise, est un instrument \u00e0 vent de type bois. Il s\u2019agit d&rsquo;une fl\u00fbte droite \u00e0 six trous, g\u00e9n\u00e9ralement en m\u00e9tal et couramment utilis\u00e9e dans la musique des \u00eeles Britanniques (Angleterre, \u00c9cosse, Pays de Galles et Irlande). Sa conception se rapproche de celle du flageolet et de la fl\u00fbte \u00e0 bec. Un joueur de tin whistle est appel\u00e9 tin whistler ou simplement whistler dans la langue du pays d&rsquo;origine. Cours le\u00a0lundi ou le jeudi avec...Lire la suite Lire la suite\" \/>\n<meta property=\"og:url\" content=\"https:\/\/www.emdg-guilers.org\/index.php\/musique\/instruments\/tin-whistle-flute-irlandaise\/\" \/>\n<meta property=\"og:site_name\" content=\"Ecole de Musique, Danse &amp; Th\u00e9\u00e2tre de Guilers\" \/>\n<meta property=\"article:publisher\" content=\"https:\/\/www.facebook.com\/Ecole-de-Musique-et-de-Danse-de-Guilers-480017765533016\/\" \/>\n<meta property=\"article:modified_time\" content=\"2018-10-19T07:17:05+00:00\" \/>\n<meta property=\"og:image\" content=\"http:\/\/www.emdg-guilers.org\/wp-content\/uploads\/2016\/09\/ChristophePerves.jpg\" \/>\n<meta name=\"twitter:card\" content=\"summary_large_image\" \/>\n<script type=\"application\/ld+json\" class=\"yoast-schema-graph\">{\"@context\":\"https:\/\/schema.org\",\"@graph\":[{\"@type\":\"WebPage\",\"@id\":\"https:\/\/www.emdg-guilers.org\/index.php\/musique\/instruments\/tin-whistle-flute-irlandaise\/\",\"url\":\"https:\/\/www.emdg-guilers.org\/index.php\/musique\/instruments\/tin-whistle-flute-irlandaise\/\",\"name\":\"Tin Whistle (fl\u00fbte irlandaise) - Ecole de Musique, Danse &amp; Th\u00e9\u00e2tre de Guilers\",\"isPartOf\":{\"@id\":\"https:\/\/www.emdg-guilers.org\/#website\"},\"primaryImageOfPage\":{\"@id\":\"https:\/\/www.emdg-guilers.org\/index.php\/musique\/instruments\/tin-whistle-flute-irlandaise\/#primaryimage\"},\"image\":{\"@id\":\"https:\/\/www.emdg-guilers.org\/index.php\/musique\/instruments\/tin-whistle-flute-irlandaise\/#primaryimage\"},\"thumbnailUrl\":\"http:\/\/www.emdg-guilers.org\/wp-content\/uploads\/2016\/09\/ChristophePerves.jpg\",\"datePublished\":\"2017-05-30T15:43:43+00:00\",\"dateModified\":\"2018-10-19T07:17:05+00:00\",\"breadcrumb\":{\"@id\":\"https:\/\/www.emdg-guilers.org\/index.php\/musique\/instruments\/tin-whistle-flute-irlandaise\/#breadcrumb\"},\"inLanguage\":\"fr-FR\",\"potentialAction\":[{\"@type\":\"ReadAction\",\"target\":[\"https:\/\/www.emdg-guilers.org\/index.php\/musique\/instruments\/tin-whistle-flute-irlandaise\/\"]}]},{\"@type\":\"ImageObject\",\"inLanguage\":\"fr-FR\",\"@id\":\"https:\/\/www.emdg-guilers.org\/index.php\/musique\/instruments\/tin-whistle-flute-irlandaise\/#primaryimage\",\"url\":\"http:\/\/www.emdg-guilers.org\/wp-content\/uploads\/2016\/09\/ChristophePerves.jpg\",\"contentUrl\":\"http:\/\/www.emdg-guilers.org\/wp-content\/uploads\/2016\/09\/ChristophePerves.jpg\"},{\"@type\":\"BreadcrumbList\",\"@id\":\"https:\/\/www.emdg-guilers.org\/index.php\/musique\/instruments\/tin-whistle-flute-irlandaise\/#breadcrumb\",\"itemListElement\":[{\"@type\":\"ListItem\",\"position\":1,\"name\":\"Accueil\",\"item\":\"https:\/\/www.emdg-guilers.org\/\"},{\"@type\":\"ListItem\",\"position\":2,\"name\":\"Musique\",\"item\":\"https:\/\/www.emdg-guilers.org\/index.php\/musique\/\"},{\"@type\":\"ListItem\",\"position\":3,\"name\":\"Instruments\",\"item\":\"https:\/\/www.emdg-guilers.org\/index.php\/musique\/instruments\/\"},{\"@type\":\"ListItem\",\"position\":4,\"name\":\"Tin Whistle (fl\u00fbte irlandaise)\"}]},{\"@type\":\"WebSite\",\"@id\":\"https:\/\/www.emdg-guilers.org\/#website\",\"url\":\"https:\/\/www.emdg-guilers.org\/\",\"name\":\"Ecole de Musique et Danse de Guilers\",\"description\":\"Ecole associative, cours de musique, danse, th\u00e9\u00e2tre accessibles \u00e0 tous\",\"publisher\":{\"@id\":\"https:\/\/www.emdg-guilers.org\/#organization\"},\"potentialAction\":[{\"@type\":\"SearchAction\",\"target\":{\"@type\":\"EntryPoint\",\"urlTemplate\":\"https:\/\/www.emdg-guilers.org\/?s={search_term_string}\"},\"query-input\":\"required name=search_term_string\"}],\"inLanguage\":\"fr-FR\"},{\"@type\":\"Organization\",\"@id\":\"https:\/\/www.emdg-guilers.org\/#organization\",\"name\":\"Ecole de Musique et de Danse\",\"url\":\"https:\/\/www.emdg-guilers.org\/\",\"logo\":{\"@type\":\"ImageObject\",\"inLanguage\":\"fr-FR\",\"@id\":\"https:\/\/www.emdg-guilers.org\/#\/schema\/logo\/image\/\",\"url\":\"https:\/\/www.emdg-guilers.org\/wp-content\/uploads\/2016\/06\/logo2014.jpg\",\"contentUrl\":\"https:\/\/www.emdg-guilers.org\/wp-content\/uploads\/2016\/06\/logo2014.jpg\",\"width\":214,\"height\":116,\"caption\":\"Ecole de Musique et de Danse\"},\"image\":{\"@id\":\"https:\/\/www.emdg-guilers.org\/#\/schema\/logo\/image\/\"},\"sameAs\":[\"https:\/\/www.facebook.com\/Ecole-de-Musique-et-de-Danse-de-Guilers-480017765533016\/\"]}]}<\/script>\n<!-- \/ Yoast SEO plugin. -->","yoast_head_json":{"title":"Tin Whistle (fl\u00fbte irlandaise) - Ecole de Musique, Danse &amp; Th\u00e9\u00e2tre de Guilers","robots":{"index":"index","follow":"follow","max-snippet":"max-snippet:-1","max-image-preview":"max-image-preview:large","max-video-preview":"max-video-preview:-1"},"canonical":"https:\/\/www.emdg-guilers.org\/index.php\/musique\/instruments\/tin-whistle-flute-irlandaise\/","og_locale":"fr_FR","og_type":"article","og_title":"Tin Whistle (fl\u00fbte irlandaise) - Ecole de Musique, Danse &amp; Th\u00e9\u00e2tre de Guilers","og_description":"Le tin whistle, aussi appel\u00e9 fl\u00fbte irlandaise, est un instrument \u00e0 vent de type bois. Il s\u2019agit d&rsquo;une fl\u00fbte droite \u00e0 six trous, g\u00e9n\u00e9ralement en m\u00e9tal et couramment utilis\u00e9e dans la musique des \u00eeles Britanniques (Angleterre, \u00c9cosse, Pays de Galles et Irlande). Sa conception se rapproche de celle du flageolet et de la fl\u00fbte \u00e0 bec. Un joueur de tin whistle est appel\u00e9 tin whistler ou simplement whistler dans la langue du pays d&rsquo;origine. Cours le\u00a0lundi ou le jeudi avec...Lire la suite Lire la suite","og_url":"https:\/\/www.emdg-guilers.org\/index.php\/musique\/instruments\/tin-whistle-flute-irlandaise\/","og_site_name":"Ecole de Musique, Danse &amp; Th\u00e9\u00e2tre de Guilers","article_publisher":"https:\/\/www.facebook.com\/Ecole-de-Musique-et-de-Danse-de-Guilers-480017765533016\/","article_modified_time":"2018-10-19T07:17:05+00:00","og_image":[{"url":"http:\/\/www.emdg-guilers.org\/wp-content\/uploads\/2016\/09\/ChristophePerves.jpg"}],"twitter_card":"summary_large_image","schema":{"@context":"https:\/\/schema.org","@graph":[{"@type":"WebPage","@id":"https:\/\/www.emdg-guilers.org\/index.php\/musique\/instruments\/tin-whistle-flute-irlandaise\/","url":"https:\/\/www.emdg-guilers.org\/index.php\/musique\/instruments\/tin-whistle-flute-irlandaise\/","name":"Tin Whistle (fl\u00fbte irlandaise) - Ecole de Musique, Danse &amp; Th\u00e9\u00e2tre de Guilers","isPartOf":{"@id":"https:\/\/www.emdg-guilers.org\/#website"},"primaryImageOfPage":{"@id":"https:\/\/www.emdg-guilers.org\/index.php\/musique\/instruments\/tin-whistle-flute-irlandaise\/#primaryimage"},"image":{"@id":"https:\/\/www.emdg-guilers.org\/index.php\/musique\/instruments\/tin-whistle-flute-irlandaise\/#primaryimage"},"thumbnailUrl":"http:\/\/www.emdg-guilers.org\/wp-content\/uploads\/2016\/09\/ChristophePerves.jpg","datePublished":"2017-05-30T15:43:43+00:00","dateModified":"2018-10-19T07:17:05+00:00","breadcrumb":{"@id":"https:\/\/www.emdg-guilers.org\/index.php\/musique\/instruments\/tin-whistle-flute-irlandaise\/#breadcrumb"},"inLanguage":"fr-FR","potentialAction":[{"@type":"ReadAction","target":["https:\/\/www.emdg-guilers.org\/index.php\/musique\/instruments\/tin-whistle-flute-irlandaise\/"]}]},{"@type":"ImageObject","inLanguage":"fr-FR","@id":"https:\/\/www.emdg-guilers.org\/index.php\/musique\/instruments\/tin-whistle-flute-irlandaise\/#primaryimage","url":"http:\/\/www.emdg-guilers.org\/wp-content\/uploads\/2016\/09\/ChristophePerves.jpg","contentUrl":"http:\/\/www.emdg-guilers.org\/wp-content\/uploads\/2016\/09\/ChristophePerves.jpg"},{"@type":"BreadcrumbList","@id":"https:\/\/www.emdg-guilers.org\/index.php\/musique\/instruments\/tin-whistle-flute-irlandaise\/#breadcrumb","itemListElement":[{"@type":"ListItem","position":1,"name":"Accueil","item":"https:\/\/www.emdg-guilers.org\/"},{"@type":"ListItem","position":2,"name":"Musique","item":"https:\/\/www.emdg-guilers.org\/index.php\/musique\/"},{"@type":"ListItem","position":3,"name":"Instruments","item":"https:\/\/www.emdg-guilers.org\/index.php\/musique\/instruments\/"},{"@type":"ListItem","position":4,"name":"Tin Whistle (fl\u00fbte irlandaise)"}]},{"@type":"WebSite","@id":"https:\/\/www.emdg-guilers.org\/#website","url":"https:\/\/www.emdg-guilers.org\/","name":"Ecole de Musique et Danse de Guilers","description":"Ecole associative, cours de musique, danse, th\u00e9\u00e2tre accessibles \u00e0 tous","publisher":{"@id":"https:\/\/www.emdg-guilers.org\/#organization"},"potentialAction":[{"@type":"SearchAction","target":{"@type":"EntryPoint","urlTemplate":"https:\/\/www.emdg-guilers.org\/?s={search_term_string}"},"query-input":"required name=search_term_string"}],"inLanguage":"fr-FR"},{"@type":"Organization","@id":"https:\/\/www.emdg-guilers.org\/#organization","name":"Ecole de Musique et de Danse","url":"https:\/\/www.emdg-guilers.org\/","logo":{"@type":"ImageObject","inLanguage":"fr-FR","@id":"https:\/\/www.emdg-guilers.org\/#\/schema\/logo\/image\/","url":"https:\/\/www.emdg-guilers.org\/wp-content\/uploads\/2016\/06\/logo2014.jpg","contentUrl":"https:\/\/www.emdg-guilers.org\/wp-content\/uploads\/2016\/06\/logo2014.jpg","width":214,"height":116,"caption":"Ecole de Musique et de Danse"},"image":{"@id":"https:\/\/www.emdg-guilers.org\/#\/schema\/logo\/image\/"},"sameAs":["https:\/\/www.facebook.com\/Ecole-de-Musique-et-de-Danse-de-Guilers-480017765533016\/"]}]}},"_links":{"self":[{"href":"https:\/\/www.emdg-guilers.org\/index.php\/wp-json\/wp\/v2\/pages\/845"}],"collection":[{"href":"https:\/\/www.emdg-guilers.org\/index.php\/wp-json\/wp\/v2\/pages"}],"about":[{"href":"https:\/\/www.emdg-guilers.org\/index.php\/wp-json\/wp\/v2\/types\/page"}],"author":[{"embeddable":true,"href":"https:\/\/www.emdg-guilers.org\/index.php\/wp-json\/wp\/v2\/users\/3"}],"replies":[{"embeddable":true,"href":"https:\/\/www.emdg-guilers.org\/index.php\/wp-json\/wp\/v2\/comments?post=845"}],"version-history":[{"count":3,"href":"https:\/\/www.emdg-guilers.org\/index.php\/wp-json\/wp\/v2\/pages\/845\/revisions"}],"predecessor-version":[{"id":1348,"href":"https:\/\/www.emdg-guilers.org\/index.php\/wp-json\/wp\/v2\/pages\/845\/revisions\/1348"}],"up":[{"embeddable":true,"href":"https:\/\/www.emdg-guilers.org\/index.php\/wp-json\/wp\/v2\/pages\/14"}],"wp:attachment":[{"href":"https:\/\/www.emdg-guilers.org\/index.php\/wp-json\/wp\/v2\/media?parent=845"}],"curies":[{"name":"wp","href":"https:\/\/api.w.org\/{rel}","templated":true}]}}